{"id":144878,"date":"2023-12-13T11:01:28","date_gmt":"2023-12-13T10:01:28","guid":{"rendered":"https:\/\/rendez-vous-store.com\/?post_type=product&#038;p=144878"},"modified":"2026-03-16T14:30:14","modified_gmt":"2026-03-16T13:30:14","slug":"ichi-antiquites-peru-hand-knit-cardigan-natural-rendez-vous-store","status":"publish","type":"product","link":"https:\/\/rendez-vous-store.com\/fr\/shop\/women\/women-knitwears-discover-our-selection-rendez-vous-store\/ichi-antiquites-peru-hand-knit-cardigan-natural-rendez-vous-store\/","title":{"rendered":"Ichi Antiquit\u00e9s - Cardigan PEROU tricot\u00e9 \u00e0 la main 900360 - Naturel"},"content":{"rendered":"<p>Ichi Antiquit\u00e9s PEROU Cardigan tricot\u00e9 main Naturel<\/p>\n<p>Couleur : naturel<\/p>\n<p>\u00c9paules tombantes<\/p>\n<p>Poignets et ourlets c\u00f4tel\u00e9s<\/p>\n<p>Coupe ample<\/p>\n<p>Composition : 100% Laine<\/p>\n<p>Fabriqu\u00e9 au P\u00e9rou<\/p>\n<p>Ma\u00e9va mesure 168 cm<\/p>\n<p>Taille unique<\/p>\n<p>Mesures :<\/p>\n<p>OS : \u00c9paules : 75cm - Poitrine : 70cm - Manches : 51cm - Longueur : 68cm - Emmanchure : 22cm<\/p>","protected":false},"excerpt":{"rendered":"<p>Ichi Antiquit\u00e9s PERU Hand-Knit Cardigan Natural Color: Natural Dropped Shoulders Ribbed Cuff And Hem Loose Fit Composition: 100% Wool Made in Peru Ma\u00e9va Is 168cm Tall One Size Measurements: OS : Shoulders: 75cm &#8211; Chest: 70cm &#8211; Sleeves: 51cm &#8211; Length: 68cm &#8211; Armhole: 22cm<\/p>","protected":false},"featured_media":145896,"template":"","meta":{"_acf_changed":false},"product_brand":[],"product_cat":[1232,17,199],"product_tag":[795],"class_list":{"0":"post-144878","1":"product","2":"type-product","3":"status-publish","4":"has-post-thumbnail","6":"product_cat-sale-40","7":"product_cat-women","8":"product_cat-women-knitwears-discover-our-selection-rendez-vous-store","9":"product_tag-ichi-antiquites","10":"entry","12":"first","13":"outofstock","14":"taxable","15":"shipping-taxable","16":"product-type-variable"},"acf":[],"yoast_head":"<!-- This site is optimized with the Yoast SEO plugin v24.9 - https:\/\/yoast.com\/wordpress\/plugins\/seo\/ -->\n<title>Ichi Antiquit\u00e9s - PERU Hand-Knit Cardigan Natural - Rendez-Vous Store<\/title>\n<meta name=\"description\" content=\"Ichi Antiquit\u00e9s is on Rendez-Vous store. This Ichi Antiquit\u00e9s PERU Hand-Knit Cardigan Natural is a unique piece from Japanese fashion label.\" \/>\n<meta name=\"robots\" content=\"index, follow, max-snippet:-1, max-image-preview:large, max-video-preview:-1\" \/>\n<link rel=\"canonical\" href=\"https:\/\/rendez-vous-store.com\/fr\/shop\/summer-sale-2024\/summer-sale-2024-women\/summer-sale-shirt-top\/ichi-antiquites-peru-hand-knit-cardigan-natural-rendez-vous-store\/\" \/>\n<meta property=\"og:locale\" content=\"fr_FR\" \/>\n<meta property=\"og:type\" content=\"article\" \/>\n<meta property=\"og:title\" content=\"Ichi Antiquit\u00e9s - PERU Hand-Knit Cardigan Natural - Rendez-Vous Store\" \/>\n<meta property=\"og:description\" content=\"Ichi Antiquit\u00e9s is on Rendez-Vous store. This Ichi Antiquit\u00e9s PERU Hand-Knit Cardigan Natural is a unique piece from Japanese fashion label.\" \/>\n<meta property=\"og:url\" content=\"https:\/\/rendez-vous-store.com\/fr\/shop\/summer-sale-2024\/summer-sale-2024-women\/summer-sale-shirt-top\/ichi-antiquites-peru-hand-knit-cardigan-natural-rendez-vous-store\/\" \/>\n<meta property=\"og:site_name\" content=\"RENDEZ-VOUS STORE\" \/>\n<meta property=\"article:modified_time\" content=\"2026-03-16T13:30:14+00:00\" \/>\n<meta property=\"og:image\" content=\"https:\/\/rendez-vous-store.com\/wp-content\/uploads\/2023\/12\/IMG_4089-1-scaled.webp\" \/>\n\t<meta property=\"og:image:width\" content=\"1707\" \/>\n\t<meta property=\"og:image:height\" content=\"2560\" \/>\n\t<meta property=\"og:image:type\" content=\"image\/webp\" \/>\n<meta name=\"twitter:card\" content=\"summary_large_image\" \/>\n<meta name=\"twitter:label1\" content=\"Est. reading time\" \/>\n\t<meta name=\"twitter:data1\" content=\"1 minute\" \/>\n<script type=\"application\/ld+json\" class=\"yoast-schema-graph\">{\"@context\":\"https:\/\/schema.org\",\"@graph\":[{\"@type\":\"WebPage\",\"@id\":\"https:\/\/rendez-vous-store.com\/shop\/summer-sale-2024\/summer-sale-2024-women\/summer-sale-shirt-top\/ichi-antiquites-peru-hand-knit-cardigan-natural-rendez-vous-store\/\",\"url\":\"https:\/\/rendez-vous-store.com\/shop\/summer-sale-2024\/summer-sale-2024-women\/summer-sale-shirt-top\/ichi-antiquites-peru-hand-knit-cardigan-natural-rendez-vous-store\/\",\"name\":\"Ichi Antiquit\u00e9s - PERU Hand-Knit Cardigan Natural - Rendez-Vous Store\",\"isPartOf\":{\"@id\":\"https:\/\/rendez-vous-store.com\/#website\"},\"primaryImageOfPage\":{\"@id\":\"https:\/\/rendez-vous-store.com\/shop\/summer-sale-2024\/summer-sale-2024-women\/summer-sale-shirt-top\/ichi-antiquites-peru-hand-knit-cardigan-natural-rendez-vous-store\/#primaryimage\"},\"image\":{\"@id\":\"https:\/\/rendez-vous-store.com\/shop\/summer-sale-2024\/summer-sale-2024-women\/summer-sale-shirt-top\/ichi-antiquites-peru-hand-knit-cardigan-natural-rendez-vous-store\/#primaryimage\"},\"thumbnailUrl\":\"https:\/\/rendez-vous-store.com\/app\/uploads\/2023\/12\/IMG_4089-1-scaled.webp\",\"datePublished\":\"2023-12-13T10:01:28+00:00\",\"dateModified\":\"2026-03-16T13:30:14+00:00\",\"description\":\"Ichi Antiquit\u00e9s is on Rendez-Vous store. This Ichi Antiquit\u00e9s PERU Hand-Knit Cardigan Natural is a unique piece from Japanese fashion label.\",\"breadcrumb\":{\"@id\":\"https:\/\/rendez-vous-store.com\/shop\/summer-sale-2024\/summer-sale-2024-women\/summer-sale-shirt-top\/ichi-antiquites-peru-hand-knit-cardigan-natural-rendez-vous-store\/#breadcrumb\"},\"inLanguage\":\"fr-FR\",\"potentialAction\":[{\"@type\":\"ReadAction\",\"target\":[\"https:\/\/rendez-vous-store.com\/shop\/summer-sale-2024\/summer-sale-2024-women\/summer-sale-shirt-top\/ichi-antiquites-peru-hand-knit-cardigan-natural-rendez-vous-store\/\"]}]},{\"@type\":\"ImageObject\",\"inLanguage\":\"fr-FR\",\"@id\":\"https:\/\/rendez-vous-store.com\/shop\/summer-sale-2024\/summer-sale-2024-women\/summer-sale-shirt-top\/ichi-antiquites-peru-hand-knit-cardigan-natural-rendez-vous-store\/#primaryimage\",\"url\":\"https:\/\/rendez-vous-store.com\/app\/uploads\/2023\/12\/IMG_4089-1-scaled.webp\",\"contentUrl\":\"https:\/\/rendez-vous-store.com\/app\/uploads\/2023\/12\/IMG_4089-1-scaled.webp\",\"width\":1707,\"height\":2560},{\"@type\":\"BreadcrumbList\",\"@id\":\"https:\/\/rendez-vous-store.com\/shop\/summer-sale-2024\/summer-sale-2024-women\/summer-sale-shirt-top\/ichi-antiquites-peru-hand-knit-cardigan-natural-rendez-vous-store\/#breadcrumb\",\"itemListElement\":[{\"@type\":\"ListItem\",\"position\":1,\"name\":\"Home\",\"item\":\"https:\/\/rendez-vous-store.com\/\"},{\"@type\":\"ListItem\",\"position\":2,\"name\":\"Shop\",\"item\":\"https:\/\/www.rendez-vous-store.com\/shop\/\"},{\"@type\":\"ListItem\",\"position\":3,\"name\":\"Ichi Antiquit\u00e9s &#8211; PERU Hand-Knit Cardigan 900360 &#8211; Natural\"}]},{\"@type\":\"WebSite\",\"@id\":\"https:\/\/rendez-vous-store.com\/#website\",\"url\":\"https:\/\/rendez-vous-store.com\/\",\"name\":\"RENDEZ-VOUS STORE\",\"description\":\"Slow Fashion for Women and Men\",\"potentialAction\":[{\"@type\":\"SearchAction\",\"target\":{\"@type\":\"EntryPoint\",\"urlTemplate\":\"https:\/\/rendez-vous-store.com\/?s={search_term_string}\"},\"query-input\":{\"@type\":\"PropertyValueSpecification\",\"valueRequired\":true,\"valueName\":\"search_term_string\"}}],\"inLanguage\":\"fr-FR\"}]}<\/script>\n<!-- \/ Yoast SEO plugin. -->","yoast_head_json":{"title":"Ichi Antiquit\u00e9s - PERU Hand-Knit Cardigan Natural - Rendez-Vous Store","description":"Ichi Antiquit\u00e9s is on Rendez-Vous store. This Ichi Antiquit\u00e9s PERU Hand-Knit Cardigan Natural is a unique piece from Japanese fashion label.","robots":{"index":"index","follow":"follow","max-snippet":"max-snippet:-1","max-image-preview":"max-image-preview:large","max-video-preview":"max-video-preview:-1"},"canonical":"https:\/\/rendez-vous-store.com\/fr\/shop\/summer-sale-2024\/summer-sale-2024-women\/summer-sale-shirt-top\/ichi-antiquites-peru-hand-knit-cardigan-natural-rendez-vous-store\/","og_locale":"fr_FR","og_type":"article","og_title":"Ichi Antiquit\u00e9s - PERU Hand-Knit Cardigan Natural - Rendez-Vous Store","og_description":"Ichi Antiquit\u00e9s is on Rendez-Vous store. This Ichi Antiquit\u00e9s PERU Hand-Knit Cardigan Natural is a unique piece from Japanese fashion label.","og_url":"https:\/\/rendez-vous-store.com\/fr\/shop\/summer-sale-2024\/summer-sale-2024-women\/summer-sale-shirt-top\/ichi-antiquites-peru-hand-knit-cardigan-natural-rendez-vous-store\/","og_site_name":"RENDEZ-VOUS STORE","article_modified_time":"2026-03-16T13:30:14+00:00","og_image":[{"width":1707,"height":2560,"url":"https:\/\/rendez-vous-store.com\/wp-content\/uploads\/2023\/12\/IMG_4089-1-scaled.webp","type":"image\/webp"}],"twitter_card":"summary_large_image","twitter_misc":{"Est. reading time":"1 minute"},"schema":{"@context":"https:\/\/schema.org","@graph":[{"@type":"WebPage","@id":"https:\/\/rendez-vous-store.com\/shop\/summer-sale-2024\/summer-sale-2024-women\/summer-sale-shirt-top\/ichi-antiquites-peru-hand-knit-cardigan-natural-rendez-vous-store\/","url":"https:\/\/rendez-vous-store.com\/shop\/summer-sale-2024\/summer-sale-2024-women\/summer-sale-shirt-top\/ichi-antiquites-peru-hand-knit-cardigan-natural-rendez-vous-store\/","name":"Ichi Antiquit\u00e9s - PERU Hand-Knit Cardigan Natural - Rendez-Vous Store","isPartOf":{"@id":"https:\/\/rendez-vous-store.com\/#website"},"primaryImageOfPage":{"@id":"https:\/\/rendez-vous-store.com\/shop\/summer-sale-2024\/summer-sale-2024-women\/summer-sale-shirt-top\/ichi-antiquites-peru-hand-knit-cardigan-natural-rendez-vous-store\/#primaryimage"},"image":{"@id":"https:\/\/rendez-vous-store.com\/shop\/summer-sale-2024\/summer-sale-2024-women\/summer-sale-shirt-top\/ichi-antiquites-peru-hand-knit-cardigan-natural-rendez-vous-store\/#primaryimage"},"thumbnailUrl":"https:\/\/rendez-vous-store.com\/app\/uploads\/2023\/12\/IMG_4089-1-scaled.webp","datePublished":"2023-12-13T10:01:28+00:00","dateModified":"2026-03-16T13:30:14+00:00","description":"Ichi Antiquit\u00e9s is on Rendez-Vous store. This Ichi Antiquit\u00e9s PERU Hand-Knit Cardigan Natural is a unique piece from Japanese fashion label.","breadcrumb":{"@id":"https:\/\/rendez-vous-store.com\/shop\/summer-sale-2024\/summer-sale-2024-women\/summer-sale-shirt-top\/ichi-antiquites-peru-hand-knit-cardigan-natural-rendez-vous-store\/#breadcrumb"},"inLanguage":"fr-FR","potentialAction":[{"@type":"ReadAction","target":["https:\/\/rendez-vous-store.com\/shop\/summer-sale-2024\/summer-sale-2024-women\/summer-sale-shirt-top\/ichi-antiquites-peru-hand-knit-cardigan-natural-rendez-vous-store\/"]}]},{"@type":"ImageObject","inLanguage":"fr-FR","@id":"https:\/\/rendez-vous-store.com\/shop\/summer-sale-2024\/summer-sale-2024-women\/summer-sale-shirt-top\/ichi-antiquites-peru-hand-knit-cardigan-natural-rendez-vous-store\/#primaryimage","url":"https:\/\/rendez-vous-store.com\/app\/uploads\/2023\/12\/IMG_4089-1-scaled.webp","contentUrl":"https:\/\/rendez-vous-store.com\/app\/uploads\/2023\/12\/IMG_4089-1-scaled.webp","width":1707,"height":2560},{"@type":"BreadcrumbList","@id":"https:\/\/rendez-vous-store.com\/shop\/summer-sale-2024\/summer-sale-2024-women\/summer-sale-shirt-top\/ichi-antiquites-peru-hand-knit-cardigan-natural-rendez-vous-store\/#breadcrumb","itemListElement":[{"@type":"ListItem","position":1,"name":"Home","item":"https:\/\/rendez-vous-store.com\/"},{"@type":"ListItem","position":2,"name":"Shop","item":"https:\/\/www.rendez-vous-store.com\/shop\/"},{"@type":"ListItem","position":3,"name":"Ichi Antiquit\u00e9s &#8211; PERU Hand-Knit Cardigan 900360 &#8211; Natural"}]},{"@type":"WebSite","@id":"https:\/\/rendez-vous-store.com\/#website","url":"https:\/\/rendez-vous-store.com\/","name":"RENDEZ-VOUS STORE","description":"Slow Fashion for Women and Men","potentialAction":[{"@type":"SearchAction","target":{"@type":"EntryPoint","urlTemplate":"https:\/\/rendez-vous-store.com\/?s={search_term_string}"},"query-input":{"@type":"PropertyValueSpecification","valueRequired":true,"valueName":"search_term_string"}}],"inLanguage":"fr-FR"}]}},"_links":{"self":[{"href":"https:\/\/rendez-vous-store.com\/fr\/wp-json\/wp\/v2\/product\/144878","targetHints":{"allow":["GET"]}}],"collection":[{"href":"https:\/\/rendez-vous-store.com\/fr\/wp-json\/wp\/v2\/product"}],"about":[{"href":"https:\/\/rendez-vous-store.com\/fr\/wp-json\/wp\/v2\/types\/product"}],"wp:featuredmedia":[{"embeddable":true,"href":"https:\/\/rendez-vous-store.com\/fr\/wp-json\/wp\/v2\/media\/145896"}],"wp:attachment":[{"href":"https:\/\/rendez-vous-store.com\/fr\/wp-json\/wp\/v2\/media?parent=144878"}],"wp:term":[{"taxonomy":"product_brand","embeddable":true,"href":"https:\/\/rendez-vous-store.com\/fr\/wp-json\/wp\/v2\/product_brand?post=144878"},{"taxonomy":"product_cat","embeddable":true,"href":"https:\/\/rendez-vous-store.com\/fr\/wp-json\/wp\/v2\/product_cat?post=144878"},{"taxonomy":"product_tag","embeddable":true,"href":"https:\/\/rendez-vous-store.com\/fr\/wp-json\/wp\/v2\/product_tag?post=144878"}],"curies":[{"name":"wp","href":"https:\/\/api.w.org\/{rel}","templated":true}]}}