{"id":144430,"date":"2023-12-08T17:05:49","date_gmt":"2023-12-08T16:05:49","guid":{"rendered":"https:\/\/rendez-vous-store.com\/?post_type=product&#038;p=144430"},"modified":"2026-04-24T13:31:30","modified_gmt":"2026-04-24T11:31:30","slug":"guidi-texan-boot-vg05-black-rendez-vous-store","status":"publish","type":"product","link":"https:\/\/rendez-vous-store.com\/fr\/shop\/special-offer-women-rendez-vous-store\/women-shoes-special-offer\/guidi-texan-boot-vg05-black-rendez-vous-store\/","title":{"rendered":"GUIDI - Bottes Texan VG05 - Noir"},"content":{"rendered":"<p><strong>GUIDI Texan Boot VG05 Noir<\/strong><\/p>\n<p>Couleur : Noir<\/p>\n<p>Fermeture \u00e0 glissi\u00e8re du talon<\/p>\n<p>Surpiq\u00fbres \u00e0 la ceinture<\/p>\n<p>Talon en cuir<\/p>\n<p>Semelle en cuir<\/p>\n<p>Composition : 100% Cuir<\/p>\n<p>Fabriqu\u00e9 en Italie<\/p>\n<p>&nbsp;<\/p>\n<p>&nbsp;<\/p>\n<p>&nbsp;<\/p>\n<p><strong>La marque\u00a0<\/strong><\/p>\n<p>La tannerie Conceria Guidi Rosellini a \u00e9t\u00e9 fond\u00e9e en 1896 par Guido Guidi. Son descendant direct, Ruggero Guidi, dirige actuellement la tannerie. Aujourd'hui, Ruggero consacre son temps et son \u00e9nergie \u00e0 trouver l'\u00e9quilibre parfait entre les technologies de pointe et le respect de son h\u00e9ritage de traditions et de comp\u00e9tences.<\/p>\n<p>La passion du cuir et le respect de la tradition sont au c\u0153ur du projet de collection de chaussures de Guidi. Il rejette la logique de la production de masse et se concentre plut\u00f4t sur sa propre recherche ind\u00e9pendante, allant au-del\u00e0 de toutes les tendances.<\/p>\n<p>Guidi fait le lien entre l'objet et son possesseur.<\/p>","protected":false},"excerpt":{"rendered":"<p>GUIDI Texan Boot VG05 Black Color: Black Heel Zipper Topstitching At Welt Leather Stepped Heel Leather Sole Composition: 100% Leather Made In Italy &nbsp; &nbsp; &nbsp; The brand\u00a0 The Conceria Guidi Rosellini tannery began in 1896, founded by Guido Guidi. His direct descendant, Ruggero Guidi, currently operates the tannery. Today, Ruggero dedicates his time and&hellip; <a class=\"more-link\" href=\"https:\/\/rendez-vous-store.com\/fr\/shop\/special-offer-women-rendez-vous-store\/women-shoes-special-offer\/guidi-texan-boot-vg05-black-rendez-vous-store\/\">Continuer la lecture <span class=\"screen-reader-text\">GUIDI - Bottes Texan VG05 - Noir<\/span><\/a><\/p>","protected":false},"featured_media":145067,"template":"","meta":{"_acf_changed":false},"product_brand":[],"product_cat":[1292,1344,1335,17,293],"product_tag":[618],"class_list":{"0":"post-144430","1":"product","2":"type-product","3":"status-publish","4":"has-post-thumbnail","6":"product_cat-1292","7":"product_cat-women-shoes-special-offer","8":"product_cat-special-offer-women-rendez-vous-store","9":"product_cat-women","10":"product_cat-women-shoes-heels-discover-our-selection-rendez-vous-store","11":"product_tag-guidi","12":"entry","14":"first","15":"instock","16":"taxable","17":"shipping-taxable","18":"purchasable","19":"product-type-variable","20":"has-default-attributes"},"acf":[],"yoast_head":"<!-- This site is optimized with the Yoast SEO plugin v24.9 - https:\/\/yoast.com\/wordpress\/plugins\/seo\/ -->\n<title>GUIDI Texan Boot VG05 Black<\/title>\n<meta name=\"description\" content=\"Guidi is on Rendez-vous Store. This GUIDI Texan Boot VG05 Black represents italian craftman and high quality of the brand.\" \/>\n<meta name=\"robots\" content=\"index, follow, max-snippet:-1, max-image-preview:large, max-video-preview:-1\" \/>\n<link rel=\"canonical\" href=\"https:\/\/rendez-vous-store.com\/fr\/shop\/special-offer-women-rendez-vous-store\/women-shoes-special-offer\/guidi-texan-boot-vg05-black-rendez-vous-store\/\" \/>\n<meta property=\"og:locale\" content=\"fr_FR\" \/>\n<meta property=\"og:type\" content=\"article\" \/>\n<meta property=\"og:title\" content=\"GUIDI Texan Boot VG05 Black\" \/>\n<meta property=\"og:description\" content=\"Guidi is on Rendez-vous Store. This GUIDI Texan Boot VG05 Black represents italian craftman and high quality of the brand.\" \/>\n<meta property=\"og:url\" content=\"https:\/\/rendez-vous-store.com\/fr\/shop\/special-offer-women-rendez-vous-store\/women-shoes-special-offer\/guidi-texan-boot-vg05-black-rendez-vous-store\/\" \/>\n<meta property=\"og:site_name\" content=\"RENDEZ-VOUS STORE\" \/>\n<meta property=\"article:modified_time\" content=\"2026-04-24T11:31:30+00:00\" \/>\n<meta property=\"og:image\" content=\"https:\/\/rendez-vous-store.com\/wp-content\/uploads\/2023\/12\/rdv_guidi_45-scaled.webp\" \/>\n\t<meta property=\"og:image:width\" content=\"1696\" \/>\n\t<meta property=\"og:image:height\" content=\"2560\" \/>\n\t<meta property=\"og:image:type\" content=\"image\/webp\" \/>\n<meta name=\"twitter:card\" content=\"summary_large_image\" \/>\n<meta name=\"twitter:label1\" content=\"Est. reading time\" \/>\n\t<meta name=\"twitter:data1\" content=\"1 minute\" \/>\n<script type=\"application\/ld+json\" class=\"yoast-schema-graph\">{\"@context\":\"https:\/\/schema.org\",\"@graph\":[{\"@type\":\"WebPage\",\"@id\":\"https:\/\/rendez-vous-store.com\/shop\/special-offer-women-rendez-vous-store\/women-shoes-special-offer\/guidi-texan-boot-vg05-black-rendez-vous-store\/\",\"url\":\"https:\/\/rendez-vous-store.com\/shop\/special-offer-women-rendez-vous-store\/women-shoes-special-offer\/guidi-texan-boot-vg05-black-rendez-vous-store\/\",\"name\":\"GUIDI Texan Boot VG05 Black\",\"isPartOf\":{\"@id\":\"https:\/\/rendez-vous-store.com\/#website\"},\"primaryImageOfPage\":{\"@id\":\"https:\/\/rendez-vous-store.com\/shop\/special-offer-women-rendez-vous-store\/women-shoes-special-offer\/guidi-texan-boot-vg05-black-rendez-vous-store\/#primaryimage\"},\"image\":{\"@id\":\"https:\/\/rendez-vous-store.com\/shop\/special-offer-women-rendez-vous-store\/women-shoes-special-offer\/guidi-texan-boot-vg05-black-rendez-vous-store\/#primaryimage\"},\"thumbnailUrl\":\"https:\/\/rendez-vous-store.com\/app\/uploads\/2023\/12\/rdv_guidi_45-scaled.webp\",\"datePublished\":\"2023-12-08T16:05:49+00:00\",\"dateModified\":\"2026-04-24T11:31:30+00:00\",\"description\":\"Guidi is on Rendez-vous Store. This GUIDI Texan Boot VG05 Black represents italian craftman and high quality of the brand.\",\"breadcrumb\":{\"@id\":\"https:\/\/rendez-vous-store.com\/shop\/special-offer-women-rendez-vous-store\/women-shoes-special-offer\/guidi-texan-boot-vg05-black-rendez-vous-store\/#breadcrumb\"},\"inLanguage\":\"fr-FR\",\"potentialAction\":[{\"@type\":\"ReadAction\",\"target\":[\"https:\/\/rendez-vous-store.com\/shop\/special-offer-women-rendez-vous-store\/women-shoes-special-offer\/guidi-texan-boot-vg05-black-rendez-vous-store\/\"]}]},{\"@type\":\"ImageObject\",\"inLanguage\":\"fr-FR\",\"@id\":\"https:\/\/rendez-vous-store.com\/shop\/special-offer-women-rendez-vous-store\/women-shoes-special-offer\/guidi-texan-boot-vg05-black-rendez-vous-store\/#primaryimage\",\"url\":\"https:\/\/rendez-vous-store.com\/app\/uploads\/2023\/12\/rdv_guidi_45-scaled.webp\",\"contentUrl\":\"https:\/\/rendez-vous-store.com\/app\/uploads\/2023\/12\/rdv_guidi_45-scaled.webp\",\"width\":1696,\"height\":2560,\"caption\":\"GUIDI - Texan Boot VG05 - Black\"},{\"@type\":\"BreadcrumbList\",\"@id\":\"https:\/\/rendez-vous-store.com\/shop\/special-offer-women-rendez-vous-store\/women-shoes-special-offer\/guidi-texan-boot-vg05-black-rendez-vous-store\/#breadcrumb\",\"itemListElement\":[{\"@type\":\"ListItem\",\"position\":1,\"name\":\"Home\",\"item\":\"https:\/\/rendez-vous-store.com\/\"},{\"@type\":\"ListItem\",\"position\":2,\"name\":\"Shop\",\"item\":\"https:\/\/www.rendez-vous-store.com\/shop\/\"},{\"@type\":\"ListItem\",\"position\":3,\"name\":\"GUIDI &#8211; Texan Boot VG05 &#8211; Black\"}]},{\"@type\":\"WebSite\",\"@id\":\"https:\/\/rendez-vous-store.com\/#website\",\"url\":\"https:\/\/rendez-vous-store.com\/\",\"name\":\"RENDEZ-VOUS STORE\",\"description\":\"Slow Fashion for Women and Men\",\"potentialAction\":[{\"@type\":\"SearchAction\",\"target\":{\"@type\":\"EntryPoint\",\"urlTemplate\":\"https:\/\/rendez-vous-store.com\/?s={search_term_string}\"},\"query-input\":{\"@type\":\"PropertyValueSpecification\",\"valueRequired\":true,\"valueName\":\"search_term_string\"}}],\"inLanguage\":\"fr-FR\"}]}<\/script>\n<!-- \/ Yoast SEO plugin. -->","yoast_head_json":{"title":"GUIDI Texan Boot VG05 Black","description":"Guidi is on Rendez-vous Store. This GUIDI Texan Boot VG05 Black represents italian craftman and high quality of the brand.","robots":{"index":"index","follow":"follow","max-snippet":"max-snippet:-1","max-image-preview":"max-image-preview:large","max-video-preview":"max-video-preview:-1"},"canonical":"https:\/\/rendez-vous-store.com\/fr\/shop\/special-offer-women-rendez-vous-store\/women-shoes-special-offer\/guidi-texan-boot-vg05-black-rendez-vous-store\/","og_locale":"fr_FR","og_type":"article","og_title":"GUIDI Texan Boot VG05 Black","og_description":"Guidi is on Rendez-vous Store. This GUIDI Texan Boot VG05 Black represents italian craftman and high quality of the brand.","og_url":"https:\/\/rendez-vous-store.com\/fr\/shop\/special-offer-women-rendez-vous-store\/women-shoes-special-offer\/guidi-texan-boot-vg05-black-rendez-vous-store\/","og_site_name":"RENDEZ-VOUS STORE","article_modified_time":"2026-04-24T11:31:30+00:00","og_image":[{"width":1696,"height":2560,"url":"https:\/\/rendez-vous-store.com\/wp-content\/uploads\/2023\/12\/rdv_guidi_45-scaled.webp","type":"image\/webp"}],"twitter_card":"summary_large_image","twitter_misc":{"Est. reading time":"1 minute"},"schema":{"@context":"https:\/\/schema.org","@graph":[{"@type":"WebPage","@id":"https:\/\/rendez-vous-store.com\/shop\/special-offer-women-rendez-vous-store\/women-shoes-special-offer\/guidi-texan-boot-vg05-black-rendez-vous-store\/","url":"https:\/\/rendez-vous-store.com\/shop\/special-offer-women-rendez-vous-store\/women-shoes-special-offer\/guidi-texan-boot-vg05-black-rendez-vous-store\/","name":"GUIDI Texan Boot VG05 Black","isPartOf":{"@id":"https:\/\/rendez-vous-store.com\/#website"},"primaryImageOfPage":{"@id":"https:\/\/rendez-vous-store.com\/shop\/special-offer-women-rendez-vous-store\/women-shoes-special-offer\/guidi-texan-boot-vg05-black-rendez-vous-store\/#primaryimage"},"image":{"@id":"https:\/\/rendez-vous-store.com\/shop\/special-offer-women-rendez-vous-store\/women-shoes-special-offer\/guidi-texan-boot-vg05-black-rendez-vous-store\/#primaryimage"},"thumbnailUrl":"https:\/\/rendez-vous-store.com\/app\/uploads\/2023\/12\/rdv_guidi_45-scaled.webp","datePublished":"2023-12-08T16:05:49+00:00","dateModified":"2026-04-24T11:31:30+00:00","description":"Guidi is on Rendez-vous Store. This GUIDI Texan Boot VG05 Black represents italian craftman and high quality of the brand.","breadcrumb":{"@id":"https:\/\/rendez-vous-store.com\/shop\/special-offer-women-rendez-vous-store\/women-shoes-special-offer\/guidi-texan-boot-vg05-black-rendez-vous-store\/#breadcrumb"},"inLanguage":"fr-FR","potentialAction":[{"@type":"ReadAction","target":["https:\/\/rendez-vous-store.com\/shop\/special-offer-women-rendez-vous-store\/women-shoes-special-offer\/guidi-texan-boot-vg05-black-rendez-vous-store\/"]}]},{"@type":"ImageObject","inLanguage":"fr-FR","@id":"https:\/\/rendez-vous-store.com\/shop\/special-offer-women-rendez-vous-store\/women-shoes-special-offer\/guidi-texan-boot-vg05-black-rendez-vous-store\/#primaryimage","url":"https:\/\/rendez-vous-store.com\/app\/uploads\/2023\/12\/rdv_guidi_45-scaled.webp","contentUrl":"https:\/\/rendez-vous-store.com\/app\/uploads\/2023\/12\/rdv_guidi_45-scaled.webp","width":1696,"height":2560,"caption":"GUIDI - Texan Boot VG05 - Black"},{"@type":"BreadcrumbList","@id":"https:\/\/rendez-vous-store.com\/shop\/special-offer-women-rendez-vous-store\/women-shoes-special-offer\/guidi-texan-boot-vg05-black-rendez-vous-store\/#breadcrumb","itemListElement":[{"@type":"ListItem","position":1,"name":"Home","item":"https:\/\/rendez-vous-store.com\/"},{"@type":"ListItem","position":2,"name":"Shop","item":"https:\/\/www.rendez-vous-store.com\/shop\/"},{"@type":"ListItem","position":3,"name":"GUIDI &#8211; Texan Boot VG05 &#8211; Black"}]},{"@type":"WebSite","@id":"https:\/\/rendez-vous-store.com\/#website","url":"https:\/\/rendez-vous-store.com\/","name":"RENDEZ-VOUS STORE","description":"Slow Fashion for Women and Men","potentialAction":[{"@type":"SearchAction","target":{"@type":"EntryPoint","urlTemplate":"https:\/\/rendez-vous-store.com\/?s={search_term_string}"},"query-input":{"@type":"PropertyValueSpecification","valueRequired":true,"valueName":"search_term_string"}}],"inLanguage":"fr-FR"}]}},"_links":{"self":[{"href":"https:\/\/rendez-vous-store.com\/fr\/wp-json\/wp\/v2\/product\/144430","targetHints":{"allow":["GET"]}}],"collection":[{"href":"https:\/\/rendez-vous-store.com\/fr\/wp-json\/wp\/v2\/product"}],"about":[{"href":"https:\/\/rendez-vous-store.com\/fr\/wp-json\/wp\/v2\/types\/product"}],"wp:featuredmedia":[{"embeddable":true,"href":"https:\/\/rendez-vous-store.com\/fr\/wp-json\/wp\/v2\/media\/145067"}],"wp:attachment":[{"href":"https:\/\/rendez-vous-store.com\/fr\/wp-json\/wp\/v2\/media?parent=144430"}],"wp:term":[{"taxonomy":"product_brand","embeddable":true,"href":"https:\/\/rendez-vous-store.com\/fr\/wp-json\/wp\/v2\/product_brand?post=144430"},{"taxonomy":"product_cat","embeddable":true,"href":"https:\/\/rendez-vous-store.com\/fr\/wp-json\/wp\/v2\/product_cat?post=144430"},{"taxonomy":"product_tag","embeddable":true,"href":"https:\/\/rendez-vous-store.com\/fr\/wp-json\/wp\/v2\/product_tag?post=144430"}],"curies":[{"name":"wp","href":"https:\/\/api.w.org\/{rel}","templated":true}]}}