{"id":144403,"date":"2023-12-08T15:54:38","date_gmt":"2023-12-08T14:54:38","guid":{"rendered":"https:\/\/rendez-vous-store.com\/?post_type=product&#038;p=144403"},"modified":"2026-04-24T13:31:02","modified_gmt":"2026-04-24T11:31:02","slug":"extreme-cashmere-n152-cherie-weed-rendez-vous-store","status":"publish","type":"product","link":"https:\/\/rendez-vous-store.com\/fr\/shop\/special-offer-women-rendez-vous-store\/women-knitwear-special-offer\/extreme-cashmere-n152-cherie-weed-rendez-vous-store\/","title":{"rendered":"Extreme Cashmere - N\u00b0152 Cherie - Weed"},"content":{"rendered":"<p><strong>Extreme Cashmere N\u00b0152 Cherie Weed<\/strong><\/p>\n<p>Couleur : Vert<\/p>\n<p>Col roul\u00e9<\/p>\n<p>Ourlet c\u00f4tel\u00e9<\/p>\n<p>Slim Fit<\/p>\n<p>Manches de selle<\/p>\n<p>Composition : 100% Cachemire<\/p>\n<p>Fabriqu\u00e9 en Chine<\/p>\n<p>Taille unique<\/p>\n<p>Convient aux corps XS - S<\/p>\n<p>Mesures : Poitrine : 40cm - Largeur de l'ourlet : 36cm - Longueur totale : 50cm<\/p>\n<p>&nbsp;<\/p>\n<p>&nbsp;<\/p>\n<p>&nbsp;<\/p>\n<p>&nbsp;<\/p>\n<p><strong>La marque\u00a0<\/strong><\/p>\n<p>Extreme Cashmere a \u00e9t\u00e9 fond\u00e9 en 2015 par Saskia Dijkstra et est bas\u00e9 \u00e0 Amsterdam.<\/p>\n<p>La marque ne suit pas le cycle traditionnel de la mode ; au lieu de cela, elle construit une collection permanente adapt\u00e9e \u00e0 toutes les saisons et \u00e0 toutes les occasions. Les v\u00eatements n'ont pas de sexe et sont de taille unique, c'est-\u00e0-dire qu'ils conviennent \u00e0 tout le monde. Extreme Cashmere estime qu'il est pr\u00e9f\u00e9rable de trouver la forme parfaite pour votre corps et votre style plut\u00f4t que de se concentrer sur les tailles. L'objectif principal est de cr\u00e9er et de produire des v\u00eatements durables qui contiennent des styles classiques tout en surprenant par la couleur et une attention particuli\u00e8re aux d\u00e9tails.<\/p>","protected":false},"excerpt":{"rendered":"<p>Extreme Cashmere N\u00b0152 Cherie Weed Color: Green Crewneck Ribbed Hem Slim Fit Saddle Sleeves Composition: 100% Cashmere Made In China One Size Suitable For Bodies XS &#8211; S Measurements: Chest: 40cm &#8211; Hem Width: 36cm &#8211; Total Length: 50cm &nbsp; &nbsp; &nbsp; &nbsp; The brand\u00a0 Extreme Cashmere was founded in 2015 by Saskia Dijkstra and&hellip; <a class=\"more-link\" href=\"https:\/\/rendez-vous-store.com\/fr\/shop\/special-offer-women-rendez-vous-store\/women-knitwear-special-offer\/extreme-cashmere-n152-cherie-weed-rendez-vous-store\/\">Continuer la lecture <span class=\"screen-reader-text\">Extreme Cashmere - N\u00b0152 Cherie - Weed<\/span><\/a><\/p>","protected":false},"featured_media":144911,"template":"","meta":{"_acf_changed":false},"product_brand":[],"product_cat":[1292,1338,1335,17,199],"product_tag":[899],"class_list":{"0":"post-144403","1":"product","2":"type-product","3":"status-publish","4":"has-post-thumbnail","6":"product_cat-1292","7":"product_cat-women-knitwear-special-offer","8":"product_cat-special-offer-women-rendez-vous-store","9":"product_cat-women","10":"product_cat-women-knitwears-discover-our-selection-rendez-vous-store","11":"product_tag-extreme-cashmere-designers-rendez-vous-store","12":"entry","14":"first","15":"outofstock","16":"taxable","17":"shipping-taxable","18":"product-type-variable"},"acf":[],"yoast_head":"<!-- This site is optimized with the Yoast SEO plugin v24.9 - https:\/\/yoast.com\/wordpress\/plugins\/seo\/ -->\n<title>Extreme Cashmere - N\u00b0152 Cherie Weed<\/title>\n<meta name=\"description\" content=\"Extreme Cashmere is on Rendez-Vous Store. This Extreme Cashmere N\u00b0152 Cherie Weed increasing longevity of each individual garment.\" \/>\n<meta name=\"robots\" content=\"index, follow, max-snippet:-1, max-image-preview:large, max-video-preview:-1\" \/>\n<link rel=\"canonical\" href=\"https:\/\/rendez-vous-store.com\/fr\/shop\/special-offer-women-rendez-vous-store\/women-knitwear-special-offer\/extreme-cashmere-n152-cherie-weed-rendez-vous-store\/\" \/>\n<meta property=\"og:locale\" content=\"fr_FR\" \/>\n<meta property=\"og:type\" content=\"article\" \/>\n<meta property=\"og:title\" content=\"Extreme Cashmere - N\u00b0152 Cherie Weed\" \/>\n<meta property=\"og:description\" content=\"Extreme Cashmere is on Rendez-Vous Store. This Extreme Cashmere N\u00b0152 Cherie Weed increasing longevity of each individual garment.\" \/>\n<meta property=\"og:url\" content=\"https:\/\/rendez-vous-store.com\/fr\/shop\/special-offer-women-rendez-vous-store\/women-knitwear-special-offer\/extreme-cashmere-n152-cherie-weed-rendez-vous-store\/\" \/>\n<meta property=\"og:site_name\" content=\"RENDEZ-VOUS STORE\" \/>\n<meta property=\"article:modified_time\" content=\"2026-04-24T11:31:02+00:00\" \/>\n<meta property=\"og:image\" content=\"https:\/\/rendez-vous-store.com\/wp-content\/uploads\/2023\/12\/extreme-vert-scaled.webp\" \/>\n\t<meta property=\"og:image:width\" content=\"1696\" \/>\n\t<meta property=\"og:image:height\" content=\"2560\" \/>\n\t<meta property=\"og:image:type\" content=\"image\/webp\" \/>\n<meta name=\"twitter:card\" content=\"summary_large_image\" \/>\n<meta name=\"twitter:label1\" content=\"Est. reading time\" \/>\n\t<meta name=\"twitter:data1\" content=\"1 minute\" \/>\n<script type=\"application\/ld+json\" class=\"yoast-schema-graph\">{\"@context\":\"https:\/\/schema.org\",\"@graph\":[{\"@type\":\"WebPage\",\"@id\":\"https:\/\/rendez-vous-store.com\/shop\/special-offer-women-rendez-vous-store\/women-knitwear-special-offer\/extreme-cashmere-n152-cherie-weed-rendez-vous-store\/\",\"url\":\"https:\/\/rendez-vous-store.com\/shop\/special-offer-women-rendez-vous-store\/women-knitwear-special-offer\/extreme-cashmere-n152-cherie-weed-rendez-vous-store\/\",\"name\":\"Extreme Cashmere - N\u00b0152 Cherie Weed\",\"isPartOf\":{\"@id\":\"https:\/\/rendez-vous-store.com\/#website\"},\"primaryImageOfPage\":{\"@id\":\"https:\/\/rendez-vous-store.com\/shop\/special-offer-women-rendez-vous-store\/women-knitwear-special-offer\/extreme-cashmere-n152-cherie-weed-rendez-vous-store\/#primaryimage\"},\"image\":{\"@id\":\"https:\/\/rendez-vous-store.com\/shop\/special-offer-women-rendez-vous-store\/women-knitwear-special-offer\/extreme-cashmere-n152-cherie-weed-rendez-vous-store\/#primaryimage\"},\"thumbnailUrl\":\"https:\/\/rendez-vous-store.com\/app\/uploads\/2023\/12\/extreme-vert-scaled.webp\",\"datePublished\":\"2023-12-08T14:54:38+00:00\",\"dateModified\":\"2026-04-24T11:31:02+00:00\",\"description\":\"Extreme Cashmere is on Rendez-Vous Store. This Extreme Cashmere N\u00b0152 Cherie Weed increasing longevity of each individual garment.\",\"breadcrumb\":{\"@id\":\"https:\/\/rendez-vous-store.com\/shop\/special-offer-women-rendez-vous-store\/women-knitwear-special-offer\/extreme-cashmere-n152-cherie-weed-rendez-vous-store\/#breadcrumb\"},\"inLanguage\":\"fr-FR\",\"potentialAction\":[{\"@type\":\"ReadAction\",\"target\":[\"https:\/\/rendez-vous-store.com\/shop\/special-offer-women-rendez-vous-store\/women-knitwear-special-offer\/extreme-cashmere-n152-cherie-weed-rendez-vous-store\/\"]}]},{\"@type\":\"ImageObject\",\"inLanguage\":\"fr-FR\",\"@id\":\"https:\/\/rendez-vous-store.com\/shop\/special-offer-women-rendez-vous-store\/women-knitwear-special-offer\/extreme-cashmere-n152-cherie-weed-rendez-vous-store\/#primaryimage\",\"url\":\"https:\/\/rendez-vous-store.com\/app\/uploads\/2023\/12\/extreme-vert-scaled.webp\",\"contentUrl\":\"https:\/\/rendez-vous-store.com\/app\/uploads\/2023\/12\/extreme-vert-scaled.webp\",\"width\":1696,\"height\":2560},{\"@type\":\"BreadcrumbList\",\"@id\":\"https:\/\/rendez-vous-store.com\/shop\/special-offer-women-rendez-vous-store\/women-knitwear-special-offer\/extreme-cashmere-n152-cherie-weed-rendez-vous-store\/#breadcrumb\",\"itemListElement\":[{\"@type\":\"ListItem\",\"position\":1,\"name\":\"Home\",\"item\":\"https:\/\/rendez-vous-store.com\/\"},{\"@type\":\"ListItem\",\"position\":2,\"name\":\"Shop\",\"item\":\"https:\/\/www.rendez-vous-store.com\/shop\/\"},{\"@type\":\"ListItem\",\"position\":3,\"name\":\"Extreme Cashmere &#8211; N\u00b0152 Cherie &#8211; Weed\"}]},{\"@type\":\"WebSite\",\"@id\":\"https:\/\/rendez-vous-store.com\/#website\",\"url\":\"https:\/\/rendez-vous-store.com\/\",\"name\":\"RENDEZ-VOUS STORE\",\"description\":\"Slow Fashion for Women and Men\",\"potentialAction\":[{\"@type\":\"SearchAction\",\"target\":{\"@type\":\"EntryPoint\",\"urlTemplate\":\"https:\/\/rendez-vous-store.com\/?s={search_term_string}\"},\"query-input\":{\"@type\":\"PropertyValueSpecification\",\"valueRequired\":true,\"valueName\":\"search_term_string\"}}],\"inLanguage\":\"fr-FR\"}]}<\/script>\n<!-- \/ Yoast SEO plugin. -->","yoast_head_json":{"title":"Extreme Cashmere - N\u00b0152 Cherie Weed","description":"Extreme Cashmere is on Rendez-Vous Store. This Extreme Cashmere N\u00b0152 Cherie Weed increasing longevity of each individual garment.","robots":{"index":"index","follow":"follow","max-snippet":"max-snippet:-1","max-image-preview":"max-image-preview:large","max-video-preview":"max-video-preview:-1"},"canonical":"https:\/\/rendez-vous-store.com\/fr\/shop\/special-offer-women-rendez-vous-store\/women-knitwear-special-offer\/extreme-cashmere-n152-cherie-weed-rendez-vous-store\/","og_locale":"fr_FR","og_type":"article","og_title":"Extreme Cashmere - N\u00b0152 Cherie Weed","og_description":"Extreme Cashmere is on Rendez-Vous Store. This Extreme Cashmere N\u00b0152 Cherie Weed increasing longevity of each individual garment.","og_url":"https:\/\/rendez-vous-store.com\/fr\/shop\/special-offer-women-rendez-vous-store\/women-knitwear-special-offer\/extreme-cashmere-n152-cherie-weed-rendez-vous-store\/","og_site_name":"RENDEZ-VOUS STORE","article_modified_time":"2026-04-24T11:31:02+00:00","og_image":[{"width":1696,"height":2560,"url":"https:\/\/rendez-vous-store.com\/wp-content\/uploads\/2023\/12\/extreme-vert-scaled.webp","type":"image\/webp"}],"twitter_card":"summary_large_image","twitter_misc":{"Est. reading time":"1 minute"},"schema":{"@context":"https:\/\/schema.org","@graph":[{"@type":"WebPage","@id":"https:\/\/rendez-vous-store.com\/shop\/special-offer-women-rendez-vous-store\/women-knitwear-special-offer\/extreme-cashmere-n152-cherie-weed-rendez-vous-store\/","url":"https:\/\/rendez-vous-store.com\/shop\/special-offer-women-rendez-vous-store\/women-knitwear-special-offer\/extreme-cashmere-n152-cherie-weed-rendez-vous-store\/","name":"Extreme Cashmere - N\u00b0152 Cherie Weed","isPartOf":{"@id":"https:\/\/rendez-vous-store.com\/#website"},"primaryImageOfPage":{"@id":"https:\/\/rendez-vous-store.com\/shop\/special-offer-women-rendez-vous-store\/women-knitwear-special-offer\/extreme-cashmere-n152-cherie-weed-rendez-vous-store\/#primaryimage"},"image":{"@id":"https:\/\/rendez-vous-store.com\/shop\/special-offer-women-rendez-vous-store\/women-knitwear-special-offer\/extreme-cashmere-n152-cherie-weed-rendez-vous-store\/#primaryimage"},"thumbnailUrl":"https:\/\/rendez-vous-store.com\/app\/uploads\/2023\/12\/extreme-vert-scaled.webp","datePublished":"2023-12-08T14:54:38+00:00","dateModified":"2026-04-24T11:31:02+00:00","description":"Extreme Cashmere is on Rendez-Vous Store. This Extreme Cashmere N\u00b0152 Cherie Weed increasing longevity of each individual garment.","breadcrumb":{"@id":"https:\/\/rendez-vous-store.com\/shop\/special-offer-women-rendez-vous-store\/women-knitwear-special-offer\/extreme-cashmere-n152-cherie-weed-rendez-vous-store\/#breadcrumb"},"inLanguage":"fr-FR","potentialAction":[{"@type":"ReadAction","target":["https:\/\/rendez-vous-store.com\/shop\/special-offer-women-rendez-vous-store\/women-knitwear-special-offer\/extreme-cashmere-n152-cherie-weed-rendez-vous-store\/"]}]},{"@type":"ImageObject","inLanguage":"fr-FR","@id":"https:\/\/rendez-vous-store.com\/shop\/special-offer-women-rendez-vous-store\/women-knitwear-special-offer\/extreme-cashmere-n152-cherie-weed-rendez-vous-store\/#primaryimage","url":"https:\/\/rendez-vous-store.com\/app\/uploads\/2023\/12\/extreme-vert-scaled.webp","contentUrl":"https:\/\/rendez-vous-store.com\/app\/uploads\/2023\/12\/extreme-vert-scaled.webp","width":1696,"height":2560},{"@type":"BreadcrumbList","@id":"https:\/\/rendez-vous-store.com\/shop\/special-offer-women-rendez-vous-store\/women-knitwear-special-offer\/extreme-cashmere-n152-cherie-weed-rendez-vous-store\/#breadcrumb","itemListElement":[{"@type":"ListItem","position":1,"name":"Home","item":"https:\/\/rendez-vous-store.com\/"},{"@type":"ListItem","position":2,"name":"Shop","item":"https:\/\/www.rendez-vous-store.com\/shop\/"},{"@type":"ListItem","position":3,"name":"Extreme Cashmere &#8211; N\u00b0152 Cherie &#8211; Weed"}]},{"@type":"WebSite","@id":"https:\/\/rendez-vous-store.com\/#website","url":"https:\/\/rendez-vous-store.com\/","name":"RENDEZ-VOUS STORE","description":"Slow Fashion for Women and Men","potentialAction":[{"@type":"SearchAction","target":{"@type":"EntryPoint","urlTemplate":"https:\/\/rendez-vous-store.com\/?s={search_term_string}"},"query-input":{"@type":"PropertyValueSpecification","valueRequired":true,"valueName":"search_term_string"}}],"inLanguage":"fr-FR"}]}},"_links":{"self":[{"href":"https:\/\/rendez-vous-store.com\/fr\/wp-json\/wp\/v2\/product\/144403","targetHints":{"allow":["GET"]}}],"collection":[{"href":"https:\/\/rendez-vous-store.com\/fr\/wp-json\/wp\/v2\/product"}],"about":[{"href":"https:\/\/rendez-vous-store.com\/fr\/wp-json\/wp\/v2\/types\/product"}],"wp:featuredmedia":[{"embeddable":true,"href":"https:\/\/rendez-vous-store.com\/fr\/wp-json\/wp\/v2\/media\/144911"}],"wp:attachment":[{"href":"https:\/\/rendez-vous-store.com\/fr\/wp-json\/wp\/v2\/media?parent=144403"}],"wp:term":[{"taxonomy":"product_brand","embeddable":true,"href":"https:\/\/rendez-vous-store.com\/fr\/wp-json\/wp\/v2\/product_brand?post=144403"},{"taxonomy":"product_cat","embeddable":true,"href":"https:\/\/rendez-vous-store.com\/fr\/wp-json\/wp\/v2\/product_cat?post=144403"},{"taxonomy":"product_tag","embeddable":true,"href":"https:\/\/rendez-vous-store.com\/fr\/wp-json\/wp\/v2\/product_tag?post=144403"}],"curies":[{"name":"wp","href":"https:\/\/api.w.org\/{rel}","templated":true}]}}