{"id":144364,"date":"2023-12-08T14:47:43","date_gmt":"2023-12-08T13:47:43","guid":{"rendered":"https:\/\/rendez-vous-store.com\/?post_type=product&#038;p=144364"},"modified":"2026-03-16T16:32:56","modified_gmt":"2026-03-16T15:32:56","slug":"cableami-5w-corduroy-metro-hat-with-drawcord-brown-rendez-vous-store","status":"publish","type":"product","link":"https:\/\/rendez-vous-store.com\/fr\/shop\/special-offer-men-rendez-vous-store\/men-accessories-special-offer\/cableami-5w-corduroy-metro-hat-with-drawcord-brown-rendez-vous-store\/","title":{"rendered":"C\u00e2bleami - Chapeau Metro 5W en velours c\u00f4tel\u00e9 avec cordon de serrage 002-23AW - Marron"},"content":{"rendered":"<p><strong>C\u00e2bleami 5W Chapeau Metro en velours c\u00f4tel\u00e9 avec cordon de serrage Marron<\/strong><\/p>\n<p>Couleur : Marron<\/p>\n<p>Composition : 100% Polyester<\/p>\n<p>Doublure : 65% Polyester - 35% Coton Quilter<\/p>\n<p>Fabriqu\u00e9 au Japon<\/p>\n<p>Cordon de serrage r\u00e9glable<\/p>\n<p>Tissu velours c\u00f4tel\u00e9<\/p>\n<p>Taille unique<\/p>\n<p>&nbsp;<\/p>\n<p>&nbsp;<\/p>\n<p><strong>La marque\u00a0<\/strong><\/p>\n<p>C\u00e2bleami est une marque japonaise qui s'inspire du tricot traditionnel Aran \"en c\u00e2ble\". C\u00e2bleami a deux significations, d'abord \"ami\" en japonais qui signifie \"tricoter\" et en fran\u00e7ais qui signifie \"ami\". Le nom refl\u00e8te la philosophie de C\u00e2bleami qui consiste \u00e0 cr\u00e9er des bonnets qui seront ch\u00e9ris comme s'ils \u00e9taient des amis.<\/p>\n<p>La marque aspire \u00e0 d\u00e9velopper ses propres mat\u00e9riaux \u00e0 partir de textiles de qualit\u00e9, puis \u00e0 cr\u00e9er des produits en les filtrant \u00e0 travers nos sens, en les adaptant \u00e0 un design unique. Elle propose une grande vari\u00e9t\u00e9 de styles, du traditionnel au d\u00e9contract\u00e9 en passant par l'ext\u00e9rieur, en appliquant des technologies modernes \u00e0 des processus de fabrication traditionnels.<\/p>","protected":false},"excerpt":{"rendered":"<p>C\u00e2bleami 5W Corduroy Metro Hat With Drawcord Brown Color: Brown Composition: 100% Polyester Lining: 65% Polyester &#8211; 35% Quilter Cotton Made In Japan Adjustable Drawcord Corduroy Fabric One size &nbsp; &nbsp; The brand\u00a0 C\u00e2bleami is a Japanese brand name, comes from the traditional Aran \u201ccable\u201d knitting. C\u00e2bleami has two meanings, first &#8220;ami&#8221; in Japanese means&hellip; <a class=\"more-link\" href=\"https:\/\/rendez-vous-store.com\/fr\/shop\/special-offer-men-rendez-vous-store\/men-accessories-special-offer\/cableami-5w-corduroy-metro-hat-with-drawcord-brown-rendez-vous-store\/\">Continuer la lecture <span class=\"screen-reader-text\">C\u00e2bleami - Chapeau Metro 5W en velours c\u00f4tel\u00e9 avec cordon de serrage 002-23AW - Marron<\/span><\/a><\/p>","protected":false},"featured_media":144990,"template":"","meta":{"_acf_changed":false},"product_brand":[],"product_cat":[1292,1351,1354,1350,20,299],"product_tag":[300],"class_list":{"0":"post-144364","1":"product","2":"type-product","3":"status-publish","4":"has-post-thumbnail","6":"product_cat-1292","7":"product_cat-men-accessories-special-offer","8":"product_cat-men-hat-and-scarf-special-offer","9":"product_cat-special-offer-men-rendez-vous-store","10":"product_cat-men-selection-discover-our-selection-rendez-vous-store","11":"product_cat-hats-scarves-discover-our-selection-rendez-vous-store","12":"product_tag-cableami","13":"entry","15":"first","16":"outofstock","17":"taxable","18":"shipping-taxable","19":"product-type-variable","20":"has-default-attributes"},"acf":[],"yoast_head":"<!-- This site is optimized with the Yoast SEO plugin v24.9 - https:\/\/yoast.com\/wordpress\/plugins\/seo\/ -->\n<title>C\u00e2bleami - 5W Corduroy Metro Hat With Drawcord Brown - Rendez-vous Store<\/title>\n<meta name=\"description\" content=\"C\u00e2bleami is on Rendez-Vous Store. This C\u00e2bleami 5W Corduroy Metro Hat With Drawcord Brown is made in japan at the brand-owned factory in Kobe.\" \/>\n<meta name=\"robots\" content=\"index, follow, max-snippet:-1, max-image-preview:large, max-video-preview:-1\" \/>\n<link rel=\"canonical\" href=\"https:\/\/rendez-vous-store.com\/fr\/shop\/special-offer-men-rendez-vous-store\/men-accessories-special-offer\/cableami-5w-corduroy-metro-hat-with-drawcord-brown-rendez-vous-store\/\" \/>\n<meta property=\"og:locale\" content=\"fr_FR\" \/>\n<meta property=\"og:type\" content=\"article\" \/>\n<meta property=\"og:title\" content=\"C\u00e2bleami - 5W Corduroy Metro Hat With Drawcord Brown - Rendez-vous Store\" \/>\n<meta property=\"og:description\" content=\"C\u00e2bleami is on Rendez-Vous Store. This C\u00e2bleami 5W Corduroy Metro Hat With Drawcord Brown is made in japan at the brand-owned factory in Kobe.\" \/>\n<meta property=\"og:url\" content=\"https:\/\/rendez-vous-store.com\/fr\/shop\/special-offer-men-rendez-vous-store\/men-accessories-special-offer\/cableami-5w-corduroy-metro-hat-with-drawcord-brown-rendez-vous-store\/\" \/>\n<meta property=\"og:site_name\" content=\"RENDEZ-VOUS STORE\" \/>\n<meta property=\"article:modified_time\" content=\"2026-03-16T15:32:56+00:00\" \/>\n<meta property=\"og:image\" content=\"https:\/\/rendez-vous-store.com\/wp-content\/uploads\/2023\/12\/rdv_cableami_29-scaled.webp\" \/>\n\t<meta property=\"og:image:width\" content=\"1696\" \/>\n\t<meta property=\"og:image:height\" content=\"2560\" \/>\n\t<meta property=\"og:image:type\" content=\"image\/webp\" \/>\n<meta name=\"twitter:card\" content=\"summary_large_image\" \/>\n<meta name=\"twitter:label1\" content=\"Est. reading time\" \/>\n\t<meta name=\"twitter:data1\" content=\"1 minute\" \/>\n<script type=\"application\/ld+json\" class=\"yoast-schema-graph\">{\"@context\":\"https:\/\/schema.org\",\"@graph\":[{\"@type\":\"WebPage\",\"@id\":\"https:\/\/rendez-vous-store.com\/shop\/special-offer-men-rendez-vous-store\/men-accessories-special-offer\/cableami-5w-corduroy-metro-hat-with-drawcord-brown-rendez-vous-store\/\",\"url\":\"https:\/\/rendez-vous-store.com\/shop\/special-offer-men-rendez-vous-store\/men-accessories-special-offer\/cableami-5w-corduroy-metro-hat-with-drawcord-brown-rendez-vous-store\/\",\"name\":\"C\u00e2bleami - 5W Corduroy Metro Hat With Drawcord Brown - Rendez-vous Store\",\"isPartOf\":{\"@id\":\"https:\/\/rendez-vous-store.com\/#website\"},\"primaryImageOfPage\":{\"@id\":\"https:\/\/rendez-vous-store.com\/shop\/special-offer-men-rendez-vous-store\/men-accessories-special-offer\/cableami-5w-corduroy-metro-hat-with-drawcord-brown-rendez-vous-store\/#primaryimage\"},\"image\":{\"@id\":\"https:\/\/rendez-vous-store.com\/shop\/special-offer-men-rendez-vous-store\/men-accessories-special-offer\/cableami-5w-corduroy-metro-hat-with-drawcord-brown-rendez-vous-store\/#primaryimage\"},\"thumbnailUrl\":\"https:\/\/rendez-vous-store.com\/app\/uploads\/2023\/12\/rdv_cableami_29-scaled.webp\",\"datePublished\":\"2023-12-08T13:47:43+00:00\",\"dateModified\":\"2026-03-16T15:32:56+00:00\",\"description\":\"C\u00e2bleami is on Rendez-Vous Store. This C\u00e2bleami 5W Corduroy Metro Hat With Drawcord Brown is made in japan at the brand-owned factory in Kobe.\",\"breadcrumb\":{\"@id\":\"https:\/\/rendez-vous-store.com\/shop\/special-offer-men-rendez-vous-store\/men-accessories-special-offer\/cableami-5w-corduroy-metro-hat-with-drawcord-brown-rendez-vous-store\/#breadcrumb\"},\"inLanguage\":\"fr-FR\",\"potentialAction\":[{\"@type\":\"ReadAction\",\"target\":[\"https:\/\/rendez-vous-store.com\/shop\/special-offer-men-rendez-vous-store\/men-accessories-special-offer\/cableami-5w-corduroy-metro-hat-with-drawcord-brown-rendez-vous-store\/\"]}]},{\"@type\":\"ImageObject\",\"inLanguage\":\"fr-FR\",\"@id\":\"https:\/\/rendez-vous-store.com\/shop\/special-offer-men-rendez-vous-store\/men-accessories-special-offer\/cableami-5w-corduroy-metro-hat-with-drawcord-brown-rendez-vous-store\/#primaryimage\",\"url\":\"https:\/\/rendez-vous-store.com\/app\/uploads\/2023\/12\/rdv_cableami_29-scaled.webp\",\"contentUrl\":\"https:\/\/rendez-vous-store.com\/app\/uploads\/2023\/12\/rdv_cableami_29-scaled.webp\",\"width\":1696,\"height\":2560,\"caption\":\"C\u00e2bleami - 5W Corduroy Metro Hat With Drawcord 002-23AW - Brown\"},{\"@type\":\"BreadcrumbList\",\"@id\":\"https:\/\/rendez-vous-store.com\/shop\/special-offer-men-rendez-vous-store\/men-accessories-special-offer\/cableami-5w-corduroy-metro-hat-with-drawcord-brown-rendez-vous-store\/#breadcrumb\",\"itemListElement\":[{\"@type\":\"ListItem\",\"position\":1,\"name\":\"Home\",\"item\":\"https:\/\/rendez-vous-store.com\/\"},{\"@type\":\"ListItem\",\"position\":2,\"name\":\"Shop\",\"item\":\"https:\/\/www.rendez-vous-store.com\/shop\/\"},{\"@type\":\"ListItem\",\"position\":3,\"name\":\"C\u00e2bleami &#8211; 5W Corduroy Metro Hat With Drawcord 002-23AW &#8211; Brown\"}]},{\"@type\":\"WebSite\",\"@id\":\"https:\/\/rendez-vous-store.com\/#website\",\"url\":\"https:\/\/rendez-vous-store.com\/\",\"name\":\"RENDEZ-VOUS STORE\",\"description\":\"Slow Fashion for Women and Men\",\"potentialAction\":[{\"@type\":\"SearchAction\",\"target\":{\"@type\":\"EntryPoint\",\"urlTemplate\":\"https:\/\/rendez-vous-store.com\/?s={search_term_string}\"},\"query-input\":{\"@type\":\"PropertyValueSpecification\",\"valueRequired\":true,\"valueName\":\"search_term_string\"}}],\"inLanguage\":\"fr-FR\"}]}<\/script>\n<!-- \/ Yoast SEO plugin. -->","yoast_head_json":{"title":"C\u00e2bleami - 5W Corduroy Metro Hat With Drawcord Brown - Rendez-vous Store","description":"C\u00e2bleami is on Rendez-Vous Store. This C\u00e2bleami 5W Corduroy Metro Hat With Drawcord Brown is made in japan at the brand-owned factory in Kobe.","robots":{"index":"index","follow":"follow","max-snippet":"max-snippet:-1","max-image-preview":"max-image-preview:large","max-video-preview":"max-video-preview:-1"},"canonical":"https:\/\/rendez-vous-store.com\/fr\/shop\/special-offer-men-rendez-vous-store\/men-accessories-special-offer\/cableami-5w-corduroy-metro-hat-with-drawcord-brown-rendez-vous-store\/","og_locale":"fr_FR","og_type":"article","og_title":"C\u00e2bleami - 5W Corduroy Metro Hat With Drawcord Brown - Rendez-vous Store","og_description":"C\u00e2bleami is on Rendez-Vous Store. This C\u00e2bleami 5W Corduroy Metro Hat With Drawcord Brown is made in japan at the brand-owned factory in Kobe.","og_url":"https:\/\/rendez-vous-store.com\/fr\/shop\/special-offer-men-rendez-vous-store\/men-accessories-special-offer\/cableami-5w-corduroy-metro-hat-with-drawcord-brown-rendez-vous-store\/","og_site_name":"RENDEZ-VOUS STORE","article_modified_time":"2026-03-16T15:32:56+00:00","og_image":[{"width":1696,"height":2560,"url":"https:\/\/rendez-vous-store.com\/wp-content\/uploads\/2023\/12\/rdv_cableami_29-scaled.webp","type":"image\/webp"}],"twitter_card":"summary_large_image","twitter_misc":{"Est. reading time":"1 minute"},"schema":{"@context":"https:\/\/schema.org","@graph":[{"@type":"WebPage","@id":"https:\/\/rendez-vous-store.com\/shop\/special-offer-men-rendez-vous-store\/men-accessories-special-offer\/cableami-5w-corduroy-metro-hat-with-drawcord-brown-rendez-vous-store\/","url":"https:\/\/rendez-vous-store.com\/shop\/special-offer-men-rendez-vous-store\/men-accessories-special-offer\/cableami-5w-corduroy-metro-hat-with-drawcord-brown-rendez-vous-store\/","name":"C\u00e2bleami - 5W Corduroy Metro Hat With Drawcord Brown - Rendez-vous Store","isPartOf":{"@id":"https:\/\/rendez-vous-store.com\/#website"},"primaryImageOfPage":{"@id":"https:\/\/rendez-vous-store.com\/shop\/special-offer-men-rendez-vous-store\/men-accessories-special-offer\/cableami-5w-corduroy-metro-hat-with-drawcord-brown-rendez-vous-store\/#primaryimage"},"image":{"@id":"https:\/\/rendez-vous-store.com\/shop\/special-offer-men-rendez-vous-store\/men-accessories-special-offer\/cableami-5w-corduroy-metro-hat-with-drawcord-brown-rendez-vous-store\/#primaryimage"},"thumbnailUrl":"https:\/\/rendez-vous-store.com\/app\/uploads\/2023\/12\/rdv_cableami_29-scaled.webp","datePublished":"2023-12-08T13:47:43+00:00","dateModified":"2026-03-16T15:32:56+00:00","description":"C\u00e2bleami is on Rendez-Vous Store. This C\u00e2bleami 5W Corduroy Metro Hat With Drawcord Brown is made in japan at the brand-owned factory in Kobe.","breadcrumb":{"@id":"https:\/\/rendez-vous-store.com\/shop\/special-offer-men-rendez-vous-store\/men-accessories-special-offer\/cableami-5w-corduroy-metro-hat-with-drawcord-brown-rendez-vous-store\/#breadcrumb"},"inLanguage":"fr-FR","potentialAction":[{"@type":"ReadAction","target":["https:\/\/rendez-vous-store.com\/shop\/special-offer-men-rendez-vous-store\/men-accessories-special-offer\/cableami-5w-corduroy-metro-hat-with-drawcord-brown-rendez-vous-store\/"]}]},{"@type":"ImageObject","inLanguage":"fr-FR","@id":"https:\/\/rendez-vous-store.com\/shop\/special-offer-men-rendez-vous-store\/men-accessories-special-offer\/cableami-5w-corduroy-metro-hat-with-drawcord-brown-rendez-vous-store\/#primaryimage","url":"https:\/\/rendez-vous-store.com\/app\/uploads\/2023\/12\/rdv_cableami_29-scaled.webp","contentUrl":"https:\/\/rendez-vous-store.com\/app\/uploads\/2023\/12\/rdv_cableami_29-scaled.webp","width":1696,"height":2560,"caption":"C\u00e2bleami - 5W Corduroy Metro Hat With Drawcord 002-23AW - Brown"},{"@type":"BreadcrumbList","@id":"https:\/\/rendez-vous-store.com\/shop\/special-offer-men-rendez-vous-store\/men-accessories-special-offer\/cableami-5w-corduroy-metro-hat-with-drawcord-brown-rendez-vous-store\/#breadcrumb","itemListElement":[{"@type":"ListItem","position":1,"name":"Home","item":"https:\/\/rendez-vous-store.com\/"},{"@type":"ListItem","position":2,"name":"Shop","item":"https:\/\/www.rendez-vous-store.com\/shop\/"},{"@type":"ListItem","position":3,"name":"C\u00e2bleami &#8211; 5W Corduroy Metro Hat With Drawcord 002-23AW &#8211; Brown"}]},{"@type":"WebSite","@id":"https:\/\/rendez-vous-store.com\/#website","url":"https:\/\/rendez-vous-store.com\/","name":"RENDEZ-VOUS STORE","description":"Slow Fashion for Women and Men","potentialAction":[{"@type":"SearchAction","target":{"@type":"EntryPoint","urlTemplate":"https:\/\/rendez-vous-store.com\/?s={search_term_string}"},"query-input":{"@type":"PropertyValueSpecification","valueRequired":true,"valueName":"search_term_string"}}],"inLanguage":"fr-FR"}]}},"_links":{"self":[{"href":"https:\/\/rendez-vous-store.com\/fr\/wp-json\/wp\/v2\/product\/144364","targetHints":{"allow":["GET"]}}],"collection":[{"href":"https:\/\/rendez-vous-store.com\/fr\/wp-json\/wp\/v2\/product"}],"about":[{"href":"https:\/\/rendez-vous-store.com\/fr\/wp-json\/wp\/v2\/types\/product"}],"wp:featuredmedia":[{"embeddable":true,"href":"https:\/\/rendez-vous-store.com\/fr\/wp-json\/wp\/v2\/media\/144990"}],"wp:attachment":[{"href":"https:\/\/rendez-vous-store.com\/fr\/wp-json\/wp\/v2\/media?parent=144364"}],"wp:term":[{"taxonomy":"product_brand","embeddable":true,"href":"https:\/\/rendez-vous-store.com\/fr\/wp-json\/wp\/v2\/product_brand?post=144364"},{"taxonomy":"product_cat","embeddable":true,"href":"https:\/\/rendez-vous-store.com\/fr\/wp-json\/wp\/v2\/product_cat?post=144364"},{"taxonomy":"product_tag","embeddable":true,"href":"https:\/\/rendez-vous-store.com\/fr\/wp-json\/wp\/v2\/product_tag?post=144364"}],"curies":[{"name":"wp","href":"https:\/\/api.w.org\/{rel}","templated":true}]}}