{"id":144211,"date":"2023-12-08T10:04:32","date_gmt":"2023-12-08T09:04:32","guid":{"rendered":"https:\/\/rendez-vous-store.com\/?post_type=product&#038;p=144211"},"modified":"2026-03-16T16:32:52","modified_gmt":"2026-03-16T15:32:52","slug":"nanamica-gore-tex-long-down-coat-subf358e-black-rendez-vous-store","status":"publish","type":"product","link":"https:\/\/rendez-vous-store.com\/fr\/shop\/men-selection-discover-our-selection-rendez-vous-store\/jackets-coats-discover-our-selection\/nanamica-gore-tex-long-down-coat-subf358e-black-rendez-vous-store\/","title":{"rendered":"Nanamica - Gore-Tex Long Down Coat SUBF358E - Noir"},"content":{"rendered":"<p>Manteau long en duvet Nanamica Gore-Tex SUBF358E Noir<\/p>\n<p>Couleur : Noir<\/p>\n<p>Imperm\u00e9able \u00e0 l'eau<\/p>\n<p>Manches longues<\/p>\n<p>Capuche<\/p>\n<p>Fermeture \u00e0 glissi\u00e8re avec boutons pression<\/p>\n<p>Deux poches lat\u00e9rales \u00e0 rabat<\/p>\n<p>Poignets int\u00e9rieurs avec c\u00f4tes<\/p>\n<p>Se resserre avec un lacet<\/p>\n<p>Composition :<\/p>\n<p>Face : 100% Polyester<\/p>\n<p>Doublure : 100% Polyester<\/p>\n<p>Manchette c\u00f4tel\u00e9e : 97% Polyester - 3% Polyur\u00e9thane<\/p>\n<p>Manchette : 100% Nylon<\/p>\n<p>Rembourrage : 72% Duvet - 20% Rayon - 8% Autres plumes<\/p>\n<p>Col int\u00e9rieur : 100% Polyester<\/p>\n<p>Fabriqu\u00e9 en Chine<\/p>\n<p>Olivier mesure 178 cm<\/p>\n<p>Taille du mod\u00e8le : M<\/p>","protected":false},"excerpt":{"rendered":"<p>Nanamica Gore-Tex Long Down Coat SUBF358E Black Color: Black Waterproof Long Sleeves Hooded Zip Closure With hand snap buttons Two Side Flap Pocket Inner Cuffs With Ribs Tightens With a Lace Composition: Face: 100% Polyester Lining: 100% Polyester Ribbed Cuff: 97% Polyester &#8211; 3% Polyurethane Cuff: 100% Nylon Filling: 72% Down &#8211; 20% Rayon &#8211;&hellip; <a class=\"more-link\" href=\"https:\/\/rendez-vous-store.com\/fr\/shop\/men-selection-discover-our-selection-rendez-vous-store\/jackets-coats-discover-our-selection\/nanamica-gore-tex-long-down-coat-subf358e-black-rendez-vous-store\/\">Continue reading <span class=\"screen-reader-text\">Nanamica - Gore-Tex Long Down Coat SUBF358E - Noir<\/span><\/a><\/p>","protected":false},"featured_media":146754,"template":"","meta":{"_acf_changed":false},"product_brand":[],"product_cat":[20,53],"product_tag":[673],"class_list":{"0":"post-144211","1":"product","2":"type-product","3":"status-publish","4":"has-post-thumbnail","6":"product_cat-men-selection-discover-our-selection-rendez-vous-store","7":"product_cat-jackets-coats-discover-our-selection","8":"product_tag-nanamica","9":"entry","11":"first","12":"outofstock","13":"taxable","14":"shipping-taxable","15":"product-type-variable","16":"has-default-attributes"},"acf":[],"yoast_head":"<!-- This site is optimized with the Yoast SEO plugin v24.9 - https:\/\/yoast.com\/wordpress\/plugins\/seo\/ -->\n<title>Nanamica - Gore-Tex Long Down Coat SUBF358E Black - Rendez-Vous Store<\/title>\n<meta name=\"description\" content=\"Nanamica is on Rendez-vous Store. This Nanamica Gore-Tex Long Down Coat SUBF358E Black reflect the high quality. It can remain a part of people\u2019s lives for a long time.\" \/>\n<meta name=\"robots\" content=\"index, follow, max-snippet:-1, max-image-preview:large, max-video-preview:-1\" \/>\n<link rel=\"canonical\" href=\"https:\/\/rendez-vous-store.com\/fr\/shop\/men-selection-discover-our-selection-rendez-vous-store\/jackets-coats-discover-our-selection\/nanamica-gore-tex-long-down-coat-subf358e-black-rendez-vous-store\/\" \/>\n<meta property=\"og:locale\" content=\"fr_FR\" \/>\n<meta property=\"og:type\" content=\"article\" \/>\n<meta property=\"og:title\" content=\"Nanamica - Gore-Tex Long Down Coat SUBF358E Black - Rendez-Vous Store\" \/>\n<meta property=\"og:description\" content=\"Nanamica is on Rendez-vous Store. This Nanamica Gore-Tex Long Down Coat SUBF358E Black reflect the high quality. It can remain a part of people\u2019s lives for a long time.\" \/>\n<meta property=\"og:url\" content=\"https:\/\/rendez-vous-store.com\/fr\/shop\/men-selection-discover-our-selection-rendez-vous-store\/jackets-coats-discover-our-selection\/nanamica-gore-tex-long-down-coat-subf358e-black-rendez-vous-store\/\" \/>\n<meta property=\"og:site_name\" content=\"RENDEZ-VOUS STORE\" \/>\n<meta property=\"article:modified_time\" content=\"2026-03-16T15:32:52+00:00\" \/>\n<meta property=\"og:image\" content=\"https:\/\/rendez-vous-store.com\/wp-content\/uploads\/2023\/12\/nanamica-1.webp\" \/>\n\t<meta property=\"og:image:width\" content=\"1060\" \/>\n\t<meta property=\"og:image:height\" content=\"1600\" \/>\n\t<meta property=\"og:image:type\" content=\"image\/webp\" \/>\n<meta name=\"twitter:card\" content=\"summary_large_image\" \/>\n<meta name=\"twitter:label1\" content=\"Est. reading time\" \/>\n\t<meta name=\"twitter:data1\" content=\"1 minute\" \/>\n<script type=\"application\/ld+json\" class=\"yoast-schema-graph\">{\"@context\":\"https:\/\/schema.org\",\"@graph\":[{\"@type\":\"WebPage\",\"@id\":\"https:\/\/rendez-vous-store.com\/shop\/men-selection-discover-our-selection-rendez-vous-store\/jackets-coats-discover-our-selection\/nanamica-gore-tex-long-down-coat-subf358e-black-rendez-vous-store\/\",\"url\":\"https:\/\/rendez-vous-store.com\/shop\/men-selection-discover-our-selection-rendez-vous-store\/jackets-coats-discover-our-selection\/nanamica-gore-tex-long-down-coat-subf358e-black-rendez-vous-store\/\",\"name\":\"Nanamica - Gore-Tex Long Down Coat SUBF358E Black - Rendez-Vous Store\",\"isPartOf\":{\"@id\":\"https:\/\/rendez-vous-store.com\/#website\"},\"primaryImageOfPage\":{\"@id\":\"https:\/\/rendez-vous-store.com\/shop\/men-selection-discover-our-selection-rendez-vous-store\/jackets-coats-discover-our-selection\/nanamica-gore-tex-long-down-coat-subf358e-black-rendez-vous-store\/#primaryimage\"},\"image\":{\"@id\":\"https:\/\/rendez-vous-store.com\/shop\/men-selection-discover-our-selection-rendez-vous-store\/jackets-coats-discover-our-selection\/nanamica-gore-tex-long-down-coat-subf358e-black-rendez-vous-store\/#primaryimage\"},\"thumbnailUrl\":\"https:\/\/rendez-vous-store.com\/app\/uploads\/2023\/12\/nanamica-1.webp\",\"datePublished\":\"2023-12-08T09:04:32+00:00\",\"dateModified\":\"2026-03-16T15:32:52+00:00\",\"description\":\"Nanamica is on Rendez-vous Store. This Nanamica Gore-Tex Long Down Coat SUBF358E Black reflect the high quality. It can remain a part of people\u2019s lives for a long time.\",\"breadcrumb\":{\"@id\":\"https:\/\/rendez-vous-store.com\/shop\/men-selection-discover-our-selection-rendez-vous-store\/jackets-coats-discover-our-selection\/nanamica-gore-tex-long-down-coat-subf358e-black-rendez-vous-store\/#breadcrumb\"},\"inLanguage\":\"fr-FR\",\"potentialAction\":[{\"@type\":\"ReadAction\",\"target\":[\"https:\/\/rendez-vous-store.com\/shop\/men-selection-discover-our-selection-rendez-vous-store\/jackets-coats-discover-our-selection\/nanamica-gore-tex-long-down-coat-subf358e-black-rendez-vous-store\/\"]}]},{\"@type\":\"ImageObject\",\"inLanguage\":\"fr-FR\",\"@id\":\"https:\/\/rendez-vous-store.com\/shop\/men-selection-discover-our-selection-rendez-vous-store\/jackets-coats-discover-our-selection\/nanamica-gore-tex-long-down-coat-subf358e-black-rendez-vous-store\/#primaryimage\",\"url\":\"https:\/\/rendez-vous-store.com\/app\/uploads\/2023\/12\/nanamica-1.webp\",\"contentUrl\":\"https:\/\/rendez-vous-store.com\/app\/uploads\/2023\/12\/nanamica-1.webp\",\"width\":1060,\"height\":1600},{\"@type\":\"BreadcrumbList\",\"@id\":\"https:\/\/rendez-vous-store.com\/shop\/men-selection-discover-our-selection-rendez-vous-store\/jackets-coats-discover-our-selection\/nanamica-gore-tex-long-down-coat-subf358e-black-rendez-vous-store\/#breadcrumb\",\"itemListElement\":[{\"@type\":\"ListItem\",\"position\":1,\"name\":\"Home\",\"item\":\"https:\/\/rendez-vous-store.com\/\"},{\"@type\":\"ListItem\",\"position\":2,\"name\":\"Shop\",\"item\":\"https:\/\/www.rendez-vous-store.com\/shop\/\"},{\"@type\":\"ListItem\",\"position\":3,\"name\":\"Nanamica &#8211; Gore-Tex Long Down Coat SUBF358E &#8211; Black\"}]},{\"@type\":\"WebSite\",\"@id\":\"https:\/\/rendez-vous-store.com\/#website\",\"url\":\"https:\/\/rendez-vous-store.com\/\",\"name\":\"RENDEZ-VOUS STORE\",\"description\":\"Slow Fashion for Women and Men\",\"potentialAction\":[{\"@type\":\"SearchAction\",\"target\":{\"@type\":\"EntryPoint\",\"urlTemplate\":\"https:\/\/rendez-vous-store.com\/?s={search_term_string}\"},\"query-input\":{\"@type\":\"PropertyValueSpecification\",\"valueRequired\":true,\"valueName\":\"search_term_string\"}}],\"inLanguage\":\"fr-FR\"}]}<\/script>\n<!-- \/ Yoast SEO plugin. -->","yoast_head_json":{"title":"Nanamica - Gore-Tex Long Down Coat SUBF358E Black - Rendez-Vous Store","description":"Nanamica is on Rendez-vous Store. This Nanamica Gore-Tex Long Down Coat SUBF358E Black reflect the high quality. It can remain a part of people\u2019s lives for a long time.","robots":{"index":"index","follow":"follow","max-snippet":"max-snippet:-1","max-image-preview":"max-image-preview:large","max-video-preview":"max-video-preview:-1"},"canonical":"https:\/\/rendez-vous-store.com\/fr\/shop\/men-selection-discover-our-selection-rendez-vous-store\/jackets-coats-discover-our-selection\/nanamica-gore-tex-long-down-coat-subf358e-black-rendez-vous-store\/","og_locale":"fr_FR","og_type":"article","og_title":"Nanamica - Gore-Tex Long Down Coat SUBF358E Black - Rendez-Vous Store","og_description":"Nanamica is on Rendez-vous Store. This Nanamica Gore-Tex Long Down Coat SUBF358E Black reflect the high quality. It can remain a part of people\u2019s lives for a long time.","og_url":"https:\/\/rendez-vous-store.com\/fr\/shop\/men-selection-discover-our-selection-rendez-vous-store\/jackets-coats-discover-our-selection\/nanamica-gore-tex-long-down-coat-subf358e-black-rendez-vous-store\/","og_site_name":"RENDEZ-VOUS STORE","article_modified_time":"2026-03-16T15:32:52+00:00","og_image":[{"width":1060,"height":1600,"url":"https:\/\/rendez-vous-store.com\/wp-content\/uploads\/2023\/12\/nanamica-1.webp","type":"image\/webp"}],"twitter_card":"summary_large_image","twitter_misc":{"Est. reading time":"1 minute"},"schema":{"@context":"https:\/\/schema.org","@graph":[{"@type":"WebPage","@id":"https:\/\/rendez-vous-store.com\/shop\/men-selection-discover-our-selection-rendez-vous-store\/jackets-coats-discover-our-selection\/nanamica-gore-tex-long-down-coat-subf358e-black-rendez-vous-store\/","url":"https:\/\/rendez-vous-store.com\/shop\/men-selection-discover-our-selection-rendez-vous-store\/jackets-coats-discover-our-selection\/nanamica-gore-tex-long-down-coat-subf358e-black-rendez-vous-store\/","name":"Nanamica - Gore-Tex Long Down Coat SUBF358E Black - Rendez-Vous Store","isPartOf":{"@id":"https:\/\/rendez-vous-store.com\/#website"},"primaryImageOfPage":{"@id":"https:\/\/rendez-vous-store.com\/shop\/men-selection-discover-our-selection-rendez-vous-store\/jackets-coats-discover-our-selection\/nanamica-gore-tex-long-down-coat-subf358e-black-rendez-vous-store\/#primaryimage"},"image":{"@id":"https:\/\/rendez-vous-store.com\/shop\/men-selection-discover-our-selection-rendez-vous-store\/jackets-coats-discover-our-selection\/nanamica-gore-tex-long-down-coat-subf358e-black-rendez-vous-store\/#primaryimage"},"thumbnailUrl":"https:\/\/rendez-vous-store.com\/app\/uploads\/2023\/12\/nanamica-1.webp","datePublished":"2023-12-08T09:04:32+00:00","dateModified":"2026-03-16T15:32:52+00:00","description":"Nanamica is on Rendez-vous Store. This Nanamica Gore-Tex Long Down Coat SUBF358E Black reflect the high quality. It can remain a part of people\u2019s lives for a long time.","breadcrumb":{"@id":"https:\/\/rendez-vous-store.com\/shop\/men-selection-discover-our-selection-rendez-vous-store\/jackets-coats-discover-our-selection\/nanamica-gore-tex-long-down-coat-subf358e-black-rendez-vous-store\/#breadcrumb"},"inLanguage":"fr-FR","potentialAction":[{"@type":"ReadAction","target":["https:\/\/rendez-vous-store.com\/shop\/men-selection-discover-our-selection-rendez-vous-store\/jackets-coats-discover-our-selection\/nanamica-gore-tex-long-down-coat-subf358e-black-rendez-vous-store\/"]}]},{"@type":"ImageObject","inLanguage":"fr-FR","@id":"https:\/\/rendez-vous-store.com\/shop\/men-selection-discover-our-selection-rendez-vous-store\/jackets-coats-discover-our-selection\/nanamica-gore-tex-long-down-coat-subf358e-black-rendez-vous-store\/#primaryimage","url":"https:\/\/rendez-vous-store.com\/app\/uploads\/2023\/12\/nanamica-1.webp","contentUrl":"https:\/\/rendez-vous-store.com\/app\/uploads\/2023\/12\/nanamica-1.webp","width":1060,"height":1600},{"@type":"BreadcrumbList","@id":"https:\/\/rendez-vous-store.com\/shop\/men-selection-discover-our-selection-rendez-vous-store\/jackets-coats-discover-our-selection\/nanamica-gore-tex-long-down-coat-subf358e-black-rendez-vous-store\/#breadcrumb","itemListElement":[{"@type":"ListItem","position":1,"name":"Home","item":"https:\/\/rendez-vous-store.com\/"},{"@type":"ListItem","position":2,"name":"Shop","item":"https:\/\/www.rendez-vous-store.com\/shop\/"},{"@type":"ListItem","position":3,"name":"Nanamica &#8211; Gore-Tex Long Down Coat SUBF358E &#8211; Black"}]},{"@type":"WebSite","@id":"https:\/\/rendez-vous-store.com\/#website","url":"https:\/\/rendez-vous-store.com\/","name":"RENDEZ-VOUS STORE","description":"Slow Fashion for Women and Men","potentialAction":[{"@type":"SearchAction","target":{"@type":"EntryPoint","urlTemplate":"https:\/\/rendez-vous-store.com\/?s={search_term_string}"},"query-input":{"@type":"PropertyValueSpecification","valueRequired":true,"valueName":"search_term_string"}}],"inLanguage":"fr-FR"}]}},"_links":{"self":[{"href":"https:\/\/rendez-vous-store.com\/fr\/wp-json\/wp\/v2\/product\/144211","targetHints":{"allow":["GET"]}}],"collection":[{"href":"https:\/\/rendez-vous-store.com\/fr\/wp-json\/wp\/v2\/product"}],"about":[{"href":"https:\/\/rendez-vous-store.com\/fr\/wp-json\/wp\/v2\/types\/product"}],"wp:featuredmedia":[{"embeddable":true,"href":"https:\/\/rendez-vous-store.com\/fr\/wp-json\/wp\/v2\/media\/146754"}],"wp:attachment":[{"href":"https:\/\/rendez-vous-store.com\/fr\/wp-json\/wp\/v2\/media?parent=144211"}],"wp:term":[{"taxonomy":"product_brand","embeddable":true,"href":"https:\/\/rendez-vous-store.com\/fr\/wp-json\/wp\/v2\/product_brand?post=144211"},{"taxonomy":"product_cat","embeddable":true,"href":"https:\/\/rendez-vous-store.com\/fr\/wp-json\/wp\/v2\/product_cat?post=144211"},{"taxonomy":"product_tag","embeddable":true,"href":"https:\/\/rendez-vous-store.com\/fr\/wp-json\/wp\/v2\/product_tag?post=144211"}],"curies":[{"name":"wp","href":"https:\/\/api.w.org\/{rel}","templated":true}]}}