{"id":142777,"date":"2023-11-10T16:11:36","date_gmt":"2023-11-10T15:11:36","guid":{"rendered":"https:\/\/rendez-vous-store.com\/?post_type=product&#038;p=142777"},"modified":"2026-03-16T16:26:52","modified_gmt":"2026-03-16T15:26:52","slug":"ienki-ienki-kenny-jacket-soft-khaki-rendez-vous-store","status":"publish","type":"product","link":"https:\/\/rendez-vous-store.com\/fr\/shop\/last-pieces-women-rendez-vous-store\/last-pieces-coat-jacket-rendez-vous-store\/ienki-ienki-kenny-jacket-soft-khaki-rendez-vous-store\/","title":{"rendered":"IENKI IENKI - Veste Kenny - Kaki doux"},"content":{"rendered":"<p>IENKI IENKI Manteau Femme Kaki<\/p>\n<p>Couleur : Kaki doux<\/p>\n<p>Poignets \u00e9lastiques<\/p>\n<p>Capuche<\/p>\n<p>Ceinture<\/p>\n<p>Fermeture \u00e0 boutons avec braguette \u00e0 glissi\u00e8re<\/p>\n<p>Tissu hydrofuge et coupe-vent<\/p>\n<p>Deux poches int\u00e9rieures<\/p>\n<p>Cordon de serrage \u00e9lastique au bas de la veste<\/p>\n<p>Composition : 95% duvet d'oie blanc, 5% plumes<\/p>\n<p>Mat\u00e9riau ext\u00e9rieur : 100% nylon l\u00e9ger et souple<\/p>\n<p>Doublure : 100% polyester<\/p>\n<p>Fabriqu\u00e9 en Ukraine<\/p>\n<p>Ma\u00e9va mesure 168 cm<\/p>\n<p>Taille du mod\u00e8le : Xs<\/p>\n<p>Mesures : \u00c9paules : 54cm - Poitrine : 58cm - Manches : 76cm - Longueur : 50cm<\/p>","protected":false},"excerpt":{"rendered":"<p>IENKI IENKI Women Coat Khaki Color: Soft Khaki Elastic cuffs Hooded Belted Button closure with zip fly Water and wind-repellent fabric Two inside pockets Elastic drawstring at the bottom of the jacket Composition: 95% white goose down, 5% feathers Outer material: 100% soft lightweight nylon Lining: 100% polyester Made in Ukraine Ma\u00e9va is 168cm tall&hellip; <a class=\"more-link\" href=\"https:\/\/rendez-vous-store.com\/fr\/shop\/last-pieces-women-rendez-vous-store\/last-pieces-coat-jacket-rendez-vous-store\/ienki-ienki-kenny-jacket-soft-khaki-rendez-vous-store\/\">Continue reading <span class=\"screen-reader-text\">IENKI IENKI - Veste Kenny - Kaki doux<\/span><\/a><\/p>","protected":false},"featured_media":144062,"template":"","meta":{"_acf_changed":false},"product_brand":[],"product_cat":[1138,1167,1139],"product_tag":[],"class_list":{"0":"post-142777","1":"product","2":"type-product","3":"status-publish","4":"has-post-thumbnail","6":"product_cat-last-pieces-women-rendez-vous-store","7":"product_cat-40-last-pieces-women","8":"product_cat-last-pieces-coat-jacket-rendez-vous-store","9":"entry","11":"first","12":"outofstock","13":"taxable","14":"shipping-taxable","15":"product-type-variable","16":"has-default-attributes"},"acf":[],"yoast_head":"<!-- This site is optimized with the Yoast SEO plugin v24.9 - https:\/\/yoast.com\/wordpress\/plugins\/seo\/ -->\n<title>IENKI IENKI - Women Coat Khaki - Rendez-Vous Store<\/title>\n<meta name=\"description\" content=\"IENKI IENKI is on Rendez-vous Store. This IENKI IENKI Women Coat Khaki use the latest technologies to ensure it&#039;s become a part of an exceptional outwear experience.\" \/>\n<meta name=\"robots\" content=\"index, follow, max-snippet:-1, max-image-preview:large, max-video-preview:-1\" \/>\n<link rel=\"canonical\" href=\"https:\/\/rendez-vous-store.com\/fr\/shop\/last-pieces-women-rendez-vous-store\/last-pieces-coat-jacket-rendez-vous-store\/ienki-ienki-kenny-jacket-soft-khaki-rendez-vous-store\/\" \/>\n<meta property=\"og:locale\" content=\"fr_FR\" \/>\n<meta property=\"og:type\" content=\"article\" \/>\n<meta property=\"og:title\" content=\"IENKI IENKI - Women Coat Khaki - Rendez-Vous Store\" \/>\n<meta property=\"og:description\" content=\"IENKI IENKI is on Rendez-vous Store. This IENKI IENKI Women Coat Khaki use the latest technologies to ensure it&#039;s become a part of an exceptional outwear experience.\" \/>\n<meta property=\"og:url\" content=\"https:\/\/rendez-vous-store.com\/fr\/shop\/last-pieces-women-rendez-vous-store\/last-pieces-coat-jacket-rendez-vous-store\/ienki-ienki-kenny-jacket-soft-khaki-rendez-vous-store\/\" \/>\n<meta property=\"og:site_name\" content=\"RENDEZ-VOUS STORE\" \/>\n<meta property=\"article:modified_time\" content=\"2026-03-16T15:26:52+00:00\" \/>\n<meta property=\"og:image\" content=\"https:\/\/rendez-vous-store.com\/wp-content\/uploads\/2023\/11\/ienkk-scaled.webp\" \/>\n\t<meta property=\"og:image:width\" content=\"1707\" \/>\n\t<meta property=\"og:image:height\" content=\"2560\" \/>\n\t<meta property=\"og:image:type\" content=\"image\/webp\" \/>\n<meta name=\"twitter:card\" content=\"summary_large_image\" \/>\n<meta name=\"twitter:label1\" content=\"Est. reading time\" \/>\n\t<meta name=\"twitter:data1\" content=\"1 minute\" \/>\n<script type=\"application\/ld+json\" class=\"yoast-schema-graph\">{\"@context\":\"https:\/\/schema.org\",\"@graph\":[{\"@type\":\"WebPage\",\"@id\":\"https:\/\/rendez-vous-store.com\/shop\/last-pieces-women-rendez-vous-store\/last-pieces-coat-jacket-rendez-vous-store\/ienki-ienki-kenny-jacket-soft-khaki-rendez-vous-store\/\",\"url\":\"https:\/\/rendez-vous-store.com\/shop\/last-pieces-women-rendez-vous-store\/last-pieces-coat-jacket-rendez-vous-store\/ienki-ienki-kenny-jacket-soft-khaki-rendez-vous-store\/\",\"name\":\"IENKI IENKI - Women Coat Khaki - Rendez-Vous Store\",\"isPartOf\":{\"@id\":\"https:\/\/rendez-vous-store.com\/#website\"},\"primaryImageOfPage\":{\"@id\":\"https:\/\/rendez-vous-store.com\/shop\/last-pieces-women-rendez-vous-store\/last-pieces-coat-jacket-rendez-vous-store\/ienki-ienki-kenny-jacket-soft-khaki-rendez-vous-store\/#primaryimage\"},\"image\":{\"@id\":\"https:\/\/rendez-vous-store.com\/shop\/last-pieces-women-rendez-vous-store\/last-pieces-coat-jacket-rendez-vous-store\/ienki-ienki-kenny-jacket-soft-khaki-rendez-vous-store\/#primaryimage\"},\"thumbnailUrl\":\"https:\/\/rendez-vous-store.com\/app\/uploads\/2023\/11\/ienkk-scaled.webp\",\"datePublished\":\"2023-11-10T15:11:36+00:00\",\"dateModified\":\"2026-03-16T15:26:52+00:00\",\"description\":\"IENKI IENKI is on Rendez-vous Store. This IENKI IENKI Women Coat Khaki use the latest technologies to ensure it's become a part of an exceptional outwear experience.\",\"breadcrumb\":{\"@id\":\"https:\/\/rendez-vous-store.com\/shop\/last-pieces-women-rendez-vous-store\/last-pieces-coat-jacket-rendez-vous-store\/ienki-ienki-kenny-jacket-soft-khaki-rendez-vous-store\/#breadcrumb\"},\"inLanguage\":\"fr-FR\",\"potentialAction\":[{\"@type\":\"ReadAction\",\"target\":[\"https:\/\/rendez-vous-store.com\/shop\/last-pieces-women-rendez-vous-store\/last-pieces-coat-jacket-rendez-vous-store\/ienki-ienki-kenny-jacket-soft-khaki-rendez-vous-store\/\"]}]},{\"@type\":\"ImageObject\",\"inLanguage\":\"fr-FR\",\"@id\":\"https:\/\/rendez-vous-store.com\/shop\/last-pieces-women-rendez-vous-store\/last-pieces-coat-jacket-rendez-vous-store\/ienki-ienki-kenny-jacket-soft-khaki-rendez-vous-store\/#primaryimage\",\"url\":\"https:\/\/rendez-vous-store.com\/app\/uploads\/2023\/11\/ienkk-scaled.webp\",\"contentUrl\":\"https:\/\/rendez-vous-store.com\/app\/uploads\/2023\/11\/ienkk-scaled.webp\",\"width\":1707,\"height\":2560},{\"@type\":\"BreadcrumbList\",\"@id\":\"https:\/\/rendez-vous-store.com\/shop\/last-pieces-women-rendez-vous-store\/last-pieces-coat-jacket-rendez-vous-store\/ienki-ienki-kenny-jacket-soft-khaki-rendez-vous-store\/#breadcrumb\",\"itemListElement\":[{\"@type\":\"ListItem\",\"position\":1,\"name\":\"Home\",\"item\":\"https:\/\/rendez-vous-store.com\/\"},{\"@type\":\"ListItem\",\"position\":2,\"name\":\"Shop\",\"item\":\"https:\/\/www.rendez-vous-store.com\/shop\/\"},{\"@type\":\"ListItem\",\"position\":3,\"name\":\"IENKI IENKI &#8211; Kenny Jacket &#8211; Soft Khaki\"}]},{\"@type\":\"WebSite\",\"@id\":\"https:\/\/rendez-vous-store.com\/#website\",\"url\":\"https:\/\/rendez-vous-store.com\/\",\"name\":\"RENDEZ-VOUS STORE\",\"description\":\"Slow Fashion for Women and Men\",\"potentialAction\":[{\"@type\":\"SearchAction\",\"target\":{\"@type\":\"EntryPoint\",\"urlTemplate\":\"https:\/\/rendez-vous-store.com\/?s={search_term_string}\"},\"query-input\":{\"@type\":\"PropertyValueSpecification\",\"valueRequired\":true,\"valueName\":\"search_term_string\"}}],\"inLanguage\":\"fr-FR\"}]}<\/script>\n<!-- \/ Yoast SEO plugin. -->","yoast_head_json":{"title":"IENKI IENKI - Women Coat Khaki - Rendez-Vous Store","description":"IENKI IENKI is on Rendez-vous Store. This IENKI IENKI Women Coat Khaki use the latest technologies to ensure it's become a part of an exceptional outwear experience.","robots":{"index":"index","follow":"follow","max-snippet":"max-snippet:-1","max-image-preview":"max-image-preview:large","max-video-preview":"max-video-preview:-1"},"canonical":"https:\/\/rendez-vous-store.com\/fr\/shop\/last-pieces-women-rendez-vous-store\/last-pieces-coat-jacket-rendez-vous-store\/ienki-ienki-kenny-jacket-soft-khaki-rendez-vous-store\/","og_locale":"fr_FR","og_type":"article","og_title":"IENKI IENKI - Women Coat Khaki - Rendez-Vous Store","og_description":"IENKI IENKI is on Rendez-vous Store. This IENKI IENKI Women Coat Khaki use the latest technologies to ensure it's become a part of an exceptional outwear experience.","og_url":"https:\/\/rendez-vous-store.com\/fr\/shop\/last-pieces-women-rendez-vous-store\/last-pieces-coat-jacket-rendez-vous-store\/ienki-ienki-kenny-jacket-soft-khaki-rendez-vous-store\/","og_site_name":"RENDEZ-VOUS STORE","article_modified_time":"2026-03-16T15:26:52+00:00","og_image":[{"width":1707,"height":2560,"url":"https:\/\/rendez-vous-store.com\/wp-content\/uploads\/2023\/11\/ienkk-scaled.webp","type":"image\/webp"}],"twitter_card":"summary_large_image","twitter_misc":{"Est. reading time":"1 minute"},"schema":{"@context":"https:\/\/schema.org","@graph":[{"@type":"WebPage","@id":"https:\/\/rendez-vous-store.com\/shop\/last-pieces-women-rendez-vous-store\/last-pieces-coat-jacket-rendez-vous-store\/ienki-ienki-kenny-jacket-soft-khaki-rendez-vous-store\/","url":"https:\/\/rendez-vous-store.com\/shop\/last-pieces-women-rendez-vous-store\/last-pieces-coat-jacket-rendez-vous-store\/ienki-ienki-kenny-jacket-soft-khaki-rendez-vous-store\/","name":"IENKI IENKI - Women Coat Khaki - Rendez-Vous Store","isPartOf":{"@id":"https:\/\/rendez-vous-store.com\/#website"},"primaryImageOfPage":{"@id":"https:\/\/rendez-vous-store.com\/shop\/last-pieces-women-rendez-vous-store\/last-pieces-coat-jacket-rendez-vous-store\/ienki-ienki-kenny-jacket-soft-khaki-rendez-vous-store\/#primaryimage"},"image":{"@id":"https:\/\/rendez-vous-store.com\/shop\/last-pieces-women-rendez-vous-store\/last-pieces-coat-jacket-rendez-vous-store\/ienki-ienki-kenny-jacket-soft-khaki-rendez-vous-store\/#primaryimage"},"thumbnailUrl":"https:\/\/rendez-vous-store.com\/app\/uploads\/2023\/11\/ienkk-scaled.webp","datePublished":"2023-11-10T15:11:36+00:00","dateModified":"2026-03-16T15:26:52+00:00","description":"IENKI IENKI is on Rendez-vous Store. This IENKI IENKI Women Coat Khaki use the latest technologies to ensure it's become a part of an exceptional outwear experience.","breadcrumb":{"@id":"https:\/\/rendez-vous-store.com\/shop\/last-pieces-women-rendez-vous-store\/last-pieces-coat-jacket-rendez-vous-store\/ienki-ienki-kenny-jacket-soft-khaki-rendez-vous-store\/#breadcrumb"},"inLanguage":"fr-FR","potentialAction":[{"@type":"ReadAction","target":["https:\/\/rendez-vous-store.com\/shop\/last-pieces-women-rendez-vous-store\/last-pieces-coat-jacket-rendez-vous-store\/ienki-ienki-kenny-jacket-soft-khaki-rendez-vous-store\/"]}]},{"@type":"ImageObject","inLanguage":"fr-FR","@id":"https:\/\/rendez-vous-store.com\/shop\/last-pieces-women-rendez-vous-store\/last-pieces-coat-jacket-rendez-vous-store\/ienki-ienki-kenny-jacket-soft-khaki-rendez-vous-store\/#primaryimage","url":"https:\/\/rendez-vous-store.com\/app\/uploads\/2023\/11\/ienkk-scaled.webp","contentUrl":"https:\/\/rendez-vous-store.com\/app\/uploads\/2023\/11\/ienkk-scaled.webp","width":1707,"height":2560},{"@type":"BreadcrumbList","@id":"https:\/\/rendez-vous-store.com\/shop\/last-pieces-women-rendez-vous-store\/last-pieces-coat-jacket-rendez-vous-store\/ienki-ienki-kenny-jacket-soft-khaki-rendez-vous-store\/#breadcrumb","itemListElement":[{"@type":"ListItem","position":1,"name":"Home","item":"https:\/\/rendez-vous-store.com\/"},{"@type":"ListItem","position":2,"name":"Shop","item":"https:\/\/www.rendez-vous-store.com\/shop\/"},{"@type":"ListItem","position":3,"name":"IENKI IENKI &#8211; Kenny Jacket &#8211; Soft Khaki"}]},{"@type":"WebSite","@id":"https:\/\/rendez-vous-store.com\/#website","url":"https:\/\/rendez-vous-store.com\/","name":"RENDEZ-VOUS STORE","description":"Slow Fashion for Women and Men","potentialAction":[{"@type":"SearchAction","target":{"@type":"EntryPoint","urlTemplate":"https:\/\/rendez-vous-store.com\/?s={search_term_string}"},"query-input":{"@type":"PropertyValueSpecification","valueRequired":true,"valueName":"search_term_string"}}],"inLanguage":"fr-FR"}]}},"_links":{"self":[{"href":"https:\/\/rendez-vous-store.com\/fr\/wp-json\/wp\/v2\/product\/142777","targetHints":{"allow":["GET"]}}],"collection":[{"href":"https:\/\/rendez-vous-store.com\/fr\/wp-json\/wp\/v2\/product"}],"about":[{"href":"https:\/\/rendez-vous-store.com\/fr\/wp-json\/wp\/v2\/types\/product"}],"wp:featuredmedia":[{"embeddable":true,"href":"https:\/\/rendez-vous-store.com\/fr\/wp-json\/wp\/v2\/media\/144062"}],"wp:attachment":[{"href":"https:\/\/rendez-vous-store.com\/fr\/wp-json\/wp\/v2\/media?parent=142777"}],"wp:term":[{"taxonomy":"product_brand","embeddable":true,"href":"https:\/\/rendez-vous-store.com\/fr\/wp-json\/wp\/v2\/product_brand?post=142777"},{"taxonomy":"product_cat","embeddable":true,"href":"https:\/\/rendez-vous-store.com\/fr\/wp-json\/wp\/v2\/product_cat?post=142777"},{"taxonomy":"product_tag","embeddable":true,"href":"https:\/\/rendez-vous-store.com\/fr\/wp-json\/wp\/v2\/product_tag?post=142777"}],"curies":[{"name":"wp","href":"https:\/\/api.w.org\/{rel}","templated":true}]}}