{"id":141601,"date":"2023-10-27T10:14:47","date_gmt":"2023-10-27T08:14:47","guid":{"rendered":"https:\/\/rendez-vous-store.com\/?post_type=product&#038;p=141601"},"modified":"2026-03-16T16:24:07","modified_gmt":"2026-03-16T15:24:07","slug":"engineered-garments-rf-jeans-ct076-brown-12oz-duck-canvas-rendez-vous-store","status":"publish","type":"product","link":"https:\/\/rendez-vous-store.com\/fr\/shop\/last-pieces-men\/last-pieces-men-trousers-shorts-rendez-vous-store\/engineered-garments-rf-jeans-ct076-brown-12oz-duck-canvas-rendez-vous-store\/","title":{"rendered":"Engineered Garments - RF Jeans - CT076 Marron 12oz Duck Canvas"},"content":{"rendered":"<p><strong>Engineered Garments RF Jeans Brown CT076 Brown 12oz Duck Canvas<\/strong><\/p>\n<p>Couleur : Marron<\/p>\n<p>Fermeture \u00e0 boutons avec braguette zipp\u00e9e<\/p>\n<p>Deux poches lat\u00e9rales<\/p>\n<p>Deux poches arri\u00e8re<\/p>\n<p>Boucles de ceinture<\/p>\n<p>Composition : 100% Coton<\/p>\n<p>Fabriqu\u00e9 aux \u00c9tats-Unis<\/p>\n<p>Olivier mesure 178 cm<\/p>\n<p>Taille du mod\u00e8le : M<\/p>\n<p>&nbsp;<\/p>\n<p>&nbsp;<\/p>\n<p><strong>La marque<\/strong><\/p>\n<p>Engineered Garments a \u00e9t\u00e9 cr\u00e9\u00e9 en 1999 par le designer japonais expatri\u00e9 Daiki Suzuki \u00e0 New York.<\/p>\n<p>La marque r\u00e9interpr\u00e8te les coupes traditionnelles pour le travail et la vie quotidienne, en cr\u00e9ant des v\u00eatements soigneusement confectionn\u00e9s et exceptionnellement bien finis.<\/p>\n<p>Les cr\u00e9ateurs et les artisans fabriquent tous les v\u00eatements dans le Garment District de New York.<\/p>","protected":false},"excerpt":{"rendered":"<p>Engineered Garments RF Jeans Brown CT076 Brown 12oz Duck Canvas Color: Brown Button Closure With Zip Fly Two Side Pockets Two Back Pockets Belt Loops Composition: 100% Cotton Made in U.S.A Olivier is 178cm tall Model size: M &nbsp; &nbsp; The brand Engineered Garments began in 1999, founded by Japanese expat designer Daiki Suzuki in&hellip; <a class=\"more-link\" href=\"https:\/\/rendez-vous-store.com\/fr\/shop\/last-pieces-men\/last-pieces-men-trousers-shorts-rendez-vous-store\/engineered-garments-rf-jeans-ct076-brown-12oz-duck-canvas-rendez-vous-store\/\">Continue reading <span class=\"screen-reader-text\">Engineered Garments - RF Jeans - CT076 Marron 12oz Duck Canvas<\/span><\/a><\/p>","protected":false},"featured_media":144085,"template":"","meta":{"_acf_changed":false},"product_brand":[],"product_cat":[1292,1137,1154],"product_tag":[],"class_list":{"0":"post-141601","1":"product","2":"type-product","3":"status-publish","4":"has-post-thumbnail","6":"product_cat-1292","7":"product_cat-last-pieces-men","8":"product_cat-last-pieces-men-trousers-shorts-rendez-vous-store","9":"entry","11":"first","12":"outofstock","13":"taxable","14":"shipping-taxable","15":"product-type-variable","16":"has-default-attributes"},"acf":[],"yoast_head":"<!-- This site is optimized with the Yoast SEO plugin v24.9 - https:\/\/yoast.com\/wordpress\/plugins\/seo\/ -->\n<title>Engineered Garments - RF Jeans Brown<\/title>\n<meta name=\"description\" content=\"Engineered Garments is on Rendez-vous Store. This Engineered Garments RF Jeans Brown revisits traditional cuts in work and everyday life.\" \/>\n<meta name=\"robots\" content=\"index, follow, max-snippet:-1, max-image-preview:large, max-video-preview:-1\" \/>\n<link rel=\"canonical\" href=\"https:\/\/rendez-vous-store.com\/fr\/shop\/last-pieces-men\/last-pieces-men-trousers-shorts-rendez-vous-store\/engineered-garments-rf-jeans-ct076-brown-12oz-duck-canvas-rendez-vous-store\/\" \/>\n<meta property=\"og:locale\" content=\"fr_FR\" \/>\n<meta property=\"og:type\" content=\"article\" \/>\n<meta property=\"og:title\" content=\"Engineered Garments - RF Jeans Brown\" \/>\n<meta property=\"og:description\" content=\"Engineered Garments is on Rendez-vous Store. This Engineered Garments RF Jeans Brown revisits traditional cuts in work and everyday life.\" \/>\n<meta property=\"og:url\" content=\"https:\/\/rendez-vous-store.com\/fr\/shop\/last-pieces-men\/last-pieces-men-trousers-shorts-rendez-vous-store\/engineered-garments-rf-jeans-ct076-brown-12oz-duck-canvas-rendez-vous-store\/\" \/>\n<meta property=\"og:site_name\" content=\"RENDEZ-VOUS STORE\" \/>\n<meta property=\"article:modified_time\" content=\"2026-03-16T15:24:07+00:00\" \/>\n<meta property=\"og:image\" content=\"https:\/\/rendez-vous-store.com\/wp-content\/uploads\/2023\/10\/engi-scaled.webp\" \/>\n\t<meta property=\"og:image:width\" content=\"1707\" \/>\n\t<meta property=\"og:image:height\" content=\"2560\" \/>\n\t<meta property=\"og:image:type\" content=\"image\/webp\" \/>\n<meta name=\"twitter:card\" content=\"summary_large_image\" \/>\n<meta name=\"twitter:label1\" content=\"Est. reading time\" \/>\n\t<meta name=\"twitter:data1\" content=\"1 minute\" \/>\n<script type=\"application\/ld+json\" class=\"yoast-schema-graph\">{\"@context\":\"https:\/\/schema.org\",\"@graph\":[{\"@type\":\"WebPage\",\"@id\":\"https:\/\/rendez-vous-store.com\/shop\/last-pieces-men\/last-pieces-men-trousers-shorts-rendez-vous-store\/engineered-garments-rf-jeans-ct076-brown-12oz-duck-canvas-rendez-vous-store\/\",\"url\":\"https:\/\/rendez-vous-store.com\/shop\/last-pieces-men\/last-pieces-men-trousers-shorts-rendez-vous-store\/engineered-garments-rf-jeans-ct076-brown-12oz-duck-canvas-rendez-vous-store\/\",\"name\":\"Engineered Garments - RF Jeans Brown\",\"isPartOf\":{\"@id\":\"https:\/\/rendez-vous-store.com\/#website\"},\"primaryImageOfPage\":{\"@id\":\"https:\/\/rendez-vous-store.com\/shop\/last-pieces-men\/last-pieces-men-trousers-shorts-rendez-vous-store\/engineered-garments-rf-jeans-ct076-brown-12oz-duck-canvas-rendez-vous-store\/#primaryimage\"},\"image\":{\"@id\":\"https:\/\/rendez-vous-store.com\/shop\/last-pieces-men\/last-pieces-men-trousers-shorts-rendez-vous-store\/engineered-garments-rf-jeans-ct076-brown-12oz-duck-canvas-rendez-vous-store\/#primaryimage\"},\"thumbnailUrl\":\"https:\/\/rendez-vous-store.com\/app\/uploads\/2023\/10\/engi-scaled.webp\",\"datePublished\":\"2023-10-27T08:14:47+00:00\",\"dateModified\":\"2026-03-16T15:24:07+00:00\",\"description\":\"Engineered Garments is on Rendez-vous Store. This Engineered Garments RF Jeans Brown revisits traditional cuts in work and everyday life.\",\"breadcrumb\":{\"@id\":\"https:\/\/rendez-vous-store.com\/shop\/last-pieces-men\/last-pieces-men-trousers-shorts-rendez-vous-store\/engineered-garments-rf-jeans-ct076-brown-12oz-duck-canvas-rendez-vous-store\/#breadcrumb\"},\"inLanguage\":\"fr-FR\",\"potentialAction\":[{\"@type\":\"ReadAction\",\"target\":[\"https:\/\/rendez-vous-store.com\/shop\/last-pieces-men\/last-pieces-men-trousers-shorts-rendez-vous-store\/engineered-garments-rf-jeans-ct076-brown-12oz-duck-canvas-rendez-vous-store\/\"]}]},{\"@type\":\"ImageObject\",\"inLanguage\":\"fr-FR\",\"@id\":\"https:\/\/rendez-vous-store.com\/shop\/last-pieces-men\/last-pieces-men-trousers-shorts-rendez-vous-store\/engineered-garments-rf-jeans-ct076-brown-12oz-duck-canvas-rendez-vous-store\/#primaryimage\",\"url\":\"https:\/\/rendez-vous-store.com\/app\/uploads\/2023\/10\/engi-scaled.webp\",\"contentUrl\":\"https:\/\/rendez-vous-store.com\/app\/uploads\/2023\/10\/engi-scaled.webp\",\"width\":1707,\"height\":2560},{\"@type\":\"BreadcrumbList\",\"@id\":\"https:\/\/rendez-vous-store.com\/shop\/last-pieces-men\/last-pieces-men-trousers-shorts-rendez-vous-store\/engineered-garments-rf-jeans-ct076-brown-12oz-duck-canvas-rendez-vous-store\/#breadcrumb\",\"itemListElement\":[{\"@type\":\"ListItem\",\"position\":1,\"name\":\"Home\",\"item\":\"https:\/\/rendez-vous-store.com\/\"},{\"@type\":\"ListItem\",\"position\":2,\"name\":\"Shop\",\"item\":\"https:\/\/www.rendez-vous-store.com\/shop\/\"},{\"@type\":\"ListItem\",\"position\":3,\"name\":\"Engineered Garments &#8211; RF Jeans &#8211; CT076 Brown 12oz Duck Canvas\"}]},{\"@type\":\"WebSite\",\"@id\":\"https:\/\/rendez-vous-store.com\/#website\",\"url\":\"https:\/\/rendez-vous-store.com\/\",\"name\":\"RENDEZ-VOUS STORE\",\"description\":\"Slow Fashion for Women and Men\",\"potentialAction\":[{\"@type\":\"SearchAction\",\"target\":{\"@type\":\"EntryPoint\",\"urlTemplate\":\"https:\/\/rendez-vous-store.com\/?s={search_term_string}\"},\"query-input\":{\"@type\":\"PropertyValueSpecification\",\"valueRequired\":true,\"valueName\":\"search_term_string\"}}],\"inLanguage\":\"fr-FR\"}]}<\/script>\n<!-- \/ Yoast SEO plugin. -->","yoast_head_json":{"title":"Engineered Garments - RF Jeans Brown","description":"Engineered Garments is on Rendez-vous Store. This Engineered Garments RF Jeans Brown revisits traditional cuts in work and everyday life.","robots":{"index":"index","follow":"follow","max-snippet":"max-snippet:-1","max-image-preview":"max-image-preview:large","max-video-preview":"max-video-preview:-1"},"canonical":"https:\/\/rendez-vous-store.com\/fr\/shop\/last-pieces-men\/last-pieces-men-trousers-shorts-rendez-vous-store\/engineered-garments-rf-jeans-ct076-brown-12oz-duck-canvas-rendez-vous-store\/","og_locale":"fr_FR","og_type":"article","og_title":"Engineered Garments - RF Jeans Brown","og_description":"Engineered Garments is on Rendez-vous Store. This Engineered Garments RF Jeans Brown revisits traditional cuts in work and everyday life.","og_url":"https:\/\/rendez-vous-store.com\/fr\/shop\/last-pieces-men\/last-pieces-men-trousers-shorts-rendez-vous-store\/engineered-garments-rf-jeans-ct076-brown-12oz-duck-canvas-rendez-vous-store\/","og_site_name":"RENDEZ-VOUS STORE","article_modified_time":"2026-03-16T15:24:07+00:00","og_image":[{"width":1707,"height":2560,"url":"https:\/\/rendez-vous-store.com\/wp-content\/uploads\/2023\/10\/engi-scaled.webp","type":"image\/webp"}],"twitter_card":"summary_large_image","twitter_misc":{"Est. reading time":"1 minute"},"schema":{"@context":"https:\/\/schema.org","@graph":[{"@type":"WebPage","@id":"https:\/\/rendez-vous-store.com\/shop\/last-pieces-men\/last-pieces-men-trousers-shorts-rendez-vous-store\/engineered-garments-rf-jeans-ct076-brown-12oz-duck-canvas-rendez-vous-store\/","url":"https:\/\/rendez-vous-store.com\/shop\/last-pieces-men\/last-pieces-men-trousers-shorts-rendez-vous-store\/engineered-garments-rf-jeans-ct076-brown-12oz-duck-canvas-rendez-vous-store\/","name":"Engineered Garments - RF Jeans Brown","isPartOf":{"@id":"https:\/\/rendez-vous-store.com\/#website"},"primaryImageOfPage":{"@id":"https:\/\/rendez-vous-store.com\/shop\/last-pieces-men\/last-pieces-men-trousers-shorts-rendez-vous-store\/engineered-garments-rf-jeans-ct076-brown-12oz-duck-canvas-rendez-vous-store\/#primaryimage"},"image":{"@id":"https:\/\/rendez-vous-store.com\/shop\/last-pieces-men\/last-pieces-men-trousers-shorts-rendez-vous-store\/engineered-garments-rf-jeans-ct076-brown-12oz-duck-canvas-rendez-vous-store\/#primaryimage"},"thumbnailUrl":"https:\/\/rendez-vous-store.com\/app\/uploads\/2023\/10\/engi-scaled.webp","datePublished":"2023-10-27T08:14:47+00:00","dateModified":"2026-03-16T15:24:07+00:00","description":"Engineered Garments is on Rendez-vous Store. This Engineered Garments RF Jeans Brown revisits traditional cuts in work and everyday life.","breadcrumb":{"@id":"https:\/\/rendez-vous-store.com\/shop\/last-pieces-men\/last-pieces-men-trousers-shorts-rendez-vous-store\/engineered-garments-rf-jeans-ct076-brown-12oz-duck-canvas-rendez-vous-store\/#breadcrumb"},"inLanguage":"fr-FR","potentialAction":[{"@type":"ReadAction","target":["https:\/\/rendez-vous-store.com\/shop\/last-pieces-men\/last-pieces-men-trousers-shorts-rendez-vous-store\/engineered-garments-rf-jeans-ct076-brown-12oz-duck-canvas-rendez-vous-store\/"]}]},{"@type":"ImageObject","inLanguage":"fr-FR","@id":"https:\/\/rendez-vous-store.com\/shop\/last-pieces-men\/last-pieces-men-trousers-shorts-rendez-vous-store\/engineered-garments-rf-jeans-ct076-brown-12oz-duck-canvas-rendez-vous-store\/#primaryimage","url":"https:\/\/rendez-vous-store.com\/app\/uploads\/2023\/10\/engi-scaled.webp","contentUrl":"https:\/\/rendez-vous-store.com\/app\/uploads\/2023\/10\/engi-scaled.webp","width":1707,"height":2560},{"@type":"BreadcrumbList","@id":"https:\/\/rendez-vous-store.com\/shop\/last-pieces-men\/last-pieces-men-trousers-shorts-rendez-vous-store\/engineered-garments-rf-jeans-ct076-brown-12oz-duck-canvas-rendez-vous-store\/#breadcrumb","itemListElement":[{"@type":"ListItem","position":1,"name":"Home","item":"https:\/\/rendez-vous-store.com\/"},{"@type":"ListItem","position":2,"name":"Shop","item":"https:\/\/www.rendez-vous-store.com\/shop\/"},{"@type":"ListItem","position":3,"name":"Engineered Garments &#8211; RF Jeans &#8211; CT076 Brown 12oz Duck Canvas"}]},{"@type":"WebSite","@id":"https:\/\/rendez-vous-store.com\/#website","url":"https:\/\/rendez-vous-store.com\/","name":"RENDEZ-VOUS STORE","description":"Slow Fashion for Women and Men","potentialAction":[{"@type":"SearchAction","target":{"@type":"EntryPoint","urlTemplate":"https:\/\/rendez-vous-store.com\/?s={search_term_string}"},"query-input":{"@type":"PropertyValueSpecification","valueRequired":true,"valueName":"search_term_string"}}],"inLanguage":"fr-FR"}]}},"_links":{"self":[{"href":"https:\/\/rendez-vous-store.com\/fr\/wp-json\/wp\/v2\/product\/141601","targetHints":{"allow":["GET"]}}],"collection":[{"href":"https:\/\/rendez-vous-store.com\/fr\/wp-json\/wp\/v2\/product"}],"about":[{"href":"https:\/\/rendez-vous-store.com\/fr\/wp-json\/wp\/v2\/types\/product"}],"wp:featuredmedia":[{"embeddable":true,"href":"https:\/\/rendez-vous-store.com\/fr\/wp-json\/wp\/v2\/media\/144085"}],"wp:attachment":[{"href":"https:\/\/rendez-vous-store.com\/fr\/wp-json\/wp\/v2\/media?parent=141601"}],"wp:term":[{"taxonomy":"product_brand","embeddable":true,"href":"https:\/\/rendez-vous-store.com\/fr\/wp-json\/wp\/v2\/product_brand?post=141601"},{"taxonomy":"product_cat","embeddable":true,"href":"https:\/\/rendez-vous-store.com\/fr\/wp-json\/wp\/v2\/product_cat?post=141601"},{"taxonomy":"product_tag","embeddable":true,"href":"https:\/\/rendez-vous-store.com\/fr\/wp-json\/wp\/v2\/product_tag?post=141601"}],"curies":[{"name":"wp","href":"https:\/\/api.w.org\/{rel}","templated":true}]}}