{"id":137861,"date":"2023-10-06T17:53:43","date_gmt":"2023-10-06T15:53:43","guid":{"rendered":"https:\/\/rendez-vous-store.com\/?post_type=product&#038;p=137861"},"modified":"2026-04-24T13:18:16","modified_gmt":"2026-04-24T11:18:16","slug":"and-wander-ecopak-45l-backpack-black010-rendez-vous-store","status":"publish","type":"product","link":"https:\/\/rendez-vous-store.com\/fr\/shop\/men-selection-discover-our-selection-rendez-vous-store\/bags-rendez-vous-store\/and-wander-ecopak-45l-backpack-black010-rendez-vous-store\/","title":{"rendered":"Et Wander - Sac \u00e0 dos Ecopak 45L - Noir010"},"content":{"rendered":"<div class=\"s-row\" data-v-2bb7c15b=\"\" data-v-31b65e0c=\"\">\n<div class=\"s-row pdp-product-title\" data-v-2bb7c15b=\"\">\n<div class=\"s-column pdp-product-title__left\">\n<div class=\"s-row\"><strong>Et Wander - Sac \u00e0 dos Ecopak 45L - Noir010<\/strong><\/div>\n<div><\/div>\n<div>Couleur : Noir<\/div>\n<div class=\"s-row\">\n<div class=\"s-row\" data-v-31b65e0c=\"\">\n<div class=\"s-column pdp-product-description\">\n<div class=\"s-row\">\n<div class=\"s-column\">\n<p id=\"pdpProductDescriptionContainerText\" class=\"s-text\" data-test=\"pdpProductDescriptionContainerText\">ECOPAK\u2122 d\u00e9perlant<\/p>\n<p class=\"s-text\" data-test=\"pdpProductDescriptionContainerText\">Pochettes d\u00e9tachables<\/p>\n<p class=\"s-text\" data-test=\"pdpProductDescriptionContainerText\">Poign\u00e9e de transport en sangle sur le dessus<\/p>\n<p class=\"s-text\" data-test=\"pdpProductDescriptionContainerText\">Cordon de serrage en haut<\/p>\n<p class=\"s-text\" data-test=\"pdpProductDescriptionContainerText\">Bretelles r\u00e9glables et rembourr\u00e9es<\/p>\n<p class=\"s-text\" data-test=\"pdpProductDescriptionContainerText\">Sangles de sternum r\u00e9glables et rembourr\u00e9es<\/p>\n<p class=\"s-text\" data-test=\"pdpProductDescriptionContainerText\">Logo imprim\u00e9 sur le devant<\/p>\n<p class=\"s-text\" data-test=\"pdpProductDescriptionContainerText\">Pochette en filet sur les c\u00f4t\u00e9s<\/p>\n<p class=\"s-text\" data-test=\"pdpProductDescriptionContainerText\">Poche plaqu\u00e9e en maille \u00e0 l'arri\u00e8re<\/p>\n<p class=\"s-text\" data-test=\"pdpProductDescriptionContainerText\">Fermeture \u00e0 glissi\u00e8re<\/p>\n<p class=\"s-text\" data-test=\"pdpProductDescriptionContainerText\">Poches int\u00e9rieures plaqu\u00e9es<\/p>\n<p data-test=\"pdpProductDescriptionContainerText\">Composition : 100% polyester recycl\u00e9<\/p>\n<\/div>\n<\/div>\n<div class=\"s-row\">\n<div class=\"s-column\">\n<p class=\"s-text\">Fabriqu\u00e9 en Chine<\/p>\n<p>Dimensions : H26 x L9.75 x P9 in<\/p>\n<\/div>\n<\/div>\n<\/div>\n<\/div>\n<\/div>\n<\/div>\n<\/div>\n<\/div>","protected":false},"excerpt":{"rendered":"<p>And Wander &#8211; Ecopak 45L Backpack &#8211; Black010 Color: Black Water-repellent ECOPAK\u2122 Detachable pouches Webbing carry handle at top Cord-lock drawstring at top Adjustable padded shoulder straps Adjustable padded sternum straps Logo printed at front Mesh pocket at sides Mesh patch pocket at back face Zip closure Inside Patch pockets Composition: 100% recycled polyester Made&hellip; <a class=\"more-link\" href=\"https:\/\/rendez-vous-store.com\/fr\/shop\/men-selection-discover-our-selection-rendez-vous-store\/bags-rendez-vous-store\/and-wander-ecopak-45l-backpack-black010-rendez-vous-store\/\">Continuer la lecture <span class=\"screen-reader-text\">Et Wander - Sac \u00e0 dos Ecopak 45L - Noir010<\/span><\/a><\/p>","protected":false},"featured_media":153464,"template":"","meta":{"_acf_changed":false},"product_brand":[],"product_cat":[20,197],"product_tag":[1173],"class_list":{"0":"post-137861","1":"product","2":"type-product","3":"status-publish","4":"has-post-thumbnail","6":"product_cat-men-selection-discover-our-selection-rendez-vous-store","7":"product_cat-bags-rendez-vous-store","8":"product_tag-and-wander-designers-rendez-vous-store","9":"entry","11":"first","12":"outofstock","13":"taxable","14":"shipping-taxable","15":"product-type-variable"},"acf":[],"yoast_head":"<!-- This site is optimized with the Yoast SEO plugin v24.9 - https:\/\/yoast.com\/wordpress\/plugins\/seo\/ -->\n<title>And Wander - Ecopak 45L Backpack Black010 - Rendez-vous Store<\/title>\n<meta name=\"description\" content=\"And Wander is on Rendez-vous Store. This And Wander Ecopak 45L Backpack Black010 Rendez-vous Store is made with durable, light-weight materials with water-resistance and wind protection.\" \/>\n<meta name=\"robots\" content=\"index, follow, max-snippet:-1, max-image-preview:large, max-video-preview:-1\" \/>\n<link rel=\"canonical\" href=\"https:\/\/rendez-vous-store.com\/fr\/shop\/men-selection-discover-our-selection-rendez-vous-store\/bags-rendez-vous-store\/and-wander-ecopak-45l-backpack-black010-rendez-vous-store\/\" \/>\n<meta property=\"og:locale\" content=\"fr_FR\" \/>\n<meta property=\"og:type\" content=\"article\" \/>\n<meta property=\"og:title\" content=\"And Wander - Ecopak 45L Backpack Black010 - Rendez-vous Store\" \/>\n<meta property=\"og:description\" content=\"And Wander is on Rendez-vous Store. This And Wander Ecopak 45L Backpack Black010 Rendez-vous Store is made with durable, light-weight materials with water-resistance and wind protection.\" \/>\n<meta property=\"og:url\" content=\"https:\/\/rendez-vous-store.com\/fr\/shop\/men-selection-discover-our-selection-rendez-vous-store\/bags-rendez-vous-store\/and-wander-ecopak-45l-backpack-black010-rendez-vous-store\/\" \/>\n<meta property=\"og:site_name\" content=\"RENDEZ-VOUS STORE\" \/>\n<meta property=\"article:modified_time\" content=\"2026-04-24T11:18:16+00:00\" \/>\n<meta property=\"og:image\" content=\"https:\/\/rendez-vous-store.com\/wp-content\/uploads\/2023\/10\/andwander.webp\" \/>\n\t<meta property=\"og:image:width\" content=\"1696\" \/>\n\t<meta property=\"og:image:height\" content=\"2560\" \/>\n\t<meta property=\"og:image:type\" content=\"image\/webp\" \/>\n<meta name=\"twitter:card\" content=\"summary_large_image\" \/>\n<meta name=\"twitter:label1\" content=\"Est. reading time\" \/>\n\t<meta name=\"twitter:data1\" content=\"1 minute\" \/>\n<script type=\"application\/ld+json\" class=\"yoast-schema-graph\">{\"@context\":\"https:\/\/schema.org\",\"@graph\":[{\"@type\":\"WebPage\",\"@id\":\"https:\/\/rendez-vous-store.com\/shop\/men-selection-discover-our-selection-rendez-vous-store\/bags-rendez-vous-store\/and-wander-ecopak-45l-backpack-black010-rendez-vous-store\/\",\"url\":\"https:\/\/rendez-vous-store.com\/shop\/men-selection-discover-our-selection-rendez-vous-store\/bags-rendez-vous-store\/and-wander-ecopak-45l-backpack-black010-rendez-vous-store\/\",\"name\":\"And Wander - Ecopak 45L Backpack Black010 - Rendez-vous Store\",\"isPartOf\":{\"@id\":\"https:\/\/rendez-vous-store.com\/#website\"},\"primaryImageOfPage\":{\"@id\":\"https:\/\/rendez-vous-store.com\/shop\/men-selection-discover-our-selection-rendez-vous-store\/bags-rendez-vous-store\/and-wander-ecopak-45l-backpack-black010-rendez-vous-store\/#primaryimage\"},\"image\":{\"@id\":\"https:\/\/rendez-vous-store.com\/shop\/men-selection-discover-our-selection-rendez-vous-store\/bags-rendez-vous-store\/and-wander-ecopak-45l-backpack-black010-rendez-vous-store\/#primaryimage\"},\"thumbnailUrl\":\"https:\/\/rendez-vous-store.com\/app\/uploads\/2023\/10\/andwander.webp\",\"datePublished\":\"2023-10-06T15:53:43+00:00\",\"dateModified\":\"2026-04-24T11:18:16+00:00\",\"description\":\"And Wander is on Rendez-vous Store. This And Wander Ecopak 45L Backpack Black010 Rendez-vous Store is made with durable, light-weight materials with water-resistance and wind protection.\",\"breadcrumb\":{\"@id\":\"https:\/\/rendez-vous-store.com\/shop\/men-selection-discover-our-selection-rendez-vous-store\/bags-rendez-vous-store\/and-wander-ecopak-45l-backpack-black010-rendez-vous-store\/#breadcrumb\"},\"inLanguage\":\"fr-FR\",\"potentialAction\":[{\"@type\":\"ReadAction\",\"target\":[\"https:\/\/rendez-vous-store.com\/shop\/men-selection-discover-our-selection-rendez-vous-store\/bags-rendez-vous-store\/and-wander-ecopak-45l-backpack-black010-rendez-vous-store\/\"]}]},{\"@type\":\"ImageObject\",\"inLanguage\":\"fr-FR\",\"@id\":\"https:\/\/rendez-vous-store.com\/shop\/men-selection-discover-our-selection-rendez-vous-store\/bags-rendez-vous-store\/and-wander-ecopak-45l-backpack-black010-rendez-vous-store\/#primaryimage\",\"url\":\"https:\/\/rendez-vous-store.com\/app\/uploads\/2023\/10\/andwander.webp\",\"contentUrl\":\"https:\/\/rendez-vous-store.com\/app\/uploads\/2023\/10\/andwander.webp\",\"width\":1696,\"height\":2560},{\"@type\":\"BreadcrumbList\",\"@id\":\"https:\/\/rendez-vous-store.com\/shop\/men-selection-discover-our-selection-rendez-vous-store\/bags-rendez-vous-store\/and-wander-ecopak-45l-backpack-black010-rendez-vous-store\/#breadcrumb\",\"itemListElement\":[{\"@type\":\"ListItem\",\"position\":1,\"name\":\"Home\",\"item\":\"https:\/\/rendez-vous-store.com\/\"},{\"@type\":\"ListItem\",\"position\":2,\"name\":\"Shop\",\"item\":\"https:\/\/www.rendez-vous-store.com\/shop\/\"},{\"@type\":\"ListItem\",\"position\":3,\"name\":\"And Wander &#8211; Ecopak 45L Backpack &#8211; Black010\"}]},{\"@type\":\"WebSite\",\"@id\":\"https:\/\/rendez-vous-store.com\/#website\",\"url\":\"https:\/\/rendez-vous-store.com\/\",\"name\":\"RENDEZ-VOUS STORE\",\"description\":\"Slow Fashion for Women and Men\",\"potentialAction\":[{\"@type\":\"SearchAction\",\"target\":{\"@type\":\"EntryPoint\",\"urlTemplate\":\"https:\/\/rendez-vous-store.com\/?s={search_term_string}\"},\"query-input\":{\"@type\":\"PropertyValueSpecification\",\"valueRequired\":true,\"valueName\":\"search_term_string\"}}],\"inLanguage\":\"fr-FR\"}]}<\/script>\n<!-- \/ Yoast SEO plugin. -->","yoast_head_json":{"title":"And Wander - Ecopak 45L Backpack Black010 - Rendez-vous Store","description":"And Wander is on Rendez-vous Store. This And Wander Ecopak 45L Backpack Black010 Rendez-vous Store is made with durable, light-weight materials with water-resistance and wind protection.","robots":{"index":"index","follow":"follow","max-snippet":"max-snippet:-1","max-image-preview":"max-image-preview:large","max-video-preview":"max-video-preview:-1"},"canonical":"https:\/\/rendez-vous-store.com\/fr\/shop\/men-selection-discover-our-selection-rendez-vous-store\/bags-rendez-vous-store\/and-wander-ecopak-45l-backpack-black010-rendez-vous-store\/","og_locale":"fr_FR","og_type":"article","og_title":"And Wander - Ecopak 45L Backpack Black010 - Rendez-vous Store","og_description":"And Wander is on Rendez-vous Store. This And Wander Ecopak 45L Backpack Black010 Rendez-vous Store is made with durable, light-weight materials with water-resistance and wind protection.","og_url":"https:\/\/rendez-vous-store.com\/fr\/shop\/men-selection-discover-our-selection-rendez-vous-store\/bags-rendez-vous-store\/and-wander-ecopak-45l-backpack-black010-rendez-vous-store\/","og_site_name":"RENDEZ-VOUS STORE","article_modified_time":"2026-04-24T11:18:16+00:00","og_image":[{"width":1696,"height":2560,"url":"https:\/\/rendez-vous-store.com\/wp-content\/uploads\/2023\/10\/andwander.webp","type":"image\/webp"}],"twitter_card":"summary_large_image","twitter_misc":{"Est. reading time":"1 minute"},"schema":{"@context":"https:\/\/schema.org","@graph":[{"@type":"WebPage","@id":"https:\/\/rendez-vous-store.com\/shop\/men-selection-discover-our-selection-rendez-vous-store\/bags-rendez-vous-store\/and-wander-ecopak-45l-backpack-black010-rendez-vous-store\/","url":"https:\/\/rendez-vous-store.com\/shop\/men-selection-discover-our-selection-rendez-vous-store\/bags-rendez-vous-store\/and-wander-ecopak-45l-backpack-black010-rendez-vous-store\/","name":"And Wander - Ecopak 45L Backpack Black010 - Rendez-vous Store","isPartOf":{"@id":"https:\/\/rendez-vous-store.com\/#website"},"primaryImageOfPage":{"@id":"https:\/\/rendez-vous-store.com\/shop\/men-selection-discover-our-selection-rendez-vous-store\/bags-rendez-vous-store\/and-wander-ecopak-45l-backpack-black010-rendez-vous-store\/#primaryimage"},"image":{"@id":"https:\/\/rendez-vous-store.com\/shop\/men-selection-discover-our-selection-rendez-vous-store\/bags-rendez-vous-store\/and-wander-ecopak-45l-backpack-black010-rendez-vous-store\/#primaryimage"},"thumbnailUrl":"https:\/\/rendez-vous-store.com\/app\/uploads\/2023\/10\/andwander.webp","datePublished":"2023-10-06T15:53:43+00:00","dateModified":"2026-04-24T11:18:16+00:00","description":"And Wander is on Rendez-vous Store. This And Wander Ecopak 45L Backpack Black010 Rendez-vous Store is made with durable, light-weight materials with water-resistance and wind protection.","breadcrumb":{"@id":"https:\/\/rendez-vous-store.com\/shop\/men-selection-discover-our-selection-rendez-vous-store\/bags-rendez-vous-store\/and-wander-ecopak-45l-backpack-black010-rendez-vous-store\/#breadcrumb"},"inLanguage":"fr-FR","potentialAction":[{"@type":"ReadAction","target":["https:\/\/rendez-vous-store.com\/shop\/men-selection-discover-our-selection-rendez-vous-store\/bags-rendez-vous-store\/and-wander-ecopak-45l-backpack-black010-rendez-vous-store\/"]}]},{"@type":"ImageObject","inLanguage":"fr-FR","@id":"https:\/\/rendez-vous-store.com\/shop\/men-selection-discover-our-selection-rendez-vous-store\/bags-rendez-vous-store\/and-wander-ecopak-45l-backpack-black010-rendez-vous-store\/#primaryimage","url":"https:\/\/rendez-vous-store.com\/app\/uploads\/2023\/10\/andwander.webp","contentUrl":"https:\/\/rendez-vous-store.com\/app\/uploads\/2023\/10\/andwander.webp","width":1696,"height":2560},{"@type":"BreadcrumbList","@id":"https:\/\/rendez-vous-store.com\/shop\/men-selection-discover-our-selection-rendez-vous-store\/bags-rendez-vous-store\/and-wander-ecopak-45l-backpack-black010-rendez-vous-store\/#breadcrumb","itemListElement":[{"@type":"ListItem","position":1,"name":"Home","item":"https:\/\/rendez-vous-store.com\/"},{"@type":"ListItem","position":2,"name":"Shop","item":"https:\/\/www.rendez-vous-store.com\/shop\/"},{"@type":"ListItem","position":3,"name":"And Wander &#8211; Ecopak 45L Backpack &#8211; Black010"}]},{"@type":"WebSite","@id":"https:\/\/rendez-vous-store.com\/#website","url":"https:\/\/rendez-vous-store.com\/","name":"RENDEZ-VOUS STORE","description":"Slow Fashion for Women and Men","potentialAction":[{"@type":"SearchAction","target":{"@type":"EntryPoint","urlTemplate":"https:\/\/rendez-vous-store.com\/?s={search_term_string}"},"query-input":{"@type":"PropertyValueSpecification","valueRequired":true,"valueName":"search_term_string"}}],"inLanguage":"fr-FR"}]}},"_links":{"self":[{"href":"https:\/\/rendez-vous-store.com\/fr\/wp-json\/wp\/v2\/product\/137861","targetHints":{"allow":["GET"]}}],"collection":[{"href":"https:\/\/rendez-vous-store.com\/fr\/wp-json\/wp\/v2\/product"}],"about":[{"href":"https:\/\/rendez-vous-store.com\/fr\/wp-json\/wp\/v2\/types\/product"}],"wp:featuredmedia":[{"embeddable":true,"href":"https:\/\/rendez-vous-store.com\/fr\/wp-json\/wp\/v2\/media\/153464"}],"wp:attachment":[{"href":"https:\/\/rendez-vous-store.com\/fr\/wp-json\/wp\/v2\/media?parent=137861"}],"wp:term":[{"taxonomy":"product_brand","embeddable":true,"href":"https:\/\/rendez-vous-store.com\/fr\/wp-json\/wp\/v2\/product_brand?post=137861"},{"taxonomy":"product_cat","embeddable":true,"href":"https:\/\/rendez-vous-store.com\/fr\/wp-json\/wp\/v2\/product_cat?post=137861"},{"taxonomy":"product_tag","embeddable":true,"href":"https:\/\/rendez-vous-store.com\/fr\/wp-json\/wp\/v2\/product_tag?post=137861"}],"curies":[{"name":"wp","href":"https:\/\/api.w.org\/{rel}","templated":true}]}}