{"id":137859,"date":"2023-10-06T17:53:29","date_gmt":"2023-10-06T15:53:29","guid":{"rendered":"https:\/\/rendez-vous-store.com\/?post_type=product&#038;p=137859"},"modified":"2026-03-16T15:16:06","modified_gmt":"2026-03-16T14:16:06","slug":"and-wander-pe-co-20l-daypack-d-khaki181","status":"publish","type":"product","link":"https:\/\/rendez-vous-store.com\/fr\/shop\/last-pieces-men\/last-pieces-men-shoes-rendez-vous-store\/and-wander-pe-co-20l-daypack-d-khaki181\/","title":{"rendered":"And Wander - PE\/CO 20L Daypack - D.Khaki181"},"content":{"rendered":"<p>And Wander PE\/CO 20L Daypack D.Khaki181<\/p>\n<p>Couleur : Kaki<\/p>\n<p>Capacit\u00e9 : 20L<\/p>\n<div class=\"s-row\" data-v-31b65e0c=\"\">\n<div class=\"s-column pdp-product-description\">\n<div class=\"s-row\">\n<div class=\"s-column\">\n<p id=\"pdpProductDescriptionContainerText\" class=\"s-text\" data-test=\"pdpProductDescriptionContainerText\">Poign\u00e9e de transport en sangle sur le dessus<\/p>\n<p class=\"s-text\" data-test=\"pdpProductDescriptionContainerText\">Bretelles rembourr\u00e9es r\u00e9glables<\/p>\n<p class=\"s-text\" data-test=\"pdpProductDescriptionContainerText\">Sangles de sternum<\/p>\n<p class=\"s-text\" data-test=\"pdpProductDescriptionContainerText\">Logo imprim\u00e9 sur la face<\/p>\n<p class=\"s-text\" data-test=\"pdpProductDescriptionContainerText\">Poche zipp\u00e9e sur la face<\/p>\n<p class=\"s-text\" data-test=\"pdpProductDescriptionContainerText\">Poche plaqu\u00e9e \u00e0 l'arri\u00e8re<\/p>\n<p class=\"s-text\" data-test=\"pdpProductDescriptionContainerText\">Panneau en maille rembourr\u00e9 \u00e0 l'arri\u00e8re<\/p>\n<p class=\"s-text\" data-test=\"pdpProductDescriptionContainerText\">Fermeture \u00e0 glissi\u00e8re<\/p>\n<p class=\"s-text\" data-test=\"pdpProductDescriptionContainerText\">Poches en filet \u00e0 l'int\u00e9rieur<\/p>\n<p data-test=\"pdpProductDescriptionContainerText\">Composition : 47% Coton - 45% Polyester - 8% Nylon<\/p>\n<p data-test=\"pdpProductDescriptionContainerText\">Doublure : 100% Polyester<\/p>\n<p data-test=\"pdpProductDescriptionContainerText\">Fabriqu\u00e9 en Chine<\/p>\n<p class=\"s-text\" data-test=\"pdpProductDescriptionContainerText\">Dimensions : H16 x L11 x P8.5 in<\/p>\n<\/div>\n<\/div>\n<\/div>\n<\/div>","protected":false},"excerpt":{"rendered":"<p>And Wander PE\/CO 20L Daypack D.Khaki181 Color: Khaki Capacity: 20L Webbing Carry Handle At Top Adjustable Padded Shoulder Straps Webbing Sternum Straps Logo Printed At Face Zip Pocket At Face Patch Pocket At Back Face Padded Mesh Panel At Back Face Zip Closure Mesh Patch Pockets At Interior Composition: 47% Cotton &#8211; 45% Polyester &#8211;&hellip; <a class=\"more-link\" href=\"https:\/\/rendez-vous-store.com\/fr\/shop\/last-pieces-men\/last-pieces-men-shoes-rendez-vous-store\/and-wander-pe-co-20l-daypack-d-khaki181\/\">Continuer la lecture <span class=\"screen-reader-text\">And Wander - PE\/CO 20L Daypack - D.Khaki181<\/span><\/a><\/p>","protected":false},"featured_media":144165,"template":"","meta":{"_acf_changed":false},"product_brand":[],"product_cat":[1292,1137,1157],"product_tag":[],"class_list":{"0":"post-137859","1":"product","2":"type-product","3":"status-publish","4":"has-post-thumbnail","6":"product_cat-1292","7":"product_cat-last-pieces-men","8":"product_cat-last-pieces-men-shoes-rendez-vous-store","9":"entry","11":"first","12":"outofstock","13":"taxable","14":"shipping-taxable","15":"product-type-variable"},"acf":[],"yoast_head":"<!-- This site is optimized with the Yoast SEO plugin v24.9 - https:\/\/yoast.com\/wordpress\/plugins\/seo\/ -->\n<title>And Wander - PE\/CO 20L Daypack D.Khaki181 - Rendez-vous Store<\/title>\n<meta name=\"description\" content=\"And Wander is on Rendez-vous Store. This And Wander PE\/CO 20L Daypack D.Khaki181 Rendez-vous Store is made with durable, light-weight materials with water-resistance and wind protection.\" \/>\n<meta name=\"robots\" content=\"index, follow, max-snippet:-1, max-image-preview:large, max-video-preview:-1\" \/>\n<link rel=\"canonical\" href=\"https:\/\/rendez-vous-store.com\/fr\/shop\/last-pieces-men\/last-pieces-men-shoes-rendez-vous-store\/and-wander-pe-co-20l-daypack-d-khaki181\/\" \/>\n<meta property=\"og:locale\" content=\"fr_FR\" \/>\n<meta property=\"og:type\" content=\"article\" \/>\n<meta property=\"og:title\" content=\"And Wander - PE\/CO 20L Daypack D.Khaki181 - Rendez-vous Store\" \/>\n<meta property=\"og:description\" content=\"And Wander is on Rendez-vous Store. This And Wander PE\/CO 20L Daypack D.Khaki181 Rendez-vous Store is made with durable, light-weight materials with water-resistance and wind protection.\" \/>\n<meta property=\"og:url\" content=\"https:\/\/rendez-vous-store.com\/fr\/shop\/last-pieces-men\/last-pieces-men-shoes-rendez-vous-store\/and-wander-pe-co-20l-daypack-d-khaki181\/\" \/>\n<meta property=\"og:site_name\" content=\"RENDEZ-VOUS STORE\" \/>\n<meta property=\"article:modified_time\" content=\"2026-03-16T14:16:06+00:00\" \/>\n<meta property=\"og:image\" content=\"https:\/\/rendez-vous-store.com\/wp-content\/uploads\/2023\/10\/and-bag-scaled.webp\" \/>\n\t<meta property=\"og:image:width\" content=\"1707\" \/>\n\t<meta property=\"og:image:height\" content=\"2560\" \/>\n\t<meta property=\"og:image:type\" content=\"image\/webp\" \/>\n<meta name=\"twitter:card\" content=\"summary_large_image\" \/>\n<meta name=\"twitter:label1\" content=\"Est. reading time\" \/>\n\t<meta name=\"twitter:data1\" content=\"1 minute\" \/>\n<script type=\"application\/ld+json\" class=\"yoast-schema-graph\">{\"@context\":\"https:\/\/schema.org\",\"@graph\":[{\"@type\":\"WebPage\",\"@id\":\"https:\/\/rendez-vous-store.com\/shop\/last-pieces-men\/last-pieces-men-shoes-rendez-vous-store\/and-wander-pe-co-20l-daypack-d-khaki181\/\",\"url\":\"https:\/\/rendez-vous-store.com\/shop\/last-pieces-men\/last-pieces-men-shoes-rendez-vous-store\/and-wander-pe-co-20l-daypack-d-khaki181\/\",\"name\":\"And Wander - PE\/CO 20L Daypack D.Khaki181 - Rendez-vous Store\",\"isPartOf\":{\"@id\":\"https:\/\/rendez-vous-store.com\/#website\"},\"primaryImageOfPage\":{\"@id\":\"https:\/\/rendez-vous-store.com\/shop\/last-pieces-men\/last-pieces-men-shoes-rendez-vous-store\/and-wander-pe-co-20l-daypack-d-khaki181\/#primaryimage\"},\"image\":{\"@id\":\"https:\/\/rendez-vous-store.com\/shop\/last-pieces-men\/last-pieces-men-shoes-rendez-vous-store\/and-wander-pe-co-20l-daypack-d-khaki181\/#primaryimage\"},\"thumbnailUrl\":\"https:\/\/rendez-vous-store.com\/app\/uploads\/2023\/10\/and-bag-scaled.webp\",\"datePublished\":\"2023-10-06T15:53:29+00:00\",\"dateModified\":\"2026-03-16T14:16:06+00:00\",\"description\":\"And Wander is on Rendez-vous Store. This And Wander PE\/CO 20L Daypack D.Khaki181 Rendez-vous Store is made with durable, light-weight materials with water-resistance and wind protection.\",\"breadcrumb\":{\"@id\":\"https:\/\/rendez-vous-store.com\/shop\/last-pieces-men\/last-pieces-men-shoes-rendez-vous-store\/and-wander-pe-co-20l-daypack-d-khaki181\/#breadcrumb\"},\"inLanguage\":\"fr-FR\",\"potentialAction\":[{\"@type\":\"ReadAction\",\"target\":[\"https:\/\/rendez-vous-store.com\/shop\/last-pieces-men\/last-pieces-men-shoes-rendez-vous-store\/and-wander-pe-co-20l-daypack-d-khaki181\/\"]}]},{\"@type\":\"ImageObject\",\"inLanguage\":\"fr-FR\",\"@id\":\"https:\/\/rendez-vous-store.com\/shop\/last-pieces-men\/last-pieces-men-shoes-rendez-vous-store\/and-wander-pe-co-20l-daypack-d-khaki181\/#primaryimage\",\"url\":\"https:\/\/rendez-vous-store.com\/app\/uploads\/2023\/10\/and-bag-scaled.webp\",\"contentUrl\":\"https:\/\/rendez-vous-store.com\/app\/uploads\/2023\/10\/and-bag-scaled.webp\",\"width\":1707,\"height\":2560},{\"@type\":\"BreadcrumbList\",\"@id\":\"https:\/\/rendez-vous-store.com\/shop\/last-pieces-men\/last-pieces-men-shoes-rendez-vous-store\/and-wander-pe-co-20l-daypack-d-khaki181\/#breadcrumb\",\"itemListElement\":[{\"@type\":\"ListItem\",\"position\":1,\"name\":\"Home\",\"item\":\"https:\/\/rendez-vous-store.com\/\"},{\"@type\":\"ListItem\",\"position\":2,\"name\":\"Shop\",\"item\":\"https:\/\/www.rendez-vous-store.com\/shop\/\"},{\"@type\":\"ListItem\",\"position\":3,\"name\":\"And Wander &#8211; PE\/CO 20L Daypack &#8211; D.Khaki181\"}]},{\"@type\":\"WebSite\",\"@id\":\"https:\/\/rendez-vous-store.com\/#website\",\"url\":\"https:\/\/rendez-vous-store.com\/\",\"name\":\"RENDEZ-VOUS STORE\",\"description\":\"Slow Fashion for Women and Men\",\"potentialAction\":[{\"@type\":\"SearchAction\",\"target\":{\"@type\":\"EntryPoint\",\"urlTemplate\":\"https:\/\/rendez-vous-store.com\/?s={search_term_string}\"},\"query-input\":{\"@type\":\"PropertyValueSpecification\",\"valueRequired\":true,\"valueName\":\"search_term_string\"}}],\"inLanguage\":\"fr-FR\"}]}<\/script>\n<!-- \/ Yoast SEO plugin. -->","yoast_head_json":{"title":"And Wander - PE\/CO 20L Daypack D.Khaki181 - Rendez-vous Store","description":"And Wander is on Rendez-vous Store. This And Wander PE\/CO 20L Daypack D.Khaki181 Rendez-vous Store is made with durable, light-weight materials with water-resistance and wind protection.","robots":{"index":"index","follow":"follow","max-snippet":"max-snippet:-1","max-image-preview":"max-image-preview:large","max-video-preview":"max-video-preview:-1"},"canonical":"https:\/\/rendez-vous-store.com\/fr\/shop\/last-pieces-men\/last-pieces-men-shoes-rendez-vous-store\/and-wander-pe-co-20l-daypack-d-khaki181\/","og_locale":"fr_FR","og_type":"article","og_title":"And Wander - PE\/CO 20L Daypack D.Khaki181 - Rendez-vous Store","og_description":"And Wander is on Rendez-vous Store. This And Wander PE\/CO 20L Daypack D.Khaki181 Rendez-vous Store is made with durable, light-weight materials with water-resistance and wind protection.","og_url":"https:\/\/rendez-vous-store.com\/fr\/shop\/last-pieces-men\/last-pieces-men-shoes-rendez-vous-store\/and-wander-pe-co-20l-daypack-d-khaki181\/","og_site_name":"RENDEZ-VOUS STORE","article_modified_time":"2026-03-16T14:16:06+00:00","og_image":[{"width":1707,"height":2560,"url":"https:\/\/rendez-vous-store.com\/wp-content\/uploads\/2023\/10\/and-bag-scaled.webp","type":"image\/webp"}],"twitter_card":"summary_large_image","twitter_misc":{"Est. reading time":"1 minute"},"schema":{"@context":"https:\/\/schema.org","@graph":[{"@type":"WebPage","@id":"https:\/\/rendez-vous-store.com\/shop\/last-pieces-men\/last-pieces-men-shoes-rendez-vous-store\/and-wander-pe-co-20l-daypack-d-khaki181\/","url":"https:\/\/rendez-vous-store.com\/shop\/last-pieces-men\/last-pieces-men-shoes-rendez-vous-store\/and-wander-pe-co-20l-daypack-d-khaki181\/","name":"And Wander - PE\/CO 20L Daypack D.Khaki181 - Rendez-vous Store","isPartOf":{"@id":"https:\/\/rendez-vous-store.com\/#website"},"primaryImageOfPage":{"@id":"https:\/\/rendez-vous-store.com\/shop\/last-pieces-men\/last-pieces-men-shoes-rendez-vous-store\/and-wander-pe-co-20l-daypack-d-khaki181\/#primaryimage"},"image":{"@id":"https:\/\/rendez-vous-store.com\/shop\/last-pieces-men\/last-pieces-men-shoes-rendez-vous-store\/and-wander-pe-co-20l-daypack-d-khaki181\/#primaryimage"},"thumbnailUrl":"https:\/\/rendez-vous-store.com\/app\/uploads\/2023\/10\/and-bag-scaled.webp","datePublished":"2023-10-06T15:53:29+00:00","dateModified":"2026-03-16T14:16:06+00:00","description":"And Wander is on Rendez-vous Store. This And Wander PE\/CO 20L Daypack D.Khaki181 Rendez-vous Store is made with durable, light-weight materials with water-resistance and wind protection.","breadcrumb":{"@id":"https:\/\/rendez-vous-store.com\/shop\/last-pieces-men\/last-pieces-men-shoes-rendez-vous-store\/and-wander-pe-co-20l-daypack-d-khaki181\/#breadcrumb"},"inLanguage":"fr-FR","potentialAction":[{"@type":"ReadAction","target":["https:\/\/rendez-vous-store.com\/shop\/last-pieces-men\/last-pieces-men-shoes-rendez-vous-store\/and-wander-pe-co-20l-daypack-d-khaki181\/"]}]},{"@type":"ImageObject","inLanguage":"fr-FR","@id":"https:\/\/rendez-vous-store.com\/shop\/last-pieces-men\/last-pieces-men-shoes-rendez-vous-store\/and-wander-pe-co-20l-daypack-d-khaki181\/#primaryimage","url":"https:\/\/rendez-vous-store.com\/app\/uploads\/2023\/10\/and-bag-scaled.webp","contentUrl":"https:\/\/rendez-vous-store.com\/app\/uploads\/2023\/10\/and-bag-scaled.webp","width":1707,"height":2560},{"@type":"BreadcrumbList","@id":"https:\/\/rendez-vous-store.com\/shop\/last-pieces-men\/last-pieces-men-shoes-rendez-vous-store\/and-wander-pe-co-20l-daypack-d-khaki181\/#breadcrumb","itemListElement":[{"@type":"ListItem","position":1,"name":"Home","item":"https:\/\/rendez-vous-store.com\/"},{"@type":"ListItem","position":2,"name":"Shop","item":"https:\/\/www.rendez-vous-store.com\/shop\/"},{"@type":"ListItem","position":3,"name":"And Wander &#8211; PE\/CO 20L Daypack &#8211; D.Khaki181"}]},{"@type":"WebSite","@id":"https:\/\/rendez-vous-store.com\/#website","url":"https:\/\/rendez-vous-store.com\/","name":"RENDEZ-VOUS STORE","description":"Slow Fashion for Women and Men","potentialAction":[{"@type":"SearchAction","target":{"@type":"EntryPoint","urlTemplate":"https:\/\/rendez-vous-store.com\/?s={search_term_string}"},"query-input":{"@type":"PropertyValueSpecification","valueRequired":true,"valueName":"search_term_string"}}],"inLanguage":"fr-FR"}]}},"_links":{"self":[{"href":"https:\/\/rendez-vous-store.com\/fr\/wp-json\/wp\/v2\/product\/137859","targetHints":{"allow":["GET"]}}],"collection":[{"href":"https:\/\/rendez-vous-store.com\/fr\/wp-json\/wp\/v2\/product"}],"about":[{"href":"https:\/\/rendez-vous-store.com\/fr\/wp-json\/wp\/v2\/types\/product"}],"wp:featuredmedia":[{"embeddable":true,"href":"https:\/\/rendez-vous-store.com\/fr\/wp-json\/wp\/v2\/media\/144165"}],"wp:attachment":[{"href":"https:\/\/rendez-vous-store.com\/fr\/wp-json\/wp\/v2\/media?parent=137859"}],"wp:term":[{"taxonomy":"product_brand","embeddable":true,"href":"https:\/\/rendez-vous-store.com\/fr\/wp-json\/wp\/v2\/product_brand?post=137859"},{"taxonomy":"product_cat","embeddable":true,"href":"https:\/\/rendez-vous-store.com\/fr\/wp-json\/wp\/v2\/product_cat?post=137859"},{"taxonomy":"product_tag","embeddable":true,"href":"https:\/\/rendez-vous-store.com\/fr\/wp-json\/wp\/v2\/product_tag?post=137859"}],"curies":[{"name":"wp","href":"https:\/\/api.w.org\/{rel}","templated":true}]}}