{"id":137784,"date":"2023-10-06T17:18:25","date_gmt":"2023-10-06T15:18:25","guid":{"rendered":"https:\/\/rendez-vous-store.com\/?post_type=product&#038;p=137784"},"modified":"2026-03-16T15:18:29","modified_gmt":"2026-03-16T14:18:29","slug":"and-wander-salomon-xa-pro-3d-gore-tex-brown050-rendez-vous-store","status":"publish","type":"product","link":"https:\/\/rendez-vous-store.com\/fr\/shop\/special-offer-men-rendez-vous-store\/men-shoes-special-offer-rendez-vous-store\/and-wander-salomon-xa-pro-3d-gore-tex-brown050-rendez-vous-store\/","title":{"rendered":"Et Wander - Salomon XA Pro 3D Gore-Tex - Brown050"},"content":{"rendered":"<p>Et Wander Salomon XA Pro 3D Gore-Tex Brown050<\/p>\n<p>Couleur : Marron<\/p>\n<div class=\"s-row\" data-v-2bb7c15b=\"\" data-v-31b65e0c=\"\">\n<div class=\"s-row pdp-product-title\" data-v-2bb7c15b=\"\">\n<div class=\"s-column pdp-product-title__left\">\n<div class=\"s-row\"><\/div>\n<\/div>\n<\/div>\n<\/div>\n<div class=\"s-row\" data-v-31b65e0c=\"\">\n<div class=\"s-column pdp-product-description\">\n<div class=\"s-row\">\n<div class=\"s-column\">\n<p id=\"pdpProductDescriptionContainerText\" class=\"s-text\" data-test=\"pdpProductDescriptionContainerText\">Baskets basses en maille et faux cuir textur\u00e9 GORE-TEX\u00ae, marron.<\/p>\n<p class=\"s-text\" data-test=\"pdpProductDescriptionContainerText\">Fermeture Quicklace\u2122<\/p>\n<p class=\"s-text\" data-test=\"pdpProductDescriptionContainerText\">Logo sur l'empeigne et la languette<\/p>\n<p class=\"s-text\" data-test=\"pdpProductDescriptionContainerText\">Languette et col rembourr\u00e9s<\/p>\n<p class=\"s-text\" data-test=\"pdpProductDescriptionContainerText\">Bordure r\u00e9fl\u00e9chissante et logo imprim\u00e9 sur le c\u00f4t\u00e9 ext\u00e9rieur<\/p>\n<p class=\"s-text\" data-test=\"pdpProductDescriptionContainerText\">Boucle de traction sur la languette du talon<\/p>\n<p class=\"s-text\" data-test=\"pdpProductDescriptionContainerText\">Logo emboss\u00e9 au talon<\/p>\n<p class=\"s-text\" data-test=\"pdpProductDescriptionContainerText\">Semelle ext\u00e9rieure en caoutchouc Contagrip\u00ae foul\u00e9e<\/p>\n<\/div>\n<\/div>\n<div class=\"s-row\">\n<div class=\"s-column\">\n<p class=\"s-text\">Composition : Dessus : synth\u00e9tique, textile. Semelle : caoutchouc.<\/p>\n<p>Fabriqu\u00e9 au Viet Nam<\/p>\n<\/div>\n<\/div>\n<\/div>\n<\/div>","protected":false},"excerpt":{"rendered":"<p>And Wander Salomon XA Pro 3D Gore-Tex Brown050 Color: Brown Low-top paneled GORE-TEX\u00ae textured faux-leather and mesh sneakers in brown. Quicklace\u2122 closure Logo patch at vamp and tongue Padded tongue and collar Reflective trim and logo printed at outer side Pull-loop at heel tab Logo embossed at heel counter Treaded Contagrip\u00ae rubber outsole Composition: Upper:&hellip; <a class=\"more-link\" href=\"https:\/\/rendez-vous-store.com\/fr\/shop\/special-offer-men-rendez-vous-store\/men-shoes-special-offer-rendez-vous-store\/and-wander-salomon-xa-pro-3d-gore-tex-brown050-rendez-vous-store\/\">Continue reading <span class=\"screen-reader-text\">Et Wander - Salomon XA Pro 3D Gore-Tex - Brown050<\/span><\/a><\/p>","protected":false},"featured_media":144164,"template":"","meta":{"_acf_changed":false},"product_brand":[],"product_cat":[1292,1357,1350,1137,1157],"product_tag":[],"class_list":{"0":"post-137784","1":"product","2":"type-product","3":"status-publish","4":"has-post-thumbnail","6":"product_cat-1292","7":"product_cat-men-shoes-special-offer-rendez-vous-store","8":"product_cat-special-offer-men-rendez-vous-store","9":"product_cat-last-pieces-men","10":"product_cat-last-pieces-men-shoes-rendez-vous-store","11":"entry","13":"first","14":"outofstock","15":"taxable","16":"shipping-taxable","17":"product-type-variable"},"acf":[],"yoast_head":"<!-- This site is optimized with the Yoast SEO plugin v24.9 - https:\/\/yoast.com\/wordpress\/plugins\/seo\/ -->\n<title>And Wander - Salomon XA Pro 3D Gore-Tex Brown050 - Rendez-vous Store<\/title>\n<meta name=\"description\" content=\"And Wander is on Rendez-vous Store. This And Wander Salomon XA Pro 3D Gore-Tex Brown050 Rendez-vous Store is made with durable, light-weight materials with water-resistance and wind protection.\" \/>\n<meta name=\"robots\" content=\"index, follow, max-snippet:-1, max-image-preview:large, max-video-preview:-1\" \/>\n<link rel=\"canonical\" href=\"https:\/\/rendez-vous-store.com\/fr\/shop\/special-offer-men-rendez-vous-store\/men-shoes-special-offer-rendez-vous-store\/and-wander-salomon-xa-pro-3d-gore-tex-brown050-rendez-vous-store\/\" \/>\n<meta property=\"og:locale\" content=\"fr_FR\" \/>\n<meta property=\"og:type\" content=\"article\" \/>\n<meta property=\"og:title\" content=\"And Wander - Salomon XA Pro 3D Gore-Tex Brown050 - Rendez-vous Store\" \/>\n<meta property=\"og:description\" content=\"And Wander is on Rendez-vous Store. This And Wander Salomon XA Pro 3D Gore-Tex Brown050 Rendez-vous Store is made with durable, light-weight materials with water-resistance and wind protection.\" \/>\n<meta property=\"og:url\" content=\"https:\/\/rendez-vous-store.com\/fr\/shop\/special-offer-men-rendez-vous-store\/men-shoes-special-offer-rendez-vous-store\/and-wander-salomon-xa-pro-3d-gore-tex-brown050-rendez-vous-store\/\" \/>\n<meta property=\"og:site_name\" content=\"RENDEZ-VOUS STORE\" \/>\n<meta property=\"article:modified_time\" content=\"2026-03-16T14:18:29+00:00\" \/>\n<meta property=\"og:image\" content=\"https:\/\/rendez-vous-store.com\/app\/uploads\/2023\/10\/salomon-scaled.webp\" \/>\n\t<meta property=\"og:image:width\" content=\"1707\" \/>\n\t<meta property=\"og:image:height\" content=\"2560\" \/>\n\t<meta property=\"og:image:type\" content=\"image\/webp\" \/>\n<meta name=\"twitter:card\" content=\"summary_large_image\" \/>\n<meta name=\"twitter:label1\" content=\"Est. reading time\" \/>\n\t<meta name=\"twitter:data1\" content=\"1 minute\" \/>\n<script type=\"application\/ld+json\" class=\"yoast-schema-graph\">{\"@context\":\"https:\/\/schema.org\",\"@graph\":[{\"@type\":\"WebPage\",\"@id\":\"https:\/\/rendez-vous-store.com\/shop\/special-offer-men-rendez-vous-store\/men-shoes-special-offer-rendez-vous-store\/and-wander-salomon-xa-pro-3d-gore-tex-brown050-rendez-vous-store\/\",\"url\":\"https:\/\/rendez-vous-store.com\/shop\/special-offer-men-rendez-vous-store\/men-shoes-special-offer-rendez-vous-store\/and-wander-salomon-xa-pro-3d-gore-tex-brown050-rendez-vous-store\/\",\"name\":\"And Wander - Salomon XA Pro 3D Gore-Tex Brown050 - Rendez-vous Store\",\"isPartOf\":{\"@id\":\"https:\/\/rendez-vous-store.com\/#website\"},\"primaryImageOfPage\":{\"@id\":\"https:\/\/rendez-vous-store.com\/shop\/special-offer-men-rendez-vous-store\/men-shoes-special-offer-rendez-vous-store\/and-wander-salomon-xa-pro-3d-gore-tex-brown050-rendez-vous-store\/#primaryimage\"},\"image\":{\"@id\":\"https:\/\/rendez-vous-store.com\/shop\/special-offer-men-rendez-vous-store\/men-shoes-special-offer-rendez-vous-store\/and-wander-salomon-xa-pro-3d-gore-tex-brown050-rendez-vous-store\/#primaryimage\"},\"thumbnailUrl\":\"https:\/\/rendez-vous-store.com\/app\/uploads\/2023\/10\/salomon-scaled.webp\",\"datePublished\":\"2023-10-06T15:18:25+00:00\",\"dateModified\":\"2026-03-16T14:18:29+00:00\",\"description\":\"And Wander is on Rendez-vous Store. This And Wander Salomon XA Pro 3D Gore-Tex Brown050 Rendez-vous Store is made with durable, light-weight materials with water-resistance and wind protection.\",\"breadcrumb\":{\"@id\":\"https:\/\/rendez-vous-store.com\/shop\/special-offer-men-rendez-vous-store\/men-shoes-special-offer-rendez-vous-store\/and-wander-salomon-xa-pro-3d-gore-tex-brown050-rendez-vous-store\/#breadcrumb\"},\"inLanguage\":\"fr-FR\",\"potentialAction\":[{\"@type\":\"ReadAction\",\"target\":[\"https:\/\/rendez-vous-store.com\/shop\/special-offer-men-rendez-vous-store\/men-shoes-special-offer-rendez-vous-store\/and-wander-salomon-xa-pro-3d-gore-tex-brown050-rendez-vous-store\/\"]}]},{\"@type\":\"ImageObject\",\"inLanguage\":\"fr-FR\",\"@id\":\"https:\/\/rendez-vous-store.com\/shop\/special-offer-men-rendez-vous-store\/men-shoes-special-offer-rendez-vous-store\/and-wander-salomon-xa-pro-3d-gore-tex-brown050-rendez-vous-store\/#primaryimage\",\"url\":\"https:\/\/rendez-vous-store.com\/app\/uploads\/2023\/10\/salomon-scaled.webp\",\"contentUrl\":\"https:\/\/rendez-vous-store.com\/app\/uploads\/2023\/10\/salomon-scaled.webp\",\"width\":1707,\"height\":2560},{\"@type\":\"BreadcrumbList\",\"@id\":\"https:\/\/rendez-vous-store.com\/shop\/special-offer-men-rendez-vous-store\/men-shoes-special-offer-rendez-vous-store\/and-wander-salomon-xa-pro-3d-gore-tex-brown050-rendez-vous-store\/#breadcrumb\",\"itemListElement\":[{\"@type\":\"ListItem\",\"position\":1,\"name\":\"Home\",\"item\":\"https:\/\/rendez-vous-store.com\/\"},{\"@type\":\"ListItem\",\"position\":2,\"name\":\"Shop\",\"item\":\"https:\/\/www.rendez-vous-store.com\/shop\/\"},{\"@type\":\"ListItem\",\"position\":3,\"name\":\"And Wander &#8211; Salomon XA Pro 3D Gore-Tex &#8211; Brown050\"}]},{\"@type\":\"WebSite\",\"@id\":\"https:\/\/rendez-vous-store.com\/#website\",\"url\":\"https:\/\/rendez-vous-store.com\/\",\"name\":\"RENDEZ-VOUS STORE\",\"description\":\"Slow Fashion for Women and Men\",\"potentialAction\":[{\"@type\":\"SearchAction\",\"target\":{\"@type\":\"EntryPoint\",\"urlTemplate\":\"https:\/\/rendez-vous-store.com\/?s={search_term_string}\"},\"query-input\":{\"@type\":\"PropertyValueSpecification\",\"valueRequired\":true,\"valueName\":\"search_term_string\"}}],\"inLanguage\":\"fr-FR\"}]}<\/script>\n<!-- \/ Yoast SEO plugin. -->","yoast_head_json":{"title":"And Wander - Salomon XA Pro 3D Gore-Tex Brown050 - Rendez-vous Store","description":"And Wander is on Rendez-vous Store. This And Wander Salomon XA Pro 3D Gore-Tex Brown050 Rendez-vous Store is made with durable, light-weight materials with water-resistance and wind protection.","robots":{"index":"index","follow":"follow","max-snippet":"max-snippet:-1","max-image-preview":"max-image-preview:large","max-video-preview":"max-video-preview:-1"},"canonical":"https:\/\/rendez-vous-store.com\/fr\/shop\/special-offer-men-rendez-vous-store\/men-shoes-special-offer-rendez-vous-store\/and-wander-salomon-xa-pro-3d-gore-tex-brown050-rendez-vous-store\/","og_locale":"fr_FR","og_type":"article","og_title":"And Wander - Salomon XA Pro 3D Gore-Tex Brown050 - Rendez-vous Store","og_description":"And Wander is on Rendez-vous Store. This And Wander Salomon XA Pro 3D Gore-Tex Brown050 Rendez-vous Store is made with durable, light-weight materials with water-resistance and wind protection.","og_url":"https:\/\/rendez-vous-store.com\/fr\/shop\/special-offer-men-rendez-vous-store\/men-shoes-special-offer-rendez-vous-store\/and-wander-salomon-xa-pro-3d-gore-tex-brown050-rendez-vous-store\/","og_site_name":"RENDEZ-VOUS STORE","article_modified_time":"2026-03-16T14:18:29+00:00","og_image":[{"width":1707,"height":2560,"url":"https:\/\/rendez-vous-store.com\/app\/uploads\/2023\/10\/salomon-scaled.webp","type":"image\/webp"}],"twitter_card":"summary_large_image","twitter_misc":{"Est. reading time":"1 minute"},"schema":{"@context":"https:\/\/schema.org","@graph":[{"@type":"WebPage","@id":"https:\/\/rendez-vous-store.com\/shop\/special-offer-men-rendez-vous-store\/men-shoes-special-offer-rendez-vous-store\/and-wander-salomon-xa-pro-3d-gore-tex-brown050-rendez-vous-store\/","url":"https:\/\/rendez-vous-store.com\/shop\/special-offer-men-rendez-vous-store\/men-shoes-special-offer-rendez-vous-store\/and-wander-salomon-xa-pro-3d-gore-tex-brown050-rendez-vous-store\/","name":"And Wander - Salomon XA Pro 3D Gore-Tex Brown050 - Rendez-vous Store","isPartOf":{"@id":"https:\/\/rendez-vous-store.com\/#website"},"primaryImageOfPage":{"@id":"https:\/\/rendez-vous-store.com\/shop\/special-offer-men-rendez-vous-store\/men-shoes-special-offer-rendez-vous-store\/and-wander-salomon-xa-pro-3d-gore-tex-brown050-rendez-vous-store\/#primaryimage"},"image":{"@id":"https:\/\/rendez-vous-store.com\/shop\/special-offer-men-rendez-vous-store\/men-shoes-special-offer-rendez-vous-store\/and-wander-salomon-xa-pro-3d-gore-tex-brown050-rendez-vous-store\/#primaryimage"},"thumbnailUrl":"https:\/\/rendez-vous-store.com\/app\/uploads\/2023\/10\/salomon-scaled.webp","datePublished":"2023-10-06T15:18:25+00:00","dateModified":"2026-03-16T14:18:29+00:00","description":"And Wander is on Rendez-vous Store. This And Wander Salomon XA Pro 3D Gore-Tex Brown050 Rendez-vous Store is made with durable, light-weight materials with water-resistance and wind protection.","breadcrumb":{"@id":"https:\/\/rendez-vous-store.com\/shop\/special-offer-men-rendez-vous-store\/men-shoes-special-offer-rendez-vous-store\/and-wander-salomon-xa-pro-3d-gore-tex-brown050-rendez-vous-store\/#breadcrumb"},"inLanguage":"fr-FR","potentialAction":[{"@type":"ReadAction","target":["https:\/\/rendez-vous-store.com\/shop\/special-offer-men-rendez-vous-store\/men-shoes-special-offer-rendez-vous-store\/and-wander-salomon-xa-pro-3d-gore-tex-brown050-rendez-vous-store\/"]}]},{"@type":"ImageObject","inLanguage":"fr-FR","@id":"https:\/\/rendez-vous-store.com\/shop\/special-offer-men-rendez-vous-store\/men-shoes-special-offer-rendez-vous-store\/and-wander-salomon-xa-pro-3d-gore-tex-brown050-rendez-vous-store\/#primaryimage","url":"https:\/\/rendez-vous-store.com\/app\/uploads\/2023\/10\/salomon-scaled.webp","contentUrl":"https:\/\/rendez-vous-store.com\/app\/uploads\/2023\/10\/salomon-scaled.webp","width":1707,"height":2560},{"@type":"BreadcrumbList","@id":"https:\/\/rendez-vous-store.com\/shop\/special-offer-men-rendez-vous-store\/men-shoes-special-offer-rendez-vous-store\/and-wander-salomon-xa-pro-3d-gore-tex-brown050-rendez-vous-store\/#breadcrumb","itemListElement":[{"@type":"ListItem","position":1,"name":"Home","item":"https:\/\/rendez-vous-store.com\/"},{"@type":"ListItem","position":2,"name":"Shop","item":"https:\/\/www.rendez-vous-store.com\/shop\/"},{"@type":"ListItem","position":3,"name":"And Wander &#8211; Salomon XA Pro 3D Gore-Tex &#8211; Brown050"}]},{"@type":"WebSite","@id":"https:\/\/rendez-vous-store.com\/#website","url":"https:\/\/rendez-vous-store.com\/","name":"RENDEZ-VOUS STORE","description":"Slow Fashion for Women and Men","potentialAction":[{"@type":"SearchAction","target":{"@type":"EntryPoint","urlTemplate":"https:\/\/rendez-vous-store.com\/?s={search_term_string}"},"query-input":{"@type":"PropertyValueSpecification","valueRequired":true,"valueName":"search_term_string"}}],"inLanguage":"fr-FR"}]}},"_links":{"self":[{"href":"https:\/\/rendez-vous-store.com\/fr\/wp-json\/wp\/v2\/product\/137784","targetHints":{"allow":["GET"]}}],"collection":[{"href":"https:\/\/rendez-vous-store.com\/fr\/wp-json\/wp\/v2\/product"}],"about":[{"href":"https:\/\/rendez-vous-store.com\/fr\/wp-json\/wp\/v2\/types\/product"}],"wp:featuredmedia":[{"embeddable":true,"href":"https:\/\/rendez-vous-store.com\/fr\/wp-json\/wp\/v2\/media\/144164"}],"wp:attachment":[{"href":"https:\/\/rendez-vous-store.com\/fr\/wp-json\/wp\/v2\/media?parent=137784"}],"wp:term":[{"taxonomy":"product_brand","embeddable":true,"href":"https:\/\/rendez-vous-store.com\/fr\/wp-json\/wp\/v2\/product_brand?post=137784"},{"taxonomy":"product_cat","embeddable":true,"href":"https:\/\/rendez-vous-store.com\/fr\/wp-json\/wp\/v2\/product_cat?post=137784"},{"taxonomy":"product_tag","embeddable":true,"href":"https:\/\/rendez-vous-store.com\/fr\/wp-json\/wp\/v2\/product_tag?post=137784"}],"curies":[{"name":"wp","href":"https:\/\/api.w.org\/{rel}","templated":true}]}}