{"id":137752,"date":"2023-10-06T16:02:42","date_gmt":"2023-10-06T14:02:42","guid":{"rendered":"https:\/\/rendez-vous-store.com\/?post_type=product&#038;p=137752"},"modified":"2025-04-02T14:48:50","modified_gmt":"2025-04-02T12:48:50","slug":"toogood-men-the-draughtsman-shirt-poplin-chalk-rendez-vous-store","status":"publish","type":"product","link":"https:\/\/rendez-vous-store.com\/fr\/shop\/special-offer-men-rendez-vous-store\/men-shirt-special-offer-rendez-vous-store\/toogood-men-the-draughtsman-shirt-poplin-chalk-rendez-vous-store\/","title":{"rendered":"Toogood - The Draughtsman Shirt - Poplin Chalk"},"content":{"rendered":"<p><strong>Toogood Hommes Chemise The Draughtsman Poplin Chalk<\/strong><\/p>\n<p>Couleur : Poplin Chalk<\/p>\n<p>Col classique<\/p>\n<p>Fermeture par bouton<\/p>\n<p>Manches longues<\/p>\n<p>Poignets boutonn\u00e9s<\/p>\n<p>Composition : 100% Coton<\/p>\n<p>Fabriqu\u00e9 dans l'UE<\/p>\n<p>Massyl mesure 180 cm<\/p>\n<p>Taille du mod\u00e8le : M<\/p>\n<p>Mesures : \u00c9paules : 57cm - Poitrine : 67cm - Manches : 57cm - Longueur : 75cm<\/p>\n<p>&nbsp;<\/p>\n<p>&nbsp;<\/p>\n<p>&nbsp;<\/p>\n<p>&nbsp;<\/p>\n<p>&nbsp;<\/p>\n<p>&nbsp;<\/p>\n<p><strong>La marque\u00a0<\/strong><\/p>\n<p>Toogood est une marque de v\u00eatements qui incarne un style intemporel, un savoir-faire exceptionnel et un souci de qualit\u00e9. La marque s'enracine dans l'h\u00e9ritage et l'artisanat britanniques. Elle c\u00e9l\u00e8bre son esth\u00e9tique distinctive et son souci du d\u00e9tail.<\/p>\n<p>Les artisans fabriquent m\u00e9ticuleusement chaque v\u00eatement en mettant l'accent sur la fonctionnalit\u00e9, la durabilit\u00e9 et le design. Ils s\u00e9lectionnent des mat\u00e9riaux de haute qualit\u00e9 et veillent \u00e0 la pr\u00e9cision des coutures. Chaque aspect du processus de cr\u00e9ation refl\u00e8te l'engagement de la marque en faveur de l'excellence.<\/p>","protected":false},"excerpt":{"rendered":"<p>Toogood Men The Draughtsman Shirt Poplin Chalk Color: Poplin Chalk Classic collar Button closure Long sleeves Buttoned cuffs Composition: 100% Cotton Made in EU Massyl is 180cm tall Model size: M Measurements: Shoulders: 57cm &#8211; Chest: 67cm &#8211; Sleeves: 57cm &#8211; Lenght: 75cm &nbsp; &nbsp; &nbsp; &nbsp; &nbsp; &nbsp; The brand\u00a0 Toogood is a clothing&hellip; <a class=\"more-link\" href=\"https:\/\/rendez-vous-store.com\/fr\/shop\/special-offer-men-rendez-vous-store\/men-shirt-special-offer-rendez-vous-store\/toogood-men-the-draughtsman-shirt-poplin-chalk-rendez-vous-store\/\">Continuer la lecture <span class=\"screen-reader-text\">Toogood - The Draughtsman Shirt - Poplin Chalk<\/span><\/a><\/p>","protected":false},"featured_media":139586,"template":"","meta":{"_acf_changed":false},"product_brand":[],"product_cat":[1292,1356,1350,20,74],"product_tag":[1172],"class_list":{"0":"post-137752","1":"product","2":"type-product","3":"status-publish","4":"has-post-thumbnail","6":"product_cat-1292","7":"product_cat-men-shirt-special-offer-rendez-vous-store","8":"product_cat-special-offer-men-rendez-vous-store","9":"product_cat-men-selection-discover-our-selection-rendez-vous-store","10":"product_cat-shirts-rendez-vous-store","11":"product_tag-toogood-designers-rendez-vous-store","12":"entry","14":"first","15":"outofstock","16":"taxable","17":"shipping-taxable","18":"product-type-variable","19":"has-default-attributes"},"acf":[],"yoast_head":"<!-- This site is optimized with the Yoast SEO plugin v24.9 - https:\/\/yoast.com\/wordpress\/plugins\/seo\/ -->\n<title>Toogood Men The Draughtsman Shirt Poplin Chalk<\/title>\n<meta name=\"description\" content=\"Toogood is on Rendez-vous Store. This Men The Draughtsman Shirt Poplin Chalk has androgynous shapes with utilitarian finishes.\" \/>\n<meta name=\"robots\" content=\"index, follow, max-snippet:-1, max-image-preview:large, max-video-preview:-1\" \/>\n<link rel=\"canonical\" href=\"https:\/\/rendez-vous-store.com\/fr\/shop\/special-offer-men-rendez-vous-store\/men-shirt-special-offer-rendez-vous-store\/toogood-men-the-draughtsman-shirt-poplin-chalk-rendez-vous-store\/\" \/>\n<meta property=\"og:locale\" content=\"fr_FR\" \/>\n<meta property=\"og:type\" content=\"article\" \/>\n<meta property=\"og:title\" content=\"Toogood Men The Draughtsman Shirt Poplin Chalk\" \/>\n<meta property=\"og:description\" content=\"Toogood is on Rendez-vous Store. This Men The Draughtsman Shirt Poplin Chalk has androgynous shapes with utilitarian finishes.\" \/>\n<meta property=\"og:url\" content=\"https:\/\/rendez-vous-store.com\/fr\/shop\/special-offer-men-rendez-vous-store\/men-shirt-special-offer-rendez-vous-store\/toogood-men-the-draughtsman-shirt-poplin-chalk-rendez-vous-store\/\" \/>\n<meta property=\"og:site_name\" content=\"RENDEZ-VOUS STORE\" \/>\n<meta property=\"article:modified_time\" content=\"2025-04-02T12:48:50+00:00\" \/>\n<meta property=\"og:image\" content=\"https:\/\/rendez-vous-store.com\/wp-content\/uploads\/2023\/10\/toogood-003-scaled.jpg\" \/>\n\t<meta property=\"og:image:width\" content=\"1696\" \/>\n\t<meta property=\"og:image:height\" content=\"2560\" \/>\n\t<meta property=\"og:image:type\" content=\"image\/jpeg\" \/>\n<meta name=\"twitter:card\" content=\"summary_large_image\" \/>\n<meta name=\"twitter:label1\" content=\"Est. reading time\" \/>\n\t<meta name=\"twitter:data1\" content=\"1 minute\" \/>\n<script type=\"application\/ld+json\" class=\"yoast-schema-graph\">{\"@context\":\"https:\/\/schema.org\",\"@graph\":[{\"@type\":\"WebPage\",\"@id\":\"https:\/\/rendez-vous-store.com\/shop\/special-offer-men-rendez-vous-store\/men-shirt-special-offer-rendez-vous-store\/toogood-men-the-draughtsman-shirt-poplin-chalk-rendez-vous-store\/\",\"url\":\"https:\/\/rendez-vous-store.com\/shop\/special-offer-men-rendez-vous-store\/men-shirt-special-offer-rendez-vous-store\/toogood-men-the-draughtsman-shirt-poplin-chalk-rendez-vous-store\/\",\"name\":\"Toogood Men The Draughtsman Shirt Poplin Chalk\",\"isPartOf\":{\"@id\":\"https:\/\/rendez-vous-store.com\/#website\"},\"primaryImageOfPage\":{\"@id\":\"https:\/\/rendez-vous-store.com\/shop\/special-offer-men-rendez-vous-store\/men-shirt-special-offer-rendez-vous-store\/toogood-men-the-draughtsman-shirt-poplin-chalk-rendez-vous-store\/#primaryimage\"},\"image\":{\"@id\":\"https:\/\/rendez-vous-store.com\/shop\/special-offer-men-rendez-vous-store\/men-shirt-special-offer-rendez-vous-store\/toogood-men-the-draughtsman-shirt-poplin-chalk-rendez-vous-store\/#primaryimage\"},\"thumbnailUrl\":\"https:\/\/rendez-vous-store.com\/app\/uploads\/2023\/10\/toogood-003-scaled.jpg\",\"datePublished\":\"2023-10-06T14:02:42+00:00\",\"dateModified\":\"2025-04-02T12:48:50+00:00\",\"description\":\"Toogood is on Rendez-vous Store. This Men The Draughtsman Shirt Poplin Chalk has androgynous shapes with utilitarian finishes.\",\"breadcrumb\":{\"@id\":\"https:\/\/rendez-vous-store.com\/shop\/special-offer-men-rendez-vous-store\/men-shirt-special-offer-rendez-vous-store\/toogood-men-the-draughtsman-shirt-poplin-chalk-rendez-vous-store\/#breadcrumb\"},\"inLanguage\":\"fr-FR\",\"potentialAction\":[{\"@type\":\"ReadAction\",\"target\":[\"https:\/\/rendez-vous-store.com\/shop\/special-offer-men-rendez-vous-store\/men-shirt-special-offer-rendez-vous-store\/toogood-men-the-draughtsman-shirt-poplin-chalk-rendez-vous-store\/\"]}]},{\"@type\":\"ImageObject\",\"inLanguage\":\"fr-FR\",\"@id\":\"https:\/\/rendez-vous-store.com\/shop\/special-offer-men-rendez-vous-store\/men-shirt-special-offer-rendez-vous-store\/toogood-men-the-draughtsman-shirt-poplin-chalk-rendez-vous-store\/#primaryimage\",\"url\":\"https:\/\/rendez-vous-store.com\/app\/uploads\/2023\/10\/toogood-003-scaled.jpg\",\"contentUrl\":\"https:\/\/rendez-vous-store.com\/app\/uploads\/2023\/10\/toogood-003-scaled.jpg\",\"width\":1696,\"height\":2560},{\"@type\":\"BreadcrumbList\",\"@id\":\"https:\/\/rendez-vous-store.com\/shop\/special-offer-men-rendez-vous-store\/men-shirt-special-offer-rendez-vous-store\/toogood-men-the-draughtsman-shirt-poplin-chalk-rendez-vous-store\/#breadcrumb\",\"itemListElement\":[{\"@type\":\"ListItem\",\"position\":1,\"name\":\"Home\",\"item\":\"https:\/\/rendez-vous-store.com\/\"},{\"@type\":\"ListItem\",\"position\":2,\"name\":\"Shop\",\"item\":\"https:\/\/www.rendez-vous-store.com\/shop\/\"},{\"@type\":\"ListItem\",\"position\":3,\"name\":\"Toogood &#8211; The Draughtsman Shirt &#8211; Poplin Chalk\"}]},{\"@type\":\"WebSite\",\"@id\":\"https:\/\/rendez-vous-store.com\/#website\",\"url\":\"https:\/\/rendez-vous-store.com\/\",\"name\":\"RENDEZ-VOUS STORE\",\"description\":\"Slow Fashion for Women and Men\",\"potentialAction\":[{\"@type\":\"SearchAction\",\"target\":{\"@type\":\"EntryPoint\",\"urlTemplate\":\"https:\/\/rendez-vous-store.com\/?s={search_term_string}\"},\"query-input\":{\"@type\":\"PropertyValueSpecification\",\"valueRequired\":true,\"valueName\":\"search_term_string\"}}],\"inLanguage\":\"fr-FR\"}]}<\/script>\n<!-- \/ Yoast SEO plugin. -->","yoast_head_json":{"title":"Toogood Men The Draughtsman Shirt Poplin Chalk","description":"Toogood is on Rendez-vous Store. This Men The Draughtsman Shirt Poplin Chalk has androgynous shapes with utilitarian finishes.","robots":{"index":"index","follow":"follow","max-snippet":"max-snippet:-1","max-image-preview":"max-image-preview:large","max-video-preview":"max-video-preview:-1"},"canonical":"https:\/\/rendez-vous-store.com\/fr\/shop\/special-offer-men-rendez-vous-store\/men-shirt-special-offer-rendez-vous-store\/toogood-men-the-draughtsman-shirt-poplin-chalk-rendez-vous-store\/","og_locale":"fr_FR","og_type":"article","og_title":"Toogood Men The Draughtsman Shirt Poplin Chalk","og_description":"Toogood is on Rendez-vous Store. This Men The Draughtsman Shirt Poplin Chalk has androgynous shapes with utilitarian finishes.","og_url":"https:\/\/rendez-vous-store.com\/fr\/shop\/special-offer-men-rendez-vous-store\/men-shirt-special-offer-rendez-vous-store\/toogood-men-the-draughtsman-shirt-poplin-chalk-rendez-vous-store\/","og_site_name":"RENDEZ-VOUS STORE","article_modified_time":"2025-04-02T12:48:50+00:00","og_image":[{"width":1696,"height":2560,"url":"https:\/\/rendez-vous-store.com\/wp-content\/uploads\/2023\/10\/toogood-003-scaled.jpg","type":"image\/jpeg"}],"twitter_card":"summary_large_image","twitter_misc":{"Est. reading time":"1 minute"},"schema":{"@context":"https:\/\/schema.org","@graph":[{"@type":"WebPage","@id":"https:\/\/rendez-vous-store.com\/shop\/special-offer-men-rendez-vous-store\/men-shirt-special-offer-rendez-vous-store\/toogood-men-the-draughtsman-shirt-poplin-chalk-rendez-vous-store\/","url":"https:\/\/rendez-vous-store.com\/shop\/special-offer-men-rendez-vous-store\/men-shirt-special-offer-rendez-vous-store\/toogood-men-the-draughtsman-shirt-poplin-chalk-rendez-vous-store\/","name":"Toogood Men The Draughtsman Shirt Poplin Chalk","isPartOf":{"@id":"https:\/\/rendez-vous-store.com\/#website"},"primaryImageOfPage":{"@id":"https:\/\/rendez-vous-store.com\/shop\/special-offer-men-rendez-vous-store\/men-shirt-special-offer-rendez-vous-store\/toogood-men-the-draughtsman-shirt-poplin-chalk-rendez-vous-store\/#primaryimage"},"image":{"@id":"https:\/\/rendez-vous-store.com\/shop\/special-offer-men-rendez-vous-store\/men-shirt-special-offer-rendez-vous-store\/toogood-men-the-draughtsman-shirt-poplin-chalk-rendez-vous-store\/#primaryimage"},"thumbnailUrl":"https:\/\/rendez-vous-store.com\/app\/uploads\/2023\/10\/toogood-003-scaled.jpg","datePublished":"2023-10-06T14:02:42+00:00","dateModified":"2025-04-02T12:48:50+00:00","description":"Toogood is on Rendez-vous Store. This Men The Draughtsman Shirt Poplin Chalk has androgynous shapes with utilitarian finishes.","breadcrumb":{"@id":"https:\/\/rendez-vous-store.com\/shop\/special-offer-men-rendez-vous-store\/men-shirt-special-offer-rendez-vous-store\/toogood-men-the-draughtsman-shirt-poplin-chalk-rendez-vous-store\/#breadcrumb"},"inLanguage":"fr-FR","potentialAction":[{"@type":"ReadAction","target":["https:\/\/rendez-vous-store.com\/shop\/special-offer-men-rendez-vous-store\/men-shirt-special-offer-rendez-vous-store\/toogood-men-the-draughtsman-shirt-poplin-chalk-rendez-vous-store\/"]}]},{"@type":"ImageObject","inLanguage":"fr-FR","@id":"https:\/\/rendez-vous-store.com\/shop\/special-offer-men-rendez-vous-store\/men-shirt-special-offer-rendez-vous-store\/toogood-men-the-draughtsman-shirt-poplin-chalk-rendez-vous-store\/#primaryimage","url":"https:\/\/rendez-vous-store.com\/app\/uploads\/2023\/10\/toogood-003-scaled.jpg","contentUrl":"https:\/\/rendez-vous-store.com\/app\/uploads\/2023\/10\/toogood-003-scaled.jpg","width":1696,"height":2560},{"@type":"BreadcrumbList","@id":"https:\/\/rendez-vous-store.com\/shop\/special-offer-men-rendez-vous-store\/men-shirt-special-offer-rendez-vous-store\/toogood-men-the-draughtsman-shirt-poplin-chalk-rendez-vous-store\/#breadcrumb","itemListElement":[{"@type":"ListItem","position":1,"name":"Home","item":"https:\/\/rendez-vous-store.com\/"},{"@type":"ListItem","position":2,"name":"Shop","item":"https:\/\/www.rendez-vous-store.com\/shop\/"},{"@type":"ListItem","position":3,"name":"Toogood &#8211; The Draughtsman Shirt &#8211; Poplin Chalk"}]},{"@type":"WebSite","@id":"https:\/\/rendez-vous-store.com\/#website","url":"https:\/\/rendez-vous-store.com\/","name":"RENDEZ-VOUS STORE","description":"Slow Fashion for Women and Men","potentialAction":[{"@type":"SearchAction","target":{"@type":"EntryPoint","urlTemplate":"https:\/\/rendez-vous-store.com\/?s={search_term_string}"},"query-input":{"@type":"PropertyValueSpecification","valueRequired":true,"valueName":"search_term_string"}}],"inLanguage":"fr-FR"}]}},"_links":{"self":[{"href":"https:\/\/rendez-vous-store.com\/fr\/wp-json\/wp\/v2\/product\/137752","targetHints":{"allow":["GET"]}}],"collection":[{"href":"https:\/\/rendez-vous-store.com\/fr\/wp-json\/wp\/v2\/product"}],"about":[{"href":"https:\/\/rendez-vous-store.com\/fr\/wp-json\/wp\/v2\/types\/product"}],"wp:featuredmedia":[{"embeddable":true,"href":"https:\/\/rendez-vous-store.com\/fr\/wp-json\/wp\/v2\/media\/139586"}],"wp:attachment":[{"href":"https:\/\/rendez-vous-store.com\/fr\/wp-json\/wp\/v2\/media?parent=137752"}],"wp:term":[{"taxonomy":"product_brand","embeddable":true,"href":"https:\/\/rendez-vous-store.com\/fr\/wp-json\/wp\/v2\/product_brand?post=137752"},{"taxonomy":"product_cat","embeddable":true,"href":"https:\/\/rendez-vous-store.com\/fr\/wp-json\/wp\/v2\/product_cat?post=137752"},{"taxonomy":"product_tag","embeddable":true,"href":"https:\/\/rendez-vous-store.com\/fr\/wp-json\/wp\/v2\/product_tag?post=137752"}],"curies":[{"name":"wp","href":"https:\/\/api.w.org\/{rel}","templated":true}]}}