{"id":137711,"date":"2023-10-06T16:02:20","date_gmt":"2023-10-06T14:02:20","guid":{"rendered":"https:\/\/rendez-vous-store.com\/?post_type=product&#038;p=137711"},"modified":"2026-03-16T15:16:07","modified_gmt":"2026-03-16T14:16:07","slug":"toogood-men-the-stonemason-jacket-flint-rendez-vous-store","status":"publish","type":"product","link":"https:\/\/rendez-vous-store.com\/fr\/shop\/men-selection-discover-our-selection-rendez-vous-store\/jackets-coats-discover-our-selection\/toogood-men-the-stonemason-jacket-flint-rendez-vous-store\/","title":{"rendered":"Toogood - The Stonemason Jacket - Flint"},"content":{"rendered":"<p><strong>Toogood Hommes Veste The Stonemason Flint<\/strong><\/p>\n<p>Couleur : Flint<\/p>\n<p>Coupe d\u00e9contract\u00e9e<\/p>\n<p>Col classique<\/p>\n<p>Fermeture par bouton<\/p>\n<p>Manches longues<\/p>\n<p>Poches plaqu\u00e9es sur le devant<\/p>\n<p>Tissu velours c\u00f4tel\u00e9<\/p>\n<p>Composition : 100% Coton<\/p>\n<p>Fabriqu\u00e9 dans l'UE<\/p>\n<p>Massyl mesure 180 cm<\/p>\n<p>Taille du mod\u00e8le : L<\/p>\n<div>Mesures :<\/div>\n<div><\/div>\n<div>L : Epaules : 50cm - Poitrine : 66cm - Manches : 63cm - Longueur : 77cm<\/div>\n<div><\/div>\n<div>XL : \u00c9paules : 50cm - Poitrine : 68cm - Manches : 65cm - Longueur : 80cm<\/div>\n<div><\/div>\n<div><\/div>\n<div><\/div>\n<div><\/div>\n<div><\/div>\n<div><\/div>\n<div>\n<p><strong>La marque\u00a0<\/strong><\/p>\n<p>Toogood est une marque de v\u00eatements qui incarne un style intemporel, un savoir-faire exceptionnel et un souci de qualit\u00e9. La marque s'enracine dans l'h\u00e9ritage et l'artisanat britanniques. Elle c\u00e9l\u00e8bre son esth\u00e9tique distinctive et son souci du d\u00e9tail.<\/p>\n<p>Les artisans fabriquent m\u00e9ticuleusement chaque v\u00eatement en mettant l'accent sur la fonctionnalit\u00e9, la durabilit\u00e9 et le design. Ils s\u00e9lectionnent des mat\u00e9riaux de haute qualit\u00e9 et veillent \u00e0 la pr\u00e9cision des coutures. Chaque aspect du processus de cr\u00e9ation refl\u00e8te l'engagement de la marque en faveur de l'excellence.<\/p>\n<p>D\u00e9couvrez l'\u00e9l\u00e9gance discr\u00e8te et le savoir-faire impeccable des collections de v\u00eatements Toogood. Avec Toogood, vous investissez dans bien plus que des v\u00eatements - vous investissez dans un h\u00e9ritage de style, de qualit\u00e9 et de durabilit\u00e9.<\/p>\n<\/div>","protected":false},"excerpt":{"rendered":"<p>Toogood Men The Stonemason Jacket Flint Color: Flint Relaxed fit Classic Collar Button Closure Long sleeves Front patch pockets Corduroy fabric Composition: 100% Cotton Made in EU Massyl is 180cm tall Model size: L Measurements: L: Shoulders: 50cm &#8211; Chest: 66cm &#8211; Sleeves: 63cm &#8211; Length: 77cm XL: Shoulders: 50cm &#8211; Chest: 68cm &#8211; Sleeves:&hellip; <a class=\"more-link\" href=\"https:\/\/rendez-vous-store.com\/fr\/shop\/men-selection-discover-our-selection-rendez-vous-store\/jackets-coats-discover-our-selection\/toogood-men-the-stonemason-jacket-flint-rendez-vous-store\/\">Continue reading <span class=\"screen-reader-text\">Toogood - The Stonemason Jacket - Flint<\/span><\/a><\/p>","protected":false},"featured_media":139594,"template":"","meta":{"_acf_changed":false},"product_brand":[],"product_cat":[20,53],"product_tag":[1172],"class_list":{"0":"post-137711","1":"product","2":"type-product","3":"status-publish","4":"has-post-thumbnail","6":"product_cat-men-selection-discover-our-selection-rendez-vous-store","7":"product_cat-jackets-coats-discover-our-selection","8":"product_tag-toogood-designers-rendez-vous-store","9":"entry","11":"first","12":"outofstock","13":"taxable","14":"shipping-taxable","15":"product-type-variable","16":"has-default-attributes"},"acf":[],"yoast_head":"<!-- This site is optimized with the Yoast SEO plugin v24.9 - https:\/\/yoast.com\/wordpress\/plugins\/seo\/ -->\n<title>Toogood Men The Stonemason Jacket Flint<\/title>\n<meta name=\"description\" content=\"Toogood is on Rendez-vous Store. This Men The Stonemason Jacket Flint has androgynous shapes with utilitarian finishes. Discover now.\" \/>\n<meta name=\"robots\" content=\"index, follow, max-snippet:-1, max-image-preview:large, max-video-preview:-1\" \/>\n<link rel=\"canonical\" href=\"https:\/\/rendez-vous-store.com\/fr\/shop\/men-selection-discover-our-selection-rendez-vous-store\/jackets-coats-discover-our-selection\/toogood-men-the-stonemason-jacket-flint-rendez-vous-store\/\" \/>\n<meta property=\"og:locale\" content=\"fr_FR\" \/>\n<meta property=\"og:type\" content=\"article\" \/>\n<meta property=\"og:title\" content=\"Toogood Men The Stonemason Jacket Flint\" \/>\n<meta property=\"og:description\" content=\"Toogood is on Rendez-vous Store. This Men The Stonemason Jacket Flint has androgynous shapes with utilitarian finishes. Discover now.\" \/>\n<meta property=\"og:url\" content=\"https:\/\/rendez-vous-store.com\/fr\/shop\/men-selection-discover-our-selection-rendez-vous-store\/jackets-coats-discover-our-selection\/toogood-men-the-stonemason-jacket-flint-rendez-vous-store\/\" \/>\n<meta property=\"og:site_name\" content=\"RENDEZ-VOUS STORE\" \/>\n<meta property=\"article:modified_time\" content=\"2026-03-16T14:16:07+00:00\" \/>\n<meta property=\"og:image\" content=\"https:\/\/rendez-vous-store.com\/wp-content\/uploads\/2023\/10\/toogood-scaled.jpg\" \/>\n\t<meta property=\"og:image:width\" content=\"1696\" \/>\n\t<meta property=\"og:image:height\" content=\"2560\" \/>\n\t<meta property=\"og:image:type\" content=\"image\/jpeg\" \/>\n<meta name=\"twitter:card\" content=\"summary_large_image\" \/>\n<meta name=\"twitter:label1\" content=\"Est. reading time\" \/>\n\t<meta name=\"twitter:data1\" content=\"1 minute\" \/>\n<script type=\"application\/ld+json\" class=\"yoast-schema-graph\">{\"@context\":\"https:\/\/schema.org\",\"@graph\":[{\"@type\":\"WebPage\",\"@id\":\"https:\/\/rendez-vous-store.com\/shop\/men-selection-discover-our-selection-rendez-vous-store\/jackets-coats-discover-our-selection\/toogood-men-the-stonemason-jacket-flint-rendez-vous-store\/\",\"url\":\"https:\/\/rendez-vous-store.com\/shop\/men-selection-discover-our-selection-rendez-vous-store\/jackets-coats-discover-our-selection\/toogood-men-the-stonemason-jacket-flint-rendez-vous-store\/\",\"name\":\"Toogood Men The Stonemason Jacket Flint\",\"isPartOf\":{\"@id\":\"https:\/\/rendez-vous-store.com\/#website\"},\"primaryImageOfPage\":{\"@id\":\"https:\/\/rendez-vous-store.com\/shop\/men-selection-discover-our-selection-rendez-vous-store\/jackets-coats-discover-our-selection\/toogood-men-the-stonemason-jacket-flint-rendez-vous-store\/#primaryimage\"},\"image\":{\"@id\":\"https:\/\/rendez-vous-store.com\/shop\/men-selection-discover-our-selection-rendez-vous-store\/jackets-coats-discover-our-selection\/toogood-men-the-stonemason-jacket-flint-rendez-vous-store\/#primaryimage\"},\"thumbnailUrl\":\"https:\/\/rendez-vous-store.com\/app\/uploads\/2023\/10\/toogood-scaled.jpg\",\"datePublished\":\"2023-10-06T14:02:20+00:00\",\"dateModified\":\"2026-03-16T14:16:07+00:00\",\"description\":\"Toogood is on Rendez-vous Store. This Men The Stonemason Jacket Flint has androgynous shapes with utilitarian finishes. Discover now.\",\"breadcrumb\":{\"@id\":\"https:\/\/rendez-vous-store.com\/shop\/men-selection-discover-our-selection-rendez-vous-store\/jackets-coats-discover-our-selection\/toogood-men-the-stonemason-jacket-flint-rendez-vous-store\/#breadcrumb\"},\"inLanguage\":\"fr-FR\",\"potentialAction\":[{\"@type\":\"ReadAction\",\"target\":[\"https:\/\/rendez-vous-store.com\/shop\/men-selection-discover-our-selection-rendez-vous-store\/jackets-coats-discover-our-selection\/toogood-men-the-stonemason-jacket-flint-rendez-vous-store\/\"]}]},{\"@type\":\"ImageObject\",\"inLanguage\":\"fr-FR\",\"@id\":\"https:\/\/rendez-vous-store.com\/shop\/men-selection-discover-our-selection-rendez-vous-store\/jackets-coats-discover-our-selection\/toogood-men-the-stonemason-jacket-flint-rendez-vous-store\/#primaryimage\",\"url\":\"https:\/\/rendez-vous-store.com\/app\/uploads\/2023\/10\/toogood-scaled.jpg\",\"contentUrl\":\"https:\/\/rendez-vous-store.com\/app\/uploads\/2023\/10\/toogood-scaled.jpg\",\"width\":1696,\"height\":2560},{\"@type\":\"BreadcrumbList\",\"@id\":\"https:\/\/rendez-vous-store.com\/shop\/men-selection-discover-our-selection-rendez-vous-store\/jackets-coats-discover-our-selection\/toogood-men-the-stonemason-jacket-flint-rendez-vous-store\/#breadcrumb\",\"itemListElement\":[{\"@type\":\"ListItem\",\"position\":1,\"name\":\"Home\",\"item\":\"https:\/\/rendez-vous-store.com\/\"},{\"@type\":\"ListItem\",\"position\":2,\"name\":\"Shop\",\"item\":\"https:\/\/www.rendez-vous-store.com\/shop\/\"},{\"@type\":\"ListItem\",\"position\":3,\"name\":\"Toogood &#8211; The Stonemason Jacket &#8211; Flint\"}]},{\"@type\":\"WebSite\",\"@id\":\"https:\/\/rendez-vous-store.com\/#website\",\"url\":\"https:\/\/rendez-vous-store.com\/\",\"name\":\"RENDEZ-VOUS STORE\",\"description\":\"Slow Fashion for Women and Men\",\"potentialAction\":[{\"@type\":\"SearchAction\",\"target\":{\"@type\":\"EntryPoint\",\"urlTemplate\":\"https:\/\/rendez-vous-store.com\/?s={search_term_string}\"},\"query-input\":{\"@type\":\"PropertyValueSpecification\",\"valueRequired\":true,\"valueName\":\"search_term_string\"}}],\"inLanguage\":\"fr-FR\"}]}<\/script>\n<!-- \/ Yoast SEO plugin. -->","yoast_head_json":{"title":"Toogood Men The Stonemason Jacket Flint","description":"Toogood is on Rendez-vous Store. This Men The Stonemason Jacket Flint has androgynous shapes with utilitarian finishes. Discover now.","robots":{"index":"index","follow":"follow","max-snippet":"max-snippet:-1","max-image-preview":"max-image-preview:large","max-video-preview":"max-video-preview:-1"},"canonical":"https:\/\/rendez-vous-store.com\/fr\/shop\/men-selection-discover-our-selection-rendez-vous-store\/jackets-coats-discover-our-selection\/toogood-men-the-stonemason-jacket-flint-rendez-vous-store\/","og_locale":"fr_FR","og_type":"article","og_title":"Toogood Men The Stonemason Jacket Flint","og_description":"Toogood is on Rendez-vous Store. This Men The Stonemason Jacket Flint has androgynous shapes with utilitarian finishes. Discover now.","og_url":"https:\/\/rendez-vous-store.com\/fr\/shop\/men-selection-discover-our-selection-rendez-vous-store\/jackets-coats-discover-our-selection\/toogood-men-the-stonemason-jacket-flint-rendez-vous-store\/","og_site_name":"RENDEZ-VOUS STORE","article_modified_time":"2026-03-16T14:16:07+00:00","og_image":[{"width":1696,"height":2560,"url":"https:\/\/rendez-vous-store.com\/wp-content\/uploads\/2023\/10\/toogood-scaled.jpg","type":"image\/jpeg"}],"twitter_card":"summary_large_image","twitter_misc":{"Est. reading time":"1 minute"},"schema":{"@context":"https:\/\/schema.org","@graph":[{"@type":"WebPage","@id":"https:\/\/rendez-vous-store.com\/shop\/men-selection-discover-our-selection-rendez-vous-store\/jackets-coats-discover-our-selection\/toogood-men-the-stonemason-jacket-flint-rendez-vous-store\/","url":"https:\/\/rendez-vous-store.com\/shop\/men-selection-discover-our-selection-rendez-vous-store\/jackets-coats-discover-our-selection\/toogood-men-the-stonemason-jacket-flint-rendez-vous-store\/","name":"Toogood Men The Stonemason Jacket Flint","isPartOf":{"@id":"https:\/\/rendez-vous-store.com\/#website"},"primaryImageOfPage":{"@id":"https:\/\/rendez-vous-store.com\/shop\/men-selection-discover-our-selection-rendez-vous-store\/jackets-coats-discover-our-selection\/toogood-men-the-stonemason-jacket-flint-rendez-vous-store\/#primaryimage"},"image":{"@id":"https:\/\/rendez-vous-store.com\/shop\/men-selection-discover-our-selection-rendez-vous-store\/jackets-coats-discover-our-selection\/toogood-men-the-stonemason-jacket-flint-rendez-vous-store\/#primaryimage"},"thumbnailUrl":"https:\/\/rendez-vous-store.com\/app\/uploads\/2023\/10\/toogood-scaled.jpg","datePublished":"2023-10-06T14:02:20+00:00","dateModified":"2026-03-16T14:16:07+00:00","description":"Toogood is on Rendez-vous Store. This Men The Stonemason Jacket Flint has androgynous shapes with utilitarian finishes. Discover now.","breadcrumb":{"@id":"https:\/\/rendez-vous-store.com\/shop\/men-selection-discover-our-selection-rendez-vous-store\/jackets-coats-discover-our-selection\/toogood-men-the-stonemason-jacket-flint-rendez-vous-store\/#breadcrumb"},"inLanguage":"fr-FR","potentialAction":[{"@type":"ReadAction","target":["https:\/\/rendez-vous-store.com\/shop\/men-selection-discover-our-selection-rendez-vous-store\/jackets-coats-discover-our-selection\/toogood-men-the-stonemason-jacket-flint-rendez-vous-store\/"]}]},{"@type":"ImageObject","inLanguage":"fr-FR","@id":"https:\/\/rendez-vous-store.com\/shop\/men-selection-discover-our-selection-rendez-vous-store\/jackets-coats-discover-our-selection\/toogood-men-the-stonemason-jacket-flint-rendez-vous-store\/#primaryimage","url":"https:\/\/rendez-vous-store.com\/app\/uploads\/2023\/10\/toogood-scaled.jpg","contentUrl":"https:\/\/rendez-vous-store.com\/app\/uploads\/2023\/10\/toogood-scaled.jpg","width":1696,"height":2560},{"@type":"BreadcrumbList","@id":"https:\/\/rendez-vous-store.com\/shop\/men-selection-discover-our-selection-rendez-vous-store\/jackets-coats-discover-our-selection\/toogood-men-the-stonemason-jacket-flint-rendez-vous-store\/#breadcrumb","itemListElement":[{"@type":"ListItem","position":1,"name":"Home","item":"https:\/\/rendez-vous-store.com\/"},{"@type":"ListItem","position":2,"name":"Shop","item":"https:\/\/www.rendez-vous-store.com\/shop\/"},{"@type":"ListItem","position":3,"name":"Toogood &#8211; The Stonemason Jacket &#8211; Flint"}]},{"@type":"WebSite","@id":"https:\/\/rendez-vous-store.com\/#website","url":"https:\/\/rendez-vous-store.com\/","name":"RENDEZ-VOUS STORE","description":"Slow Fashion for Women and Men","potentialAction":[{"@type":"SearchAction","target":{"@type":"EntryPoint","urlTemplate":"https:\/\/rendez-vous-store.com\/?s={search_term_string}"},"query-input":{"@type":"PropertyValueSpecification","valueRequired":true,"valueName":"search_term_string"}}],"inLanguage":"fr-FR"}]}},"_links":{"self":[{"href":"https:\/\/rendez-vous-store.com\/fr\/wp-json\/wp\/v2\/product\/137711","targetHints":{"allow":["GET"]}}],"collection":[{"href":"https:\/\/rendez-vous-store.com\/fr\/wp-json\/wp\/v2\/product"}],"about":[{"href":"https:\/\/rendez-vous-store.com\/fr\/wp-json\/wp\/v2\/types\/product"}],"wp:featuredmedia":[{"embeddable":true,"href":"https:\/\/rendez-vous-store.com\/fr\/wp-json\/wp\/v2\/media\/139594"}],"wp:attachment":[{"href":"https:\/\/rendez-vous-store.com\/fr\/wp-json\/wp\/v2\/media?parent=137711"}],"wp:term":[{"taxonomy":"product_brand","embeddable":true,"href":"https:\/\/rendez-vous-store.com\/fr\/wp-json\/wp\/v2\/product_brand?post=137711"},{"taxonomy":"product_cat","embeddable":true,"href":"https:\/\/rendez-vous-store.com\/fr\/wp-json\/wp\/v2\/product_cat?post=137711"},{"taxonomy":"product_tag","embeddable":true,"href":"https:\/\/rendez-vous-store.com\/fr\/wp-json\/wp\/v2\/product_tag?post=137711"}],"curies":[{"name":"wp","href":"https:\/\/api.w.org\/{rel}","templated":true}]}}