{"id":137641,"date":"2023-10-06T15:12:11","date_gmt":"2023-10-06T13:12:11","guid":{"rendered":"https:\/\/rendez-vous-store.com\/?post_type=product&#038;p=137641"},"modified":"2026-03-16T15:18:32","modified_gmt":"2026-03-16T14:18:32","slug":"toogood-the-engineer-jean-organic-denim-raw-rendez-vous-store","status":"publish","type":"product","link":"https:\/\/rendez-vous-store.com\/fr\/shop\/last-pieces-women-rendez-vous-store\/last-pieces-women-trousers-skirt-rendez-vous-store\/toogood-the-engineer-jean-organic-denim-raw-rendez-vous-store\/","title":{"rendered":"Toogood - The Engineer Jean - Organic Denim Raw"},"content":{"rendered":"<p><strong>Toogood Women The Engineer Jean Raw<\/strong><\/p>\n<p>Couleur : Brut<\/p>\n<p>Passants de ceinture \u00e0 la taille partiellement \u00e9lastiqu\u00e9e<\/p>\n<p>Quatre poches<\/p>\n<p>Fermeture \u00e9clair<\/p>\n<p>Fl\u00e9chettes au genou<\/p>\n<p>Jambe courte<\/p>\n<p>Boucle de s\u00e9curit\u00e9 \u00e0 la ceinture arri\u00e8re<\/p>\n<p>Coutures contrast\u00e9es en beige<\/p>\n<p>Composition : 100% Coton<\/p>\n<p>Fabriqu\u00e9 au Portugal<\/p>\n<p>Ma\u00e9va mesure 168 cm<\/p>\n<p>Taille du mod\u00e8le : 28<\/p>\n<p>Mesures :<\/p>\n<p>26 : Taille : 36 \u00e0 38cm - Hanche : 52cm - Cuisse : 32cm - Entrejambe : 73cm - Longueur : 97cm<\/p>\n<p>28 : Taille : 38 \u00e0 40cm - Hanche : 54cm - Cuisse : 33cm - Entrejambe : 73cm - Longueur : 100cm<\/p>\n<p>30 : Taille : 40 \u00e0 42cm - Hanche : 58cm - Cuisse : 34cm - Entrejambe : 74cm - Longueur : 102cm<\/p>\n<p>&nbsp;<\/p>\n<p>&nbsp;<\/p>\n<p>&nbsp;<\/p>\n<p>&nbsp;<\/p>\n<p><strong>La marque\u00a0<\/strong><\/p>\n<p>Toogood est une marque de v\u00eatements qui incarne un style intemporel, un savoir-faire exceptionnel et un souci de qualit\u00e9. La marque s'enracine dans l'h\u00e9ritage et l'artisanat britanniques. Elle c\u00e9l\u00e8bre son esth\u00e9tique distinctive et son souci du d\u00e9tail.<\/p>\n<p>Les artisans fabriquent m\u00e9ticuleusement chaque v\u00eatement en mettant l'accent sur la fonctionnalit\u00e9, la durabilit\u00e9 et le design. Ils s\u00e9lectionnent des mat\u00e9riaux de haute qualit\u00e9 et veillent \u00e0 la pr\u00e9cision des coutures. Chaque aspect du processus de cr\u00e9ation refl\u00e8te l'engagement de la marque en faveur de l'excellence.<\/p>","protected":false},"excerpt":{"rendered":"<p>Toogood Women The Engineer Jean Raw Color: Raw Belt loops at partially elasticized waistband Four pockets styling Zip-fly Darts at knee Cropped leg Locker loop at nack waistband Contrast stitching in beige Composition: 100% Cotton Made in Portugal Ma\u00e9va is 168cm tall Model size: 28 Measurements: 26: Waist: 36 to 38cm &#8211; Hip: 52cm &#8211;&hellip; <a class=\"more-link\" href=\"https:\/\/rendez-vous-store.com\/fr\/shop\/last-pieces-women-rendez-vous-store\/last-pieces-women-trousers-skirt-rendez-vous-store\/toogood-the-engineer-jean-organic-denim-raw-rendez-vous-store\/\">Continuer la lecture <span class=\"screen-reader-text\">Toogood - The Engineer Jean - Organic Denim Raw<\/span><\/a><\/p>","protected":false},"featured_media":138118,"template":"","meta":{"_acf_changed":false},"product_brand":[],"product_cat":[1138,1164,1144],"product_tag":[],"class_list":{"0":"post-137641","1":"product","2":"type-product","3":"status-publish","4":"has-post-thumbnail","6":"product_cat-last-pieces-women-rendez-vous-store","7":"product_cat-1164","8":"product_cat-last-pieces-women-trousers-skirt-rendez-vous-store","9":"entry","11":"first","12":"outofstock","13":"taxable","14":"shipping-taxable","15":"product-type-variable","16":"has-default-attributes"},"acf":[],"yoast_head":"<!-- This site is optimized with the Yoast SEO plugin v24.9 - https:\/\/yoast.com\/wordpress\/plugins\/seo\/ -->\n<title>Toogood Women The Engineer Jean Raw<\/title>\n<meta name=\"description\" content=\"Toogood is on Rendez-vous Store. This Women The Engineer Jean Raw has androgynous shapes with utilitarian finishes. Discover now.\" \/>\n<meta name=\"robots\" content=\"index, follow, max-snippet:-1, max-image-preview:large, max-video-preview:-1\" \/>\n<link rel=\"canonical\" href=\"https:\/\/rendez-vous-store.com\/fr\/shop\/last-pieces-women-rendez-vous-store\/last-pieces-women-trousers-skirt-rendez-vous-store\/toogood-the-engineer-jean-organic-denim-raw-rendez-vous-store\/\" \/>\n<meta property=\"og:locale\" content=\"fr_FR\" \/>\n<meta property=\"og:type\" content=\"article\" \/>\n<meta property=\"og:title\" content=\"Toogood Women The Engineer Jean Raw\" \/>\n<meta property=\"og:description\" content=\"Toogood is on Rendez-vous Store. This Women The Engineer Jean Raw has androgynous shapes with utilitarian finishes. Discover now.\" \/>\n<meta property=\"og:url\" content=\"https:\/\/rendez-vous-store.com\/fr\/shop\/last-pieces-women-rendez-vous-store\/last-pieces-women-trousers-skirt-rendez-vous-store\/toogood-the-engineer-jean-organic-denim-raw-rendez-vous-store\/\" \/>\n<meta property=\"og:site_name\" content=\"RENDEZ-VOUS STORE\" \/>\n<meta property=\"article:modified_time\" content=\"2026-03-16T14:18:32+00:00\" \/>\n<meta property=\"og:image\" content=\"https:\/\/rendez-vous-store.com\/wp-content\/uploads\/2023\/10\/rdv_toogood_65-scaled.webp\" \/>\n\t<meta property=\"og:image:width\" content=\"1696\" \/>\n\t<meta property=\"og:image:height\" content=\"2560\" \/>\n\t<meta property=\"og:image:type\" content=\"image\/webp\" \/>\n<meta name=\"twitter:card\" content=\"summary_large_image\" \/>\n<meta name=\"twitter:label1\" content=\"Est. reading time\" \/>\n\t<meta name=\"twitter:data1\" content=\"1 minute\" \/>\n<script type=\"application\/ld+json\" class=\"yoast-schema-graph\">{\"@context\":\"https:\/\/schema.org\",\"@graph\":[{\"@type\":\"WebPage\",\"@id\":\"https:\/\/rendez-vous-store.com\/shop\/last-pieces-women-rendez-vous-store\/last-pieces-women-trousers-skirt-rendez-vous-store\/toogood-the-engineer-jean-organic-denim-raw-rendez-vous-store\/\",\"url\":\"https:\/\/rendez-vous-store.com\/shop\/last-pieces-women-rendez-vous-store\/last-pieces-women-trousers-skirt-rendez-vous-store\/toogood-the-engineer-jean-organic-denim-raw-rendez-vous-store\/\",\"name\":\"Toogood Women The Engineer Jean Raw\",\"isPartOf\":{\"@id\":\"https:\/\/rendez-vous-store.com\/#website\"},\"primaryImageOfPage\":{\"@id\":\"https:\/\/rendez-vous-store.com\/shop\/last-pieces-women-rendez-vous-store\/last-pieces-women-trousers-skirt-rendez-vous-store\/toogood-the-engineer-jean-organic-denim-raw-rendez-vous-store\/#primaryimage\"},\"image\":{\"@id\":\"https:\/\/rendez-vous-store.com\/shop\/last-pieces-women-rendez-vous-store\/last-pieces-women-trousers-skirt-rendez-vous-store\/toogood-the-engineer-jean-organic-denim-raw-rendez-vous-store\/#primaryimage\"},\"thumbnailUrl\":\"https:\/\/rendez-vous-store.com\/app\/uploads\/2023\/10\/rdv_toogood_65-scaled.webp\",\"datePublished\":\"2023-10-06T13:12:11+00:00\",\"dateModified\":\"2026-03-16T14:18:32+00:00\",\"description\":\"Toogood is on Rendez-vous Store. This Women The Engineer Jean Raw has androgynous shapes with utilitarian finishes. Discover now.\",\"breadcrumb\":{\"@id\":\"https:\/\/rendez-vous-store.com\/shop\/last-pieces-women-rendez-vous-store\/last-pieces-women-trousers-skirt-rendez-vous-store\/toogood-the-engineer-jean-organic-denim-raw-rendez-vous-store\/#breadcrumb\"},\"inLanguage\":\"fr-FR\",\"potentialAction\":[{\"@type\":\"ReadAction\",\"target\":[\"https:\/\/rendez-vous-store.com\/shop\/last-pieces-women-rendez-vous-store\/last-pieces-women-trousers-skirt-rendez-vous-store\/toogood-the-engineer-jean-organic-denim-raw-rendez-vous-store\/\"]}]},{\"@type\":\"ImageObject\",\"inLanguage\":\"fr-FR\",\"@id\":\"https:\/\/rendez-vous-store.com\/shop\/last-pieces-women-rendez-vous-store\/last-pieces-women-trousers-skirt-rendez-vous-store\/toogood-the-engineer-jean-organic-denim-raw-rendez-vous-store\/#primaryimage\",\"url\":\"https:\/\/rendez-vous-store.com\/app\/uploads\/2023\/10\/rdv_toogood_65-scaled.webp\",\"contentUrl\":\"https:\/\/rendez-vous-store.com\/app\/uploads\/2023\/10\/rdv_toogood_65-scaled.webp\",\"width\":1696,\"height\":2560,\"caption\":\"Toogood - The Engineer Jean - Organic Denim Raw\"},{\"@type\":\"BreadcrumbList\",\"@id\":\"https:\/\/rendez-vous-store.com\/shop\/last-pieces-women-rendez-vous-store\/last-pieces-women-trousers-skirt-rendez-vous-store\/toogood-the-engineer-jean-organic-denim-raw-rendez-vous-store\/#breadcrumb\",\"itemListElement\":[{\"@type\":\"ListItem\",\"position\":1,\"name\":\"Home\",\"item\":\"https:\/\/rendez-vous-store.com\/\"},{\"@type\":\"ListItem\",\"position\":2,\"name\":\"Shop\",\"item\":\"https:\/\/www.rendez-vous-store.com\/shop\/\"},{\"@type\":\"ListItem\",\"position\":3,\"name\":\"Toogood &#8211; The Engineer Jean &#8211; Organic Denim Raw\"}]},{\"@type\":\"WebSite\",\"@id\":\"https:\/\/rendez-vous-store.com\/#website\",\"url\":\"https:\/\/rendez-vous-store.com\/\",\"name\":\"RENDEZ-VOUS STORE\",\"description\":\"Slow Fashion for Women and Men\",\"potentialAction\":[{\"@type\":\"SearchAction\",\"target\":{\"@type\":\"EntryPoint\",\"urlTemplate\":\"https:\/\/rendez-vous-store.com\/?s={search_term_string}\"},\"query-input\":{\"@type\":\"PropertyValueSpecification\",\"valueRequired\":true,\"valueName\":\"search_term_string\"}}],\"inLanguage\":\"fr-FR\"}]}<\/script>\n<!-- \/ Yoast SEO plugin. -->","yoast_head_json":{"title":"Toogood Women The Engineer Jean Raw","description":"Toogood is on Rendez-vous Store. This Women The Engineer Jean Raw has androgynous shapes with utilitarian finishes. Discover now.","robots":{"index":"index","follow":"follow","max-snippet":"max-snippet:-1","max-image-preview":"max-image-preview:large","max-video-preview":"max-video-preview:-1"},"canonical":"https:\/\/rendez-vous-store.com\/fr\/shop\/last-pieces-women-rendez-vous-store\/last-pieces-women-trousers-skirt-rendez-vous-store\/toogood-the-engineer-jean-organic-denim-raw-rendez-vous-store\/","og_locale":"fr_FR","og_type":"article","og_title":"Toogood Women The Engineer Jean Raw","og_description":"Toogood is on Rendez-vous Store. This Women The Engineer Jean Raw has androgynous shapes with utilitarian finishes. Discover now.","og_url":"https:\/\/rendez-vous-store.com\/fr\/shop\/last-pieces-women-rendez-vous-store\/last-pieces-women-trousers-skirt-rendez-vous-store\/toogood-the-engineer-jean-organic-denim-raw-rendez-vous-store\/","og_site_name":"RENDEZ-VOUS STORE","article_modified_time":"2026-03-16T14:18:32+00:00","og_image":[{"width":1696,"height":2560,"url":"https:\/\/rendez-vous-store.com\/wp-content\/uploads\/2023\/10\/rdv_toogood_65-scaled.webp","type":"image\/webp"}],"twitter_card":"summary_large_image","twitter_misc":{"Est. reading time":"1 minute"},"schema":{"@context":"https:\/\/schema.org","@graph":[{"@type":"WebPage","@id":"https:\/\/rendez-vous-store.com\/shop\/last-pieces-women-rendez-vous-store\/last-pieces-women-trousers-skirt-rendez-vous-store\/toogood-the-engineer-jean-organic-denim-raw-rendez-vous-store\/","url":"https:\/\/rendez-vous-store.com\/shop\/last-pieces-women-rendez-vous-store\/last-pieces-women-trousers-skirt-rendez-vous-store\/toogood-the-engineer-jean-organic-denim-raw-rendez-vous-store\/","name":"Toogood Women The Engineer Jean Raw","isPartOf":{"@id":"https:\/\/rendez-vous-store.com\/#website"},"primaryImageOfPage":{"@id":"https:\/\/rendez-vous-store.com\/shop\/last-pieces-women-rendez-vous-store\/last-pieces-women-trousers-skirt-rendez-vous-store\/toogood-the-engineer-jean-organic-denim-raw-rendez-vous-store\/#primaryimage"},"image":{"@id":"https:\/\/rendez-vous-store.com\/shop\/last-pieces-women-rendez-vous-store\/last-pieces-women-trousers-skirt-rendez-vous-store\/toogood-the-engineer-jean-organic-denim-raw-rendez-vous-store\/#primaryimage"},"thumbnailUrl":"https:\/\/rendez-vous-store.com\/app\/uploads\/2023\/10\/rdv_toogood_65-scaled.webp","datePublished":"2023-10-06T13:12:11+00:00","dateModified":"2026-03-16T14:18:32+00:00","description":"Toogood is on Rendez-vous Store. This Women The Engineer Jean Raw has androgynous shapes with utilitarian finishes. Discover now.","breadcrumb":{"@id":"https:\/\/rendez-vous-store.com\/shop\/last-pieces-women-rendez-vous-store\/last-pieces-women-trousers-skirt-rendez-vous-store\/toogood-the-engineer-jean-organic-denim-raw-rendez-vous-store\/#breadcrumb"},"inLanguage":"fr-FR","potentialAction":[{"@type":"ReadAction","target":["https:\/\/rendez-vous-store.com\/shop\/last-pieces-women-rendez-vous-store\/last-pieces-women-trousers-skirt-rendez-vous-store\/toogood-the-engineer-jean-organic-denim-raw-rendez-vous-store\/"]}]},{"@type":"ImageObject","inLanguage":"fr-FR","@id":"https:\/\/rendez-vous-store.com\/shop\/last-pieces-women-rendez-vous-store\/last-pieces-women-trousers-skirt-rendez-vous-store\/toogood-the-engineer-jean-organic-denim-raw-rendez-vous-store\/#primaryimage","url":"https:\/\/rendez-vous-store.com\/app\/uploads\/2023\/10\/rdv_toogood_65-scaled.webp","contentUrl":"https:\/\/rendez-vous-store.com\/app\/uploads\/2023\/10\/rdv_toogood_65-scaled.webp","width":1696,"height":2560,"caption":"Toogood - The Engineer Jean - Organic Denim Raw"},{"@type":"BreadcrumbList","@id":"https:\/\/rendez-vous-store.com\/shop\/last-pieces-women-rendez-vous-store\/last-pieces-women-trousers-skirt-rendez-vous-store\/toogood-the-engineer-jean-organic-denim-raw-rendez-vous-store\/#breadcrumb","itemListElement":[{"@type":"ListItem","position":1,"name":"Home","item":"https:\/\/rendez-vous-store.com\/"},{"@type":"ListItem","position":2,"name":"Shop","item":"https:\/\/www.rendez-vous-store.com\/shop\/"},{"@type":"ListItem","position":3,"name":"Toogood &#8211; The Engineer Jean &#8211; Organic Denim Raw"}]},{"@type":"WebSite","@id":"https:\/\/rendez-vous-store.com\/#website","url":"https:\/\/rendez-vous-store.com\/","name":"RENDEZ-VOUS STORE","description":"Slow Fashion for Women and Men","potentialAction":[{"@type":"SearchAction","target":{"@type":"EntryPoint","urlTemplate":"https:\/\/rendez-vous-store.com\/?s={search_term_string}"},"query-input":{"@type":"PropertyValueSpecification","valueRequired":true,"valueName":"search_term_string"}}],"inLanguage":"fr-FR"}]}},"_links":{"self":[{"href":"https:\/\/rendez-vous-store.com\/fr\/wp-json\/wp\/v2\/product\/137641","targetHints":{"allow":["GET"]}}],"collection":[{"href":"https:\/\/rendez-vous-store.com\/fr\/wp-json\/wp\/v2\/product"}],"about":[{"href":"https:\/\/rendez-vous-store.com\/fr\/wp-json\/wp\/v2\/types\/product"}],"wp:featuredmedia":[{"embeddable":true,"href":"https:\/\/rendez-vous-store.com\/fr\/wp-json\/wp\/v2\/media\/138118"}],"wp:attachment":[{"href":"https:\/\/rendez-vous-store.com\/fr\/wp-json\/wp\/v2\/media?parent=137641"}],"wp:term":[{"taxonomy":"product_brand","embeddable":true,"href":"https:\/\/rendez-vous-store.com\/fr\/wp-json\/wp\/v2\/product_brand?post=137641"},{"taxonomy":"product_cat","embeddable":true,"href":"https:\/\/rendez-vous-store.com\/fr\/wp-json\/wp\/v2\/product_cat?post=137641"},{"taxonomy":"product_tag","embeddable":true,"href":"https:\/\/rendez-vous-store.com\/fr\/wp-json\/wp\/v2\/product_tag?post=137641"}],"curies":[{"name":"wp","href":"https:\/\/api.w.org\/{rel}","templated":true}]}}