{"id":134337,"date":"2023-09-19T13:16:23","date_gmt":"2023-09-19T11:16:23","guid":{"rendered":"https:\/\/rendez-vous-store.com\/?post_type=product&#038;p=134337"},"modified":"2026-03-16T16:22:19","modified_gmt":"2026-03-16T15:22:19","slug":"apuntob-women-trousers-chocolate-2-rendez-vous-store","status":"publish","type":"product","link":"https:\/\/rendez-vous-store.com\/fr\/shop\/last-pieces-men\/last-pieces-men-trousers-shorts-rendez-vous-store\/apuntob-women-trousers-chocolate-2-rendez-vous-store\/","title":{"rendered":"ApuntoB - Pantalon P1798\/TS738 - Chocolat"},"content":{"rendered":"<p><strong>Apuntob Pantalon Femme Chocolat<\/strong><\/p>\n<p>Couleur : Chocolate Check<\/p>\n<p>Coupe ample<\/p>\n<p>Taille \u00e9lastique<\/p>\n<p>Poches sur les coutures lat\u00e9rales<\/p>\n<p>Entrejambe l\u00e9g\u00e8rement bas<\/p>\n<p>Jambes droites<\/p>\n<p>Composition : 100% Laine<\/p>\n<p>Fabriqu\u00e9 en Italie<\/p>\n<p>Ma\u00e9va mesure 168 cm<\/p>\n<p>Taille du mod\u00e8le : S<\/p>\n<p>Mesures taille S : Taille : 37 - Hanche : 58cm - Cuisse : 33cm - Entrejambe : 76cm - Longueur : 104cm<\/p>\n<p>&nbsp;<\/p>\n<p>&nbsp;<\/p>\n<p>&nbsp;<\/p>\n<p>&nbsp;<\/p>\n<p>&nbsp;<\/p>\n<h4>La marque<\/h4>\n<p>L'essence de l'\u00e9l\u00e9gance italienne se retrouve chez ApuntoB, une marque r\u00e9put\u00e9e pour ses cr\u00e9ations intemporelles. Fond\u00e9e sur le principe que les v\u00eatements sont le reflet du style de vie et de l'identit\u00e9 de chacun, ApuntoB confectionne m\u00e9ticuleusement chaque pi\u00e8ce pour qu'elle incarne la simplicit\u00e9 et la sophistication.<\/p>\n<p>Au c\u0153ur de la philosophie d'ApuntoB se trouve un engagement ancr\u00e9 en faveur de la qualit\u00e9 et de l'artisanat. La qu\u00eate de perfection transpara\u00eet dans l\u2019exploration continue des mati\u00e8res et des silhouettes, ainsi que dans le soin minutieux accord\u00e9 \u00e0 chaque d\u00e9tail. \u00c0 chaque point de couture, ApuntoB s'efforce de cr\u00e9er des v\u00eatements qui transcendent les tendances \u00e9ph\u00e9m\u00e8res, offrant un style durable et une grande polyvalence.<\/p>","protected":false},"excerpt":{"rendered":"<p>Apuntob Women Trousers Chocolate Color: Chocolate Check Loose fit Elastic waistband Side seam pockets Slightly low crotch Straight legs Composition: 100% Wool Made in Italy Ma\u00e9va is 168cm tall Model size: S Measurements size S: Waist: 37 &#8211; Hip: 58cm &#8211; Thigh: 33cm &#8211; Inseam: 76cm &#8211; Length: 104cm &nbsp; &nbsp; &nbsp; &nbsp; &nbsp; The&hellip; <a class=\"more-link\" href=\"https:\/\/rendez-vous-store.com\/fr\/shop\/last-pieces-men\/last-pieces-men-trousers-shorts-rendez-vous-store\/apuntob-women-trousers-chocolate-2-rendez-vous-store\/\">Continuer la lecture <span class=\"screen-reader-text\">ApuntoB - Pantalon P1798\/TS738 - Chocolat<\/span><\/a><\/p>","protected":false},"featured_media":136952,"template":"","meta":{"_acf_changed":false},"product_brand":[],"product_cat":[1165,1137,1154,182],"product_tag":[281],"class_list":{"0":"post-134337","1":"product","2":"type-product","3":"status-publish","4":"has-post-thumbnail","6":"product_cat-40-last-pieces-men","7":"product_cat-last-pieces-men","8":"product_cat-last-pieces-men-trousers-shorts-rendez-vous-store","9":"product_cat-trousers-skirts-discover-our-selection-rendez-vous-store","10":"product_tag-apuntob-rendez-vous-store","11":"entry","13":"first","14":"outofstock","15":"taxable","16":"shipping-taxable","17":"product-type-variable","18":"has-default-attributes"},"acf":[],"yoast_head":"<!-- This site is optimized with the Yoast SEO plugin v24.9 - https:\/\/yoast.com\/wordpress\/plugins\/seo\/ -->\n<title>Apuntob Women Trousers Chocolate<\/title>\n<meta name=\"description\" content=\"Apuntob is on Rendez-vous Store. This Apuntob Women Trousers Chocolate is characterized by the endless research for shapes, fabrics and cuts by the brand.\" \/>\n<meta name=\"robots\" content=\"index, follow, max-snippet:-1, max-image-preview:large, max-video-preview:-1\" \/>\n<link rel=\"canonical\" href=\"https:\/\/rendez-vous-store.com\/fr\/shop\/last-pieces-men\/last-pieces-men-trousers-shorts-rendez-vous-store\/apuntob-women-trousers-chocolate-2-rendez-vous-store\/\" \/>\n<meta property=\"og:locale\" content=\"fr_FR\" \/>\n<meta property=\"og:type\" content=\"article\" \/>\n<meta property=\"og:title\" content=\"Apuntob Women Trousers Chocolate\" \/>\n<meta property=\"og:description\" content=\"Apuntob is on Rendez-vous Store. This Apuntob Women Trousers Chocolate is characterized by the endless research for shapes, fabrics and cuts by the brand.\" \/>\n<meta property=\"og:url\" content=\"https:\/\/rendez-vous-store.com\/fr\/shop\/last-pieces-men\/last-pieces-men-trousers-shorts-rendez-vous-store\/apuntob-women-trousers-chocolate-2-rendez-vous-store\/\" \/>\n<meta property=\"og:site_name\" content=\"RENDEZ-VOUS STORE\" \/>\n<meta property=\"article:modified_time\" content=\"2026-03-16T15:22:19+00:00\" \/>\n<meta property=\"og:image\" content=\"https:\/\/rendez-vous-store.com\/app\/uploads\/2023\/09\/rdv_apuntob_15-scaled.webp\" \/>\n\t<meta property=\"og:image:width\" content=\"1696\" \/>\n\t<meta property=\"og:image:height\" content=\"2560\" \/>\n\t<meta property=\"og:image:type\" content=\"image\/webp\" \/>\n<meta name=\"twitter:card\" content=\"summary_large_image\" \/>\n<meta name=\"twitter:label1\" content=\"Est. reading time\" \/>\n\t<meta name=\"twitter:data1\" content=\"1 minute\" \/>\n<script type=\"application\/ld+json\" class=\"yoast-schema-graph\">{\"@context\":\"https:\/\/schema.org\",\"@graph\":[{\"@type\":\"WebPage\",\"@id\":\"https:\/\/rendez-vous-store.com\/shop\/last-pieces-men\/last-pieces-men-trousers-shorts-rendez-vous-store\/apuntob-women-trousers-chocolate-2-rendez-vous-store\/\",\"url\":\"https:\/\/rendez-vous-store.com\/shop\/last-pieces-men\/last-pieces-men-trousers-shorts-rendez-vous-store\/apuntob-women-trousers-chocolate-2-rendez-vous-store\/\",\"name\":\"Apuntob Women Trousers Chocolate\",\"isPartOf\":{\"@id\":\"https:\/\/rendez-vous-store.com\/#website\"},\"primaryImageOfPage\":{\"@id\":\"https:\/\/rendez-vous-store.com\/shop\/last-pieces-men\/last-pieces-men-trousers-shorts-rendez-vous-store\/apuntob-women-trousers-chocolate-2-rendez-vous-store\/#primaryimage\"},\"image\":{\"@id\":\"https:\/\/rendez-vous-store.com\/shop\/last-pieces-men\/last-pieces-men-trousers-shorts-rendez-vous-store\/apuntob-women-trousers-chocolate-2-rendez-vous-store\/#primaryimage\"},\"thumbnailUrl\":\"https:\/\/rendez-vous-store.com\/app\/uploads\/2023\/09\/rdv_apuntob_15-scaled.webp\",\"datePublished\":\"2023-09-19T11:16:23+00:00\",\"dateModified\":\"2026-03-16T15:22:19+00:00\",\"description\":\"Apuntob is on Rendez-vous Store. This Apuntob Women Trousers Chocolate is characterized by the endless research for shapes, fabrics and cuts by the brand.\",\"breadcrumb\":{\"@id\":\"https:\/\/rendez-vous-store.com\/shop\/last-pieces-men\/last-pieces-men-trousers-shorts-rendez-vous-store\/apuntob-women-trousers-chocolate-2-rendez-vous-store\/#breadcrumb\"},\"inLanguage\":\"fr-FR\",\"potentialAction\":[{\"@type\":\"ReadAction\",\"target\":[\"https:\/\/rendez-vous-store.com\/shop\/last-pieces-men\/last-pieces-men-trousers-shorts-rendez-vous-store\/apuntob-women-trousers-chocolate-2-rendez-vous-store\/\"]}]},{\"@type\":\"ImageObject\",\"inLanguage\":\"fr-FR\",\"@id\":\"https:\/\/rendez-vous-store.com\/shop\/last-pieces-men\/last-pieces-men-trousers-shorts-rendez-vous-store\/apuntob-women-trousers-chocolate-2-rendez-vous-store\/#primaryimage\",\"url\":\"https:\/\/rendez-vous-store.com\/app\/uploads\/2023\/09\/rdv_apuntob_15-scaled.webp\",\"contentUrl\":\"https:\/\/rendez-vous-store.com\/app\/uploads\/2023\/09\/rdv_apuntob_15-scaled.webp\",\"width\":1696,\"height\":2560,\"caption\":\"ApuntoB - Trousers P1798\/TS738 - Chocolate\"},{\"@type\":\"BreadcrumbList\",\"@id\":\"https:\/\/rendez-vous-store.com\/shop\/last-pieces-men\/last-pieces-men-trousers-shorts-rendez-vous-store\/apuntob-women-trousers-chocolate-2-rendez-vous-store\/#breadcrumb\",\"itemListElement\":[{\"@type\":\"ListItem\",\"position\":1,\"name\":\"Home\",\"item\":\"https:\/\/rendez-vous-store.com\/\"},{\"@type\":\"ListItem\",\"position\":2,\"name\":\"Shop\",\"item\":\"https:\/\/www.rendez-vous-store.com\/shop\/\"},{\"@type\":\"ListItem\",\"position\":3,\"name\":\"ApuntoB &#8211; Trousers P1798\/TS738 &#8211; Chocolate\"}]},{\"@type\":\"WebSite\",\"@id\":\"https:\/\/rendez-vous-store.com\/#website\",\"url\":\"https:\/\/rendez-vous-store.com\/\",\"name\":\"RENDEZ-VOUS STORE\",\"description\":\"Slow Fashion for Women and Men\",\"potentialAction\":[{\"@type\":\"SearchAction\",\"target\":{\"@type\":\"EntryPoint\",\"urlTemplate\":\"https:\/\/rendez-vous-store.com\/?s={search_term_string}\"},\"query-input\":{\"@type\":\"PropertyValueSpecification\",\"valueRequired\":true,\"valueName\":\"search_term_string\"}}],\"inLanguage\":\"fr-FR\"}]}<\/script>\n<!-- \/ Yoast SEO plugin. -->","yoast_head_json":{"title":"Apuntob Women Trousers Chocolate","description":"Apuntob is on Rendez-vous Store. This Apuntob Women Trousers Chocolate is characterized by the endless research for shapes, fabrics and cuts by the brand.","robots":{"index":"index","follow":"follow","max-snippet":"max-snippet:-1","max-image-preview":"max-image-preview:large","max-video-preview":"max-video-preview:-1"},"canonical":"https:\/\/rendez-vous-store.com\/fr\/shop\/last-pieces-men\/last-pieces-men-trousers-shorts-rendez-vous-store\/apuntob-women-trousers-chocolate-2-rendez-vous-store\/","og_locale":"fr_FR","og_type":"article","og_title":"Apuntob Women Trousers Chocolate","og_description":"Apuntob is on Rendez-vous Store. This Apuntob Women Trousers Chocolate is characterized by the endless research for shapes, fabrics and cuts by the brand.","og_url":"https:\/\/rendez-vous-store.com\/fr\/shop\/last-pieces-men\/last-pieces-men-trousers-shorts-rendez-vous-store\/apuntob-women-trousers-chocolate-2-rendez-vous-store\/","og_site_name":"RENDEZ-VOUS STORE","article_modified_time":"2026-03-16T15:22:19+00:00","og_image":[{"width":1696,"height":2560,"url":"https:\/\/rendez-vous-store.com\/app\/uploads\/2023\/09\/rdv_apuntob_15-scaled.webp","type":"image\/webp"}],"twitter_card":"summary_large_image","twitter_misc":{"Est. reading time":"1 minute"},"schema":{"@context":"https:\/\/schema.org","@graph":[{"@type":"WebPage","@id":"https:\/\/rendez-vous-store.com\/shop\/last-pieces-men\/last-pieces-men-trousers-shorts-rendez-vous-store\/apuntob-women-trousers-chocolate-2-rendez-vous-store\/","url":"https:\/\/rendez-vous-store.com\/shop\/last-pieces-men\/last-pieces-men-trousers-shorts-rendez-vous-store\/apuntob-women-trousers-chocolate-2-rendez-vous-store\/","name":"Apuntob Women Trousers Chocolate","isPartOf":{"@id":"https:\/\/rendez-vous-store.com\/#website"},"primaryImageOfPage":{"@id":"https:\/\/rendez-vous-store.com\/shop\/last-pieces-men\/last-pieces-men-trousers-shorts-rendez-vous-store\/apuntob-women-trousers-chocolate-2-rendez-vous-store\/#primaryimage"},"image":{"@id":"https:\/\/rendez-vous-store.com\/shop\/last-pieces-men\/last-pieces-men-trousers-shorts-rendez-vous-store\/apuntob-women-trousers-chocolate-2-rendez-vous-store\/#primaryimage"},"thumbnailUrl":"https:\/\/rendez-vous-store.com\/app\/uploads\/2023\/09\/rdv_apuntob_15-scaled.webp","datePublished":"2023-09-19T11:16:23+00:00","dateModified":"2026-03-16T15:22:19+00:00","description":"Apuntob is on Rendez-vous Store. This Apuntob Women Trousers Chocolate is characterized by the endless research for shapes, fabrics and cuts by the brand.","breadcrumb":{"@id":"https:\/\/rendez-vous-store.com\/shop\/last-pieces-men\/last-pieces-men-trousers-shorts-rendez-vous-store\/apuntob-women-trousers-chocolate-2-rendez-vous-store\/#breadcrumb"},"inLanguage":"fr-FR","potentialAction":[{"@type":"ReadAction","target":["https:\/\/rendez-vous-store.com\/shop\/last-pieces-men\/last-pieces-men-trousers-shorts-rendez-vous-store\/apuntob-women-trousers-chocolate-2-rendez-vous-store\/"]}]},{"@type":"ImageObject","inLanguage":"fr-FR","@id":"https:\/\/rendez-vous-store.com\/shop\/last-pieces-men\/last-pieces-men-trousers-shorts-rendez-vous-store\/apuntob-women-trousers-chocolate-2-rendez-vous-store\/#primaryimage","url":"https:\/\/rendez-vous-store.com\/app\/uploads\/2023\/09\/rdv_apuntob_15-scaled.webp","contentUrl":"https:\/\/rendez-vous-store.com\/app\/uploads\/2023\/09\/rdv_apuntob_15-scaled.webp","width":1696,"height":2560,"caption":"ApuntoB - Trousers P1798\/TS738 - Chocolate"},{"@type":"BreadcrumbList","@id":"https:\/\/rendez-vous-store.com\/shop\/last-pieces-men\/last-pieces-men-trousers-shorts-rendez-vous-store\/apuntob-women-trousers-chocolate-2-rendez-vous-store\/#breadcrumb","itemListElement":[{"@type":"ListItem","position":1,"name":"Home","item":"https:\/\/rendez-vous-store.com\/"},{"@type":"ListItem","position":2,"name":"Shop","item":"https:\/\/www.rendez-vous-store.com\/shop\/"},{"@type":"ListItem","position":3,"name":"ApuntoB &#8211; Trousers P1798\/TS738 &#8211; Chocolate"}]},{"@type":"WebSite","@id":"https:\/\/rendez-vous-store.com\/#website","url":"https:\/\/rendez-vous-store.com\/","name":"RENDEZ-VOUS STORE","description":"Slow Fashion for Women and Men","potentialAction":[{"@type":"SearchAction","target":{"@type":"EntryPoint","urlTemplate":"https:\/\/rendez-vous-store.com\/?s={search_term_string}"},"query-input":{"@type":"PropertyValueSpecification","valueRequired":true,"valueName":"search_term_string"}}],"inLanguage":"fr-FR"}]}},"_links":{"self":[{"href":"https:\/\/rendez-vous-store.com\/fr\/wp-json\/wp\/v2\/product\/134337","targetHints":{"allow":["GET"]}}],"collection":[{"href":"https:\/\/rendez-vous-store.com\/fr\/wp-json\/wp\/v2\/product"}],"about":[{"href":"https:\/\/rendez-vous-store.com\/fr\/wp-json\/wp\/v2\/types\/product"}],"wp:featuredmedia":[{"embeddable":true,"href":"https:\/\/rendez-vous-store.com\/fr\/wp-json\/wp\/v2\/media\/136952"}],"wp:attachment":[{"href":"https:\/\/rendez-vous-store.com\/fr\/wp-json\/wp\/v2\/media?parent=134337"}],"wp:term":[{"taxonomy":"product_brand","embeddable":true,"href":"https:\/\/rendez-vous-store.com\/fr\/wp-json\/wp\/v2\/product_brand?post=134337"},{"taxonomy":"product_cat","embeddable":true,"href":"https:\/\/rendez-vous-store.com\/fr\/wp-json\/wp\/v2\/product_cat?post=134337"},{"taxonomy":"product_tag","embeddable":true,"href":"https:\/\/rendez-vous-store.com\/fr\/wp-json\/wp\/v2\/product_tag?post=134337"}],"curies":[{"name":"wp","href":"https:\/\/api.w.org\/{rel}","templated":true}]}}