{"id":133618,"date":"2023-09-14T11:49:34","date_gmt":"2023-09-14T09:49:34","guid":{"rendered":"https:\/\/rendez-vous-store.com\/?post_type=product&#038;p=133618"},"modified":"2026-04-24T12:52:28","modified_gmt":"2026-04-24T10:52:28","slug":"blundstone-women-classic-chelsea-boots-antique-brown-rendez-vous-store","status":"publish","type":"product","link":"https:\/\/rendez-vous-store.com\/fr\/shop\/special-offer-women-rendez-vous-store\/women-shoes-special-offer\/blundstone-women-classic-chelsea-boots-antique-brown-rendez-vous-store\/","title":{"rendered":"Blundstone - Bottes Chelsea classiques pour femmes - Marron antique"},"content":{"rendered":"<p><strong>Blundstone Women Chelsea Boots Antique Brown<\/strong><\/p>\n<p>Couleur : Antique Brown<\/p>\n<p>Bottes Chelsea<\/p>\n<p>C\u00f4t\u00e9s \u00e9lastiques<\/p>\n<p>Semelles amovibles et suppl\u00e9mentaires<\/p>\n<p>Composition : 100% Cuir<\/p>\n<p>Semelle ext\u00e9rieure : Thermo-ur\u00e9thane<\/p>\n<p>Semelle interm\u00e9diaire en polyur\u00e9thane<\/p>\n<p>Fabriqu\u00e9 au Vietnam<\/p>\n<p>&nbsp;<\/p>\n<p>&nbsp;<\/p>\n<p><strong>La marque<\/strong><\/p>\n<p>Blundstone a vu le jour en 1870. Bien qu'elle soit devenue l'une des marques de bottes les plus connues au monde, l'entreprise reste enracin\u00e9e en Tasmanie. Le si\u00e8ge social et la base de fabrication des gumboots sont situ\u00e9s \u00e0 Hobart, en Tasmanie, l'\u00c9tat insulaire de l'Australie.<\/p>\n<p>Depuis 150 ans, Blundstone n'a cess\u00e9 d'aller de l'avant et d'\u00e9voluer. Depuis 1870, ils ont trouv\u00e9 de nouvelles fa\u00e7ons d'offrir un confort in\u00e9gal\u00e9 et une protection contre les \u00e9l\u00e9ments. Blundstone investit massivement dans la recherche et collabore avec des partenaires pour acc\u00e9der \u00e0 la meilleure et \u00e0 la plus r\u00e9cente technologie. Cela lui permet de cr\u00e9er des bottes qui mettent l'accent sur le confort, la qualit\u00e9 et la s\u00e9curit\u00e9.<\/p>","protected":false},"excerpt":{"rendered":"<p>Blundstone Women Chelsea Boots Antique Brown Color: Antique Brown Chelsea boots Elastic sides Removable and extra set of footbeds Composition: 100% Leather Outsole: Thermo-urethane Polyurethane midsole Made in Vietnam &nbsp; &nbsp; The brand Blundstone began in 1870. Despite growing into one of the world\u2019s most recognizable boot brands, the company stays rooted in Tasmania. The&hellip; <a class=\"more-link\" href=\"https:\/\/rendez-vous-store.com\/fr\/shop\/special-offer-women-rendez-vous-store\/women-shoes-special-offer\/blundstone-women-classic-chelsea-boots-antique-brown-rendez-vous-store\/\">Continuer la lecture <span class=\"screen-reader-text\">Blundstone - Bottes Chelsea classiques pour femmes - Marron antique<\/span><\/a><\/p>","protected":false},"featured_media":135377,"template":"","meta":{"_acf_changed":false},"product_brand":[],"product_cat":[1292,1313,1344,1335,1304,17,293],"product_tag":[414],"class_list":{"0":"post-133618","1":"product","2":"type-product","3":"status-publish","4":"has-post-thumbnail","6":"product_cat-1292","7":"product_cat-unisex-shoes-rendez-vous-store","8":"product_cat-women-shoes-special-offer","9":"product_cat-special-offer-women-rendez-vous-store","10":"product_cat-unisex-rendez-vous-store","11":"product_cat-women","12":"product_cat-women-shoes-heels-discover-our-selection-rendez-vous-store","13":"product_tag-blundstone","14":"entry","16":"first","17":"outofstock","18":"taxable","19":"shipping-taxable","20":"product-type-variable","21":"has-default-attributes"},"acf":[],"yoast_head":"<!-- This site is optimized with the Yoast SEO plugin v24.9 - https:\/\/yoast.com\/wordpress\/plugins\/seo\/ -->\n<title>Blundstone Women Chelsea Boots Antique Brown<\/title>\n<meta name=\"description\" content=\"Blundstone is on Rendez-vous Store. This Blundstone Women Chelsea Boots Antique Brown represents the solidity, comfort and lightness of the brand.\" \/>\n<meta name=\"robots\" content=\"index, follow, max-snippet:-1, max-image-preview:large, max-video-preview:-1\" \/>\n<link rel=\"canonical\" href=\"https:\/\/rendez-vous-store.com\/fr\/shop\/special-offer-women-rendez-vous-store\/women-shoes-special-offer\/blundstone-women-classic-chelsea-boots-antique-brown-rendez-vous-store\/\" \/>\n<meta property=\"og:locale\" content=\"fr_FR\" \/>\n<meta property=\"og:type\" content=\"article\" \/>\n<meta property=\"og:title\" content=\"Blundstone Women Chelsea Boots Antique Brown\" \/>\n<meta property=\"og:description\" content=\"Blundstone is on Rendez-vous Store. This Blundstone Women Chelsea Boots Antique Brown represents the solidity, comfort and lightness of the brand.\" \/>\n<meta property=\"og:url\" content=\"https:\/\/rendez-vous-store.com\/fr\/shop\/special-offer-women-rendez-vous-store\/women-shoes-special-offer\/blundstone-women-classic-chelsea-boots-antique-brown-rendez-vous-store\/\" \/>\n<meta property=\"og:site_name\" content=\"RENDEZ-VOUS STORE\" \/>\n<meta property=\"article:modified_time\" content=\"2026-04-24T10:52:28+00:00\" \/>\n<meta property=\"og:image\" content=\"https:\/\/rendez-vous-store.com\/wp-content\/uploads\/2023\/09\/rdv_blundstone_16-scaled.webp\" \/>\n\t<meta property=\"og:image:width\" content=\"1696\" \/>\n\t<meta property=\"og:image:height\" content=\"2560\" \/>\n\t<meta property=\"og:image:type\" content=\"image\/webp\" \/>\n<meta name=\"twitter:card\" content=\"summary_large_image\" \/>\n<meta name=\"twitter:label1\" content=\"Est. reading time\" \/>\n\t<meta name=\"twitter:data1\" content=\"1 minute\" \/>\n<script type=\"application\/ld+json\" class=\"yoast-schema-graph\">{\"@context\":\"https:\/\/schema.org\",\"@graph\":[{\"@type\":\"WebPage\",\"@id\":\"https:\/\/rendez-vous-store.com\/shop\/special-offer-women-rendez-vous-store\/women-shoes-special-offer\/blundstone-women-classic-chelsea-boots-antique-brown-rendez-vous-store\/\",\"url\":\"https:\/\/rendez-vous-store.com\/shop\/special-offer-women-rendez-vous-store\/women-shoes-special-offer\/blundstone-women-classic-chelsea-boots-antique-brown-rendez-vous-store\/\",\"name\":\"Blundstone Women Chelsea Boots Antique Brown\",\"isPartOf\":{\"@id\":\"https:\/\/rendez-vous-store.com\/#website\"},\"primaryImageOfPage\":{\"@id\":\"https:\/\/rendez-vous-store.com\/shop\/special-offer-women-rendez-vous-store\/women-shoes-special-offer\/blundstone-women-classic-chelsea-boots-antique-brown-rendez-vous-store\/#primaryimage\"},\"image\":{\"@id\":\"https:\/\/rendez-vous-store.com\/shop\/special-offer-women-rendez-vous-store\/women-shoes-special-offer\/blundstone-women-classic-chelsea-boots-antique-brown-rendez-vous-store\/#primaryimage\"},\"thumbnailUrl\":\"https:\/\/rendez-vous-store.com\/app\/uploads\/2023\/09\/rdv_blundstone_16-scaled.webp\",\"datePublished\":\"2023-09-14T09:49:34+00:00\",\"dateModified\":\"2026-04-24T10:52:28+00:00\",\"description\":\"Blundstone is on Rendez-vous Store. This Blundstone Women Chelsea Boots Antique Brown represents the solidity, comfort and lightness of the brand.\",\"breadcrumb\":{\"@id\":\"https:\/\/rendez-vous-store.com\/shop\/special-offer-women-rendez-vous-store\/women-shoes-special-offer\/blundstone-women-classic-chelsea-boots-antique-brown-rendez-vous-store\/#breadcrumb\"},\"inLanguage\":\"fr-FR\",\"potentialAction\":[{\"@type\":\"ReadAction\",\"target\":[\"https:\/\/rendez-vous-store.com\/shop\/special-offer-women-rendez-vous-store\/women-shoes-special-offer\/blundstone-women-classic-chelsea-boots-antique-brown-rendez-vous-store\/\"]}]},{\"@type\":\"ImageObject\",\"inLanguage\":\"fr-FR\",\"@id\":\"https:\/\/rendez-vous-store.com\/shop\/special-offer-women-rendez-vous-store\/women-shoes-special-offer\/blundstone-women-classic-chelsea-boots-antique-brown-rendez-vous-store\/#primaryimage\",\"url\":\"https:\/\/rendez-vous-store.com\/app\/uploads\/2023\/09\/rdv_blundstone_16-scaled.webp\",\"contentUrl\":\"https:\/\/rendez-vous-store.com\/app\/uploads\/2023\/09\/rdv_blundstone_16-scaled.webp\",\"width\":1696,\"height\":2560,\"caption\":\"Blundstone - Women Classic Chelsea Boots - Antique Brown\"},{\"@type\":\"BreadcrumbList\",\"@id\":\"https:\/\/rendez-vous-store.com\/shop\/special-offer-women-rendez-vous-store\/women-shoes-special-offer\/blundstone-women-classic-chelsea-boots-antique-brown-rendez-vous-store\/#breadcrumb\",\"itemListElement\":[{\"@type\":\"ListItem\",\"position\":1,\"name\":\"Home\",\"item\":\"https:\/\/rendez-vous-store.com\/\"},{\"@type\":\"ListItem\",\"position\":2,\"name\":\"Shop\",\"item\":\"https:\/\/www.rendez-vous-store.com\/shop\/\"},{\"@type\":\"ListItem\",\"position\":3,\"name\":\"Blundstone &#8211; Women Classic Chelsea Boots &#8211; Antique Brown\"}]},{\"@type\":\"WebSite\",\"@id\":\"https:\/\/rendez-vous-store.com\/#website\",\"url\":\"https:\/\/rendez-vous-store.com\/\",\"name\":\"RENDEZ-VOUS STORE\",\"description\":\"Slow Fashion for Women and Men\",\"potentialAction\":[{\"@type\":\"SearchAction\",\"target\":{\"@type\":\"EntryPoint\",\"urlTemplate\":\"https:\/\/rendez-vous-store.com\/?s={search_term_string}\"},\"query-input\":{\"@type\":\"PropertyValueSpecification\",\"valueRequired\":true,\"valueName\":\"search_term_string\"}}],\"inLanguage\":\"fr-FR\"}]}<\/script>\n<!-- \/ Yoast SEO plugin. -->","yoast_head_json":{"title":"Blundstone Women Chelsea Boots Antique Brown","description":"Blundstone is on Rendez-vous Store. This Blundstone Women Chelsea Boots Antique Brown represents the solidity, comfort and lightness of the brand.","robots":{"index":"index","follow":"follow","max-snippet":"max-snippet:-1","max-image-preview":"max-image-preview:large","max-video-preview":"max-video-preview:-1"},"canonical":"https:\/\/rendez-vous-store.com\/fr\/shop\/special-offer-women-rendez-vous-store\/women-shoes-special-offer\/blundstone-women-classic-chelsea-boots-antique-brown-rendez-vous-store\/","og_locale":"fr_FR","og_type":"article","og_title":"Blundstone Women Chelsea Boots Antique Brown","og_description":"Blundstone is on Rendez-vous Store. This Blundstone Women Chelsea Boots Antique Brown represents the solidity, comfort and lightness of the brand.","og_url":"https:\/\/rendez-vous-store.com\/fr\/shop\/special-offer-women-rendez-vous-store\/women-shoes-special-offer\/blundstone-women-classic-chelsea-boots-antique-brown-rendez-vous-store\/","og_site_name":"RENDEZ-VOUS STORE","article_modified_time":"2026-04-24T10:52:28+00:00","og_image":[{"width":1696,"height":2560,"url":"https:\/\/rendez-vous-store.com\/wp-content\/uploads\/2023\/09\/rdv_blundstone_16-scaled.webp","type":"image\/webp"}],"twitter_card":"summary_large_image","twitter_misc":{"Est. reading time":"1 minute"},"schema":{"@context":"https:\/\/schema.org","@graph":[{"@type":"WebPage","@id":"https:\/\/rendez-vous-store.com\/shop\/special-offer-women-rendez-vous-store\/women-shoes-special-offer\/blundstone-women-classic-chelsea-boots-antique-brown-rendez-vous-store\/","url":"https:\/\/rendez-vous-store.com\/shop\/special-offer-women-rendez-vous-store\/women-shoes-special-offer\/blundstone-women-classic-chelsea-boots-antique-brown-rendez-vous-store\/","name":"Blundstone Women Chelsea Boots Antique Brown","isPartOf":{"@id":"https:\/\/rendez-vous-store.com\/#website"},"primaryImageOfPage":{"@id":"https:\/\/rendez-vous-store.com\/shop\/special-offer-women-rendez-vous-store\/women-shoes-special-offer\/blundstone-women-classic-chelsea-boots-antique-brown-rendez-vous-store\/#primaryimage"},"image":{"@id":"https:\/\/rendez-vous-store.com\/shop\/special-offer-women-rendez-vous-store\/women-shoes-special-offer\/blundstone-women-classic-chelsea-boots-antique-brown-rendez-vous-store\/#primaryimage"},"thumbnailUrl":"https:\/\/rendez-vous-store.com\/app\/uploads\/2023\/09\/rdv_blundstone_16-scaled.webp","datePublished":"2023-09-14T09:49:34+00:00","dateModified":"2026-04-24T10:52:28+00:00","description":"Blundstone is on Rendez-vous Store. This Blundstone Women Chelsea Boots Antique Brown represents the solidity, comfort and lightness of the brand.","breadcrumb":{"@id":"https:\/\/rendez-vous-store.com\/shop\/special-offer-women-rendez-vous-store\/women-shoes-special-offer\/blundstone-women-classic-chelsea-boots-antique-brown-rendez-vous-store\/#breadcrumb"},"inLanguage":"fr-FR","potentialAction":[{"@type":"ReadAction","target":["https:\/\/rendez-vous-store.com\/shop\/special-offer-women-rendez-vous-store\/women-shoes-special-offer\/blundstone-women-classic-chelsea-boots-antique-brown-rendez-vous-store\/"]}]},{"@type":"ImageObject","inLanguage":"fr-FR","@id":"https:\/\/rendez-vous-store.com\/shop\/special-offer-women-rendez-vous-store\/women-shoes-special-offer\/blundstone-women-classic-chelsea-boots-antique-brown-rendez-vous-store\/#primaryimage","url":"https:\/\/rendez-vous-store.com\/app\/uploads\/2023\/09\/rdv_blundstone_16-scaled.webp","contentUrl":"https:\/\/rendez-vous-store.com\/app\/uploads\/2023\/09\/rdv_blundstone_16-scaled.webp","width":1696,"height":2560,"caption":"Blundstone - Women Classic Chelsea Boots - Antique Brown"},{"@type":"BreadcrumbList","@id":"https:\/\/rendez-vous-store.com\/shop\/special-offer-women-rendez-vous-store\/women-shoes-special-offer\/blundstone-women-classic-chelsea-boots-antique-brown-rendez-vous-store\/#breadcrumb","itemListElement":[{"@type":"ListItem","position":1,"name":"Home","item":"https:\/\/rendez-vous-store.com\/"},{"@type":"ListItem","position":2,"name":"Shop","item":"https:\/\/www.rendez-vous-store.com\/shop\/"},{"@type":"ListItem","position":3,"name":"Blundstone &#8211; Women Classic Chelsea Boots &#8211; Antique Brown"}]},{"@type":"WebSite","@id":"https:\/\/rendez-vous-store.com\/#website","url":"https:\/\/rendez-vous-store.com\/","name":"RENDEZ-VOUS STORE","description":"Slow Fashion for Women and Men","potentialAction":[{"@type":"SearchAction","target":{"@type":"EntryPoint","urlTemplate":"https:\/\/rendez-vous-store.com\/?s={search_term_string}"},"query-input":{"@type":"PropertyValueSpecification","valueRequired":true,"valueName":"search_term_string"}}],"inLanguage":"fr-FR"}]}},"_links":{"self":[{"href":"https:\/\/rendez-vous-store.com\/fr\/wp-json\/wp\/v2\/product\/133618","targetHints":{"allow":["GET"]}}],"collection":[{"href":"https:\/\/rendez-vous-store.com\/fr\/wp-json\/wp\/v2\/product"}],"about":[{"href":"https:\/\/rendez-vous-store.com\/fr\/wp-json\/wp\/v2\/types\/product"}],"wp:featuredmedia":[{"embeddable":true,"href":"https:\/\/rendez-vous-store.com\/fr\/wp-json\/wp\/v2\/media\/135377"}],"wp:attachment":[{"href":"https:\/\/rendez-vous-store.com\/fr\/wp-json\/wp\/v2\/media?parent=133618"}],"wp:term":[{"taxonomy":"product_brand","embeddable":true,"href":"https:\/\/rendez-vous-store.com\/fr\/wp-json\/wp\/v2\/product_brand?post=133618"},{"taxonomy":"product_cat","embeddable":true,"href":"https:\/\/rendez-vous-store.com\/fr\/wp-json\/wp\/v2\/product_cat?post=133618"},{"taxonomy":"product_tag","embeddable":true,"href":"https:\/\/rendez-vous-store.com\/fr\/wp-json\/wp\/v2\/product_tag?post=133618"}],"curies":[{"name":"wp","href":"https:\/\/api.w.org\/{rel}","templated":true}]}}