{"id":132642,"date":"2023-09-05T17:33:10","date_gmt":"2023-09-05T15:33:10","guid":{"rendered":"https:\/\/rendez-vous-store.com\/?post_type=product&#038;p=132642"},"modified":"2026-03-16T15:20:37","modified_gmt":"2026-03-16T14:20:37","slug":"bergfabel-men-easy-pants-navy-stripes-rendez-vous-store","status":"publish","type":"product","link":"https:\/\/rendez-vous-store.com\/fr\/shop\/last-pieces-men\/last-pieces-men-trousers-shorts-rendez-vous-store\/bergfabel-men-easy-pants-navy-stripes-rendez-vous-store\/","title":{"rendered":"Bergfabel &#8211; Easy Pants BFMP45\/195 &#8211; Navy Stripe"},"content":{"rendered":"<p><strong>Bergfabel Men Easy Pants Navy Stripes<\/strong><\/p>\n<p><span style=\"background-color: var(--global--color-background); color: var(--global--color-primary); font-family: var(--global--font-secondary); font-size: var(--global--font-size-base);\">Color: Navy Stripes\u00a0 \u00a0\u00a0<\/span><\/p>\n<p>Taille \u00e9lastique<\/p>\n<p>Poches sur les coutures lat\u00e9rales<\/p>\n<p>Poches arri\u00e8re plaqu\u00e9es<\/p>\n<p>Partialy lined<\/p>\n<p>Composition : 100% Laine<\/p>\n<p>Doublure : 100% Coton<\/p>\n<p>Fabriqu\u00e9 en Italie<\/p>\n<p>Olivier mesure 178 cm<\/p>\n<p>Taille du mod\u00e8le : 50<\/p>\n<p>&nbsp;<\/p>\n<p>&nbsp;<\/p>\n<h4>La marque<\/h4>\n<p>Klaus Plank a fond\u00e9 Bergfabel en 2014, en s'inspirant de la vie rurale alpine. La marque incorpore des \u00e9l\u00e9ments de v\u00eatements autrichiens traditionnels et d'art populaire dans ses collections, cr\u00e9ant ainsi un style distinctif.<\/p>\n<p>L'esth\u00e9tique de Bergfabel m\u00eale des influences minimalistes et romantiques, avec des silhouettes simples, des tissus naturels et un savoir-faire m\u00e9ticuleux. En Autriche, des artisans qualifi\u00e9s fabriquent chaque v\u00eatement en utilisant des techniques traditionnelles, telles que la broderie cousue \u00e0 la main et la dentelle complexe.<\/p>\n<p>En combinant tradition, artisanat et durabilit\u00e9, Bergfabel encourage une approche plus lente et plus consciente de la mode. Elle c\u00e9l\u00e8bre la beaut\u00e9 de la simplicit\u00e9 et la richesse de la culture alpine.<\/p>","protected":false},"excerpt":{"rendered":"<p>Bergfabel Men Easy Pants Navy Stripes Color: Navy Stripes\u00a0 \u00a0\u00a0 Elastic waistband Side seam pockets Back patch pockets Partialy lined Composition: 100% Wool Lining: 100% Cotton Made in Italy Olivier is 178cm tall Model size: 50 &nbsp; &nbsp; The Brand Klaus Plank founded Bergfabel in 2014, drawing inspiration from rural Alpine life. The brand incorporates&hellip; <a class=\"more-link\" href=\"https:\/\/rendez-vous-store.com\/fr\/shop\/last-pieces-men\/last-pieces-men-trousers-shorts-rendez-vous-store\/bergfabel-men-easy-pants-navy-stripes-rendez-vous-store\/\">Continue reading <span class=\"screen-reader-text\">Bergfabel &#8211; Easy Pants BFMP45\/195 &#8211; Navy Stripe<\/span><\/a><\/p>","protected":false},"featured_media":134017,"template":"","meta":{"_acf_changed":false},"product_brand":[],"product_cat":[1292,1137,1154],"product_tag":[],"class_list":{"0":"post-132642","1":"product","2":"type-product","3":"status-publish","4":"has-post-thumbnail","6":"product_cat-1292","7":"product_cat-last-pieces-men","8":"product_cat-last-pieces-men-trousers-shorts-rendez-vous-store","9":"entry","11":"first","12":"outofstock","13":"taxable","14":"shipping-taxable","15":"product-type-variable","16":"has-default-attributes"},"acf":[],"yoast_head":"<!-- This site is optimized with the Yoast SEO plugin v24.9 - https:\/\/yoast.com\/wordpress\/plugins\/seo\/ -->\n<title>Bergfabel Men Easy Pants Navy Stripes\u00a0<\/title>\n<meta name=\"description\" content=\"Bergfabel is on Rendez-Vous store. This Bergfabel Men Easy Pants Navy Stripes\u00a0explores the link between modernity and heritage, even in the smallest detail.\" \/>\n<meta name=\"robots\" content=\"index, follow, max-snippet:-1, max-image-preview:large, max-video-preview:-1\" \/>\n<link rel=\"canonical\" href=\"https:\/\/rendez-vous-store.com\/fr\/shop\/last-pieces-men\/last-pieces-men-trousers-shorts-rendez-vous-store\/bergfabel-men-easy-pants-navy-stripes-rendez-vous-store\/\" \/>\n<meta property=\"og:locale\" content=\"fr_FR\" \/>\n<meta property=\"og:type\" content=\"article\" \/>\n<meta property=\"og:title\" content=\"Bergfabel Men Easy Pants Navy Stripes\u00a0\" \/>\n<meta property=\"og:description\" content=\"Bergfabel is on Rendez-Vous store. This Bergfabel Men Easy Pants Navy Stripes\u00a0explores the link between modernity and heritage, even in the smallest detail.\" \/>\n<meta property=\"og:url\" content=\"https:\/\/rendez-vous-store.com\/fr\/shop\/last-pieces-men\/last-pieces-men-trousers-shorts-rendez-vous-store\/bergfabel-men-easy-pants-navy-stripes-rendez-vous-store\/\" \/>\n<meta property=\"og:site_name\" content=\"RENDEZ-VOUS STORE\" \/>\n<meta property=\"article:modified_time\" content=\"2026-03-16T14:20:37+00:00\" \/>\n<meta property=\"og:image\" content=\"https:\/\/rendez-vous-store.com\/wp-content\/uploads\/2023\/09\/rdv_bergfabel_07-1-scaled.webp\" \/>\n\t<meta property=\"og:image:width\" content=\"1696\" \/>\n\t<meta property=\"og:image:height\" content=\"2560\" \/>\n\t<meta property=\"og:image:type\" content=\"image\/webp\" \/>\n<meta name=\"twitter:card\" content=\"summary_large_image\" \/>\n<meta name=\"twitter:label1\" content=\"Est. reading time\" \/>\n\t<meta name=\"twitter:data1\" content=\"1 minute\" \/>\n<script type=\"application\/ld+json\" class=\"yoast-schema-graph\">{\"@context\":\"https:\/\/schema.org\",\"@graph\":[{\"@type\":\"WebPage\",\"@id\":\"https:\/\/rendez-vous-store.com\/shop\/last-pieces-men\/last-pieces-men-trousers-shorts-rendez-vous-store\/bergfabel-men-easy-pants-navy-stripes-rendez-vous-store\/\",\"url\":\"https:\/\/rendez-vous-store.com\/shop\/last-pieces-men\/last-pieces-men-trousers-shorts-rendez-vous-store\/bergfabel-men-easy-pants-navy-stripes-rendez-vous-store\/\",\"name\":\"Bergfabel Men Easy Pants Navy Stripes\u00a0\",\"isPartOf\":{\"@id\":\"https:\/\/rendez-vous-store.com\/#website\"},\"primaryImageOfPage\":{\"@id\":\"https:\/\/rendez-vous-store.com\/shop\/last-pieces-men\/last-pieces-men-trousers-shorts-rendez-vous-store\/bergfabel-men-easy-pants-navy-stripes-rendez-vous-store\/#primaryimage\"},\"image\":{\"@id\":\"https:\/\/rendez-vous-store.com\/shop\/last-pieces-men\/last-pieces-men-trousers-shorts-rendez-vous-store\/bergfabel-men-easy-pants-navy-stripes-rendez-vous-store\/#primaryimage\"},\"thumbnailUrl\":\"https:\/\/rendez-vous-store.com\/app\/uploads\/2023\/09\/rdv_bergfabel_07-1-scaled.webp\",\"datePublished\":\"2023-09-05T15:33:10+00:00\",\"dateModified\":\"2026-03-16T14:20:37+00:00\",\"description\":\"Bergfabel is on Rendez-Vous store. This Bergfabel Men Easy Pants Navy Stripes\u00a0explores the link between modernity and heritage, even in the smallest detail.\",\"breadcrumb\":{\"@id\":\"https:\/\/rendez-vous-store.com\/shop\/last-pieces-men\/last-pieces-men-trousers-shorts-rendez-vous-store\/bergfabel-men-easy-pants-navy-stripes-rendez-vous-store\/#breadcrumb\"},\"inLanguage\":\"fr-FR\",\"potentialAction\":[{\"@type\":\"ReadAction\",\"target\":[\"https:\/\/rendez-vous-store.com\/shop\/last-pieces-men\/last-pieces-men-trousers-shorts-rendez-vous-store\/bergfabel-men-easy-pants-navy-stripes-rendez-vous-store\/\"]}]},{\"@type\":\"ImageObject\",\"inLanguage\":\"fr-FR\",\"@id\":\"https:\/\/rendez-vous-store.com\/shop\/last-pieces-men\/last-pieces-men-trousers-shorts-rendez-vous-store\/bergfabel-men-easy-pants-navy-stripes-rendez-vous-store\/#primaryimage\",\"url\":\"https:\/\/rendez-vous-store.com\/app\/uploads\/2023\/09\/rdv_bergfabel_07-1-scaled.webp\",\"contentUrl\":\"https:\/\/rendez-vous-store.com\/app\/uploads\/2023\/09\/rdv_bergfabel_07-1-scaled.webp\",\"width\":1696,\"height\":2560},{\"@type\":\"BreadcrumbList\",\"@id\":\"https:\/\/rendez-vous-store.com\/shop\/last-pieces-men\/last-pieces-men-trousers-shorts-rendez-vous-store\/bergfabel-men-easy-pants-navy-stripes-rendez-vous-store\/#breadcrumb\",\"itemListElement\":[{\"@type\":\"ListItem\",\"position\":1,\"name\":\"Home\",\"item\":\"https:\/\/rendez-vous-store.com\/\"},{\"@type\":\"ListItem\",\"position\":2,\"name\":\"Shop\",\"item\":\"https:\/\/www.rendez-vous-store.com\/shop\/\"},{\"@type\":\"ListItem\",\"position\":3,\"name\":\"Bergfabel &#8211; Easy Pants BFMP45\/195 &#8211; Navy Stripe\"}]},{\"@type\":\"WebSite\",\"@id\":\"https:\/\/rendez-vous-store.com\/#website\",\"url\":\"https:\/\/rendez-vous-store.com\/\",\"name\":\"RENDEZ-VOUS STORE\",\"description\":\"Slow Fashion for Women and Men\",\"potentialAction\":[{\"@type\":\"SearchAction\",\"target\":{\"@type\":\"EntryPoint\",\"urlTemplate\":\"https:\/\/rendez-vous-store.com\/?s={search_term_string}\"},\"query-input\":{\"@type\":\"PropertyValueSpecification\",\"valueRequired\":true,\"valueName\":\"search_term_string\"}}],\"inLanguage\":\"fr-FR\"}]}<\/script>\n<!-- \/ Yoast SEO plugin. -->","yoast_head_json":{"title":"Bergfabel Men Easy Pants Navy Stripes\u00a0","description":"Bergfabel is on Rendez-Vous store. This Bergfabel Men Easy Pants Navy Stripes\u00a0explores the link between modernity and heritage, even in the smallest detail.","robots":{"index":"index","follow":"follow","max-snippet":"max-snippet:-1","max-image-preview":"max-image-preview:large","max-video-preview":"max-video-preview:-1"},"canonical":"https:\/\/rendez-vous-store.com\/fr\/shop\/last-pieces-men\/last-pieces-men-trousers-shorts-rendez-vous-store\/bergfabel-men-easy-pants-navy-stripes-rendez-vous-store\/","og_locale":"fr_FR","og_type":"article","og_title":"Bergfabel Men Easy Pants Navy Stripes\u00a0","og_description":"Bergfabel is on Rendez-Vous store. This Bergfabel Men Easy Pants Navy Stripes\u00a0explores the link between modernity and heritage, even in the smallest detail.","og_url":"https:\/\/rendez-vous-store.com\/fr\/shop\/last-pieces-men\/last-pieces-men-trousers-shorts-rendez-vous-store\/bergfabel-men-easy-pants-navy-stripes-rendez-vous-store\/","og_site_name":"RENDEZ-VOUS STORE","article_modified_time":"2026-03-16T14:20:37+00:00","og_image":[{"width":1696,"height":2560,"url":"https:\/\/rendez-vous-store.com\/wp-content\/uploads\/2023\/09\/rdv_bergfabel_07-1-scaled.webp","type":"image\/webp"}],"twitter_card":"summary_large_image","twitter_misc":{"Est. reading time":"1 minute"},"schema":{"@context":"https:\/\/schema.org","@graph":[{"@type":"WebPage","@id":"https:\/\/rendez-vous-store.com\/shop\/last-pieces-men\/last-pieces-men-trousers-shorts-rendez-vous-store\/bergfabel-men-easy-pants-navy-stripes-rendez-vous-store\/","url":"https:\/\/rendez-vous-store.com\/shop\/last-pieces-men\/last-pieces-men-trousers-shorts-rendez-vous-store\/bergfabel-men-easy-pants-navy-stripes-rendez-vous-store\/","name":"Bergfabel Men Easy Pants Navy Stripes\u00a0","isPartOf":{"@id":"https:\/\/rendez-vous-store.com\/#website"},"primaryImageOfPage":{"@id":"https:\/\/rendez-vous-store.com\/shop\/last-pieces-men\/last-pieces-men-trousers-shorts-rendez-vous-store\/bergfabel-men-easy-pants-navy-stripes-rendez-vous-store\/#primaryimage"},"image":{"@id":"https:\/\/rendez-vous-store.com\/shop\/last-pieces-men\/last-pieces-men-trousers-shorts-rendez-vous-store\/bergfabel-men-easy-pants-navy-stripes-rendez-vous-store\/#primaryimage"},"thumbnailUrl":"https:\/\/rendez-vous-store.com\/app\/uploads\/2023\/09\/rdv_bergfabel_07-1-scaled.webp","datePublished":"2023-09-05T15:33:10+00:00","dateModified":"2026-03-16T14:20:37+00:00","description":"Bergfabel is on Rendez-Vous store. This Bergfabel Men Easy Pants Navy Stripes\u00a0explores the link between modernity and heritage, even in the smallest detail.","breadcrumb":{"@id":"https:\/\/rendez-vous-store.com\/shop\/last-pieces-men\/last-pieces-men-trousers-shorts-rendez-vous-store\/bergfabel-men-easy-pants-navy-stripes-rendez-vous-store\/#breadcrumb"},"inLanguage":"fr-FR","potentialAction":[{"@type":"ReadAction","target":["https:\/\/rendez-vous-store.com\/shop\/last-pieces-men\/last-pieces-men-trousers-shorts-rendez-vous-store\/bergfabel-men-easy-pants-navy-stripes-rendez-vous-store\/"]}]},{"@type":"ImageObject","inLanguage":"fr-FR","@id":"https:\/\/rendez-vous-store.com\/shop\/last-pieces-men\/last-pieces-men-trousers-shorts-rendez-vous-store\/bergfabel-men-easy-pants-navy-stripes-rendez-vous-store\/#primaryimage","url":"https:\/\/rendez-vous-store.com\/app\/uploads\/2023\/09\/rdv_bergfabel_07-1-scaled.webp","contentUrl":"https:\/\/rendez-vous-store.com\/app\/uploads\/2023\/09\/rdv_bergfabel_07-1-scaled.webp","width":1696,"height":2560},{"@type":"BreadcrumbList","@id":"https:\/\/rendez-vous-store.com\/shop\/last-pieces-men\/last-pieces-men-trousers-shorts-rendez-vous-store\/bergfabel-men-easy-pants-navy-stripes-rendez-vous-store\/#breadcrumb","itemListElement":[{"@type":"ListItem","position":1,"name":"Home","item":"https:\/\/rendez-vous-store.com\/"},{"@type":"ListItem","position":2,"name":"Shop","item":"https:\/\/www.rendez-vous-store.com\/shop\/"},{"@type":"ListItem","position":3,"name":"Bergfabel &#8211; Easy Pants BFMP45\/195 &#8211; Navy Stripe"}]},{"@type":"WebSite","@id":"https:\/\/rendez-vous-store.com\/#website","url":"https:\/\/rendez-vous-store.com\/","name":"RENDEZ-VOUS STORE","description":"Slow Fashion for Women and Men","potentialAction":[{"@type":"SearchAction","target":{"@type":"EntryPoint","urlTemplate":"https:\/\/rendez-vous-store.com\/?s={search_term_string}"},"query-input":{"@type":"PropertyValueSpecification","valueRequired":true,"valueName":"search_term_string"}}],"inLanguage":"fr-FR"}]}},"_links":{"self":[{"href":"https:\/\/rendez-vous-store.com\/fr\/wp-json\/wp\/v2\/product\/132642","targetHints":{"allow":["GET"]}}],"collection":[{"href":"https:\/\/rendez-vous-store.com\/fr\/wp-json\/wp\/v2\/product"}],"about":[{"href":"https:\/\/rendez-vous-store.com\/fr\/wp-json\/wp\/v2\/types\/product"}],"wp:featuredmedia":[{"embeddable":true,"href":"https:\/\/rendez-vous-store.com\/fr\/wp-json\/wp\/v2\/media\/134017"}],"wp:attachment":[{"href":"https:\/\/rendez-vous-store.com\/fr\/wp-json\/wp\/v2\/media?parent=132642"}],"wp:term":[{"taxonomy":"product_brand","embeddable":true,"href":"https:\/\/rendez-vous-store.com\/fr\/wp-json\/wp\/v2\/product_brand?post=132642"},{"taxonomy":"product_cat","embeddable":true,"href":"https:\/\/rendez-vous-store.com\/fr\/wp-json\/wp\/v2\/product_cat?post=132642"},{"taxonomy":"product_tag","embeddable":true,"href":"https:\/\/rendez-vous-store.com\/fr\/wp-json\/wp\/v2\/product_tag?post=132642"}],"curies":[{"name":"wp","href":"https:\/\/api.w.org\/{rel}","templated":true}]}}