{"id":132516,"date":"2023-09-05T17:03:16","date_gmt":"2023-09-05T15:03:16","guid":{"rendered":"https:\/\/rendez-vous-store.com\/?post_type=product&#038;p=132516"},"modified":"2026-03-16T15:19:36","modified_gmt":"2026-03-16T14:19:36","slug":"bergfabel-maria-pants-black-rendez-vous-store","status":"publish","type":"product","link":"https:\/\/rendez-vous-store.com\/fr\/shop\/special-offer-women-rendez-vous-store\/women-trousers-special-offer\/bergfabel-maria-pants-black-rendez-vous-store\/","title":{"rendered":"Bergfabel - Pantalon Maria BFWP157\/20 - Noir"},"content":{"rendered":"<p><strong>Bergfabel Femme Pantalon Maria Noir<\/strong><\/p>\n<p>Couleur : Noir<\/p>\n<p>Fermeture par bouton<\/p>\n<p>Passants de ceinture<\/p>\n<p>Poches sur les coutures lat\u00e9rales<\/p>\n<p>Pantalon \u00e0 plis simples<\/p>\n<p>Pantalon d\u00e9contract\u00e9 \u00e0 jambes fusel\u00e9es<\/p>\n<p>Partie lign\u00e9e<\/p>\n<p>Composition : 50% Lin - 45% Laine - 5% Nylon<\/p>\n<p>Doublure : 100% Coton<\/p>\n<p>Fabriqu\u00e9 en Italie<\/p>\n<p>Kheira mesure 168 cm<\/p>\n<p>Taille du mod\u00e8le : 38 (IT : 42)<\/p>\n<p>&nbsp;<\/p>\n<p>&nbsp;<\/p>\n<p>&nbsp;<\/p>\n<p>&nbsp;<\/p>\n<h4>La marque<\/h4>\n<p>Klaus Plank a fond\u00e9 Bergfabel en 2014, en s'inspirant de la vie rurale alpine. La marque incorpore des \u00e9l\u00e9ments de v\u00eatements autrichiens traditionnels et d'art populaire dans ses collections, cr\u00e9ant ainsi un style distinctif.<\/p>\n<p>L'esth\u00e9tique de Bergfabel m\u00eale des influences minimalistes et romantiques, avec des silhouettes simples, des tissus naturels et un savoir-faire m\u00e9ticuleux. En Autriche, des artisans qualifi\u00e9s fabriquent chaque v\u00eatement en utilisant des techniques traditionnelles, telles que la broderie cousue \u00e0 la main et la dentelle complexe.<\/p>\n<p>En combinant tradition, artisanat et durabilit\u00e9, Bergfabel encourage une approche plus lente et plus consciente de la mode. Elle c\u00e9l\u00e8bre la beaut\u00e9 de la simplicit\u00e9 et la richesse de la culture alpine.<\/p>","protected":false},"excerpt":{"rendered":"<p>Bergfabel Women Maria Pants Black Color: Black Button closure Belt loops Side seam pockets Single pleat trousers Relaxed tapered-leg Part lined Composition: 50% Linen &#8211; 45% Wool &#8211; 5% Nylon Lining: 100% Cotton Made in Italy Kheira is 168cm tall Model size: 38 (IT: 42) &nbsp; &nbsp; &nbsp; &nbsp; The Brand Klaus Plank founded Bergfabel&hellip; <a class=\"more-link\" href=\"https:\/\/rendez-vous-store.com\/fr\/shop\/special-offer-women-rendez-vous-store\/women-trousers-special-offer\/bergfabel-maria-pants-black-rendez-vous-store\/\">Continuer la lecture <span class=\"screen-reader-text\">Bergfabel - Pantalon Maria BFWP157\/20 - Noir<\/span><\/a><\/p>","protected":false},"featured_media":141514,"template":"","meta":{"_acf_changed":false},"product_brand":[],"product_cat":[1232,1335,1341,17,182],"product_tag":[1056],"class_list":{"0":"post-132516","1":"product","2":"type-product","3":"status-publish","4":"has-post-thumbnail","6":"product_cat-sale-40","7":"product_cat-special-offer-women-rendez-vous-store","8":"product_cat-women-trousers-special-offer","9":"product_cat-women","10":"product_cat-trousers-skirts-discover-our-selection-rendez-vous-store","11":"product_tag-bergfabel-rendez-vous-store","12":"entry","14":"first","15":"instock","16":"taxable","17":"shipping-taxable","18":"purchasable","19":"product-type-variable","20":"has-default-attributes"},"acf":[],"yoast_head":"<!-- This site is optimized with the Yoast SEO plugin v24.9 - https:\/\/yoast.com\/wordpress\/plugins\/seo\/ -->\n<title>Bergfabel Women Maria Pants Black<\/title>\n<meta name=\"description\" content=\"This Bergfabel Women Farmer pant black navy explores the link between modernity and heritage, even in the smallest detail. Discover now.\" \/>\n<meta name=\"robots\" content=\"index, follow, max-snippet:-1, max-image-preview:large, max-video-preview:-1\" \/>\n<link rel=\"canonical\" href=\"https:\/\/rendez-vous-store.com\/fr\/shop\/special-offer-women-rendez-vous-store\/women-trousers-special-offer\/bergfabel-maria-pants-black-rendez-vous-store\/\" \/>\n<meta property=\"og:locale\" content=\"fr_FR\" \/>\n<meta property=\"og:type\" content=\"article\" \/>\n<meta property=\"og:title\" content=\"Bergfabel Women Maria Pants Black\" \/>\n<meta property=\"og:description\" content=\"This Bergfabel Women Farmer pant black navy explores the link between modernity and heritage, even in the smallest detail. Discover now.\" \/>\n<meta property=\"og:url\" content=\"https:\/\/rendez-vous-store.com\/fr\/shop\/special-offer-women-rendez-vous-store\/women-trousers-special-offer\/bergfabel-maria-pants-black-rendez-vous-store\/\" \/>\n<meta property=\"og:site_name\" content=\"RENDEZ-VOUS STORE\" \/>\n<meta property=\"article:modified_time\" content=\"2026-03-16T14:19:36+00:00\" \/>\n<meta property=\"og:image\" content=\"https:\/\/rendez-vous-store.com\/app\/uploads\/2023\/09\/rdv_store_35-scaled.webp\" \/>\n\t<meta property=\"og:image:width\" content=\"1696\" \/>\n\t<meta property=\"og:image:height\" content=\"2560\" \/>\n\t<meta property=\"og:image:type\" content=\"image\/webp\" \/>\n<meta name=\"twitter:card\" content=\"summary_large_image\" \/>\n<meta name=\"twitter:label1\" content=\"Est. reading time\" \/>\n\t<meta name=\"twitter:data1\" content=\"1 minute\" \/>\n<script type=\"application\/ld+json\" class=\"yoast-schema-graph\">{\"@context\":\"https:\/\/schema.org\",\"@graph\":[{\"@type\":\"WebPage\",\"@id\":\"https:\/\/rendez-vous-store.com\/shop\/special-offer-women-rendez-vous-store\/women-trousers-special-offer\/bergfabel-maria-pants-black-rendez-vous-store\/\",\"url\":\"https:\/\/rendez-vous-store.com\/shop\/special-offer-women-rendez-vous-store\/women-trousers-special-offer\/bergfabel-maria-pants-black-rendez-vous-store\/\",\"name\":\"Bergfabel Women Maria Pants Black\",\"isPartOf\":{\"@id\":\"https:\/\/rendez-vous-store.com\/#website\"},\"primaryImageOfPage\":{\"@id\":\"https:\/\/rendez-vous-store.com\/shop\/special-offer-women-rendez-vous-store\/women-trousers-special-offer\/bergfabel-maria-pants-black-rendez-vous-store\/#primaryimage\"},\"image\":{\"@id\":\"https:\/\/rendez-vous-store.com\/shop\/special-offer-women-rendez-vous-store\/women-trousers-special-offer\/bergfabel-maria-pants-black-rendez-vous-store\/#primaryimage\"},\"thumbnailUrl\":\"https:\/\/rendez-vous-store.com\/app\/uploads\/2023\/09\/rdv_store_35-scaled.webp\",\"datePublished\":\"2023-09-05T15:03:16+00:00\",\"dateModified\":\"2026-03-16T14:19:36+00:00\",\"description\":\"This Bergfabel Women Farmer pant black navy explores the link between modernity and heritage, even in the smallest detail. Discover now.\",\"breadcrumb\":{\"@id\":\"https:\/\/rendez-vous-store.com\/shop\/special-offer-women-rendez-vous-store\/women-trousers-special-offer\/bergfabel-maria-pants-black-rendez-vous-store\/#breadcrumb\"},\"inLanguage\":\"fr-FR\",\"potentialAction\":[{\"@type\":\"ReadAction\",\"target\":[\"https:\/\/rendez-vous-store.com\/shop\/special-offer-women-rendez-vous-store\/women-trousers-special-offer\/bergfabel-maria-pants-black-rendez-vous-store\/\"]}]},{\"@type\":\"ImageObject\",\"inLanguage\":\"fr-FR\",\"@id\":\"https:\/\/rendez-vous-store.com\/shop\/special-offer-women-rendez-vous-store\/women-trousers-special-offer\/bergfabel-maria-pants-black-rendez-vous-store\/#primaryimage\",\"url\":\"https:\/\/rendez-vous-store.com\/app\/uploads\/2023\/09\/rdv_store_35-scaled.webp\",\"contentUrl\":\"https:\/\/rendez-vous-store.com\/app\/uploads\/2023\/09\/rdv_store_35-scaled.webp\",\"width\":1696,\"height\":2560,\"caption\":\"Bergfabel - Maria Pants BFWP157\/20 - Black\"},{\"@type\":\"BreadcrumbList\",\"@id\":\"https:\/\/rendez-vous-store.com\/shop\/special-offer-women-rendez-vous-store\/women-trousers-special-offer\/bergfabel-maria-pants-black-rendez-vous-store\/#breadcrumb\",\"itemListElement\":[{\"@type\":\"ListItem\",\"position\":1,\"name\":\"Home\",\"item\":\"https:\/\/rendez-vous-store.com\/\"},{\"@type\":\"ListItem\",\"position\":2,\"name\":\"Shop\",\"item\":\"https:\/\/www.rendez-vous-store.com\/shop\/\"},{\"@type\":\"ListItem\",\"position\":3,\"name\":\"Bergfabel &#8211; Maria Pants BFWP157\/20 &#8211; Black\"}]},{\"@type\":\"WebSite\",\"@id\":\"https:\/\/rendez-vous-store.com\/#website\",\"url\":\"https:\/\/rendez-vous-store.com\/\",\"name\":\"RENDEZ-VOUS STORE\",\"description\":\"Slow Fashion for Women and Men\",\"potentialAction\":[{\"@type\":\"SearchAction\",\"target\":{\"@type\":\"EntryPoint\",\"urlTemplate\":\"https:\/\/rendez-vous-store.com\/?s={search_term_string}\"},\"query-input\":{\"@type\":\"PropertyValueSpecification\",\"valueRequired\":true,\"valueName\":\"search_term_string\"}}],\"inLanguage\":\"fr-FR\"}]}<\/script>\n<!-- \/ Yoast SEO plugin. -->","yoast_head_json":{"title":"Bergfabel Women Maria Pants Black","description":"This Bergfabel Women Farmer pant black navy explores the link between modernity and heritage, even in the smallest detail. Discover now.","robots":{"index":"index","follow":"follow","max-snippet":"max-snippet:-1","max-image-preview":"max-image-preview:large","max-video-preview":"max-video-preview:-1"},"canonical":"https:\/\/rendez-vous-store.com\/fr\/shop\/special-offer-women-rendez-vous-store\/women-trousers-special-offer\/bergfabel-maria-pants-black-rendez-vous-store\/","og_locale":"fr_FR","og_type":"article","og_title":"Bergfabel Women Maria Pants Black","og_description":"This Bergfabel Women Farmer pant black navy explores the link between modernity and heritage, even in the smallest detail. Discover now.","og_url":"https:\/\/rendez-vous-store.com\/fr\/shop\/special-offer-women-rendez-vous-store\/women-trousers-special-offer\/bergfabel-maria-pants-black-rendez-vous-store\/","og_site_name":"RENDEZ-VOUS STORE","article_modified_time":"2026-03-16T14:19:36+00:00","og_image":[{"width":1696,"height":2560,"url":"https:\/\/rendez-vous-store.com\/app\/uploads\/2023\/09\/rdv_store_35-scaled.webp","type":"image\/webp"}],"twitter_card":"summary_large_image","twitter_misc":{"Est. reading time":"1 minute"},"schema":{"@context":"https:\/\/schema.org","@graph":[{"@type":"WebPage","@id":"https:\/\/rendez-vous-store.com\/shop\/special-offer-women-rendez-vous-store\/women-trousers-special-offer\/bergfabel-maria-pants-black-rendez-vous-store\/","url":"https:\/\/rendez-vous-store.com\/shop\/special-offer-women-rendez-vous-store\/women-trousers-special-offer\/bergfabel-maria-pants-black-rendez-vous-store\/","name":"Bergfabel Women Maria Pants Black","isPartOf":{"@id":"https:\/\/rendez-vous-store.com\/#website"},"primaryImageOfPage":{"@id":"https:\/\/rendez-vous-store.com\/shop\/special-offer-women-rendez-vous-store\/women-trousers-special-offer\/bergfabel-maria-pants-black-rendez-vous-store\/#primaryimage"},"image":{"@id":"https:\/\/rendez-vous-store.com\/shop\/special-offer-women-rendez-vous-store\/women-trousers-special-offer\/bergfabel-maria-pants-black-rendez-vous-store\/#primaryimage"},"thumbnailUrl":"https:\/\/rendez-vous-store.com\/app\/uploads\/2023\/09\/rdv_store_35-scaled.webp","datePublished":"2023-09-05T15:03:16+00:00","dateModified":"2026-03-16T14:19:36+00:00","description":"This Bergfabel Women Farmer pant black navy explores the link between modernity and heritage, even in the smallest detail. Discover now.","breadcrumb":{"@id":"https:\/\/rendez-vous-store.com\/shop\/special-offer-women-rendez-vous-store\/women-trousers-special-offer\/bergfabel-maria-pants-black-rendez-vous-store\/#breadcrumb"},"inLanguage":"fr-FR","potentialAction":[{"@type":"ReadAction","target":["https:\/\/rendez-vous-store.com\/shop\/special-offer-women-rendez-vous-store\/women-trousers-special-offer\/bergfabel-maria-pants-black-rendez-vous-store\/"]}]},{"@type":"ImageObject","inLanguage":"fr-FR","@id":"https:\/\/rendez-vous-store.com\/shop\/special-offer-women-rendez-vous-store\/women-trousers-special-offer\/bergfabel-maria-pants-black-rendez-vous-store\/#primaryimage","url":"https:\/\/rendez-vous-store.com\/app\/uploads\/2023\/09\/rdv_store_35-scaled.webp","contentUrl":"https:\/\/rendez-vous-store.com\/app\/uploads\/2023\/09\/rdv_store_35-scaled.webp","width":1696,"height":2560,"caption":"Bergfabel - Maria Pants BFWP157\/20 - Black"},{"@type":"BreadcrumbList","@id":"https:\/\/rendez-vous-store.com\/shop\/special-offer-women-rendez-vous-store\/women-trousers-special-offer\/bergfabel-maria-pants-black-rendez-vous-store\/#breadcrumb","itemListElement":[{"@type":"ListItem","position":1,"name":"Home","item":"https:\/\/rendez-vous-store.com\/"},{"@type":"ListItem","position":2,"name":"Shop","item":"https:\/\/www.rendez-vous-store.com\/shop\/"},{"@type":"ListItem","position":3,"name":"Bergfabel &#8211; Maria Pants BFWP157\/20 &#8211; Black"}]},{"@type":"WebSite","@id":"https:\/\/rendez-vous-store.com\/#website","url":"https:\/\/rendez-vous-store.com\/","name":"RENDEZ-VOUS STORE","description":"Slow Fashion for Women and Men","potentialAction":[{"@type":"SearchAction","target":{"@type":"EntryPoint","urlTemplate":"https:\/\/rendez-vous-store.com\/?s={search_term_string}"},"query-input":{"@type":"PropertyValueSpecification","valueRequired":true,"valueName":"search_term_string"}}],"inLanguage":"fr-FR"}]}},"_links":{"self":[{"href":"https:\/\/rendez-vous-store.com\/fr\/wp-json\/wp\/v2\/product\/132516","targetHints":{"allow":["GET"]}}],"collection":[{"href":"https:\/\/rendez-vous-store.com\/fr\/wp-json\/wp\/v2\/product"}],"about":[{"href":"https:\/\/rendez-vous-store.com\/fr\/wp-json\/wp\/v2\/types\/product"}],"wp:featuredmedia":[{"embeddable":true,"href":"https:\/\/rendez-vous-store.com\/fr\/wp-json\/wp\/v2\/media\/141514"}],"wp:attachment":[{"href":"https:\/\/rendez-vous-store.com\/fr\/wp-json\/wp\/v2\/media?parent=132516"}],"wp:term":[{"taxonomy":"product_brand","embeddable":true,"href":"https:\/\/rendez-vous-store.com\/fr\/wp-json\/wp\/v2\/product_brand?post=132516"},{"taxonomy":"product_cat","embeddable":true,"href":"https:\/\/rendez-vous-store.com\/fr\/wp-json\/wp\/v2\/product_cat?post=132516"},{"taxonomy":"product_tag","embeddable":true,"href":"https:\/\/rendez-vous-store.com\/fr\/wp-json\/wp\/v2\/product_tag?post=132516"}],"curies":[{"name":"wp","href":"https:\/\/api.w.org\/{rel}","templated":true}]}}