{"id":130459,"date":"2023-08-22T15:41:02","date_gmt":"2023-08-22T13:41:02","guid":{"rendered":"https:\/\/rendez-vous-store.com\/?post_type=product&#038;p=130459"},"modified":"2026-03-16T15:18:31","modified_gmt":"2026-03-16T14:18:31","slug":"comme-des-garcons-shirt-mens-t-shirt-x-lacoste-t010-white","status":"publish","type":"product","link":"https:\/\/rendez-vous-store.com\/fr\/shop\/last-pieces-men\/last-pieces-men-shirt-rendez-vous-store\/comme-des-garcons-shirt-mens-t-shirt-x-lacoste-t010-white\/","title":{"rendered":"Comme des Gar\u00e7ons Shirt &#8211; Mens T-Shirt X Lacoste T010 &#8211; White"},"content":{"rendered":"<p>Comme des Gar\u00e7ons Shirt Men T-Shirt X Lacoste T010<\/p>\n<p>Couleur : blanc<\/p>\n<p>Col rond<\/p>\n<p>Surdimensionn\u00e9<\/p>\n<p>Composition : 100% Coton<\/p>\n<p>Fabriqu\u00e9 en Turquie<\/p>\n<p>Olivier mesure 178cm<\/p>\n<p>Taille du mod\u00e8le : L<\/p>","protected":false},"excerpt":{"rendered":"<p>Comme des Gar\u00e7ons Shirt Men T-Shirt X Lacoste T010 Color: White Round neck Oversized Composition: 100% Cotton Made in Turkey Olivier is 178cm Model size: L<\/p>","protected":false},"featured_media":130929,"template":"","meta":{"_acf_changed":false},"product_brand":[],"product_cat":[1137,1165,1152],"product_tag":[],"class_list":{"0":"post-130459","1":"product","2":"type-product","3":"status-publish","4":"has-post-thumbnail","6":"product_cat-last-pieces-men","7":"product_cat-40-last-pieces-men","8":"product_cat-last-pieces-men-shirt-rendez-vous-store","9":"entry","11":"first","12":"outofstock","13":"taxable","14":"shipping-taxable","15":"product-type-variable","16":"has-default-attributes"},"acf":[],"yoast_head":"<!-- This site is optimized with the Yoast SEO plugin v24.9 - https:\/\/yoast.com\/wordpress\/plugins\/seo\/ -->\n<title>Comme des Gar\u00e7ons Shirt - Men T-Shirt X Lacoste - T010<\/title>\n<meta name=\"description\" content=\"Comme des Gar\u00e7ons Shirt is on Rendez-vous Store. This Comme des Gar\u00e7ons Shirt Men T-Shirt X Lacoste follows the guidelines of the Japanese brand while remaining in a radical universe.\" \/>\n<meta name=\"robots\" content=\"index, follow, max-snippet:-1, max-image-preview:large, max-video-preview:-1\" \/>\n<link rel=\"canonical\" href=\"https:\/\/rendez-vous-store.com\/fr\/shop\/last-pieces-men\/last-pieces-men-shirt-rendez-vous-store\/comme-des-garcons-shirt-mens-t-shirt-x-lacoste-t010-white\/\" \/>\n<meta property=\"og:locale\" content=\"fr_FR\" \/>\n<meta property=\"og:type\" content=\"article\" \/>\n<meta property=\"og:title\" content=\"Comme des Gar\u00e7ons Shirt - Men T-Shirt X Lacoste - T010\" \/>\n<meta property=\"og:description\" content=\"Comme des Gar\u00e7ons Shirt is on Rendez-vous Store. This Comme des Gar\u00e7ons Shirt Men T-Shirt X Lacoste follows the guidelines of the Japanese brand while remaining in a radical universe.\" \/>\n<meta property=\"og:url\" content=\"https:\/\/rendez-vous-store.com\/fr\/shop\/last-pieces-men\/last-pieces-men-shirt-rendez-vous-store\/comme-des-garcons-shirt-mens-t-shirt-x-lacoste-t010-white\/\" \/>\n<meta property=\"og:site_name\" content=\"RENDEZ-VOUS STORE\" \/>\n<meta property=\"article:modified_time\" content=\"2026-03-16T14:18:31+00:00\" \/>\n<meta property=\"og:image\" content=\"https:\/\/rendez-vous-store.com\/wp-content\/uploads\/2023\/08\/rdv_cdg_42-scaled.webp\" \/>\n\t<meta property=\"og:image:width\" content=\"1696\" \/>\n\t<meta property=\"og:image:height\" content=\"2560\" \/>\n\t<meta property=\"og:image:type\" content=\"image\/webp\" \/>\n<meta name=\"twitter:card\" content=\"summary_large_image\" \/>\n<meta name=\"twitter:label1\" content=\"Est. reading time\" \/>\n\t<meta name=\"twitter:data1\" content=\"1 minute\" \/>\n<script type=\"application\/ld+json\" class=\"yoast-schema-graph\">{\"@context\":\"https:\/\/schema.org\",\"@graph\":[{\"@type\":\"WebPage\",\"@id\":\"https:\/\/rendez-vous-store.com\/shop\/last-pieces-men\/last-pieces-men-shirt-rendez-vous-store\/comme-des-garcons-shirt-mens-t-shirt-x-lacoste-t010-white\/\",\"url\":\"https:\/\/rendez-vous-store.com\/shop\/last-pieces-men\/last-pieces-men-shirt-rendez-vous-store\/comme-des-garcons-shirt-mens-t-shirt-x-lacoste-t010-white\/\",\"name\":\"Comme des Gar\u00e7ons Shirt - Men T-Shirt X Lacoste - T010\",\"isPartOf\":{\"@id\":\"https:\/\/rendez-vous-store.com\/#website\"},\"primaryImageOfPage\":{\"@id\":\"https:\/\/rendez-vous-store.com\/shop\/last-pieces-men\/last-pieces-men-shirt-rendez-vous-store\/comme-des-garcons-shirt-mens-t-shirt-x-lacoste-t010-white\/#primaryimage\"},\"image\":{\"@id\":\"https:\/\/rendez-vous-store.com\/shop\/last-pieces-men\/last-pieces-men-shirt-rendez-vous-store\/comme-des-garcons-shirt-mens-t-shirt-x-lacoste-t010-white\/#primaryimage\"},\"thumbnailUrl\":\"https:\/\/rendez-vous-store.com\/app\/uploads\/2023\/08\/rdv_cdg_42-scaled.webp\",\"datePublished\":\"2023-08-22T13:41:02+00:00\",\"dateModified\":\"2026-03-16T14:18:31+00:00\",\"description\":\"Comme des Gar\u00e7ons Shirt is on Rendez-vous Store. This Comme des Gar\u00e7ons Shirt Men T-Shirt X Lacoste follows the guidelines of the Japanese brand while remaining in a radical universe.\",\"breadcrumb\":{\"@id\":\"https:\/\/rendez-vous-store.com\/shop\/last-pieces-men\/last-pieces-men-shirt-rendez-vous-store\/comme-des-garcons-shirt-mens-t-shirt-x-lacoste-t010-white\/#breadcrumb\"},\"inLanguage\":\"fr-FR\",\"potentialAction\":[{\"@type\":\"ReadAction\",\"target\":[\"https:\/\/rendez-vous-store.com\/shop\/last-pieces-men\/last-pieces-men-shirt-rendez-vous-store\/comme-des-garcons-shirt-mens-t-shirt-x-lacoste-t010-white\/\"]}]},{\"@type\":\"ImageObject\",\"inLanguage\":\"fr-FR\",\"@id\":\"https:\/\/rendez-vous-store.com\/shop\/last-pieces-men\/last-pieces-men-shirt-rendez-vous-store\/comme-des-garcons-shirt-mens-t-shirt-x-lacoste-t010-white\/#primaryimage\",\"url\":\"https:\/\/rendez-vous-store.com\/app\/uploads\/2023\/08\/rdv_cdg_42-scaled.webp\",\"contentUrl\":\"https:\/\/rendez-vous-store.com\/app\/uploads\/2023\/08\/rdv_cdg_42-scaled.webp\",\"width\":1696,\"height\":2560},{\"@type\":\"BreadcrumbList\",\"@id\":\"https:\/\/rendez-vous-store.com\/shop\/last-pieces-men\/last-pieces-men-shirt-rendez-vous-store\/comme-des-garcons-shirt-mens-t-shirt-x-lacoste-t010-white\/#breadcrumb\",\"itemListElement\":[{\"@type\":\"ListItem\",\"position\":1,\"name\":\"Home\",\"item\":\"https:\/\/rendez-vous-store.com\/\"},{\"@type\":\"ListItem\",\"position\":2,\"name\":\"Shop\",\"item\":\"https:\/\/www.rendez-vous-store.com\/shop\/\"},{\"@type\":\"ListItem\",\"position\":3,\"name\":\"Comme des Gar\u00e7ons Shirt &#8211; Mens T-Shirt X Lacoste T010 &#8211; White\"}]},{\"@type\":\"WebSite\",\"@id\":\"https:\/\/rendez-vous-store.com\/#website\",\"url\":\"https:\/\/rendez-vous-store.com\/\",\"name\":\"RENDEZ-VOUS STORE\",\"description\":\"Slow Fashion for Women and Men\",\"potentialAction\":[{\"@type\":\"SearchAction\",\"target\":{\"@type\":\"EntryPoint\",\"urlTemplate\":\"https:\/\/rendez-vous-store.com\/?s={search_term_string}\"},\"query-input\":{\"@type\":\"PropertyValueSpecification\",\"valueRequired\":true,\"valueName\":\"search_term_string\"}}],\"inLanguage\":\"fr-FR\"}]}<\/script>\n<!-- \/ Yoast SEO plugin. -->","yoast_head_json":{"title":"Comme des Gar\u00e7ons Shirt - Men T-Shirt X Lacoste - T010","description":"Comme des Gar\u00e7ons Shirt is on Rendez-vous Store. This Comme des Gar\u00e7ons Shirt Men T-Shirt X Lacoste follows the guidelines of the Japanese brand while remaining in a radical universe.","robots":{"index":"index","follow":"follow","max-snippet":"max-snippet:-1","max-image-preview":"max-image-preview:large","max-video-preview":"max-video-preview:-1"},"canonical":"https:\/\/rendez-vous-store.com\/fr\/shop\/last-pieces-men\/last-pieces-men-shirt-rendez-vous-store\/comme-des-garcons-shirt-mens-t-shirt-x-lacoste-t010-white\/","og_locale":"fr_FR","og_type":"article","og_title":"Comme des Gar\u00e7ons Shirt - Men T-Shirt X Lacoste - T010","og_description":"Comme des Gar\u00e7ons Shirt is on Rendez-vous Store. This Comme des Gar\u00e7ons Shirt Men T-Shirt X Lacoste follows the guidelines of the Japanese brand while remaining in a radical universe.","og_url":"https:\/\/rendez-vous-store.com\/fr\/shop\/last-pieces-men\/last-pieces-men-shirt-rendez-vous-store\/comme-des-garcons-shirt-mens-t-shirt-x-lacoste-t010-white\/","og_site_name":"RENDEZ-VOUS STORE","article_modified_time":"2026-03-16T14:18:31+00:00","og_image":[{"width":1696,"height":2560,"url":"https:\/\/rendez-vous-store.com\/wp-content\/uploads\/2023\/08\/rdv_cdg_42-scaled.webp","type":"image\/webp"}],"twitter_card":"summary_large_image","twitter_misc":{"Est. reading time":"1 minute"},"schema":{"@context":"https:\/\/schema.org","@graph":[{"@type":"WebPage","@id":"https:\/\/rendez-vous-store.com\/shop\/last-pieces-men\/last-pieces-men-shirt-rendez-vous-store\/comme-des-garcons-shirt-mens-t-shirt-x-lacoste-t010-white\/","url":"https:\/\/rendez-vous-store.com\/shop\/last-pieces-men\/last-pieces-men-shirt-rendez-vous-store\/comme-des-garcons-shirt-mens-t-shirt-x-lacoste-t010-white\/","name":"Comme des Gar\u00e7ons Shirt - Men T-Shirt X Lacoste - T010","isPartOf":{"@id":"https:\/\/rendez-vous-store.com\/#website"},"primaryImageOfPage":{"@id":"https:\/\/rendez-vous-store.com\/shop\/last-pieces-men\/last-pieces-men-shirt-rendez-vous-store\/comme-des-garcons-shirt-mens-t-shirt-x-lacoste-t010-white\/#primaryimage"},"image":{"@id":"https:\/\/rendez-vous-store.com\/shop\/last-pieces-men\/last-pieces-men-shirt-rendez-vous-store\/comme-des-garcons-shirt-mens-t-shirt-x-lacoste-t010-white\/#primaryimage"},"thumbnailUrl":"https:\/\/rendez-vous-store.com\/app\/uploads\/2023\/08\/rdv_cdg_42-scaled.webp","datePublished":"2023-08-22T13:41:02+00:00","dateModified":"2026-03-16T14:18:31+00:00","description":"Comme des Gar\u00e7ons Shirt is on Rendez-vous Store. This Comme des Gar\u00e7ons Shirt Men T-Shirt X Lacoste follows the guidelines of the Japanese brand while remaining in a radical universe.","breadcrumb":{"@id":"https:\/\/rendez-vous-store.com\/shop\/last-pieces-men\/last-pieces-men-shirt-rendez-vous-store\/comme-des-garcons-shirt-mens-t-shirt-x-lacoste-t010-white\/#breadcrumb"},"inLanguage":"fr-FR","potentialAction":[{"@type":"ReadAction","target":["https:\/\/rendez-vous-store.com\/shop\/last-pieces-men\/last-pieces-men-shirt-rendez-vous-store\/comme-des-garcons-shirt-mens-t-shirt-x-lacoste-t010-white\/"]}]},{"@type":"ImageObject","inLanguage":"fr-FR","@id":"https:\/\/rendez-vous-store.com\/shop\/last-pieces-men\/last-pieces-men-shirt-rendez-vous-store\/comme-des-garcons-shirt-mens-t-shirt-x-lacoste-t010-white\/#primaryimage","url":"https:\/\/rendez-vous-store.com\/app\/uploads\/2023\/08\/rdv_cdg_42-scaled.webp","contentUrl":"https:\/\/rendez-vous-store.com\/app\/uploads\/2023\/08\/rdv_cdg_42-scaled.webp","width":1696,"height":2560},{"@type":"BreadcrumbList","@id":"https:\/\/rendez-vous-store.com\/shop\/last-pieces-men\/last-pieces-men-shirt-rendez-vous-store\/comme-des-garcons-shirt-mens-t-shirt-x-lacoste-t010-white\/#breadcrumb","itemListElement":[{"@type":"ListItem","position":1,"name":"Home","item":"https:\/\/rendez-vous-store.com\/"},{"@type":"ListItem","position":2,"name":"Shop","item":"https:\/\/www.rendez-vous-store.com\/shop\/"},{"@type":"ListItem","position":3,"name":"Comme des Gar\u00e7ons Shirt &#8211; Mens T-Shirt X Lacoste T010 &#8211; White"}]},{"@type":"WebSite","@id":"https:\/\/rendez-vous-store.com\/#website","url":"https:\/\/rendez-vous-store.com\/","name":"RENDEZ-VOUS STORE","description":"Slow Fashion for Women and Men","potentialAction":[{"@type":"SearchAction","target":{"@type":"EntryPoint","urlTemplate":"https:\/\/rendez-vous-store.com\/?s={search_term_string}"},"query-input":{"@type":"PropertyValueSpecification","valueRequired":true,"valueName":"search_term_string"}}],"inLanguage":"fr-FR"}]}},"_links":{"self":[{"href":"https:\/\/rendez-vous-store.com\/fr\/wp-json\/wp\/v2\/product\/130459","targetHints":{"allow":["GET"]}}],"collection":[{"href":"https:\/\/rendez-vous-store.com\/fr\/wp-json\/wp\/v2\/product"}],"about":[{"href":"https:\/\/rendez-vous-store.com\/fr\/wp-json\/wp\/v2\/types\/product"}],"wp:featuredmedia":[{"embeddable":true,"href":"https:\/\/rendez-vous-store.com\/fr\/wp-json\/wp\/v2\/media\/130929"}],"wp:attachment":[{"href":"https:\/\/rendez-vous-store.com\/fr\/wp-json\/wp\/v2\/media?parent=130459"}],"wp:term":[{"taxonomy":"product_brand","embeddable":true,"href":"https:\/\/rendez-vous-store.com\/fr\/wp-json\/wp\/v2\/product_brand?post=130459"},{"taxonomy":"product_cat","embeddable":true,"href":"https:\/\/rendez-vous-store.com\/fr\/wp-json\/wp\/v2\/product_cat?post=130459"},{"taxonomy":"product_tag","embeddable":true,"href":"https:\/\/rendez-vous-store.com\/fr\/wp-json\/wp\/v2\/product_tag?post=130459"}],"curies":[{"name":"wp","href":"https:\/\/api.w.org\/{rel}","templated":true}]}}