{"id":129384,"date":"2023-08-08T11:57:12","date_gmt":"2023-08-08T09:57:12","guid":{"rendered":"https:\/\/rendez-vous-store.com\/?post_type=product&#038;p=129384"},"modified":"2026-04-24T13:08:23","modified_gmt":"2026-04-24T11:08:23","slug":"apuntob-jacket-jacket-brown-chocolate-rendez-vous-store","status":"publish","type":"product","link":"https:\/\/rendez-vous-store.com\/fr\/shop\/special-offer-women-rendez-vous-store\/women-coat-jacket-special-offer-rendez-vous-store\/apuntob-jacket-jacket-brown-chocolate-rendez-vous-store\/","title":{"rendered":"Apuntob - Veste P1801\/TS721 - Chocolat"},"content":{"rendered":"<p><strong>Veste Apuntob P1801\/TS721 Chocolat<\/strong><\/p>\n<p>Couleur : Brun chocolat<\/p>\n<p>Coupe r\u00e9guli\u00e8re<\/p>\n<p>Col rond classique<\/p>\n<p>Fermeture par bouton<\/p>\n<p>Manches longues<\/p>\n<p>Veste courte<\/p>\n<p>Doubl\u00e9<\/p>\n<p>Tissu souple<\/p>\n<p>Composition : 69% Alpaga - 27% laine polaire - 4% polyamide<br \/>\nDoublure 100% coton<\/p>\n<p>Ma\u00e9va est 1m68<\/p>\n<p>Fabriqu\u00e9 en Italie<\/p>\n<p>&nbsp;<\/p>\n<p><strong>Mesures :<\/strong><\/p>\n<p>Taille S : Epaule \u00e0 poignet : 79cm - Poitrine : 66cm - Longueur : 60cm<\/p>\n<p>&nbsp;<\/p>\n<p>&nbsp;<\/p>\n<p>&nbsp;<\/p>\n<p>&nbsp;<\/p>\n<h4>La marque<\/h4>\n<p>L'essence de l'\u00e9l\u00e9gance italienne se retrouve chez ApuntoB, une marque r\u00e9put\u00e9e pour ses cr\u00e9ations intemporelles. Fond\u00e9e sur le principe que les v\u00eatements sont le reflet du style de vie et de l'identit\u00e9 de chacun, ApuntoB confectionne m\u00e9ticuleusement chaque pi\u00e8ce pour qu'elle incarne la simplicit\u00e9 et la sophistication.<\/p>\n<p>Au c\u0153ur de la philosophie d'ApuntoB se trouve un engagement ancr\u00e9 en faveur de la qualit\u00e9 et de l'artisanat. La qu\u00eate de perfection transpara\u00eet dans l\u2019exploration continue des mati\u00e8res et des silhouettes, ainsi que dans le soin minutieux accord\u00e9 \u00e0 chaque d\u00e9tail. \u00c0 chaque point de couture, ApuntoB s'efforce de cr\u00e9er des v\u00eatements qui transcendent les tendances \u00e9ph\u00e9m\u00e8res, offrant un style durable et une grande polyvalence.<\/p>","protected":false},"excerpt":{"rendered":"<p>Apuntob Jacket P1801\/TS721 Chocolate Color : Chocolate Brown Regular fit Classic round collar Button closure Long sleeves Cropped jacket Lined Soft fabric Composition: 69% Alpaca &#8211; 27% fleece wool &#8211; 4% polyamide Lining 100% cotton Ma\u00e9va is 1m68 Made in Italy &nbsp; Measurements : Size S : Shoulder to cuff : 79cm \u2013 Chest: 66cm&hellip; <a class=\"more-link\" href=\"https:\/\/rendez-vous-store.com\/fr\/shop\/special-offer-women-rendez-vous-store\/women-coat-jacket-special-offer-rendez-vous-store\/apuntob-jacket-jacket-brown-chocolate-rendez-vous-store\/\">Continuer la lecture <span class=\"screen-reader-text\">Apuntob - Veste P1801\/TS721 - Chocolat<\/span><\/a><\/p>","protected":false},"featured_media":130326,"template":"","meta":{"_acf_changed":false},"product_brand":[],"product_cat":[1291,1336,1335,17,394],"product_tag":[281],"class_list":{"0":"post-129384","1":"product","2":"type-product","3":"status-publish","4":"has-post-thumbnail","6":"product_cat-sale-30","7":"product_cat-women-coat-jacket-special-offer-rendez-vous-store","8":"product_cat-special-offer-women-rendez-vous-store","9":"product_cat-women","10":"product_cat-women-coats-jackets-rendez-vous-store","11":"product_tag-apuntob-rendez-vous-store","12":"entry","14":"first","15":"outofstock","16":"taxable","17":"shipping-taxable","18":"product-type-variable","19":"has-default-attributes"},"acf":[],"yoast_head":"<!-- This site is optimized with the Yoast SEO plugin v24.9 - https:\/\/yoast.com\/wordpress\/plugins\/seo\/ -->\n<title>Apuntob Jacket P1801\/TS721 Chocolate<\/title>\n<meta name=\"description\" content=\"This Apuntob Women Chocolate jacket is characterized by the endless research for beautiful shapes, fabrics and cuts by the brand.\" \/>\n<meta name=\"robots\" content=\"index, follow, max-snippet:-1, max-image-preview:large, max-video-preview:-1\" \/>\n<link rel=\"canonical\" href=\"https:\/\/rendez-vous-store.com\/fr\/shop\/special-offer-women-rendez-vous-store\/women-coat-jacket-special-offer-rendez-vous-store\/apuntob-jacket-jacket-brown-chocolate-rendez-vous-store\/\" \/>\n<meta property=\"og:locale\" content=\"fr_FR\" \/>\n<meta property=\"og:type\" content=\"article\" \/>\n<meta property=\"og:title\" content=\"Apuntob Jacket P1801\/TS721 Chocolate\" \/>\n<meta property=\"og:description\" content=\"This Apuntob Women Chocolate jacket is characterized by the endless research for beautiful shapes, fabrics and cuts by the brand.\" \/>\n<meta property=\"og:url\" content=\"https:\/\/rendez-vous-store.com\/fr\/shop\/special-offer-women-rendez-vous-store\/women-coat-jacket-special-offer-rendez-vous-store\/apuntob-jacket-jacket-brown-chocolate-rendez-vous-store\/\" \/>\n<meta property=\"og:site_name\" content=\"RENDEZ-VOUS STORE\" \/>\n<meta property=\"article:modified_time\" content=\"2026-04-24T11:08:23+00:00\" \/>\n<meta property=\"og:image\" content=\"https:\/\/rendez-vous-store.com\/wp-content\/uploads\/2023\/08\/rdv_apuntob_44-1-scaled.webp\" \/>\n\t<meta property=\"og:image:width\" content=\"1696\" \/>\n\t<meta property=\"og:image:height\" content=\"2560\" \/>\n\t<meta property=\"og:image:type\" content=\"image\/webp\" \/>\n<meta name=\"twitter:card\" content=\"summary_large_image\" \/>\n<meta name=\"twitter:label1\" content=\"Est. reading time\" \/>\n\t<meta name=\"twitter:data1\" content=\"1 minute\" \/>\n<script type=\"application\/ld+json\" class=\"yoast-schema-graph\">{\"@context\":\"https:\/\/schema.org\",\"@graph\":[{\"@type\":\"WebPage\",\"@id\":\"https:\/\/rendez-vous-store.com\/shop\/special-offer-women-rendez-vous-store\/women-coat-jacket-special-offer-rendez-vous-store\/apuntob-jacket-jacket-brown-chocolate-rendez-vous-store\/\",\"url\":\"https:\/\/rendez-vous-store.com\/shop\/special-offer-women-rendez-vous-store\/women-coat-jacket-special-offer-rendez-vous-store\/apuntob-jacket-jacket-brown-chocolate-rendez-vous-store\/\",\"name\":\"Apuntob Jacket P1801\/TS721 Chocolate\",\"isPartOf\":{\"@id\":\"https:\/\/rendez-vous-store.com\/#website\"},\"primaryImageOfPage\":{\"@id\":\"https:\/\/rendez-vous-store.com\/shop\/special-offer-women-rendez-vous-store\/women-coat-jacket-special-offer-rendez-vous-store\/apuntob-jacket-jacket-brown-chocolate-rendez-vous-store\/#primaryimage\"},\"image\":{\"@id\":\"https:\/\/rendez-vous-store.com\/shop\/special-offer-women-rendez-vous-store\/women-coat-jacket-special-offer-rendez-vous-store\/apuntob-jacket-jacket-brown-chocolate-rendez-vous-store\/#primaryimage\"},\"thumbnailUrl\":\"https:\/\/rendez-vous-store.com\/app\/uploads\/2023\/08\/rdv_apuntob_44-1-scaled.webp\",\"datePublished\":\"2023-08-08T09:57:12+00:00\",\"dateModified\":\"2026-04-24T11:08:23+00:00\",\"description\":\"This Apuntob Women Chocolate jacket is characterized by the endless research for beautiful shapes, fabrics and cuts by the brand.\",\"breadcrumb\":{\"@id\":\"https:\/\/rendez-vous-store.com\/shop\/special-offer-women-rendez-vous-store\/women-coat-jacket-special-offer-rendez-vous-store\/apuntob-jacket-jacket-brown-chocolate-rendez-vous-store\/#breadcrumb\"},\"inLanguage\":\"fr-FR\",\"potentialAction\":[{\"@type\":\"ReadAction\",\"target\":[\"https:\/\/rendez-vous-store.com\/shop\/special-offer-women-rendez-vous-store\/women-coat-jacket-special-offer-rendez-vous-store\/apuntob-jacket-jacket-brown-chocolate-rendez-vous-store\/\"]}]},{\"@type\":\"ImageObject\",\"inLanguage\":\"fr-FR\",\"@id\":\"https:\/\/rendez-vous-store.com\/shop\/special-offer-women-rendez-vous-store\/women-coat-jacket-special-offer-rendez-vous-store\/apuntob-jacket-jacket-brown-chocolate-rendez-vous-store\/#primaryimage\",\"url\":\"https:\/\/rendez-vous-store.com\/app\/uploads\/2023\/08\/rdv_apuntob_44-1-scaled.webp\",\"contentUrl\":\"https:\/\/rendez-vous-store.com\/app\/uploads\/2023\/08\/rdv_apuntob_44-1-scaled.webp\",\"width\":1696,\"height\":2560},{\"@type\":\"BreadcrumbList\",\"@id\":\"https:\/\/rendez-vous-store.com\/shop\/special-offer-women-rendez-vous-store\/women-coat-jacket-special-offer-rendez-vous-store\/apuntob-jacket-jacket-brown-chocolate-rendez-vous-store\/#breadcrumb\",\"itemListElement\":[{\"@type\":\"ListItem\",\"position\":1,\"name\":\"Home\",\"item\":\"https:\/\/rendez-vous-store.com\/\"},{\"@type\":\"ListItem\",\"position\":2,\"name\":\"Shop\",\"item\":\"https:\/\/www.rendez-vous-store.com\/shop\/\"},{\"@type\":\"ListItem\",\"position\":3,\"name\":\"Apuntob &#8211; Jacket P1801\/TS721 &#8211; Chocolate\"}]},{\"@type\":\"WebSite\",\"@id\":\"https:\/\/rendez-vous-store.com\/#website\",\"url\":\"https:\/\/rendez-vous-store.com\/\",\"name\":\"RENDEZ-VOUS STORE\",\"description\":\"Slow Fashion for Women and Men\",\"potentialAction\":[{\"@type\":\"SearchAction\",\"target\":{\"@type\":\"EntryPoint\",\"urlTemplate\":\"https:\/\/rendez-vous-store.com\/?s={search_term_string}\"},\"query-input\":{\"@type\":\"PropertyValueSpecification\",\"valueRequired\":true,\"valueName\":\"search_term_string\"}}],\"inLanguage\":\"fr-FR\"}]}<\/script>\n<!-- \/ Yoast SEO plugin. -->","yoast_head_json":{"title":"Apuntob Jacket P1801\/TS721 Chocolate","description":"This Apuntob Women Chocolate jacket is characterized by the endless research for beautiful shapes, fabrics and cuts by the brand.","robots":{"index":"index","follow":"follow","max-snippet":"max-snippet:-1","max-image-preview":"max-image-preview:large","max-video-preview":"max-video-preview:-1"},"canonical":"https:\/\/rendez-vous-store.com\/fr\/shop\/special-offer-women-rendez-vous-store\/women-coat-jacket-special-offer-rendez-vous-store\/apuntob-jacket-jacket-brown-chocolate-rendez-vous-store\/","og_locale":"fr_FR","og_type":"article","og_title":"Apuntob Jacket P1801\/TS721 Chocolate","og_description":"This Apuntob Women Chocolate jacket is characterized by the endless research for beautiful shapes, fabrics and cuts by the brand.","og_url":"https:\/\/rendez-vous-store.com\/fr\/shop\/special-offer-women-rendez-vous-store\/women-coat-jacket-special-offer-rendez-vous-store\/apuntob-jacket-jacket-brown-chocolate-rendez-vous-store\/","og_site_name":"RENDEZ-VOUS STORE","article_modified_time":"2026-04-24T11:08:23+00:00","og_image":[{"width":1696,"height":2560,"url":"https:\/\/rendez-vous-store.com\/wp-content\/uploads\/2023\/08\/rdv_apuntob_44-1-scaled.webp","type":"image\/webp"}],"twitter_card":"summary_large_image","twitter_misc":{"Est. reading time":"1 minute"},"schema":{"@context":"https:\/\/schema.org","@graph":[{"@type":"WebPage","@id":"https:\/\/rendez-vous-store.com\/shop\/special-offer-women-rendez-vous-store\/women-coat-jacket-special-offer-rendez-vous-store\/apuntob-jacket-jacket-brown-chocolate-rendez-vous-store\/","url":"https:\/\/rendez-vous-store.com\/shop\/special-offer-women-rendez-vous-store\/women-coat-jacket-special-offer-rendez-vous-store\/apuntob-jacket-jacket-brown-chocolate-rendez-vous-store\/","name":"Apuntob Jacket P1801\/TS721 Chocolate","isPartOf":{"@id":"https:\/\/rendez-vous-store.com\/#website"},"primaryImageOfPage":{"@id":"https:\/\/rendez-vous-store.com\/shop\/special-offer-women-rendez-vous-store\/women-coat-jacket-special-offer-rendez-vous-store\/apuntob-jacket-jacket-brown-chocolate-rendez-vous-store\/#primaryimage"},"image":{"@id":"https:\/\/rendez-vous-store.com\/shop\/special-offer-women-rendez-vous-store\/women-coat-jacket-special-offer-rendez-vous-store\/apuntob-jacket-jacket-brown-chocolate-rendez-vous-store\/#primaryimage"},"thumbnailUrl":"https:\/\/rendez-vous-store.com\/app\/uploads\/2023\/08\/rdv_apuntob_44-1-scaled.webp","datePublished":"2023-08-08T09:57:12+00:00","dateModified":"2026-04-24T11:08:23+00:00","description":"This Apuntob Women Chocolate jacket is characterized by the endless research for beautiful shapes, fabrics and cuts by the brand.","breadcrumb":{"@id":"https:\/\/rendez-vous-store.com\/shop\/special-offer-women-rendez-vous-store\/women-coat-jacket-special-offer-rendez-vous-store\/apuntob-jacket-jacket-brown-chocolate-rendez-vous-store\/#breadcrumb"},"inLanguage":"fr-FR","potentialAction":[{"@type":"ReadAction","target":["https:\/\/rendez-vous-store.com\/shop\/special-offer-women-rendez-vous-store\/women-coat-jacket-special-offer-rendez-vous-store\/apuntob-jacket-jacket-brown-chocolate-rendez-vous-store\/"]}]},{"@type":"ImageObject","inLanguage":"fr-FR","@id":"https:\/\/rendez-vous-store.com\/shop\/special-offer-women-rendez-vous-store\/women-coat-jacket-special-offer-rendez-vous-store\/apuntob-jacket-jacket-brown-chocolate-rendez-vous-store\/#primaryimage","url":"https:\/\/rendez-vous-store.com\/app\/uploads\/2023\/08\/rdv_apuntob_44-1-scaled.webp","contentUrl":"https:\/\/rendez-vous-store.com\/app\/uploads\/2023\/08\/rdv_apuntob_44-1-scaled.webp","width":1696,"height":2560},{"@type":"BreadcrumbList","@id":"https:\/\/rendez-vous-store.com\/shop\/special-offer-women-rendez-vous-store\/women-coat-jacket-special-offer-rendez-vous-store\/apuntob-jacket-jacket-brown-chocolate-rendez-vous-store\/#breadcrumb","itemListElement":[{"@type":"ListItem","position":1,"name":"Home","item":"https:\/\/rendez-vous-store.com\/"},{"@type":"ListItem","position":2,"name":"Shop","item":"https:\/\/www.rendez-vous-store.com\/shop\/"},{"@type":"ListItem","position":3,"name":"Apuntob &#8211; Jacket P1801\/TS721 &#8211; Chocolate"}]},{"@type":"WebSite","@id":"https:\/\/rendez-vous-store.com\/#website","url":"https:\/\/rendez-vous-store.com\/","name":"RENDEZ-VOUS STORE","description":"Slow Fashion for Women and Men","potentialAction":[{"@type":"SearchAction","target":{"@type":"EntryPoint","urlTemplate":"https:\/\/rendez-vous-store.com\/?s={search_term_string}"},"query-input":{"@type":"PropertyValueSpecification","valueRequired":true,"valueName":"search_term_string"}}],"inLanguage":"fr-FR"}]}},"_links":{"self":[{"href":"https:\/\/rendez-vous-store.com\/fr\/wp-json\/wp\/v2\/product\/129384","targetHints":{"allow":["GET"]}}],"collection":[{"href":"https:\/\/rendez-vous-store.com\/fr\/wp-json\/wp\/v2\/product"}],"about":[{"href":"https:\/\/rendez-vous-store.com\/fr\/wp-json\/wp\/v2\/types\/product"}],"wp:featuredmedia":[{"embeddable":true,"href":"https:\/\/rendez-vous-store.com\/fr\/wp-json\/wp\/v2\/media\/130326"}],"wp:attachment":[{"href":"https:\/\/rendez-vous-store.com\/fr\/wp-json\/wp\/v2\/media?parent=129384"}],"wp:term":[{"taxonomy":"product_brand","embeddable":true,"href":"https:\/\/rendez-vous-store.com\/fr\/wp-json\/wp\/v2\/product_brand?post=129384"},{"taxonomy":"product_cat","embeddable":true,"href":"https:\/\/rendez-vous-store.com\/fr\/wp-json\/wp\/v2\/product_cat?post=129384"},{"taxonomy":"product_tag","embeddable":true,"href":"https:\/\/rendez-vous-store.com\/fr\/wp-json\/wp\/v2\/product_tag?post=129384"}],"curies":[{"name":"wp","href":"https:\/\/api.w.org\/{rel}","templated":true}]}}