{"id":129352,"date":"2023-08-08T11:48:47","date_gmt":"2023-08-08T09:48:47","guid":{"rendered":"https:\/\/rendez-vous-store.com\/?post_type=product&#038;p=129352"},"modified":"2026-03-16T15:16:07","modified_gmt":"2026-03-16T14:16:07","slug":"apuntob-women-knitwear-sky-rendez-vous-store","status":"publish","type":"product","link":"https:\/\/rendez-vous-store.com\/fr\/shop\/women\/women-knitwears-discover-our-selection-rendez-vous-store\/apuntob-women-knitwear-sky-rendez-vous-store\/","title":{"rendered":"Apuntob - Tricots P1639\/TS759 - Ciel"},"content":{"rendered":"<p><strong>Apuntob Knitwear P1639\/TS759 Sky<\/strong><\/p>\n<p>Couleur : Ciel<\/p>\n<p>Coupe r\u00e9guli\u00e8re<\/p>\n<p>Col bateau<\/p>\n<p>Manches longues<\/p>\n<p>C\u00f4tel\u00e9e<\/p>\n<p>Composition : 100% Cachemire<\/p>\n<p>Fabriqu\u00e9 en Italie<\/p>\n<p>Ma\u00e9va mesure 167 cm<\/p>\n<p>Taille du mod\u00e8le : S<\/p>\n<p>&nbsp;<\/p>\n<p><strong>Mesures :<\/strong><\/p>\n<p>taille S : Epaules : 46cm - Poitrine : 49cm - Manches : 62cm - Longueur : 57cm<\/p>\n<p>&nbsp;<\/p>\n<p>&nbsp;<\/p>\n<p>&nbsp;<\/p>\n<h4>La marque<\/h4>\n<p>L'essence de l'\u00e9l\u00e9gance italienne se retrouve chez ApuntoB, une marque r\u00e9put\u00e9e pour ses cr\u00e9ations intemporelles. Fond\u00e9e sur le principe que les v\u00eatements sont le reflet du style de vie et de l'identit\u00e9 de chacun, ApuntoB confectionne m\u00e9ticuleusement chaque pi\u00e8ce pour qu'elle incarne la simplicit\u00e9 et la sophistication.<\/p>\n<p>Au c\u0153ur de la philosophie d'ApuntoB se trouve un engagement ancr\u00e9 en faveur de la qualit\u00e9 et de l'artisanat. La qu\u00eate de perfection transpara\u00eet dans l\u2019exploration continue des mati\u00e8res et des silhouettes, ainsi que dans le soin minutieux accord\u00e9 \u00e0 chaque d\u00e9tail. \u00c0 chaque point de couture, ApuntoB s'efforce de cr\u00e9er des v\u00eatements qui transcendent les tendances \u00e9ph\u00e9m\u00e8res, offrant un style durable et une grande polyvalence.<\/p>","protected":false},"excerpt":{"rendered":"<p>Apuntob Knitwear P1639\/TS759 Sky Color: Sky Regular fit Boat neck Long sleeves Ribbed Composition: 100% Cashmere Made in Italy Ma\u00e9va is 167cm tall Model size: S &nbsp; Measurements : size S: Shoulders: 46cm \u2013 Chest: 49cm \u2013 Sleeves: 62cm \u2013 Length: 57cm &nbsp; &nbsp; &nbsp; The Brand Embrace the essence of Italian elegance with ApuntoB,&hellip; <a class=\"more-link\" href=\"https:\/\/rendez-vous-store.com\/fr\/shop\/women\/women-knitwears-discover-our-selection-rendez-vous-store\/apuntob-women-knitwear-sky-rendez-vous-store\/\">Continuer la lecture <span class=\"screen-reader-text\">Apuntob - Tricots P1639\/TS759 - Ciel<\/span><\/a><\/p>","protected":false},"featured_media":130373,"template":"","meta":{"_acf_changed":false},"product_brand":[],"product_cat":[17,199],"product_tag":[281],"class_list":{"0":"post-129352","1":"product","2":"type-product","3":"status-publish","4":"has-post-thumbnail","6":"product_cat-women","7":"product_cat-women-knitwears-discover-our-selection-rendez-vous-store","8":"product_tag-apuntob-rendez-vous-store","9":"entry","11":"first","12":"instock","13":"taxable","14":"shipping-taxable","15":"purchasable","16":"product-type-variable","17":"has-default-attributes"},"acf":[],"yoast_head":"<!-- This site is optimized with the Yoast SEO plugin v24.9 - https:\/\/yoast.com\/wordpress\/plugins\/seo\/ -->\n<title>Apuntob Knitwear P1639\/TS759 Sky<\/title>\n<meta name=\"description\" content=\"This Apuntob Women knitwear sky is characterized by the endless research for beautiful shapes, fabrics and cuts by the brand.\" \/>\n<meta name=\"robots\" content=\"index, follow, max-snippet:-1, max-image-preview:large, max-video-preview:-1\" \/>\n<link rel=\"canonical\" href=\"https:\/\/rendez-vous-store.com\/fr\/shop\/women\/women-knitwears-discover-our-selection-rendez-vous-store\/apuntob-women-knitwear-sky-rendez-vous-store\/\" \/>\n<meta property=\"og:locale\" content=\"fr_FR\" \/>\n<meta property=\"og:type\" content=\"article\" \/>\n<meta property=\"og:title\" content=\"Apuntob Knitwear P1639\/TS759 Sky\" \/>\n<meta property=\"og:description\" content=\"This Apuntob Women knitwear sky is characterized by the endless research for beautiful shapes, fabrics and cuts by the brand.\" \/>\n<meta property=\"og:url\" content=\"https:\/\/rendez-vous-store.com\/fr\/shop\/women\/women-knitwears-discover-our-selection-rendez-vous-store\/apuntob-women-knitwear-sky-rendez-vous-store\/\" \/>\n<meta property=\"og:site_name\" content=\"RENDEZ-VOUS STORE\" \/>\n<meta property=\"article:modified_time\" content=\"2026-03-16T14:16:07+00:00\" \/>\n<meta property=\"og:image\" content=\"https:\/\/rendez-vous-store.com\/app\/uploads\/2023\/08\/rdv_apuntob_25-1-scaled.webp\" \/>\n\t<meta property=\"og:image:width\" content=\"1696\" \/>\n\t<meta property=\"og:image:height\" content=\"2560\" \/>\n\t<meta property=\"og:image:type\" content=\"image\/webp\" \/>\n<meta name=\"twitter:card\" content=\"summary_large_image\" \/>\n<meta name=\"twitter:label1\" content=\"Est. reading time\" \/>\n\t<meta name=\"twitter:data1\" content=\"1 minute\" \/>\n<script type=\"application\/ld+json\" class=\"yoast-schema-graph\">{\"@context\":\"https:\/\/schema.org\",\"@graph\":[{\"@type\":\"WebPage\",\"@id\":\"https:\/\/rendez-vous-store.com\/shop\/women\/women-knitwears-discover-our-selection-rendez-vous-store\/apuntob-women-knitwear-sky-rendez-vous-store\/\",\"url\":\"https:\/\/rendez-vous-store.com\/shop\/women\/women-knitwears-discover-our-selection-rendez-vous-store\/apuntob-women-knitwear-sky-rendez-vous-store\/\",\"name\":\"Apuntob Knitwear P1639\/TS759 Sky\",\"isPartOf\":{\"@id\":\"https:\/\/rendez-vous-store.com\/#website\"},\"primaryImageOfPage\":{\"@id\":\"https:\/\/rendez-vous-store.com\/shop\/women\/women-knitwears-discover-our-selection-rendez-vous-store\/apuntob-women-knitwear-sky-rendez-vous-store\/#primaryimage\"},\"image\":{\"@id\":\"https:\/\/rendez-vous-store.com\/shop\/women\/women-knitwears-discover-our-selection-rendez-vous-store\/apuntob-women-knitwear-sky-rendez-vous-store\/#primaryimage\"},\"thumbnailUrl\":\"https:\/\/rendez-vous-store.com\/app\/uploads\/2023\/08\/rdv_apuntob_25-1-scaled.webp\",\"datePublished\":\"2023-08-08T09:48:47+00:00\",\"dateModified\":\"2026-03-16T14:16:07+00:00\",\"description\":\"This Apuntob Women knitwear sky is characterized by the endless research for beautiful shapes, fabrics and cuts by the brand.\",\"breadcrumb\":{\"@id\":\"https:\/\/rendez-vous-store.com\/shop\/women\/women-knitwears-discover-our-selection-rendez-vous-store\/apuntob-women-knitwear-sky-rendez-vous-store\/#breadcrumb\"},\"inLanguage\":\"fr-FR\",\"potentialAction\":[{\"@type\":\"ReadAction\",\"target\":[\"https:\/\/rendez-vous-store.com\/shop\/women\/women-knitwears-discover-our-selection-rendez-vous-store\/apuntob-women-knitwear-sky-rendez-vous-store\/\"]}]},{\"@type\":\"ImageObject\",\"inLanguage\":\"fr-FR\",\"@id\":\"https:\/\/rendez-vous-store.com\/shop\/women\/women-knitwears-discover-our-selection-rendez-vous-store\/apuntob-women-knitwear-sky-rendez-vous-store\/#primaryimage\",\"url\":\"https:\/\/rendez-vous-store.com\/app\/uploads\/2023\/08\/rdv_apuntob_25-1-scaled.webp\",\"contentUrl\":\"https:\/\/rendez-vous-store.com\/app\/uploads\/2023\/08\/rdv_apuntob_25-1-scaled.webp\",\"width\":1696,\"height\":2560},{\"@type\":\"BreadcrumbList\",\"@id\":\"https:\/\/rendez-vous-store.com\/shop\/women\/women-knitwears-discover-our-selection-rendez-vous-store\/apuntob-women-knitwear-sky-rendez-vous-store\/#breadcrumb\",\"itemListElement\":[{\"@type\":\"ListItem\",\"position\":1,\"name\":\"Home\",\"item\":\"https:\/\/rendez-vous-store.com\/\"},{\"@type\":\"ListItem\",\"position\":2,\"name\":\"Shop\",\"item\":\"https:\/\/www.rendez-vous-store.com\/shop\/\"},{\"@type\":\"ListItem\",\"position\":3,\"name\":\"Apuntob &#8211; Knitwear P1639\/TS759 &#8211; Sky\"}]},{\"@type\":\"WebSite\",\"@id\":\"https:\/\/rendez-vous-store.com\/#website\",\"url\":\"https:\/\/rendez-vous-store.com\/\",\"name\":\"RENDEZ-VOUS STORE\",\"description\":\"Slow Fashion for Women and Men\",\"potentialAction\":[{\"@type\":\"SearchAction\",\"target\":{\"@type\":\"EntryPoint\",\"urlTemplate\":\"https:\/\/rendez-vous-store.com\/?s={search_term_string}\"},\"query-input\":{\"@type\":\"PropertyValueSpecification\",\"valueRequired\":true,\"valueName\":\"search_term_string\"}}],\"inLanguage\":\"fr-FR\"}]}<\/script>\n<!-- \/ Yoast SEO plugin. -->","yoast_head_json":{"title":"Apuntob Knitwear P1639\/TS759 Sky","description":"This Apuntob Women knitwear sky is characterized by the endless research for beautiful shapes, fabrics and cuts by the brand.","robots":{"index":"index","follow":"follow","max-snippet":"max-snippet:-1","max-image-preview":"max-image-preview:large","max-video-preview":"max-video-preview:-1"},"canonical":"https:\/\/rendez-vous-store.com\/fr\/shop\/women\/women-knitwears-discover-our-selection-rendez-vous-store\/apuntob-women-knitwear-sky-rendez-vous-store\/","og_locale":"fr_FR","og_type":"article","og_title":"Apuntob Knitwear P1639\/TS759 Sky","og_description":"This Apuntob Women knitwear sky is characterized by the endless research for beautiful shapes, fabrics and cuts by the brand.","og_url":"https:\/\/rendez-vous-store.com\/fr\/shop\/women\/women-knitwears-discover-our-selection-rendez-vous-store\/apuntob-women-knitwear-sky-rendez-vous-store\/","og_site_name":"RENDEZ-VOUS STORE","article_modified_time":"2026-03-16T14:16:07+00:00","og_image":[{"width":1696,"height":2560,"url":"https:\/\/rendez-vous-store.com\/app\/uploads\/2023\/08\/rdv_apuntob_25-1-scaled.webp","type":"image\/webp"}],"twitter_card":"summary_large_image","twitter_misc":{"Est. reading time":"1 minute"},"schema":{"@context":"https:\/\/schema.org","@graph":[{"@type":"WebPage","@id":"https:\/\/rendez-vous-store.com\/shop\/women\/women-knitwears-discover-our-selection-rendez-vous-store\/apuntob-women-knitwear-sky-rendez-vous-store\/","url":"https:\/\/rendez-vous-store.com\/shop\/women\/women-knitwears-discover-our-selection-rendez-vous-store\/apuntob-women-knitwear-sky-rendez-vous-store\/","name":"Apuntob Knitwear P1639\/TS759 Sky","isPartOf":{"@id":"https:\/\/rendez-vous-store.com\/#website"},"primaryImageOfPage":{"@id":"https:\/\/rendez-vous-store.com\/shop\/women\/women-knitwears-discover-our-selection-rendez-vous-store\/apuntob-women-knitwear-sky-rendez-vous-store\/#primaryimage"},"image":{"@id":"https:\/\/rendez-vous-store.com\/shop\/women\/women-knitwears-discover-our-selection-rendez-vous-store\/apuntob-women-knitwear-sky-rendez-vous-store\/#primaryimage"},"thumbnailUrl":"https:\/\/rendez-vous-store.com\/app\/uploads\/2023\/08\/rdv_apuntob_25-1-scaled.webp","datePublished":"2023-08-08T09:48:47+00:00","dateModified":"2026-03-16T14:16:07+00:00","description":"This Apuntob Women knitwear sky is characterized by the endless research for beautiful shapes, fabrics and cuts by the brand.","breadcrumb":{"@id":"https:\/\/rendez-vous-store.com\/shop\/women\/women-knitwears-discover-our-selection-rendez-vous-store\/apuntob-women-knitwear-sky-rendez-vous-store\/#breadcrumb"},"inLanguage":"fr-FR","potentialAction":[{"@type":"ReadAction","target":["https:\/\/rendez-vous-store.com\/shop\/women\/women-knitwears-discover-our-selection-rendez-vous-store\/apuntob-women-knitwear-sky-rendez-vous-store\/"]}]},{"@type":"ImageObject","inLanguage":"fr-FR","@id":"https:\/\/rendez-vous-store.com\/shop\/women\/women-knitwears-discover-our-selection-rendez-vous-store\/apuntob-women-knitwear-sky-rendez-vous-store\/#primaryimage","url":"https:\/\/rendez-vous-store.com\/app\/uploads\/2023\/08\/rdv_apuntob_25-1-scaled.webp","contentUrl":"https:\/\/rendez-vous-store.com\/app\/uploads\/2023\/08\/rdv_apuntob_25-1-scaled.webp","width":1696,"height":2560},{"@type":"BreadcrumbList","@id":"https:\/\/rendez-vous-store.com\/shop\/women\/women-knitwears-discover-our-selection-rendez-vous-store\/apuntob-women-knitwear-sky-rendez-vous-store\/#breadcrumb","itemListElement":[{"@type":"ListItem","position":1,"name":"Home","item":"https:\/\/rendez-vous-store.com\/"},{"@type":"ListItem","position":2,"name":"Shop","item":"https:\/\/www.rendez-vous-store.com\/shop\/"},{"@type":"ListItem","position":3,"name":"Apuntob &#8211; Knitwear P1639\/TS759 &#8211; Sky"}]},{"@type":"WebSite","@id":"https:\/\/rendez-vous-store.com\/#website","url":"https:\/\/rendez-vous-store.com\/","name":"RENDEZ-VOUS STORE","description":"Slow Fashion for Women and Men","potentialAction":[{"@type":"SearchAction","target":{"@type":"EntryPoint","urlTemplate":"https:\/\/rendez-vous-store.com\/?s={search_term_string}"},"query-input":{"@type":"PropertyValueSpecification","valueRequired":true,"valueName":"search_term_string"}}],"inLanguage":"fr-FR"}]}},"_links":{"self":[{"href":"https:\/\/rendez-vous-store.com\/fr\/wp-json\/wp\/v2\/product\/129352","targetHints":{"allow":["GET"]}}],"collection":[{"href":"https:\/\/rendez-vous-store.com\/fr\/wp-json\/wp\/v2\/product"}],"about":[{"href":"https:\/\/rendez-vous-store.com\/fr\/wp-json\/wp\/v2\/types\/product"}],"wp:featuredmedia":[{"embeddable":true,"href":"https:\/\/rendez-vous-store.com\/fr\/wp-json\/wp\/v2\/media\/130373"}],"wp:attachment":[{"href":"https:\/\/rendez-vous-store.com\/fr\/wp-json\/wp\/v2\/media?parent=129352"}],"wp:term":[{"taxonomy":"product_brand","embeddable":true,"href":"https:\/\/rendez-vous-store.com\/fr\/wp-json\/wp\/v2\/product_brand?post=129352"},{"taxonomy":"product_cat","embeddable":true,"href":"https:\/\/rendez-vous-store.com\/fr\/wp-json\/wp\/v2\/product_cat?post=129352"},{"taxonomy":"product_tag","embeddable":true,"href":"https:\/\/rendez-vous-store.com\/fr\/wp-json\/wp\/v2\/product_tag?post=129352"}],"curies":[{"name":"wp","href":"https:\/\/api.w.org\/{rel}","templated":true}]}}