{"id":126000,"date":"2023-06-10T11:31:41","date_gmt":"2023-06-10T09:31:41","guid":{"rendered":"https:\/\/www.rendez-vous-store.com\/?post_type=product&#038;p=126000"},"modified":"2026-05-13T16:08:06","modified_gmt":"2026-05-13T14:08:06","slug":"comme-des-garcons-mens-jacket-p1j506-blue-black","status":"publish","type":"product","link":"https:\/\/rendez-vous-store.com\/fr\/shop\/special-offer-men-rendez-vous-store\/men-coat-and-jacket-special-offer\/comme-des-garcons-mens-jacket-p1j506-blue-black\/","title":{"rendered":"Comme Des Gar\u00e7ons \u2013 Veste Homme P1J506 \u2013 Bleu\/Noir"},"content":{"rendered":"<p>Veste Unisexe Comme des Gar\u00e7ons Play x K-Way<\/p>\n<p>Couleur : Bleu\/Noir<\/p>\n<p>Demi-fermeture \u00e9clair<\/p>\n<p>Coupe r\u00e9guli\u00e8re<\/p>\n<p>Logo brod\u00e9 \u00e0 la poitrine et \u00e0 l'empi\u00e8cement arri\u00e8re<\/p>\n<p>Imperm\u00e9able et coupe-vent<\/p>\n<p>Tissu Ripstop<\/p>\n<p>Pliable<\/p>\n<p>Coutures thermocoll\u00e9es<\/p>\n<p>Capuche et ourlet r\u00e9glables avec cordon \u00e9lastique<\/p>\n<p>Ventilation coup\u00e9e \u00e0 l'arri\u00e8re<\/p>\n<p>Poches avant zipp\u00e9es<\/p>\n<p>Composition : Nylon 100%<\/p>\n<p>Fabriqu\u00e9 au Vietnam<\/p>\n<p>Code Style : P1J506<\/p>","protected":false},"excerpt":{"rendered":"<p>Comme des Gar\u00e7ons Play x K-Way Unisex Jacket Color: Blue\/Black Half Zip Regular fit Embroidered logo at chest and back yoke Waterproof and windproof Ripstop fabric Packable Heat taped seams Adjustable hood and hem with elastic cord Ventilation cut on the back Front pockets with zip Composition: 100% Nylon Made in Vietnam Style Code :&hellip; <a class=\"more-link\" href=\"https:\/\/rendez-vous-store.com\/fr\/shop\/special-offer-men-rendez-vous-store\/men-coat-and-jacket-special-offer\/comme-des-garcons-mens-jacket-p1j506-blue-black\/\">Continuer la lecture <span class=\"screen-reader-text\">Comme Des Gar\u00e7ons \u2013 Veste Homme P1J506 \u2013 Bleu\/Noir<\/span><\/a><\/p>","protected":false},"featured_media":131055,"template":"","meta":{"_acf_changed":false},"product_brand":[],"product_cat":[1232,1353,1350,1137,1166,1150],"product_tag":[],"class_list":{"0":"post-126000","1":"product","2":"type-product","3":"status-publish","4":"has-post-thumbnail","6":"product_cat-sale-40","7":"product_cat-men-coat-and-jacket-special-offer","8":"product_cat-special-offer-men-rendez-vous-store","9":"product_cat-last-pieces-men","10":"product_cat-1166","11":"product_cat-last-pieces-men-coat-jacket-rendez-vous-store","12":"entry","14":"first","15":"instock","16":"sale","17":"taxable","18":"shipping-taxable","19":"purchasable","20":"product-type-variable","21":"has-default-attributes"},"acf":[],"yoast_head":"<!-- This site is optimized with the Yoast SEO plugin v24.9 - https:\/\/yoast.com\/wordpress\/plugins\/seo\/ -->\n<title>Comme des Gar\u00e7ons Play x K-Way - Unisex Jacket - Blue\/Black<\/title>\n<meta name=\"description\" content=\"Comme des Gar\u00e7ons Shirt is on Rendez-vous Store. This Comme des Gar\u00e7ons Play x K-Way Men Unisex Jacket Blue\/Black follows the guidelines of the Japanese brand while remaining in a radical universe.\" \/>\n<meta name=\"robots\" content=\"index, follow, max-snippet:-1, max-image-preview:large, max-video-preview:-1\" \/>\n<link rel=\"canonical\" href=\"https:\/\/rendez-vous-store.com\/fr\/shop\/special-offer-men-rendez-vous-store\/men-coat-and-jacket-special-offer\/comme-des-garcons-mens-jacket-p1j506-blue-black\/\" \/>\n<meta property=\"og:locale\" content=\"fr_FR\" \/>\n<meta property=\"og:type\" content=\"article\" \/>\n<meta property=\"og:title\" content=\"Comme des Gar\u00e7ons Play x K-Way - Unisex Jacket - Blue\/Black\" \/>\n<meta property=\"og:description\" content=\"Comme des Gar\u00e7ons Shirt is on Rendez-vous Store. This Comme des Gar\u00e7ons Play x K-Way Men Unisex Jacket Blue\/Black follows the guidelines of the Japanese brand while remaining in a radical universe.\" \/>\n<meta property=\"og:url\" content=\"https:\/\/rendez-vous-store.com\/fr\/shop\/special-offer-men-rendez-vous-store\/men-coat-and-jacket-special-offer\/comme-des-garcons-mens-jacket-p1j506-blue-black\/\" \/>\n<meta property=\"og:site_name\" content=\"RENDEZ-VOUS STORE\" \/>\n<meta property=\"article:modified_time\" content=\"2026-05-13T14:08:06+00:00\" \/>\n<meta property=\"og:image\" content=\"https:\/\/rendez-vous-store.com\/app\/uploads\/2023\/06\/rdv_play_24-scaled.webp\" \/>\n\t<meta property=\"og:image:width\" content=\"1696\" \/>\n\t<meta property=\"og:image:height\" content=\"2560\" \/>\n\t<meta property=\"og:image:type\" content=\"image\/webp\" \/>\n<meta name=\"twitter:card\" content=\"summary_large_image\" \/>\n<meta name=\"twitter:label1\" content=\"Est. reading time\" \/>\n\t<meta name=\"twitter:data1\" content=\"1 minute\" \/>\n<script type=\"application\/ld+json\" class=\"yoast-schema-graph\">{\"@context\":\"https:\/\/schema.org\",\"@graph\":[{\"@type\":\"WebPage\",\"@id\":\"https:\/\/rendez-vous-store.com\/shop\/special-offer-men-rendez-vous-store\/men-coat-and-jacket-special-offer\/comme-des-garcons-mens-jacket-p1j506-blue-black\/\",\"url\":\"https:\/\/rendez-vous-store.com\/shop\/special-offer-men-rendez-vous-store\/men-coat-and-jacket-special-offer\/comme-des-garcons-mens-jacket-p1j506-blue-black\/\",\"name\":\"Comme des Gar\u00e7ons Play x K-Way - Unisex Jacket - Blue\/Black\",\"isPartOf\":{\"@id\":\"https:\/\/rendez-vous-store.com\/#website\"},\"primaryImageOfPage\":{\"@id\":\"https:\/\/rendez-vous-store.com\/shop\/special-offer-men-rendez-vous-store\/men-coat-and-jacket-special-offer\/comme-des-garcons-mens-jacket-p1j506-blue-black\/#primaryimage\"},\"image\":{\"@id\":\"https:\/\/rendez-vous-store.com\/shop\/special-offer-men-rendez-vous-store\/men-coat-and-jacket-special-offer\/comme-des-garcons-mens-jacket-p1j506-blue-black\/#primaryimage\"},\"thumbnailUrl\":\"https:\/\/rendez-vous-store.com\/app\/uploads\/2023\/06\/rdv_play_24-scaled.webp\",\"datePublished\":\"2023-06-10T09:31:41+00:00\",\"dateModified\":\"2026-05-13T14:08:06+00:00\",\"description\":\"Comme des Gar\u00e7ons Shirt is on Rendez-vous Store. This Comme des Gar\u00e7ons Play x K-Way Men Unisex Jacket Blue\/Black follows the guidelines of the Japanese brand while remaining in a radical universe.\",\"breadcrumb\":{\"@id\":\"https:\/\/rendez-vous-store.com\/shop\/special-offer-men-rendez-vous-store\/men-coat-and-jacket-special-offer\/comme-des-garcons-mens-jacket-p1j506-blue-black\/#breadcrumb\"},\"inLanguage\":\"fr-FR\",\"potentialAction\":[{\"@type\":\"ReadAction\",\"target\":[\"https:\/\/rendez-vous-store.com\/shop\/special-offer-men-rendez-vous-store\/men-coat-and-jacket-special-offer\/comme-des-garcons-mens-jacket-p1j506-blue-black\/\"]}]},{\"@type\":\"ImageObject\",\"inLanguage\":\"fr-FR\",\"@id\":\"https:\/\/rendez-vous-store.com\/shop\/special-offer-men-rendez-vous-store\/men-coat-and-jacket-special-offer\/comme-des-garcons-mens-jacket-p1j506-blue-black\/#primaryimage\",\"url\":\"https:\/\/rendez-vous-store.com\/app\/uploads\/2023\/06\/rdv_play_24-scaled.webp\",\"contentUrl\":\"https:\/\/rendez-vous-store.com\/app\/uploads\/2023\/06\/rdv_play_24-scaled.webp\",\"width\":1696,\"height\":2560},{\"@type\":\"BreadcrumbList\",\"@id\":\"https:\/\/rendez-vous-store.com\/shop\/special-offer-men-rendez-vous-store\/men-coat-and-jacket-special-offer\/comme-des-garcons-mens-jacket-p1j506-blue-black\/#breadcrumb\",\"itemListElement\":[{\"@type\":\"ListItem\",\"position\":1,\"name\":\"Home\",\"item\":\"https:\/\/rendez-vous-store.com\/\"},{\"@type\":\"ListItem\",\"position\":2,\"name\":\"Shop\",\"item\":\"https:\/\/www.rendez-vous-store.com\/shop\/\"},{\"@type\":\"ListItem\",\"position\":3,\"name\":\"Comme Des Gar\u00e7ons &#8211; Mens Jacket P1J506 &#8211; Blue\/Black\"}]},{\"@type\":\"WebSite\",\"@id\":\"https:\/\/rendez-vous-store.com\/#website\",\"url\":\"https:\/\/rendez-vous-store.com\/\",\"name\":\"RENDEZ-VOUS STORE\",\"description\":\"Slow Fashion for Women and Men\",\"potentialAction\":[{\"@type\":\"SearchAction\",\"target\":{\"@type\":\"EntryPoint\",\"urlTemplate\":\"https:\/\/rendez-vous-store.com\/?s={search_term_string}\"},\"query-input\":{\"@type\":\"PropertyValueSpecification\",\"valueRequired\":true,\"valueName\":\"search_term_string\"}}],\"inLanguage\":\"fr-FR\"}]}<\/script>\n<!-- \/ Yoast SEO plugin. -->","yoast_head_json":{"title":"Comme des Gar\u00e7ons Play x K-Way - Unisex Jacket - Blue\/Black","description":"Comme des Gar\u00e7ons Shirt is on Rendez-vous Store. This Comme des Gar\u00e7ons Play x K-Way Men Unisex Jacket Blue\/Black follows the guidelines of the Japanese brand while remaining in a radical universe.","robots":{"index":"index","follow":"follow","max-snippet":"max-snippet:-1","max-image-preview":"max-image-preview:large","max-video-preview":"max-video-preview:-1"},"canonical":"https:\/\/rendez-vous-store.com\/fr\/shop\/special-offer-men-rendez-vous-store\/men-coat-and-jacket-special-offer\/comme-des-garcons-mens-jacket-p1j506-blue-black\/","og_locale":"fr_FR","og_type":"article","og_title":"Comme des Gar\u00e7ons Play x K-Way - Unisex Jacket - Blue\/Black","og_description":"Comme des Gar\u00e7ons Shirt is on Rendez-vous Store. This Comme des Gar\u00e7ons Play x K-Way Men Unisex Jacket Blue\/Black follows the guidelines of the Japanese brand while remaining in a radical universe.","og_url":"https:\/\/rendez-vous-store.com\/fr\/shop\/special-offer-men-rendez-vous-store\/men-coat-and-jacket-special-offer\/comme-des-garcons-mens-jacket-p1j506-blue-black\/","og_site_name":"RENDEZ-VOUS STORE","article_modified_time":"2026-05-13T14:08:06+00:00","og_image":[{"width":1696,"height":2560,"url":"https:\/\/rendez-vous-store.com\/app\/uploads\/2023\/06\/rdv_play_24-scaled.webp","type":"image\/webp"}],"twitter_card":"summary_large_image","twitter_misc":{"Est. reading time":"1 minute"},"schema":{"@context":"https:\/\/schema.org","@graph":[{"@type":"WebPage","@id":"https:\/\/rendez-vous-store.com\/shop\/special-offer-men-rendez-vous-store\/men-coat-and-jacket-special-offer\/comme-des-garcons-mens-jacket-p1j506-blue-black\/","url":"https:\/\/rendez-vous-store.com\/shop\/special-offer-men-rendez-vous-store\/men-coat-and-jacket-special-offer\/comme-des-garcons-mens-jacket-p1j506-blue-black\/","name":"Comme des Gar\u00e7ons Play x K-Way - Unisex Jacket - Blue\/Black","isPartOf":{"@id":"https:\/\/rendez-vous-store.com\/#website"},"primaryImageOfPage":{"@id":"https:\/\/rendez-vous-store.com\/shop\/special-offer-men-rendez-vous-store\/men-coat-and-jacket-special-offer\/comme-des-garcons-mens-jacket-p1j506-blue-black\/#primaryimage"},"image":{"@id":"https:\/\/rendez-vous-store.com\/shop\/special-offer-men-rendez-vous-store\/men-coat-and-jacket-special-offer\/comme-des-garcons-mens-jacket-p1j506-blue-black\/#primaryimage"},"thumbnailUrl":"https:\/\/rendez-vous-store.com\/app\/uploads\/2023\/06\/rdv_play_24-scaled.webp","datePublished":"2023-06-10T09:31:41+00:00","dateModified":"2026-05-13T14:08:06+00:00","description":"Comme des Gar\u00e7ons Shirt is on Rendez-vous Store. This Comme des Gar\u00e7ons Play x K-Way Men Unisex Jacket Blue\/Black follows the guidelines of the Japanese brand while remaining in a radical universe.","breadcrumb":{"@id":"https:\/\/rendez-vous-store.com\/shop\/special-offer-men-rendez-vous-store\/men-coat-and-jacket-special-offer\/comme-des-garcons-mens-jacket-p1j506-blue-black\/#breadcrumb"},"inLanguage":"fr-FR","potentialAction":[{"@type":"ReadAction","target":["https:\/\/rendez-vous-store.com\/shop\/special-offer-men-rendez-vous-store\/men-coat-and-jacket-special-offer\/comme-des-garcons-mens-jacket-p1j506-blue-black\/"]}]},{"@type":"ImageObject","inLanguage":"fr-FR","@id":"https:\/\/rendez-vous-store.com\/shop\/special-offer-men-rendez-vous-store\/men-coat-and-jacket-special-offer\/comme-des-garcons-mens-jacket-p1j506-blue-black\/#primaryimage","url":"https:\/\/rendez-vous-store.com\/app\/uploads\/2023\/06\/rdv_play_24-scaled.webp","contentUrl":"https:\/\/rendez-vous-store.com\/app\/uploads\/2023\/06\/rdv_play_24-scaled.webp","width":1696,"height":2560},{"@type":"BreadcrumbList","@id":"https:\/\/rendez-vous-store.com\/shop\/special-offer-men-rendez-vous-store\/men-coat-and-jacket-special-offer\/comme-des-garcons-mens-jacket-p1j506-blue-black\/#breadcrumb","itemListElement":[{"@type":"ListItem","position":1,"name":"Home","item":"https:\/\/rendez-vous-store.com\/"},{"@type":"ListItem","position":2,"name":"Shop","item":"https:\/\/www.rendez-vous-store.com\/shop\/"},{"@type":"ListItem","position":3,"name":"Comme Des Gar\u00e7ons &#8211; Mens Jacket P1J506 &#8211; Blue\/Black"}]},{"@type":"WebSite","@id":"https:\/\/rendez-vous-store.com\/#website","url":"https:\/\/rendez-vous-store.com\/","name":"RENDEZ-VOUS STORE","description":"Slow Fashion for Women and Men","potentialAction":[{"@type":"SearchAction","target":{"@type":"EntryPoint","urlTemplate":"https:\/\/rendez-vous-store.com\/?s={search_term_string}"},"query-input":{"@type":"PropertyValueSpecification","valueRequired":true,"valueName":"search_term_string"}}],"inLanguage":"fr-FR"}]}},"_links":{"self":[{"href":"https:\/\/rendez-vous-store.com\/fr\/wp-json\/wp\/v2\/product\/126000","targetHints":{"allow":["GET"]}}],"collection":[{"href":"https:\/\/rendez-vous-store.com\/fr\/wp-json\/wp\/v2\/product"}],"about":[{"href":"https:\/\/rendez-vous-store.com\/fr\/wp-json\/wp\/v2\/types\/product"}],"wp:featuredmedia":[{"embeddable":true,"href":"https:\/\/rendez-vous-store.com\/fr\/wp-json\/wp\/v2\/media\/131055"}],"wp:attachment":[{"href":"https:\/\/rendez-vous-store.com\/fr\/wp-json\/wp\/v2\/media?parent=126000"}],"wp:term":[{"taxonomy":"product_brand","embeddable":true,"href":"https:\/\/rendez-vous-store.com\/fr\/wp-json\/wp\/v2\/product_brand?post=126000"},{"taxonomy":"product_cat","embeddable":true,"href":"https:\/\/rendez-vous-store.com\/fr\/wp-json\/wp\/v2\/product_cat?post=126000"},{"taxonomy":"product_tag","embeddable":true,"href":"https:\/\/rendez-vous-store.com\/fr\/wp-json\/wp\/v2\/product_tag?post=126000"}],"curies":[{"name":"wp","href":"https:\/\/api.w.org\/{rel}","templated":true}]}}