{"id":122171,"date":"2023-05-10T14:38:48","date_gmt":"2023-05-10T12:38:48","guid":{"rendered":"https:\/\/www.rendez-vous-store.com\/?post_type=product&#038;p=122171"},"modified":"2026-05-13T16:07:35","modified_gmt":"2026-05-13T14:07:35","slug":"kaptain-sunshine-men-coat-khaki-rendez-vous-store-2","status":"publish","type":"product","link":"https:\/\/rendez-vous-store.com\/fr\/shop\/special-offer-men-rendez-vous-store\/men-coat-and-jacket-special-offer\/kaptain-sunshine-men-coat-khaki-rendez-vous-store-2\/","title":{"rendered":"Kaptain Sunshine - Manteau court - Kaki"},"content":{"rendered":"<p><strong>Manteau Kaptain Sunshine Hommes Kaki<\/strong><\/p>\n<p>Couleur : Kaki<\/p>\n<p>Coupe d\u00e9contract\u00e9e<\/p>\n<p>Poches int\u00e9rieures<\/p>\n<p>2 poches lat\u00e9rales \u00e0 rabat<\/p>\n<p>Fermeture \u00e0 bouton avec zip<\/p>\n<p>Composition : 100% Coton<\/p>\n<p>Fabriqu\u00e9 au Japon<\/p>\n<p>Olivier mesure 178 cm<\/p>\n<p>Taille du mod\u00e8le : 40<\/p>\n<p>&nbsp;<\/p>\n<p>&nbsp;<\/p>\n<p>&nbsp;<\/p>\n<p>&nbsp;<\/p>\n<p>&nbsp;<\/p>\n<p><strong>La marque<\/strong><\/p>\n<p>Shinsuke Kojima a fond\u00e9 Kaptain Sunshine, une marque de v\u00eatements pour hommes inspir\u00e9e par l'aventure et le plein air. Le nom refl\u00e8te un engagement envers la chaleur, l'optimisme et la robustesse des explorateurs chevronn\u00e9s.<\/p>\n<p>Kaptain Sunshine m\u00e9lange l'Americana vintage, les influences militaires et l'artisanat japonais traditionnel. La marque con\u00e7oit chaque v\u00eatement de mani\u00e8re r\u00e9fl\u00e9chie, en mettant l'accent sur la fonctionnalit\u00e9, l'authenticit\u00e9 et les d\u00e9tails.<\/p>\n<p>La collection propose des v\u00eatements d'ext\u00e9rieur robustes, des vestes utilitaires, des chemises classiques et des pantalons polyvalents. Chaque pi\u00e8ce allie un style inspir\u00e9 du patrimoine \u00e0 un aspect pratique moderne.<\/p>\n<p>Naviguez dans les jungles urbaines ou explorez la nature sauvage avec les v\u00eatements \u00e9l\u00e9gants et fonctionnels de Kaptain Sunshine. La marque privil\u00e9gie les mat\u00e9riaux issus de sources responsables et une production respectueuse de l'environnement.<\/p>\n<p>Kaptain Sunshine invite les hommes \u00e0 s'engager dans l'aventure et l'exploration dans leur garde-robe de tous les jours. La marque capture l'esprit d'aventure et la chaleur du soleil dans chaque point.<\/p>","protected":false},"excerpt":{"rendered":"<p>Kaptain Sunshine Men Coat Khaki Color: Khaki Relaxed fit Inner pockets 2 side flap pockets Button closure with zip Composition: 100% Cotton Made in Japan Olivier is 178cm tall Model size: 40 &nbsp; &nbsp; &nbsp; &nbsp; &nbsp; The brand Shinsuke Kojima founded Kaptain Sunshine, a distinctive menswear brand inspired by adventure and the outdoors. The&hellip; <a class=\"more-link\" href=\"https:\/\/rendez-vous-store.com\/fr\/shop\/special-offer-men-rendez-vous-store\/men-coat-and-jacket-special-offer\/kaptain-sunshine-men-coat-khaki-rendez-vous-store-2\/\">Continuer la lecture <span class=\"screen-reader-text\">Kaptain Sunshine - Manteau court - Kaki<\/span><\/a><\/p>","protected":false},"featured_media":123888,"template":"","meta":{"_acf_changed":false},"product_brand":[],"product_cat":[1232,1353,1350,1137,1166,1150,20,53],"product_tag":[639],"class_list":{"0":"post-122171","1":"product","2":"type-product","3":"status-publish","4":"has-post-thumbnail","6":"product_cat-sale-40","7":"product_cat-men-coat-and-jacket-special-offer","8":"product_cat-special-offer-men-rendez-vous-store","9":"product_cat-last-pieces-men","10":"product_cat-1166","11":"product_cat-last-pieces-men-coat-jacket-rendez-vous-store","12":"product_cat-men-selection-discover-our-selection-rendez-vous-store","13":"product_cat-jackets-coats-discover-our-selection","14":"product_tag-kaptain-sunshine","15":"entry","17":"first","18":"instock","19":"sale","20":"taxable","21":"shipping-taxable","22":"purchasable","23":"product-type-variable"},"acf":[],"yoast_head":"<!-- This site is optimized with the Yoast SEO plugin v24.9 - https:\/\/yoast.com\/wordpress\/plugins\/seo\/ -->\n<title>Kaptain Sunshine Men Coat - Khaki<\/title>\n<meta name=\"description\" content=\"Kaptain Sunshine is on Rendez-vous Store. This Kaptain Sunshine Men Coat Khaki embracing the tradition and essence of field &amp; naval wear.\" \/>\n<meta name=\"robots\" content=\"index, follow, max-snippet:-1, max-image-preview:large, max-video-preview:-1\" \/>\n<link rel=\"canonical\" href=\"https:\/\/rendez-vous-store.com\/fr\/shop\/special-offer-men-rendez-vous-store\/men-coat-and-jacket-special-offer\/kaptain-sunshine-men-coat-khaki-rendez-vous-store-2\/\" \/>\n<meta property=\"og:locale\" content=\"fr_FR\" \/>\n<meta property=\"og:type\" content=\"article\" \/>\n<meta property=\"og:title\" content=\"Kaptain Sunshine Men Coat - Khaki\" \/>\n<meta property=\"og:description\" content=\"Kaptain Sunshine is on Rendez-vous Store. This Kaptain Sunshine Men Coat Khaki embracing the tradition and essence of field &amp; naval wear.\" \/>\n<meta property=\"og:url\" content=\"https:\/\/rendez-vous-store.com\/fr\/shop\/special-offer-men-rendez-vous-store\/men-coat-and-jacket-special-offer\/kaptain-sunshine-men-coat-khaki-rendez-vous-store-2\/\" \/>\n<meta property=\"og:site_name\" content=\"RENDEZ-VOUS STORE\" \/>\n<meta property=\"article:modified_time\" content=\"2026-05-13T14:07:35+00:00\" \/>\n<meta property=\"og:image\" content=\"https:\/\/rendez-vous-store.com\/app\/uploads\/2023\/04\/rdv_kaptain_sunshine_59-scaled.webp\" \/>\n\t<meta property=\"og:image:width\" content=\"1696\" \/>\n\t<meta property=\"og:image:height\" content=\"2560\" \/>\n\t<meta property=\"og:image:type\" content=\"image\/webp\" \/>\n<meta name=\"twitter:card\" content=\"summary_large_image\" \/>\n<meta name=\"twitter:label1\" content=\"Est. reading time\" \/>\n\t<meta name=\"twitter:data1\" content=\"1 minute\" \/>\n<script type=\"application\/ld+json\" class=\"yoast-schema-graph\">{\"@context\":\"https:\/\/schema.org\",\"@graph\":[{\"@type\":\"WebPage\",\"@id\":\"https:\/\/rendez-vous-store.com\/shop\/special-offer-men-rendez-vous-store\/men-coat-and-jacket-special-offer\/kaptain-sunshine-men-coat-khaki-rendez-vous-store-2\/\",\"url\":\"https:\/\/rendez-vous-store.com\/shop\/special-offer-men-rendez-vous-store\/men-coat-and-jacket-special-offer\/kaptain-sunshine-men-coat-khaki-rendez-vous-store-2\/\",\"name\":\"Kaptain Sunshine Men Coat - Khaki\",\"isPartOf\":{\"@id\":\"https:\/\/rendez-vous-store.com\/#website\"},\"primaryImageOfPage\":{\"@id\":\"https:\/\/rendez-vous-store.com\/shop\/special-offer-men-rendez-vous-store\/men-coat-and-jacket-special-offer\/kaptain-sunshine-men-coat-khaki-rendez-vous-store-2\/#primaryimage\"},\"image\":{\"@id\":\"https:\/\/rendez-vous-store.com\/shop\/special-offer-men-rendez-vous-store\/men-coat-and-jacket-special-offer\/kaptain-sunshine-men-coat-khaki-rendez-vous-store-2\/#primaryimage\"},\"thumbnailUrl\":\"https:\/\/rendez-vous-store.com\/app\/uploads\/2023\/04\/rdv_kaptain_sunshine_59-scaled.webp\",\"datePublished\":\"2023-05-10T12:38:48+00:00\",\"dateModified\":\"2026-05-13T14:07:35+00:00\",\"description\":\"Kaptain Sunshine is on Rendez-vous Store. This Kaptain Sunshine Men Coat Khaki embracing the tradition and essence of field & naval wear.\",\"breadcrumb\":{\"@id\":\"https:\/\/rendez-vous-store.com\/shop\/special-offer-men-rendez-vous-store\/men-coat-and-jacket-special-offer\/kaptain-sunshine-men-coat-khaki-rendez-vous-store-2\/#breadcrumb\"},\"inLanguage\":\"fr-FR\",\"potentialAction\":[{\"@type\":\"ReadAction\",\"target\":[\"https:\/\/rendez-vous-store.com\/shop\/special-offer-men-rendez-vous-store\/men-coat-and-jacket-special-offer\/kaptain-sunshine-men-coat-khaki-rendez-vous-store-2\/\"]}]},{\"@type\":\"ImageObject\",\"inLanguage\":\"fr-FR\",\"@id\":\"https:\/\/rendez-vous-store.com\/shop\/special-offer-men-rendez-vous-store\/men-coat-and-jacket-special-offer\/kaptain-sunshine-men-coat-khaki-rendez-vous-store-2\/#primaryimage\",\"url\":\"https:\/\/rendez-vous-store.com\/app\/uploads\/2023\/04\/rdv_kaptain_sunshine_59-scaled.webp\",\"contentUrl\":\"https:\/\/rendez-vous-store.com\/app\/uploads\/2023\/04\/rdv_kaptain_sunshine_59-scaled.webp\",\"width\":1696,\"height\":2560},{\"@type\":\"BreadcrumbList\",\"@id\":\"https:\/\/rendez-vous-store.com\/shop\/special-offer-men-rendez-vous-store\/men-coat-and-jacket-special-offer\/kaptain-sunshine-men-coat-khaki-rendez-vous-store-2\/#breadcrumb\",\"itemListElement\":[{\"@type\":\"ListItem\",\"position\":1,\"name\":\"Home\",\"item\":\"https:\/\/rendez-vous-store.com\/\"},{\"@type\":\"ListItem\",\"position\":2,\"name\":\"Shop\",\"item\":\"https:\/\/www.rendez-vous-store.com\/shop\/\"},{\"@type\":\"ListItem\",\"position\":3,\"name\":\"Kaptain Sunshine &#8211; Short Mill Coat &#8211; Khaki\"}]},{\"@type\":\"WebSite\",\"@id\":\"https:\/\/rendez-vous-store.com\/#website\",\"url\":\"https:\/\/rendez-vous-store.com\/\",\"name\":\"RENDEZ-VOUS STORE\",\"description\":\"Slow Fashion for Women and Men\",\"potentialAction\":[{\"@type\":\"SearchAction\",\"target\":{\"@type\":\"EntryPoint\",\"urlTemplate\":\"https:\/\/rendez-vous-store.com\/?s={search_term_string}\"},\"query-input\":{\"@type\":\"PropertyValueSpecification\",\"valueRequired\":true,\"valueName\":\"search_term_string\"}}],\"inLanguage\":\"fr-FR\"}]}<\/script>\n<!-- \/ Yoast SEO plugin. -->","yoast_head_json":{"title":"Kaptain Sunshine Men Coat - Khaki","description":"Kaptain Sunshine is on Rendez-vous Store. This Kaptain Sunshine Men Coat Khaki embracing the tradition and essence of field & naval wear.","robots":{"index":"index","follow":"follow","max-snippet":"max-snippet:-1","max-image-preview":"max-image-preview:large","max-video-preview":"max-video-preview:-1"},"canonical":"https:\/\/rendez-vous-store.com\/fr\/shop\/special-offer-men-rendez-vous-store\/men-coat-and-jacket-special-offer\/kaptain-sunshine-men-coat-khaki-rendez-vous-store-2\/","og_locale":"fr_FR","og_type":"article","og_title":"Kaptain Sunshine Men Coat - Khaki","og_description":"Kaptain Sunshine is on Rendez-vous Store. This Kaptain Sunshine Men Coat Khaki embracing the tradition and essence of field & naval wear.","og_url":"https:\/\/rendez-vous-store.com\/fr\/shop\/special-offer-men-rendez-vous-store\/men-coat-and-jacket-special-offer\/kaptain-sunshine-men-coat-khaki-rendez-vous-store-2\/","og_site_name":"RENDEZ-VOUS STORE","article_modified_time":"2026-05-13T14:07:35+00:00","og_image":[{"width":1696,"height":2560,"url":"https:\/\/rendez-vous-store.com\/app\/uploads\/2023\/04\/rdv_kaptain_sunshine_59-scaled.webp","type":"image\/webp"}],"twitter_card":"summary_large_image","twitter_misc":{"Est. reading time":"1 minute"},"schema":{"@context":"https:\/\/schema.org","@graph":[{"@type":"WebPage","@id":"https:\/\/rendez-vous-store.com\/shop\/special-offer-men-rendez-vous-store\/men-coat-and-jacket-special-offer\/kaptain-sunshine-men-coat-khaki-rendez-vous-store-2\/","url":"https:\/\/rendez-vous-store.com\/shop\/special-offer-men-rendez-vous-store\/men-coat-and-jacket-special-offer\/kaptain-sunshine-men-coat-khaki-rendez-vous-store-2\/","name":"Kaptain Sunshine Men Coat - Khaki","isPartOf":{"@id":"https:\/\/rendez-vous-store.com\/#website"},"primaryImageOfPage":{"@id":"https:\/\/rendez-vous-store.com\/shop\/special-offer-men-rendez-vous-store\/men-coat-and-jacket-special-offer\/kaptain-sunshine-men-coat-khaki-rendez-vous-store-2\/#primaryimage"},"image":{"@id":"https:\/\/rendez-vous-store.com\/shop\/special-offer-men-rendez-vous-store\/men-coat-and-jacket-special-offer\/kaptain-sunshine-men-coat-khaki-rendez-vous-store-2\/#primaryimage"},"thumbnailUrl":"https:\/\/rendez-vous-store.com\/app\/uploads\/2023\/04\/rdv_kaptain_sunshine_59-scaled.webp","datePublished":"2023-05-10T12:38:48+00:00","dateModified":"2026-05-13T14:07:35+00:00","description":"Kaptain Sunshine is on Rendez-vous Store. This Kaptain Sunshine Men Coat Khaki embracing the tradition and essence of field & naval wear.","breadcrumb":{"@id":"https:\/\/rendez-vous-store.com\/shop\/special-offer-men-rendez-vous-store\/men-coat-and-jacket-special-offer\/kaptain-sunshine-men-coat-khaki-rendez-vous-store-2\/#breadcrumb"},"inLanguage":"fr-FR","potentialAction":[{"@type":"ReadAction","target":["https:\/\/rendez-vous-store.com\/shop\/special-offer-men-rendez-vous-store\/men-coat-and-jacket-special-offer\/kaptain-sunshine-men-coat-khaki-rendez-vous-store-2\/"]}]},{"@type":"ImageObject","inLanguage":"fr-FR","@id":"https:\/\/rendez-vous-store.com\/shop\/special-offer-men-rendez-vous-store\/men-coat-and-jacket-special-offer\/kaptain-sunshine-men-coat-khaki-rendez-vous-store-2\/#primaryimage","url":"https:\/\/rendez-vous-store.com\/app\/uploads\/2023\/04\/rdv_kaptain_sunshine_59-scaled.webp","contentUrl":"https:\/\/rendez-vous-store.com\/app\/uploads\/2023\/04\/rdv_kaptain_sunshine_59-scaled.webp","width":1696,"height":2560},{"@type":"BreadcrumbList","@id":"https:\/\/rendez-vous-store.com\/shop\/special-offer-men-rendez-vous-store\/men-coat-and-jacket-special-offer\/kaptain-sunshine-men-coat-khaki-rendez-vous-store-2\/#breadcrumb","itemListElement":[{"@type":"ListItem","position":1,"name":"Home","item":"https:\/\/rendez-vous-store.com\/"},{"@type":"ListItem","position":2,"name":"Shop","item":"https:\/\/www.rendez-vous-store.com\/shop\/"},{"@type":"ListItem","position":3,"name":"Kaptain Sunshine &#8211; Short Mill Coat &#8211; Khaki"}]},{"@type":"WebSite","@id":"https:\/\/rendez-vous-store.com\/#website","url":"https:\/\/rendez-vous-store.com\/","name":"RENDEZ-VOUS STORE","description":"Slow Fashion for Women and Men","potentialAction":[{"@type":"SearchAction","target":{"@type":"EntryPoint","urlTemplate":"https:\/\/rendez-vous-store.com\/?s={search_term_string}"},"query-input":{"@type":"PropertyValueSpecification","valueRequired":true,"valueName":"search_term_string"}}],"inLanguage":"fr-FR"}]}},"_links":{"self":[{"href":"https:\/\/rendez-vous-store.com\/fr\/wp-json\/wp\/v2\/product\/122171","targetHints":{"allow":["GET"]}}],"collection":[{"href":"https:\/\/rendez-vous-store.com\/fr\/wp-json\/wp\/v2\/product"}],"about":[{"href":"https:\/\/rendez-vous-store.com\/fr\/wp-json\/wp\/v2\/types\/product"}],"wp:featuredmedia":[{"embeddable":true,"href":"https:\/\/rendez-vous-store.com\/fr\/wp-json\/wp\/v2\/media\/123888"}],"wp:attachment":[{"href":"https:\/\/rendez-vous-store.com\/fr\/wp-json\/wp\/v2\/media?parent=122171"}],"wp:term":[{"taxonomy":"product_brand","embeddable":true,"href":"https:\/\/rendez-vous-store.com\/fr\/wp-json\/wp\/v2\/product_brand?post=122171"},{"taxonomy":"product_cat","embeddable":true,"href":"https:\/\/rendez-vous-store.com\/fr\/wp-json\/wp\/v2\/product_cat?post=122171"},{"taxonomy":"product_tag","embeddable":true,"href":"https:\/\/rendez-vous-store.com\/fr\/wp-json\/wp\/v2\/product_tag?post=122171"}],"curies":[{"name":"wp","href":"https:\/\/api.w.org\/{rel}","templated":true}]}}