{"id":119183,"date":"2023-04-19T14:58:56","date_gmt":"2023-04-19T12:58:56","guid":{"rendered":"https:\/\/www.rendez-vous-store.com\/?post_type=product&#038;p=119183"},"modified":"2026-03-16T15:07:38","modified_gmt":"2026-03-16T14:07:38","slug":"batoner-crew-neck-pullover-lavender-rendez-vous-store","status":"publish","type":"product","link":"https:\/\/rendez-vous-store.com\/fr\/shop\/last-pieces-men\/last-pieces-men-knitwear-rendez-vous-store\/batoner-crew-neck-pullover-lavender-rendez-vous-store\/","title":{"rendered":"Batoner &#8211; Crew Neck Pullover &#8211; Lavender"},"content":{"rendered":"<p><strong>Batoner Crew Neck Pullover Lavender<\/strong><\/p>\n<p>Couleur : Lavande<\/p>\n<p>Col rond<\/p>\n<p>\u00c9paules tombantes<\/p>\n<p>Poignets c\u00f4tel\u00e9s<\/p>\n<p>Ourlet c\u00f4tel\u00e9<\/p>\n<p>Composition : 100% Coton<\/p>\n<p>Fabriqu\u00e9 au Japon<\/p>\n<p>&nbsp;<\/p>\n<p><strong>La marque<\/strong><\/p>\n<p>En 2013, la marque de tricots Batoner a vu le jour dans la ville de Sagae. OKUYAMA MERIYASU, une entreprise renomm\u00e9e de la ville de Sagae, connue pour \u00eatre un centre de production de tricots, a fond\u00e9 la marque.<\/p>\n<p>Batoner produisait autrefois des tricots pour diverses marques et fabricants de v\u00eatements. Aujourd'hui, l'entreprise prend en charge l'ensemble du processus, de l'approvisionnement en mati\u00e8res premi\u00e8res \u00e0 la fabrication des produits finis, en maintenant une qualit\u00e9 exceptionnelle et en les distribuant dans le monde entier. Batoner s'engage \u00e0 cr\u00e9er des mod\u00e8les intemporels et des pi\u00e8ces de haute qualit\u00e9 que les g\u00e9n\u00e9rations futures pourront ch\u00e9rir.<\/p>","protected":false},"excerpt":{"rendered":"<p>Batoner Crew Neck Pullover Lavender Color: Lavender Round Collar Dropped Shoulders Ribbed Cuffs Ribbed Hem Composition: 100% Cotton Made In Japan &nbsp; The brand In 2013, the knitwear brand Batoner emerged in Sagae City. OKUYAMA MERIYASU, a renowned company in Sagae City, known as a hub for knitwear production, founded the brand. Batoner once produced&hellip; <a class=\"more-link\" href=\"https:\/\/rendez-vous-store.com\/fr\/shop\/last-pieces-men\/last-pieces-men-knitwear-rendez-vous-store\/batoner-crew-neck-pullover-lavender-rendez-vous-store\/\">Continuer la lecture <span class=\"screen-reader-text\">Batoner &#8211; Crew Neck Pullover &#8211; Lavender<\/span><\/a><\/p>","protected":false},"featured_media":143399,"template":"","meta":{"_acf_changed":false},"product_brand":[],"product_cat":[1137,1166,1151],"product_tag":[],"class_list":{"0":"post-119183","1":"product","2":"type-product","3":"status-publish","4":"has-post-thumbnail","6":"product_cat-last-pieces-men","7":"product_cat-1166","8":"product_cat-last-pieces-men-knitwear-rendez-vous-store","9":"entry","11":"first","12":"outofstock","13":"taxable","14":"shipping-taxable","15":"product-type-variable"},"acf":[],"yoast_head":"<!-- This site is optimized with the Yoast SEO plugin v24.9 - https:\/\/yoast.com\/wordpress\/plugins\/seo\/ -->\n<title>Batoner Crew Neck Pullover Lavender<\/title>\n<meta name=\"description\" content=\"Batoner is on Rendez-Vous Store. This Batoner Crew Neck Pullover Lavender is a fusion of raw and natural materials, ensuring longevity and timelessness.\" \/>\n<meta name=\"robots\" content=\"index, follow, max-snippet:-1, max-image-preview:large, max-video-preview:-1\" \/>\n<link rel=\"canonical\" href=\"https:\/\/rendez-vous-store.com\/fr\/shop\/last-pieces-men\/last-pieces-men-knitwear-rendez-vous-store\/batoner-crew-neck-pullover-lavender-rendez-vous-store\/\" \/>\n<meta property=\"og:locale\" content=\"fr_FR\" \/>\n<meta property=\"og:type\" content=\"article\" \/>\n<meta property=\"og:title\" content=\"Batoner Crew Neck Pullover Lavender\" \/>\n<meta property=\"og:description\" content=\"Batoner is on Rendez-Vous Store. This Batoner Crew Neck Pullover Lavender is a fusion of raw and natural materials, ensuring longevity and timelessness.\" \/>\n<meta property=\"og:url\" content=\"https:\/\/rendez-vous-store.com\/fr\/shop\/last-pieces-men\/last-pieces-men-knitwear-rendez-vous-store\/batoner-crew-neck-pullover-lavender-rendez-vous-store\/\" \/>\n<meta property=\"og:site_name\" content=\"RENDEZ-VOUS STORE\" \/>\n<meta property=\"article:modified_time\" content=\"2026-03-16T14:07:38+00:00\" \/>\n<meta property=\"og:image\" content=\"https:\/\/rendez-vous-store.com\/wp-content\/uploads\/2023\/04\/rdv_57-scaled.webp\" \/>\n\t<meta property=\"og:image:width\" content=\"1696\" \/>\n\t<meta property=\"og:image:height\" content=\"2560\" \/>\n\t<meta property=\"og:image:type\" content=\"image\/webp\" \/>\n<meta name=\"twitter:card\" content=\"summary_large_image\" \/>\n<meta name=\"twitter:label1\" content=\"Est. reading time\" \/>\n\t<meta name=\"twitter:data1\" content=\"1 minute\" \/>\n<script type=\"application\/ld+json\" class=\"yoast-schema-graph\">{\"@context\":\"https:\/\/schema.org\",\"@graph\":[{\"@type\":\"WebPage\",\"@id\":\"https:\/\/rendez-vous-store.com\/shop\/last-pieces-men\/last-pieces-men-knitwear-rendez-vous-store\/batoner-crew-neck-pullover-lavender-rendez-vous-store\/\",\"url\":\"https:\/\/rendez-vous-store.com\/shop\/last-pieces-men\/last-pieces-men-knitwear-rendez-vous-store\/batoner-crew-neck-pullover-lavender-rendez-vous-store\/\",\"name\":\"Batoner Crew Neck Pullover Lavender\",\"isPartOf\":{\"@id\":\"https:\/\/rendez-vous-store.com\/#website\"},\"primaryImageOfPage\":{\"@id\":\"https:\/\/rendez-vous-store.com\/shop\/last-pieces-men\/last-pieces-men-knitwear-rendez-vous-store\/batoner-crew-neck-pullover-lavender-rendez-vous-store\/#primaryimage\"},\"image\":{\"@id\":\"https:\/\/rendez-vous-store.com\/shop\/last-pieces-men\/last-pieces-men-knitwear-rendez-vous-store\/batoner-crew-neck-pullover-lavender-rendez-vous-store\/#primaryimage\"},\"thumbnailUrl\":\"https:\/\/rendez-vous-store.com\/app\/uploads\/2023\/04\/rdv_57-scaled.webp\",\"datePublished\":\"2023-04-19T12:58:56+00:00\",\"dateModified\":\"2026-03-16T14:07:38+00:00\",\"description\":\"Batoner is on Rendez-Vous Store. This Batoner Crew Neck Pullover Lavender is a fusion of raw and natural materials, ensuring longevity and timelessness.\",\"breadcrumb\":{\"@id\":\"https:\/\/rendez-vous-store.com\/shop\/last-pieces-men\/last-pieces-men-knitwear-rendez-vous-store\/batoner-crew-neck-pullover-lavender-rendez-vous-store\/#breadcrumb\"},\"inLanguage\":\"fr-FR\",\"potentialAction\":[{\"@type\":\"ReadAction\",\"target\":[\"https:\/\/rendez-vous-store.com\/shop\/last-pieces-men\/last-pieces-men-knitwear-rendez-vous-store\/batoner-crew-neck-pullover-lavender-rendez-vous-store\/\"]}]},{\"@type\":\"ImageObject\",\"inLanguage\":\"fr-FR\",\"@id\":\"https:\/\/rendez-vous-store.com\/shop\/last-pieces-men\/last-pieces-men-knitwear-rendez-vous-store\/batoner-crew-neck-pullover-lavender-rendez-vous-store\/#primaryimage\",\"url\":\"https:\/\/rendez-vous-store.com\/app\/uploads\/2023\/04\/rdv_57-scaled.webp\",\"contentUrl\":\"https:\/\/rendez-vous-store.com\/app\/uploads\/2023\/04\/rdv_57-scaled.webp\",\"width\":1696,\"height\":2560,\"caption\":\"Batoner - Crew Neck Pullover - Lavender\"},{\"@type\":\"BreadcrumbList\",\"@id\":\"https:\/\/rendez-vous-store.com\/shop\/last-pieces-men\/last-pieces-men-knitwear-rendez-vous-store\/batoner-crew-neck-pullover-lavender-rendez-vous-store\/#breadcrumb\",\"itemListElement\":[{\"@type\":\"ListItem\",\"position\":1,\"name\":\"Home\",\"item\":\"https:\/\/rendez-vous-store.com\/\"},{\"@type\":\"ListItem\",\"position\":2,\"name\":\"Shop\",\"item\":\"https:\/\/www.rendez-vous-store.com\/shop\/\"},{\"@type\":\"ListItem\",\"position\":3,\"name\":\"Batoner &#8211; Crew Neck Pullover &#8211; Lavender\"}]},{\"@type\":\"WebSite\",\"@id\":\"https:\/\/rendez-vous-store.com\/#website\",\"url\":\"https:\/\/rendez-vous-store.com\/\",\"name\":\"RENDEZ-VOUS STORE\",\"description\":\"Slow Fashion for Women and Men\",\"potentialAction\":[{\"@type\":\"SearchAction\",\"target\":{\"@type\":\"EntryPoint\",\"urlTemplate\":\"https:\/\/rendez-vous-store.com\/?s={search_term_string}\"},\"query-input\":{\"@type\":\"PropertyValueSpecification\",\"valueRequired\":true,\"valueName\":\"search_term_string\"}}],\"inLanguage\":\"fr-FR\"}]}<\/script>\n<!-- \/ Yoast SEO plugin. -->","yoast_head_json":{"title":"Batoner Crew Neck Pullover Lavender","description":"Batoner is on Rendez-Vous Store. This Batoner Crew Neck Pullover Lavender is a fusion of raw and natural materials, ensuring longevity and timelessness.","robots":{"index":"index","follow":"follow","max-snippet":"max-snippet:-1","max-image-preview":"max-image-preview:large","max-video-preview":"max-video-preview:-1"},"canonical":"https:\/\/rendez-vous-store.com\/fr\/shop\/last-pieces-men\/last-pieces-men-knitwear-rendez-vous-store\/batoner-crew-neck-pullover-lavender-rendez-vous-store\/","og_locale":"fr_FR","og_type":"article","og_title":"Batoner Crew Neck Pullover Lavender","og_description":"Batoner is on Rendez-Vous Store. This Batoner Crew Neck Pullover Lavender is a fusion of raw and natural materials, ensuring longevity and timelessness.","og_url":"https:\/\/rendez-vous-store.com\/fr\/shop\/last-pieces-men\/last-pieces-men-knitwear-rendez-vous-store\/batoner-crew-neck-pullover-lavender-rendez-vous-store\/","og_site_name":"RENDEZ-VOUS STORE","article_modified_time":"2026-03-16T14:07:38+00:00","og_image":[{"width":1696,"height":2560,"url":"https:\/\/rendez-vous-store.com\/wp-content\/uploads\/2023\/04\/rdv_57-scaled.webp","type":"image\/webp"}],"twitter_card":"summary_large_image","twitter_misc":{"Est. reading time":"1 minute"},"schema":{"@context":"https:\/\/schema.org","@graph":[{"@type":"WebPage","@id":"https:\/\/rendez-vous-store.com\/shop\/last-pieces-men\/last-pieces-men-knitwear-rendez-vous-store\/batoner-crew-neck-pullover-lavender-rendez-vous-store\/","url":"https:\/\/rendez-vous-store.com\/shop\/last-pieces-men\/last-pieces-men-knitwear-rendez-vous-store\/batoner-crew-neck-pullover-lavender-rendez-vous-store\/","name":"Batoner Crew Neck Pullover Lavender","isPartOf":{"@id":"https:\/\/rendez-vous-store.com\/#website"},"primaryImageOfPage":{"@id":"https:\/\/rendez-vous-store.com\/shop\/last-pieces-men\/last-pieces-men-knitwear-rendez-vous-store\/batoner-crew-neck-pullover-lavender-rendez-vous-store\/#primaryimage"},"image":{"@id":"https:\/\/rendez-vous-store.com\/shop\/last-pieces-men\/last-pieces-men-knitwear-rendez-vous-store\/batoner-crew-neck-pullover-lavender-rendez-vous-store\/#primaryimage"},"thumbnailUrl":"https:\/\/rendez-vous-store.com\/app\/uploads\/2023\/04\/rdv_57-scaled.webp","datePublished":"2023-04-19T12:58:56+00:00","dateModified":"2026-03-16T14:07:38+00:00","description":"Batoner is on Rendez-Vous Store. This Batoner Crew Neck Pullover Lavender is a fusion of raw and natural materials, ensuring longevity and timelessness.","breadcrumb":{"@id":"https:\/\/rendez-vous-store.com\/shop\/last-pieces-men\/last-pieces-men-knitwear-rendez-vous-store\/batoner-crew-neck-pullover-lavender-rendez-vous-store\/#breadcrumb"},"inLanguage":"fr-FR","potentialAction":[{"@type":"ReadAction","target":["https:\/\/rendez-vous-store.com\/shop\/last-pieces-men\/last-pieces-men-knitwear-rendez-vous-store\/batoner-crew-neck-pullover-lavender-rendez-vous-store\/"]}]},{"@type":"ImageObject","inLanguage":"fr-FR","@id":"https:\/\/rendez-vous-store.com\/shop\/last-pieces-men\/last-pieces-men-knitwear-rendez-vous-store\/batoner-crew-neck-pullover-lavender-rendez-vous-store\/#primaryimage","url":"https:\/\/rendez-vous-store.com\/app\/uploads\/2023\/04\/rdv_57-scaled.webp","contentUrl":"https:\/\/rendez-vous-store.com\/app\/uploads\/2023\/04\/rdv_57-scaled.webp","width":1696,"height":2560,"caption":"Batoner - Crew Neck Pullover - Lavender"},{"@type":"BreadcrumbList","@id":"https:\/\/rendez-vous-store.com\/shop\/last-pieces-men\/last-pieces-men-knitwear-rendez-vous-store\/batoner-crew-neck-pullover-lavender-rendez-vous-store\/#breadcrumb","itemListElement":[{"@type":"ListItem","position":1,"name":"Home","item":"https:\/\/rendez-vous-store.com\/"},{"@type":"ListItem","position":2,"name":"Shop","item":"https:\/\/www.rendez-vous-store.com\/shop\/"},{"@type":"ListItem","position":3,"name":"Batoner &#8211; Crew Neck Pullover &#8211; Lavender"}]},{"@type":"WebSite","@id":"https:\/\/rendez-vous-store.com\/#website","url":"https:\/\/rendez-vous-store.com\/","name":"RENDEZ-VOUS STORE","description":"Slow Fashion for Women and Men","potentialAction":[{"@type":"SearchAction","target":{"@type":"EntryPoint","urlTemplate":"https:\/\/rendez-vous-store.com\/?s={search_term_string}"},"query-input":{"@type":"PropertyValueSpecification","valueRequired":true,"valueName":"search_term_string"}}],"inLanguage":"fr-FR"}]}},"_links":{"self":[{"href":"https:\/\/rendez-vous-store.com\/fr\/wp-json\/wp\/v2\/product\/119183","targetHints":{"allow":["GET"]}}],"collection":[{"href":"https:\/\/rendez-vous-store.com\/fr\/wp-json\/wp\/v2\/product"}],"about":[{"href":"https:\/\/rendez-vous-store.com\/fr\/wp-json\/wp\/v2\/types\/product"}],"wp:featuredmedia":[{"embeddable":true,"href":"https:\/\/rendez-vous-store.com\/fr\/wp-json\/wp\/v2\/media\/143399"}],"wp:attachment":[{"href":"https:\/\/rendez-vous-store.com\/fr\/wp-json\/wp\/v2\/media?parent=119183"}],"wp:term":[{"taxonomy":"product_brand","embeddable":true,"href":"https:\/\/rendez-vous-store.com\/fr\/wp-json\/wp\/v2\/product_brand?post=119183"},{"taxonomy":"product_cat","embeddable":true,"href":"https:\/\/rendez-vous-store.com\/fr\/wp-json\/wp\/v2\/product_cat?post=119183"},{"taxonomy":"product_tag","embeddable":true,"href":"https:\/\/rendez-vous-store.com\/fr\/wp-json\/wp\/v2\/product_tag?post=119183"}],"curies":[{"name":"wp","href":"https:\/\/api.w.org\/{rel}","templated":true}]}}