{"id":114579,"date":"2023-03-23T16:20:38","date_gmt":"2023-03-23T15:20:38","guid":{"rendered":"https:\/\/www.rendez-vous-store.com\/?post_type=product&#038;p=114579"},"modified":"2026-03-16T14:50:51","modified_gmt":"2026-03-16T13:50:51","slug":"moonstar-gym-classic-grege","status":"publish","type":"product","link":"https:\/\/rendez-vous-store.com\/fr\/shop\/last-pieces-men\/last-pieces-men-shoes-rendez-vous-store\/moonstar-gym-classic-grege\/","title":{"rendered":"Moonstar - Gym Classic - Grege"},"content":{"rendered":"<p>Chaussures homme Moonstar<\/p>\n<p>Couleur : Grege<\/p>\n<p>Lacets tiss\u00e9s<\/p>\n<p>Oeillets argent\u00e9s<\/p>\n<p>Semelle ext\u00e9rieure en caoutchouc<\/p>\n<p>Composition : Toile 100%<\/p>\n<p>Fabriqu\u00e9 au Japon<\/p>\n<p>&nbsp;<\/p>","protected":false},"excerpt":{"rendered":"<p>Moonstar Chaussures Homme Couleur : Grege Lacets tiss\u00e9s Oeillets argent\u00e9s Semelle ext\u00e9rieure en caoutchouc Composition : 100% Canvas Fabriqu\u00e9 au Japon &nbsp;<\/p>","protected":false},"featured_media":116326,"template":"","meta":{"_acf_changed":false},"product_brand":[],"product_cat":[1137,1166,1157],"product_tag":[],"class_list":{"0":"post-114579","1":"product","2":"type-product","3":"status-publish","4":"has-post-thumbnail","6":"product_cat-last-pieces-men","7":"product_cat-1166","8":"product_cat-last-pieces-men-shoes-rendez-vous-store","9":"entry","11":"first","12":"outofstock","13":"taxable","14":"shipping-taxable","15":"product-type-variable","16":"has-default-attributes"},"acf":[],"yoast_head":"<!-- This site is optimized with the Yoast SEO plugin v24.9 - https:\/\/yoast.com\/wordpress\/plugins\/seo\/ -->\n<title>Moonstar - Gym Classic - Grege - RENDEZ-VOUS STORE<\/title>\n<meta name=\"robots\" content=\"index, follow, max-snippet:-1, max-image-preview:large, max-video-preview:-1\" \/>\n<link rel=\"canonical\" href=\"https:\/\/rendez-vous-store.com\/fr\/shop\/last-pieces-men\/last-pieces-men-shoes-rendez-vous-store\/moonstar-gym-classic-grege\/\" \/>\n<meta property=\"og:locale\" content=\"fr_FR\" \/>\n<meta property=\"og:type\" content=\"article\" \/>\n<meta property=\"og:title\" content=\"Moonstar - Gym Classic - Grege - RENDEZ-VOUS STORE\" \/>\n<meta property=\"og:description\" content=\"Moonstar Men Shoes Color: Grege Woven laces Silver eyelets Rubber outsole Composition: 100% Canvas Made in Japan &nbsp;\" \/>\n<meta property=\"og:url\" content=\"https:\/\/rendez-vous-store.com\/fr\/shop\/last-pieces-men\/last-pieces-men-shoes-rendez-vous-store\/moonstar-gym-classic-grege\/\" \/>\n<meta property=\"og:site_name\" content=\"RENDEZ-VOUS STORE\" \/>\n<meta property=\"article:modified_time\" content=\"2026-03-16T13:50:51+00:00\" \/>\n<meta property=\"og:image\" content=\"https:\/\/rendez-vous-store.com\/wp-content\/uploads\/2023\/03\/rdv_moonstar_25-scaled.jpg\" \/>\n\t<meta property=\"og:image:width\" content=\"1696\" \/>\n\t<meta property=\"og:image:height\" content=\"2560\" \/>\n\t<meta property=\"og:image:type\" content=\"image\/jpeg\" \/>\n<meta name=\"twitter:card\" content=\"summary_large_image\" \/>\n<meta name=\"twitter:label1\" content=\"Est. reading time\" \/>\n\t<meta name=\"twitter:data1\" content=\"1 minute\" \/>\n<script type=\"application\/ld+json\" class=\"yoast-schema-graph\">{\"@context\":\"https:\/\/schema.org\",\"@graph\":[{\"@type\":\"WebPage\",\"@id\":\"https:\/\/rendez-vous-store.com\/shop\/last-pieces-men\/last-pieces-men-shoes-rendez-vous-store\/moonstar-gym-classic-grege\/\",\"url\":\"https:\/\/rendez-vous-store.com\/shop\/last-pieces-men\/last-pieces-men-shoes-rendez-vous-store\/moonstar-gym-classic-grege\/\",\"name\":\"Moonstar - Gym Classic - Grege - RENDEZ-VOUS STORE\",\"isPartOf\":{\"@id\":\"https:\/\/rendez-vous-store.com\/#website\"},\"primaryImageOfPage\":{\"@id\":\"https:\/\/rendez-vous-store.com\/shop\/last-pieces-men\/last-pieces-men-shoes-rendez-vous-store\/moonstar-gym-classic-grege\/#primaryimage\"},\"image\":{\"@id\":\"https:\/\/rendez-vous-store.com\/shop\/last-pieces-men\/last-pieces-men-shoes-rendez-vous-store\/moonstar-gym-classic-grege\/#primaryimage\"},\"thumbnailUrl\":\"https:\/\/rendez-vous-store.com\/app\/uploads\/2023\/03\/rdv_moonstar_25-scaled.jpg\",\"datePublished\":\"2023-03-23T15:20:38+00:00\",\"dateModified\":\"2026-03-16T13:50:51+00:00\",\"breadcrumb\":{\"@id\":\"https:\/\/rendez-vous-store.com\/shop\/last-pieces-men\/last-pieces-men-shoes-rendez-vous-store\/moonstar-gym-classic-grege\/#breadcrumb\"},\"inLanguage\":\"fr-FR\",\"potentialAction\":[{\"@type\":\"ReadAction\",\"target\":[\"https:\/\/rendez-vous-store.com\/shop\/last-pieces-men\/last-pieces-men-shoes-rendez-vous-store\/moonstar-gym-classic-grege\/\"]}]},{\"@type\":\"ImageObject\",\"inLanguage\":\"fr-FR\",\"@id\":\"https:\/\/rendez-vous-store.com\/shop\/last-pieces-men\/last-pieces-men-shoes-rendez-vous-store\/moonstar-gym-classic-grege\/#primaryimage\",\"url\":\"https:\/\/rendez-vous-store.com\/app\/uploads\/2023\/03\/rdv_moonstar_25-scaled.jpg\",\"contentUrl\":\"https:\/\/rendez-vous-store.com\/app\/uploads\/2023\/03\/rdv_moonstar_25-scaled.jpg\",\"width\":1696,\"height\":2560},{\"@type\":\"BreadcrumbList\",\"@id\":\"https:\/\/rendez-vous-store.com\/shop\/last-pieces-men\/last-pieces-men-shoes-rendez-vous-store\/moonstar-gym-classic-grege\/#breadcrumb\",\"itemListElement\":[{\"@type\":\"ListItem\",\"position\":1,\"name\":\"Home\",\"item\":\"https:\/\/rendez-vous-store.com\/\"},{\"@type\":\"ListItem\",\"position\":2,\"name\":\"Shop\",\"item\":\"https:\/\/www.rendez-vous-store.com\/shop\/\"},{\"@type\":\"ListItem\",\"position\":3,\"name\":\"Moonstar &#8211; Gym Classic &#8211; Grege\"}]},{\"@type\":\"WebSite\",\"@id\":\"https:\/\/rendez-vous-store.com\/#website\",\"url\":\"https:\/\/rendez-vous-store.com\/\",\"name\":\"RENDEZ-VOUS STORE\",\"description\":\"Slow Fashion for Women and Men\",\"potentialAction\":[{\"@type\":\"SearchAction\",\"target\":{\"@type\":\"EntryPoint\",\"urlTemplate\":\"https:\/\/rendez-vous-store.com\/?s={search_term_string}\"},\"query-input\":{\"@type\":\"PropertyValueSpecification\",\"valueRequired\":true,\"valueName\":\"search_term_string\"}}],\"inLanguage\":\"fr-FR\"}]}<\/script>\n<!-- \/ Yoast SEO plugin. -->","yoast_head_json":{"title":"Moonstar - Gym Classic - Grege - RENDEZ-VOUS STORE","robots":{"index":"index","follow":"follow","max-snippet":"max-snippet:-1","max-image-preview":"max-image-preview:large","max-video-preview":"max-video-preview:-1"},"canonical":"https:\/\/rendez-vous-store.com\/fr\/shop\/last-pieces-men\/last-pieces-men-shoes-rendez-vous-store\/moonstar-gym-classic-grege\/","og_locale":"fr_FR","og_type":"article","og_title":"Moonstar - Gym Classic - Grege - RENDEZ-VOUS STORE","og_description":"Moonstar Men Shoes Color: Grege Woven laces Silver eyelets Rubber outsole Composition: 100% Canvas Made in Japan &nbsp;","og_url":"https:\/\/rendez-vous-store.com\/fr\/shop\/last-pieces-men\/last-pieces-men-shoes-rendez-vous-store\/moonstar-gym-classic-grege\/","og_site_name":"RENDEZ-VOUS STORE","article_modified_time":"2026-03-16T13:50:51+00:00","og_image":[{"width":1696,"height":2560,"url":"https:\/\/rendez-vous-store.com\/wp-content\/uploads\/2023\/03\/rdv_moonstar_25-scaled.jpg","type":"image\/jpeg"}],"twitter_card":"summary_large_image","twitter_misc":{"Est. reading time":"1 minute"},"schema":{"@context":"https:\/\/schema.org","@graph":[{"@type":"WebPage","@id":"https:\/\/rendez-vous-store.com\/shop\/last-pieces-men\/last-pieces-men-shoes-rendez-vous-store\/moonstar-gym-classic-grege\/","url":"https:\/\/rendez-vous-store.com\/shop\/last-pieces-men\/last-pieces-men-shoes-rendez-vous-store\/moonstar-gym-classic-grege\/","name":"Moonstar - Gym Classic - Grege - RENDEZ-VOUS STORE","isPartOf":{"@id":"https:\/\/rendez-vous-store.com\/#website"},"primaryImageOfPage":{"@id":"https:\/\/rendez-vous-store.com\/shop\/last-pieces-men\/last-pieces-men-shoes-rendez-vous-store\/moonstar-gym-classic-grege\/#primaryimage"},"image":{"@id":"https:\/\/rendez-vous-store.com\/shop\/last-pieces-men\/last-pieces-men-shoes-rendez-vous-store\/moonstar-gym-classic-grege\/#primaryimage"},"thumbnailUrl":"https:\/\/rendez-vous-store.com\/app\/uploads\/2023\/03\/rdv_moonstar_25-scaled.jpg","datePublished":"2023-03-23T15:20:38+00:00","dateModified":"2026-03-16T13:50:51+00:00","breadcrumb":{"@id":"https:\/\/rendez-vous-store.com\/shop\/last-pieces-men\/last-pieces-men-shoes-rendez-vous-store\/moonstar-gym-classic-grege\/#breadcrumb"},"inLanguage":"fr-FR","potentialAction":[{"@type":"ReadAction","target":["https:\/\/rendez-vous-store.com\/shop\/last-pieces-men\/last-pieces-men-shoes-rendez-vous-store\/moonstar-gym-classic-grege\/"]}]},{"@type":"ImageObject","inLanguage":"fr-FR","@id":"https:\/\/rendez-vous-store.com\/shop\/last-pieces-men\/last-pieces-men-shoes-rendez-vous-store\/moonstar-gym-classic-grege\/#primaryimage","url":"https:\/\/rendez-vous-store.com\/app\/uploads\/2023\/03\/rdv_moonstar_25-scaled.jpg","contentUrl":"https:\/\/rendez-vous-store.com\/app\/uploads\/2023\/03\/rdv_moonstar_25-scaled.jpg","width":1696,"height":2560},{"@type":"BreadcrumbList","@id":"https:\/\/rendez-vous-store.com\/shop\/last-pieces-men\/last-pieces-men-shoes-rendez-vous-store\/moonstar-gym-classic-grege\/#breadcrumb","itemListElement":[{"@type":"ListItem","position":1,"name":"Home","item":"https:\/\/rendez-vous-store.com\/"},{"@type":"ListItem","position":2,"name":"Shop","item":"https:\/\/www.rendez-vous-store.com\/shop\/"},{"@type":"ListItem","position":3,"name":"Moonstar &#8211; Gym Classic &#8211; Grege"}]},{"@type":"WebSite","@id":"https:\/\/rendez-vous-store.com\/#website","url":"https:\/\/rendez-vous-store.com\/","name":"RENDEZ-VOUS STORE","description":"Slow Fashion for Women and Men","potentialAction":[{"@type":"SearchAction","target":{"@type":"EntryPoint","urlTemplate":"https:\/\/rendez-vous-store.com\/?s={search_term_string}"},"query-input":{"@type":"PropertyValueSpecification","valueRequired":true,"valueName":"search_term_string"}}],"inLanguage":"fr-FR"}]}},"_links":{"self":[{"href":"https:\/\/rendez-vous-store.com\/fr\/wp-json\/wp\/v2\/product\/114579","targetHints":{"allow":["GET"]}}],"collection":[{"href":"https:\/\/rendez-vous-store.com\/fr\/wp-json\/wp\/v2\/product"}],"about":[{"href":"https:\/\/rendez-vous-store.com\/fr\/wp-json\/wp\/v2\/types\/product"}],"wp:featuredmedia":[{"embeddable":true,"href":"https:\/\/rendez-vous-store.com\/fr\/wp-json\/wp\/v2\/media\/116326"}],"wp:attachment":[{"href":"https:\/\/rendez-vous-store.com\/fr\/wp-json\/wp\/v2\/media?parent=114579"}],"wp:term":[{"taxonomy":"product_brand","embeddable":true,"href":"https:\/\/rendez-vous-store.com\/fr\/wp-json\/wp\/v2\/product_brand?post=114579"},{"taxonomy":"product_cat","embeddable":true,"href":"https:\/\/rendez-vous-store.com\/fr\/wp-json\/wp\/v2\/product_cat?post=114579"},{"taxonomy":"product_tag","embeddable":true,"href":"https:\/\/rendez-vous-store.com\/fr\/wp-json\/wp\/v2\/product_tag?post=114579"}],"curies":[{"name":"wp","href":"https:\/\/api.w.org\/{rel}","templated":true}]}}