{"id":114039,"date":"2023-03-22T16:31:51","date_gmt":"2023-03-22T15:31:51","guid":{"rendered":"https:\/\/www.rendez-vous-store.com\/?post_type=product&#038;p=114039"},"modified":"2026-03-16T14:53:37","modified_gmt":"2026-03-16T13:53:37","slug":"ricorrrobe-pbd-dress-fine-cotton-twill-khaki-rendez-vous-store","status":"publish","type":"product","link":"https:\/\/rendez-vous-store.com\/fr\/shop\/last-pieces-women-rendez-vous-store\/last-pieces-women-dress-rendez-vous-store\/ricorrrobe-pbd-dress-fine-cotton-twill-khaki-rendez-vous-store\/","title":{"rendered":"Ricorrrobe - ROBE PBD - Serg\u00e9 de coton fin kaki"},"content":{"rendered":"<p><strong>Ricorrrobe Women PBD Fine Cotton Twill khaki Dress<\/strong><\/p>\n<p>Couleur : Kaki<\/p>\n<p>Fermeture partielle par bouton<\/p>\n<p>Col classique<\/p>\n<p>Manches longues<\/p>\n<p>Poches \u00e0 couture<\/p>\n<p>Jupe fronc\u00e9e<\/p>\n<p>Poignets \u00e0 volants<\/p>\n<p>Look d\u00e9structur\u00e9<\/p>\n<p>Composition : 100% Coton<\/p>\n<p>Fabriqu\u00e9 au Royaume-Uni<\/p>\n<p>Ma\u00e9va mesure 168 cm<\/p>\n<p>Taille du mod\u00e8le : S<\/p>\n<p>&nbsp;<\/p>\n<p>&nbsp;<\/p>\n<p><strong>Les mesures :\u00a0<\/strong><\/p>\n<p>Size XS: Shoulders: 36cm, Chest: 56cm, Sleeves: 59cm, Length: 117cm, Armholes: 22cm<\/p>\n<p>&nbsp;<\/p>\n<p>&nbsp;<\/p>\n<h4>La marque<\/h4>\n<div class=\"w-full text-token-text-primary\" dir=\"auto\" data-testid=\"conversation-turn-205\">\n<div class=\"px-4 py-2 justify-center text-base md:gap-6 m-auto\">\n<div class=\"flex flex-1 text-base mx-auto gap-3 juice:gap-4 juice:md:gap-6 md:px-5 lg:px-1 xl:px-5 md:max-w-3xl lg:max-w-[40rem] xl:max-w-[48rem]\">\n<div class=\"relative flex w-full flex-col agent-turn\">\n<div class=\"flex-col gap-1 md:gap-3\">\n<div class=\"flex flex-grow flex-col max-w-full\">\n<div class=\"min-h-[20px] text-message flex flex-col items-start gap-3 whitespace-pre-wrap break-words [.text-message+&amp;]:mt-5 overflow-x-auto\" dir=\"auto\" data-message-author-role=\"assistant\" data-message-id=\"57052223-53ab-473c-a24d-a048941c544d\">\n<div class=\"markdown prose w-full break-words dark:prose-invert light\">\n<div class=\"flex-1 overflow-hidden\">\n<div class=\"react-scroll-to-bottom--css-eiemt-79elbk h-full\">\n<div class=\"react-scroll-to-bottom--css-eiemt-1n7m0yu\">\n<div>\n<div class=\"flex flex-col text-sm pb-9\">\n<div class=\"w-full text-token-text-primary\" dir=\"auto\" data-testid=\"conversation-turn-213\">\n<div class=\"px-4 py-2 justify-center text-base md:gap-6 m-auto\">\n<div class=\"flex flex-1 text-base mx-auto gap-3 juice:gap-4 juice:md:gap-6 md:px-5 lg:px-1 xl:px-5 md:max-w-3xl lg:max-w-[40rem] xl:max-w-[48rem]\">\n<div class=\"relative flex w-full flex-col agent-turn\">\n<div class=\"flex-col gap-1 md:gap-3\">\n<div class=\"flex flex-grow flex-col max-w-full\">\n<div class=\"min-h-[20px] text-message flex flex-col items-start gap-3 whitespace-pre-wrap break-words [.text-message+&amp;]:mt-5 overflow-x-auto\" dir=\"auto\" data-message-author-role=\"assistant\" data-message-id=\"d52e7c2a-2b78-49ae-b203-f7e0aef239a8\">\n<div class=\"markdown prose w-full break-words dark:prose-invert light\">\n<p>Ricorrrobe, con\u00e7u par le designer japonais Rico Tsubota, bas\u00e9 \u00e0 Londres, m\u00eale harmonieusement les influences orientales et occidentales. Elle marie l'artisanat traditionnel et les sensibilit\u00e9s du design contemporain, garantissant que chaque v\u00eatement incarne l'\u00e9l\u00e9gance intemporelle et la polyvalence, tout en privil\u00e9giant le confort et la facilit\u00e9 d'utilisation.<\/p>\n<p>Des pulls douillets aux vestes cintr\u00e9es en passant par les robes fluides, chaque pi\u00e8ce de la collection Ricorrrobe a \u00e9t\u00e9 soigneusement s\u00e9lectionn\u00e9e pour s'int\u00e9grer harmonieusement \u00e0 n'importe quelle garde-robe et servir de base \u00e0 l'expression d'un style personnel.<\/p>\n<\/div>\n<\/div>\n<\/div>\n<\/div>\n<\/div>\n<\/div>\n<\/div>\n<\/div>\n<\/div>\n<\/div>\n<\/div>\n<\/div>\n<\/div>\n<\/div>\n<\/div>\n<\/div>\n<\/div>\n<\/div>\n<\/div>\n<\/div>\n<\/div>","protected":false},"excerpt":{"rendered":"<p>Ricorrrobe Women PBD Fine Cotton Twill khaki Dress Color: Khaki Partial button closure Classic collar Long sleeves Seam pockets Gathered Skirt Ruffle cuffs Unstructured look Composition: 100% Cotton Made in UK Ma\u00e9va is 168cm tall Model size: S &nbsp; &nbsp; The measurements:\u00a0 Size XS: Shoulders: 36cm, Chest: 56cm, Sleeves: 59cm, Length: 117cm, Armholes: 22cm &nbsp;&hellip; <a class=\"more-link\" href=\"https:\/\/rendez-vous-store.com\/fr\/shop\/last-pieces-women-rendez-vous-store\/last-pieces-women-dress-rendez-vous-store\/ricorrrobe-pbd-dress-fine-cotton-twill-khaki-rendez-vous-store\/\">Continue reading <span class=\"screen-reader-text\">Ricorrrobe - ROBE PBD - Serg\u00e9 de coton fin kaki<\/span><\/a><\/p>","protected":false},"featured_media":116394,"template":"","meta":{"_acf_changed":false},"product_brand":[],"product_cat":[1138,1164,1140,15],"product_tag":[],"class_list":{"0":"post-114039","1":"product","2":"type-product","3":"status-publish","4":"has-post-thumbnail","6":"product_cat-last-pieces-women-rendez-vous-store","7":"product_cat-1164","8":"product_cat-last-pieces-women-dress-rendez-vous-store","9":"product_cat-non-classe","10":"entry","12":"first","13":"outofstock","14":"taxable","15":"shipping-taxable","16":"product-type-variable"},"acf":[],"yoast_head":"<!-- This site is optimized with the Yoast SEO plugin v24.9 - https:\/\/yoast.com\/wordpress\/plugins\/seo\/ -->\n<title>Ricorrrobe Women PBD Fine Cotton Twill khaki Dress<\/title>\n<meta name=\"description\" content=\"Ricorrrobe Women PBD Fine Cotton Twill khaki Dress is on Rendez-vous Store. With a classic collar, partial button closure and a gathered skirt.\" \/>\n<meta name=\"robots\" content=\"index, follow, max-snippet:-1, max-image-preview:large, max-video-preview:-1\" \/>\n<link rel=\"canonical\" href=\"https:\/\/rendez-vous-store.com\/fr\/shop\/last-pieces-women-rendez-vous-store\/last-pieces-women-dress-rendez-vous-store\/ricorrrobe-pbd-dress-fine-cotton-twill-khaki-rendez-vous-store\/\" \/>\n<meta property=\"og:locale\" content=\"fr_FR\" \/>\n<meta property=\"og:type\" content=\"article\" \/>\n<meta property=\"og:title\" content=\"Ricorrrobe Women PBD Fine Cotton Twill khaki Dress\" \/>\n<meta property=\"og:description\" content=\"Ricorrrobe Women PBD Fine Cotton Twill khaki Dress is on Rendez-vous Store. With a classic collar, partial button closure and a gathered skirt.\" \/>\n<meta property=\"og:url\" content=\"https:\/\/rendez-vous-store.com\/fr\/shop\/last-pieces-women-rendez-vous-store\/last-pieces-women-dress-rendez-vous-store\/ricorrrobe-pbd-dress-fine-cotton-twill-khaki-rendez-vous-store\/\" \/>\n<meta property=\"og:site_name\" content=\"RENDEZ-VOUS STORE\" \/>\n<meta property=\"article:modified_time\" content=\"2026-03-16T13:53:37+00:00\" \/>\n<meta property=\"og:image\" content=\"https:\/\/rendez-vous-store.com\/app\/uploads\/2023\/03\/rdv_ricorrrobe_20-1-scaled.jpg\" \/>\n\t<meta property=\"og:image:width\" content=\"1696\" \/>\n\t<meta property=\"og:image:height\" content=\"2560\" \/>\n\t<meta property=\"og:image:type\" content=\"image\/jpeg\" \/>\n<meta name=\"twitter:card\" content=\"summary_large_image\" \/>\n<meta name=\"twitter:label1\" content=\"Est. reading time\" \/>\n\t<meta name=\"twitter:data1\" content=\"1 minute\" \/>\n<script type=\"application\/ld+json\" class=\"yoast-schema-graph\">{\"@context\":\"https:\/\/schema.org\",\"@graph\":[{\"@type\":\"WebPage\",\"@id\":\"https:\/\/rendez-vous-store.com\/shop\/last-pieces-women-rendez-vous-store\/last-pieces-women-dress-rendez-vous-store\/ricorrrobe-pbd-dress-fine-cotton-twill-khaki-rendez-vous-store\/\",\"url\":\"https:\/\/rendez-vous-store.com\/shop\/last-pieces-women-rendez-vous-store\/last-pieces-women-dress-rendez-vous-store\/ricorrrobe-pbd-dress-fine-cotton-twill-khaki-rendez-vous-store\/\",\"name\":\"Ricorrrobe Women PBD Fine Cotton Twill khaki Dress\",\"isPartOf\":{\"@id\":\"https:\/\/rendez-vous-store.com\/#website\"},\"primaryImageOfPage\":{\"@id\":\"https:\/\/rendez-vous-store.com\/shop\/last-pieces-women-rendez-vous-store\/last-pieces-women-dress-rendez-vous-store\/ricorrrobe-pbd-dress-fine-cotton-twill-khaki-rendez-vous-store\/#primaryimage\"},\"image\":{\"@id\":\"https:\/\/rendez-vous-store.com\/shop\/last-pieces-women-rendez-vous-store\/last-pieces-women-dress-rendez-vous-store\/ricorrrobe-pbd-dress-fine-cotton-twill-khaki-rendez-vous-store\/#primaryimage\"},\"thumbnailUrl\":\"https:\/\/rendez-vous-store.com\/app\/uploads\/2023\/03\/rdv_ricorrrobe_20-1-scaled.jpg\",\"datePublished\":\"2023-03-22T15:31:51+00:00\",\"dateModified\":\"2026-03-16T13:53:37+00:00\",\"description\":\"Ricorrrobe Women PBD Fine Cotton Twill khaki Dress is on Rendez-vous Store. With a classic collar, partial button closure and a gathered skirt.\",\"breadcrumb\":{\"@id\":\"https:\/\/rendez-vous-store.com\/shop\/last-pieces-women-rendez-vous-store\/last-pieces-women-dress-rendez-vous-store\/ricorrrobe-pbd-dress-fine-cotton-twill-khaki-rendez-vous-store\/#breadcrumb\"},\"inLanguage\":\"fr-FR\",\"potentialAction\":[{\"@type\":\"ReadAction\",\"target\":[\"https:\/\/rendez-vous-store.com\/shop\/last-pieces-women-rendez-vous-store\/last-pieces-women-dress-rendez-vous-store\/ricorrrobe-pbd-dress-fine-cotton-twill-khaki-rendez-vous-store\/\"]}]},{\"@type\":\"ImageObject\",\"inLanguage\":\"fr-FR\",\"@id\":\"https:\/\/rendez-vous-store.com\/shop\/last-pieces-women-rendez-vous-store\/last-pieces-women-dress-rendez-vous-store\/ricorrrobe-pbd-dress-fine-cotton-twill-khaki-rendez-vous-store\/#primaryimage\",\"url\":\"https:\/\/rendez-vous-store.com\/app\/uploads\/2023\/03\/rdv_ricorrrobe_20-1-scaled.jpg\",\"contentUrl\":\"https:\/\/rendez-vous-store.com\/app\/uploads\/2023\/03\/rdv_ricorrrobe_20-1-scaled.jpg\",\"width\":1696,\"height\":2560,\"caption\":\"Ricorrrobe Women PBD Fine Cotton Twill khaki Dress\"},{\"@type\":\"BreadcrumbList\",\"@id\":\"https:\/\/rendez-vous-store.com\/shop\/last-pieces-women-rendez-vous-store\/last-pieces-women-dress-rendez-vous-store\/ricorrrobe-pbd-dress-fine-cotton-twill-khaki-rendez-vous-store\/#breadcrumb\",\"itemListElement\":[{\"@type\":\"ListItem\",\"position\":1,\"name\":\"Home\",\"item\":\"https:\/\/rendez-vous-store.com\/\"},{\"@type\":\"ListItem\",\"position\":2,\"name\":\"Shop\",\"item\":\"https:\/\/www.rendez-vous-store.com\/shop\/\"},{\"@type\":\"ListItem\",\"position\":3,\"name\":\"Ricorrrobe &#8211; PBD DRESS &#8211; Fine Cotton Twill khaki\"}]},{\"@type\":\"WebSite\",\"@id\":\"https:\/\/rendez-vous-store.com\/#website\",\"url\":\"https:\/\/rendez-vous-store.com\/\",\"name\":\"RENDEZ-VOUS STORE\",\"description\":\"Slow Fashion for Women and Men\",\"potentialAction\":[{\"@type\":\"SearchAction\",\"target\":{\"@type\":\"EntryPoint\",\"urlTemplate\":\"https:\/\/rendez-vous-store.com\/?s={search_term_string}\"},\"query-input\":{\"@type\":\"PropertyValueSpecification\",\"valueRequired\":true,\"valueName\":\"search_term_string\"}}],\"inLanguage\":\"fr-FR\"}]}<\/script>\n<!-- \/ Yoast SEO plugin. -->","yoast_head_json":{"title":"Ricorrrobe Women PBD Fine Cotton Twill khaki Dress","description":"Ricorrrobe Women PBD Fine Cotton Twill khaki Dress is on Rendez-vous Store. With a classic collar, partial button closure and a gathered skirt.","robots":{"index":"index","follow":"follow","max-snippet":"max-snippet:-1","max-image-preview":"max-image-preview:large","max-video-preview":"max-video-preview:-1"},"canonical":"https:\/\/rendez-vous-store.com\/fr\/shop\/last-pieces-women-rendez-vous-store\/last-pieces-women-dress-rendez-vous-store\/ricorrrobe-pbd-dress-fine-cotton-twill-khaki-rendez-vous-store\/","og_locale":"fr_FR","og_type":"article","og_title":"Ricorrrobe Women PBD Fine Cotton Twill khaki Dress","og_description":"Ricorrrobe Women PBD Fine Cotton Twill khaki Dress is on Rendez-vous Store. With a classic collar, partial button closure and a gathered skirt.","og_url":"https:\/\/rendez-vous-store.com\/fr\/shop\/last-pieces-women-rendez-vous-store\/last-pieces-women-dress-rendez-vous-store\/ricorrrobe-pbd-dress-fine-cotton-twill-khaki-rendez-vous-store\/","og_site_name":"RENDEZ-VOUS STORE","article_modified_time":"2026-03-16T13:53:37+00:00","og_image":[{"width":1696,"height":2560,"url":"https:\/\/rendez-vous-store.com\/app\/uploads\/2023\/03\/rdv_ricorrrobe_20-1-scaled.jpg","type":"image\/jpeg"}],"twitter_card":"summary_large_image","twitter_misc":{"Est. reading time":"1 minute"},"schema":{"@context":"https:\/\/schema.org","@graph":[{"@type":"WebPage","@id":"https:\/\/rendez-vous-store.com\/shop\/last-pieces-women-rendez-vous-store\/last-pieces-women-dress-rendez-vous-store\/ricorrrobe-pbd-dress-fine-cotton-twill-khaki-rendez-vous-store\/","url":"https:\/\/rendez-vous-store.com\/shop\/last-pieces-women-rendez-vous-store\/last-pieces-women-dress-rendez-vous-store\/ricorrrobe-pbd-dress-fine-cotton-twill-khaki-rendez-vous-store\/","name":"Ricorrrobe Women PBD Fine Cotton Twill khaki Dress","isPartOf":{"@id":"https:\/\/rendez-vous-store.com\/#website"},"primaryImageOfPage":{"@id":"https:\/\/rendez-vous-store.com\/shop\/last-pieces-women-rendez-vous-store\/last-pieces-women-dress-rendez-vous-store\/ricorrrobe-pbd-dress-fine-cotton-twill-khaki-rendez-vous-store\/#primaryimage"},"image":{"@id":"https:\/\/rendez-vous-store.com\/shop\/last-pieces-women-rendez-vous-store\/last-pieces-women-dress-rendez-vous-store\/ricorrrobe-pbd-dress-fine-cotton-twill-khaki-rendez-vous-store\/#primaryimage"},"thumbnailUrl":"https:\/\/rendez-vous-store.com\/app\/uploads\/2023\/03\/rdv_ricorrrobe_20-1-scaled.jpg","datePublished":"2023-03-22T15:31:51+00:00","dateModified":"2026-03-16T13:53:37+00:00","description":"Ricorrrobe Women PBD Fine Cotton Twill khaki Dress is on Rendez-vous Store. With a classic collar, partial button closure and a gathered skirt.","breadcrumb":{"@id":"https:\/\/rendez-vous-store.com\/shop\/last-pieces-women-rendez-vous-store\/last-pieces-women-dress-rendez-vous-store\/ricorrrobe-pbd-dress-fine-cotton-twill-khaki-rendez-vous-store\/#breadcrumb"},"inLanguage":"fr-FR","potentialAction":[{"@type":"ReadAction","target":["https:\/\/rendez-vous-store.com\/shop\/last-pieces-women-rendez-vous-store\/last-pieces-women-dress-rendez-vous-store\/ricorrrobe-pbd-dress-fine-cotton-twill-khaki-rendez-vous-store\/"]}]},{"@type":"ImageObject","inLanguage":"fr-FR","@id":"https:\/\/rendez-vous-store.com\/shop\/last-pieces-women-rendez-vous-store\/last-pieces-women-dress-rendez-vous-store\/ricorrrobe-pbd-dress-fine-cotton-twill-khaki-rendez-vous-store\/#primaryimage","url":"https:\/\/rendez-vous-store.com\/app\/uploads\/2023\/03\/rdv_ricorrrobe_20-1-scaled.jpg","contentUrl":"https:\/\/rendez-vous-store.com\/app\/uploads\/2023\/03\/rdv_ricorrrobe_20-1-scaled.jpg","width":1696,"height":2560,"caption":"Ricorrrobe Women PBD Fine Cotton Twill khaki Dress"},{"@type":"BreadcrumbList","@id":"https:\/\/rendez-vous-store.com\/shop\/last-pieces-women-rendez-vous-store\/last-pieces-women-dress-rendez-vous-store\/ricorrrobe-pbd-dress-fine-cotton-twill-khaki-rendez-vous-store\/#breadcrumb","itemListElement":[{"@type":"ListItem","position":1,"name":"Home","item":"https:\/\/rendez-vous-store.com\/"},{"@type":"ListItem","position":2,"name":"Shop","item":"https:\/\/www.rendez-vous-store.com\/shop\/"},{"@type":"ListItem","position":3,"name":"Ricorrrobe &#8211; PBD DRESS &#8211; Fine Cotton Twill khaki"}]},{"@type":"WebSite","@id":"https:\/\/rendez-vous-store.com\/#website","url":"https:\/\/rendez-vous-store.com\/","name":"RENDEZ-VOUS STORE","description":"Slow Fashion for Women and Men","potentialAction":[{"@type":"SearchAction","target":{"@type":"EntryPoint","urlTemplate":"https:\/\/rendez-vous-store.com\/?s={search_term_string}"},"query-input":{"@type":"PropertyValueSpecification","valueRequired":true,"valueName":"search_term_string"}}],"inLanguage":"fr-FR"}]}},"_links":{"self":[{"href":"https:\/\/rendez-vous-store.com\/fr\/wp-json\/wp\/v2\/product\/114039","targetHints":{"allow":["GET"]}}],"collection":[{"href":"https:\/\/rendez-vous-store.com\/fr\/wp-json\/wp\/v2\/product"}],"about":[{"href":"https:\/\/rendez-vous-store.com\/fr\/wp-json\/wp\/v2\/types\/product"}],"wp:featuredmedia":[{"embeddable":true,"href":"https:\/\/rendez-vous-store.com\/fr\/wp-json\/wp\/v2\/media\/116394"}],"wp:attachment":[{"href":"https:\/\/rendez-vous-store.com\/fr\/wp-json\/wp\/v2\/media?parent=114039"}],"wp:term":[{"taxonomy":"product_brand","embeddable":true,"href":"https:\/\/rendez-vous-store.com\/fr\/wp-json\/wp\/v2\/product_brand?post=114039"},{"taxonomy":"product_cat","embeddable":true,"href":"https:\/\/rendez-vous-store.com\/fr\/wp-json\/wp\/v2\/product_cat?post=114039"},{"taxonomy":"product_tag","embeddable":true,"href":"https:\/\/rendez-vous-store.com\/fr\/wp-json\/wp\/v2\/product_tag?post=114039"}],"curies":[{"name":"wp","href":"https:\/\/api.w.org\/{rel}","templated":true}]}}