{"id":112932,"date":"2023-03-16T12:49:23","date_gmt":"2023-03-16T11:49:23","guid":{"rendered":"https:\/\/www.rendez-vous-store.com\/?post_type=product&#038;p=112932"},"modified":"2026-03-16T14:49:19","modified_gmt":"2026-03-16T13:49:19","slug":"marsell-spilla-sandalo-mw8014-black-rendez-vous-store","status":"publish","type":"product","link":"https:\/\/rendez-vous-store.com\/fr\/shop\/special-offer-women-rendez-vous-store\/women-shoes-special-offer\/marsell-spilla-sandalo-mw8014-black-rendez-vous-store\/","title":{"rendered":"Mars\u00e8ll - Spilla Sandalo MW8014 - Noir"},"content":{"rendered":"<p><strong>Mars\u00e8ll Spilla Sandalo MW8014 Black<\/strong><\/p>\n<p>Couleur : Noir<\/p>\n<p>Bout rond<\/p>\n<p>Mod\u00e8le \u00e0 enfiler<\/p>\n<p>Bride de type \"slingback\" (talon)<\/p>\n<p>Semelle int\u00e9rieure marqu\u00e9e<\/p>\n<p>Composition : <span class=\"ltr-4y8w0i-Body e1s5vycj0\">Ext\u00e9rieur :\u00a0<\/span><span class=\"ltr-4y8w0i-Body e1s5vycj0\">Cuir de veau 100%<\/span><\/p>\n<p class=\"ltr-4y8w0i-Body e1s5vycj0\"><span class=\"ltr-4y8w0i-Body e1s5vycj0\">Doublure :\u00a0<\/span><span class=\"ltr-4y8w0i-Body e1s5vycj0\">Cuir de veau 100%<\/span><\/p>\n<p class=\"ltr-4y8w0i-Body e1s5vycj0\"><span class=\"ltr-4y8w0i-Body e1s5vycj0\">Semelle :\u00a0<\/span><span class=\"ltr-4y8w0i-Body e1s5vycj0\">Cuir de veau 100%<\/span><\/p>\n<p>Fabriqu\u00e9 en Italie<\/p>\n<p>Talon : 70 mm<\/p>\n<p>Mars\u00e8ll taille grand, nous vous conseillons donc de prendre une taille ou une demi-taille en dessous de votre taille habituelle.<br \/>\nN'h\u00e9sitez pas \u00e0 nous contacter pour plus d'informations\/mesures.<\/p>\n<p>&nbsp;<\/p>\n<p>&nbsp;<\/p>\n<p>&nbsp;<\/p>\n<p>&nbsp;<\/p>\n<h4 data-test=\"pdpProductDescriptionContainerText\">La marque<\/h4>\n<p>Mars\u00e8ll, marque de luxe italienne distingu\u00e9e, se distingue par son savoir-faire exquis, ses designs avant-gardistes et son \u00e9l\u00e9gance intemporelle. Fond\u00e9e en 2001 par les fr\u00e8res Marco et Elisa Cima, la marque s'est rapidement impos\u00e9e dans le monde de la mode, s'attirant les faveurs du monde entier pour son esth\u00e9tique distinctive et son souci du d\u00e9tail.<\/p>\n<p>Mars\u00e8ll axe sa philosophie sur un profond respect de la tradition et de l'artisanat, tout en adoptant un design audacieux et novateur. En Italie, des artisans qualifi\u00e9s fabriquent m\u00e9ticuleusement chaque pi\u00e8ce \u00e0 la main en utilisant des techniques traditionnelles transmises de g\u00e9n\u00e9ration en g\u00e9n\u00e9ration. Ce d\u00e9vouement se traduit par des chaussures et des articles de maroquinerie d'une qualit\u00e9 et d'une beaut\u00e9 exceptionnelles.<\/p>","protected":false},"excerpt":{"rendered":"<p>Mars\u00e8ll Spilla Sandalo MW8014 Black Color: Black Round toe Slip-on style Slingback strap Branded insole Composition: Outer:\u00a0Calf Leather 100% Lining:\u00a0Calf Leather 100% Sole:\u00a0Calf Leather 100% Made in Italy Heel: 70mm Mars\u00e8ll runs large, so we advise you to take a size or half a size smaller than your usual size. Don&#8217;t hesitate to contact us&hellip; <a class=\"more-link\" href=\"https:\/\/rendez-vous-store.com\/fr\/shop\/special-offer-women-rendez-vous-store\/women-shoes-special-offer\/marsell-spilla-sandalo-mw8014-black-rendez-vous-store\/\">Continue reading <span class=\"screen-reader-text\">Mars\u00e8ll - Spilla Sandalo MW8014 - Noir<\/span><\/a><\/p>","protected":false},"featured_media":116240,"template":"","meta":{"_acf_changed":false},"product_brand":[],"product_cat":[1291,1344,1335,1138,1147],"product_tag":[],"class_list":{"0":"post-112932","1":"product","2":"type-product","3":"status-publish","4":"has-post-thumbnail","6":"product_cat-sale-30","7":"product_cat-women-shoes-special-offer","8":"product_cat-special-offer-women-rendez-vous-store","9":"product_cat-last-pieces-women-rendez-vous-store","10":"product_cat-last-pieces-women-shoes-heels-rendez-vous-store","11":"entry","13":"first","14":"instock","15":"taxable","16":"shipping-taxable","17":"purchasable","18":"product-type-variable"},"acf":[],"yoast_head":"<!-- This site is optimized with the Yoast SEO plugin v24.9 - https:\/\/yoast.com\/wordpress\/plugins\/seo\/ -->\n<title>Mars\u00e8ll Spilla Sandalo MW8014 Black<\/title>\n<meta name=\"description\" content=\"Mars\u00e8ll is on Rendez-vous Store. This Mars\u00e8ll Spilla Sandalo MW8014 Black represents the expression of a new craft culture.\" \/>\n<meta name=\"robots\" content=\"index, follow, max-snippet:-1, max-image-preview:large, max-video-preview:-1\" \/>\n<link rel=\"canonical\" href=\"https:\/\/rendez-vous-store.com\/fr\/shop\/special-offer-women-rendez-vous-store\/women-shoes-special-offer\/marsell-spilla-sandalo-mw8014-black-rendez-vous-store\/\" \/>\n<meta property=\"og:locale\" content=\"fr_FR\" \/>\n<meta property=\"og:type\" content=\"article\" \/>\n<meta property=\"og:title\" content=\"Mars\u00e8ll Spilla Sandalo MW8014 Black\" \/>\n<meta property=\"og:description\" content=\"Mars\u00e8ll is on Rendez-vous Store. This Mars\u00e8ll Spilla Sandalo MW8014 Black represents the expression of a new craft culture.\" \/>\n<meta property=\"og:url\" content=\"https:\/\/rendez-vous-store.com\/fr\/shop\/special-offer-women-rendez-vous-store\/women-shoes-special-offer\/marsell-spilla-sandalo-mw8014-black-rendez-vous-store\/\" \/>\n<meta property=\"og:site_name\" content=\"RENDEZ-VOUS STORE\" \/>\n<meta property=\"article:modified_time\" content=\"2026-03-16T13:49:19+00:00\" \/>\n<meta property=\"og:image\" content=\"https:\/\/rendez-vous-store.com\/app\/uploads\/2023\/03\/rdv_marsell_04-scaled.jpg\" \/>\n\t<meta property=\"og:image:width\" content=\"1696\" \/>\n\t<meta property=\"og:image:height\" content=\"2560\" \/>\n\t<meta property=\"og:image:type\" content=\"image\/jpeg\" \/>\n<meta name=\"twitter:card\" content=\"summary_large_image\" \/>\n<meta name=\"twitter:label1\" content=\"Est. reading time\" \/>\n\t<meta name=\"twitter:data1\" content=\"1 minute\" \/>\n<script type=\"application\/ld+json\" class=\"yoast-schema-graph\">{\"@context\":\"https:\/\/schema.org\",\"@graph\":[{\"@type\":\"WebPage\",\"@id\":\"https:\/\/rendez-vous-store.com\/shop\/special-offer-women-rendez-vous-store\/women-shoes-special-offer\/marsell-spilla-sandalo-mw8014-black-rendez-vous-store\/\",\"url\":\"https:\/\/rendez-vous-store.com\/shop\/special-offer-women-rendez-vous-store\/women-shoes-special-offer\/marsell-spilla-sandalo-mw8014-black-rendez-vous-store\/\",\"name\":\"Mars\u00e8ll Spilla Sandalo MW8014 Black\",\"isPartOf\":{\"@id\":\"https:\/\/rendez-vous-store.com\/#website\"},\"primaryImageOfPage\":{\"@id\":\"https:\/\/rendez-vous-store.com\/shop\/special-offer-women-rendez-vous-store\/women-shoes-special-offer\/marsell-spilla-sandalo-mw8014-black-rendez-vous-store\/#primaryimage\"},\"image\":{\"@id\":\"https:\/\/rendez-vous-store.com\/shop\/special-offer-women-rendez-vous-store\/women-shoes-special-offer\/marsell-spilla-sandalo-mw8014-black-rendez-vous-store\/#primaryimage\"},\"thumbnailUrl\":\"https:\/\/rendez-vous-store.com\/app\/uploads\/2023\/03\/rdv_marsell_04-scaled.jpg\",\"datePublished\":\"2023-03-16T11:49:23+00:00\",\"dateModified\":\"2026-03-16T13:49:19+00:00\",\"description\":\"Mars\u00e8ll is on Rendez-vous Store. This Mars\u00e8ll Spilla Sandalo MW8014 Black represents the expression of a new craft culture.\",\"breadcrumb\":{\"@id\":\"https:\/\/rendez-vous-store.com\/shop\/special-offer-women-rendez-vous-store\/women-shoes-special-offer\/marsell-spilla-sandalo-mw8014-black-rendez-vous-store\/#breadcrumb\"},\"inLanguage\":\"fr-FR\",\"potentialAction\":[{\"@type\":\"ReadAction\",\"target\":[\"https:\/\/rendez-vous-store.com\/shop\/special-offer-women-rendez-vous-store\/women-shoes-special-offer\/marsell-spilla-sandalo-mw8014-black-rendez-vous-store\/\"]}]},{\"@type\":\"ImageObject\",\"inLanguage\":\"fr-FR\",\"@id\":\"https:\/\/rendez-vous-store.com\/shop\/special-offer-women-rendez-vous-store\/women-shoes-special-offer\/marsell-spilla-sandalo-mw8014-black-rendez-vous-store\/#primaryimage\",\"url\":\"https:\/\/rendez-vous-store.com\/app\/uploads\/2023\/03\/rdv_marsell_04-scaled.jpg\",\"contentUrl\":\"https:\/\/rendez-vous-store.com\/app\/uploads\/2023\/03\/rdv_marsell_04-scaled.jpg\",\"width\":1696,\"height\":2560},{\"@type\":\"BreadcrumbList\",\"@id\":\"https:\/\/rendez-vous-store.com\/shop\/special-offer-women-rendez-vous-store\/women-shoes-special-offer\/marsell-spilla-sandalo-mw8014-black-rendez-vous-store\/#breadcrumb\",\"itemListElement\":[{\"@type\":\"ListItem\",\"position\":1,\"name\":\"Home\",\"item\":\"https:\/\/rendez-vous-store.com\/\"},{\"@type\":\"ListItem\",\"position\":2,\"name\":\"Shop\",\"item\":\"https:\/\/www.rendez-vous-store.com\/shop\/\"},{\"@type\":\"ListItem\",\"position\":3,\"name\":\"Mars\u00e8ll &#8211; Spilla Sandalo MW8014 &#8211; Black\"}]},{\"@type\":\"WebSite\",\"@id\":\"https:\/\/rendez-vous-store.com\/#website\",\"url\":\"https:\/\/rendez-vous-store.com\/\",\"name\":\"RENDEZ-VOUS STORE\",\"description\":\"Slow Fashion for Women and Men\",\"potentialAction\":[{\"@type\":\"SearchAction\",\"target\":{\"@type\":\"EntryPoint\",\"urlTemplate\":\"https:\/\/rendez-vous-store.com\/?s={search_term_string}\"},\"query-input\":{\"@type\":\"PropertyValueSpecification\",\"valueRequired\":true,\"valueName\":\"search_term_string\"}}],\"inLanguage\":\"fr-FR\"}]}<\/script>\n<!-- \/ Yoast SEO plugin. -->","yoast_head_json":{"title":"Mars\u00e8ll Spilla Sandalo MW8014 Black","description":"Mars\u00e8ll is on Rendez-vous Store. This Mars\u00e8ll Spilla Sandalo MW8014 Black represents the expression of a new craft culture.","robots":{"index":"index","follow":"follow","max-snippet":"max-snippet:-1","max-image-preview":"max-image-preview:large","max-video-preview":"max-video-preview:-1"},"canonical":"https:\/\/rendez-vous-store.com\/fr\/shop\/special-offer-women-rendez-vous-store\/women-shoes-special-offer\/marsell-spilla-sandalo-mw8014-black-rendez-vous-store\/","og_locale":"fr_FR","og_type":"article","og_title":"Mars\u00e8ll Spilla Sandalo MW8014 Black","og_description":"Mars\u00e8ll is on Rendez-vous Store. This Mars\u00e8ll Spilla Sandalo MW8014 Black represents the expression of a new craft culture.","og_url":"https:\/\/rendez-vous-store.com\/fr\/shop\/special-offer-women-rendez-vous-store\/women-shoes-special-offer\/marsell-spilla-sandalo-mw8014-black-rendez-vous-store\/","og_site_name":"RENDEZ-VOUS STORE","article_modified_time":"2026-03-16T13:49:19+00:00","og_image":[{"width":1696,"height":2560,"url":"https:\/\/rendez-vous-store.com\/app\/uploads\/2023\/03\/rdv_marsell_04-scaled.jpg","type":"image\/jpeg"}],"twitter_card":"summary_large_image","twitter_misc":{"Est. reading time":"1 minute"},"schema":{"@context":"https:\/\/schema.org","@graph":[{"@type":"WebPage","@id":"https:\/\/rendez-vous-store.com\/shop\/special-offer-women-rendez-vous-store\/women-shoes-special-offer\/marsell-spilla-sandalo-mw8014-black-rendez-vous-store\/","url":"https:\/\/rendez-vous-store.com\/shop\/special-offer-women-rendez-vous-store\/women-shoes-special-offer\/marsell-spilla-sandalo-mw8014-black-rendez-vous-store\/","name":"Mars\u00e8ll Spilla Sandalo MW8014 Black","isPartOf":{"@id":"https:\/\/rendez-vous-store.com\/#website"},"primaryImageOfPage":{"@id":"https:\/\/rendez-vous-store.com\/shop\/special-offer-women-rendez-vous-store\/women-shoes-special-offer\/marsell-spilla-sandalo-mw8014-black-rendez-vous-store\/#primaryimage"},"image":{"@id":"https:\/\/rendez-vous-store.com\/shop\/special-offer-women-rendez-vous-store\/women-shoes-special-offer\/marsell-spilla-sandalo-mw8014-black-rendez-vous-store\/#primaryimage"},"thumbnailUrl":"https:\/\/rendez-vous-store.com\/app\/uploads\/2023\/03\/rdv_marsell_04-scaled.jpg","datePublished":"2023-03-16T11:49:23+00:00","dateModified":"2026-03-16T13:49:19+00:00","description":"Mars\u00e8ll is on Rendez-vous Store. This Mars\u00e8ll Spilla Sandalo MW8014 Black represents the expression of a new craft culture.","breadcrumb":{"@id":"https:\/\/rendez-vous-store.com\/shop\/special-offer-women-rendez-vous-store\/women-shoes-special-offer\/marsell-spilla-sandalo-mw8014-black-rendez-vous-store\/#breadcrumb"},"inLanguage":"fr-FR","potentialAction":[{"@type":"ReadAction","target":["https:\/\/rendez-vous-store.com\/shop\/special-offer-women-rendez-vous-store\/women-shoes-special-offer\/marsell-spilla-sandalo-mw8014-black-rendez-vous-store\/"]}]},{"@type":"ImageObject","inLanguage":"fr-FR","@id":"https:\/\/rendez-vous-store.com\/shop\/special-offer-women-rendez-vous-store\/women-shoes-special-offer\/marsell-spilla-sandalo-mw8014-black-rendez-vous-store\/#primaryimage","url":"https:\/\/rendez-vous-store.com\/app\/uploads\/2023\/03\/rdv_marsell_04-scaled.jpg","contentUrl":"https:\/\/rendez-vous-store.com\/app\/uploads\/2023\/03\/rdv_marsell_04-scaled.jpg","width":1696,"height":2560},{"@type":"BreadcrumbList","@id":"https:\/\/rendez-vous-store.com\/shop\/special-offer-women-rendez-vous-store\/women-shoes-special-offer\/marsell-spilla-sandalo-mw8014-black-rendez-vous-store\/#breadcrumb","itemListElement":[{"@type":"ListItem","position":1,"name":"Home","item":"https:\/\/rendez-vous-store.com\/"},{"@type":"ListItem","position":2,"name":"Shop","item":"https:\/\/www.rendez-vous-store.com\/shop\/"},{"@type":"ListItem","position":3,"name":"Mars\u00e8ll &#8211; Spilla Sandalo MW8014 &#8211; Black"}]},{"@type":"WebSite","@id":"https:\/\/rendez-vous-store.com\/#website","url":"https:\/\/rendez-vous-store.com\/","name":"RENDEZ-VOUS STORE","description":"Slow Fashion for Women and Men","potentialAction":[{"@type":"SearchAction","target":{"@type":"EntryPoint","urlTemplate":"https:\/\/rendez-vous-store.com\/?s={search_term_string}"},"query-input":{"@type":"PropertyValueSpecification","valueRequired":true,"valueName":"search_term_string"}}],"inLanguage":"fr-FR"}]}},"_links":{"self":[{"href":"https:\/\/rendez-vous-store.com\/fr\/wp-json\/wp\/v2\/product\/112932","targetHints":{"allow":["GET"]}}],"collection":[{"href":"https:\/\/rendez-vous-store.com\/fr\/wp-json\/wp\/v2\/product"}],"about":[{"href":"https:\/\/rendez-vous-store.com\/fr\/wp-json\/wp\/v2\/types\/product"}],"wp:featuredmedia":[{"embeddable":true,"href":"https:\/\/rendez-vous-store.com\/fr\/wp-json\/wp\/v2\/media\/116240"}],"wp:attachment":[{"href":"https:\/\/rendez-vous-store.com\/fr\/wp-json\/wp\/v2\/media?parent=112932"}],"wp:term":[{"taxonomy":"product_brand","embeddable":true,"href":"https:\/\/rendez-vous-store.com\/fr\/wp-json\/wp\/v2\/product_brand?post=112932"},{"taxonomy":"product_cat","embeddable":true,"href":"https:\/\/rendez-vous-store.com\/fr\/wp-json\/wp\/v2\/product_cat?post=112932"},{"taxonomy":"product_tag","embeddable":true,"href":"https:\/\/rendez-vous-store.com\/fr\/wp-json\/wp\/v2\/product_tag?post=112932"}],"curies":[{"name":"wp","href":"https:\/\/api.w.org\/{rel}","templated":true}]}}