{"id":111808,"date":"2023-03-08T15:51:07","date_gmt":"2023-03-08T14:51:07","guid":{"rendered":"https:\/\/www.rendez-vous-store.com\/?post_type=product&#038;p=111808"},"modified":"2026-03-16T14:25:36","modified_gmt":"2026-03-16T13:25:36","slug":"tss-drawstring-shorts-navy-rendez-vous-store","status":"publish","type":"product","link":"https:\/\/rendez-vous-store.com\/fr\/shop\/special-offer-men-rendez-vous-store\/men-trousers-special-offer-rendez-vous-store\/tss-drawstring-shorts-navy-rendez-vous-store\/","title":{"rendered":"Ts(s) &#8211; Drawstring Shorts &#8211; Navy"},"content":{"rendered":"<p><strong>Ts(s) Drawstring Shorts Navy<\/strong><\/p>\n<p>Couleur : bleu marine<\/p>\n<p>Coupe ample<\/p>\n<p>Jambes larges<\/p>\n<p>Cordon de serrage \u00e0 la taille<\/p>\n<p>Fabriqu\u00e9 au Japon<\/p>\n<p>&nbsp;<\/p>\n<p>&nbsp;<\/p>\n<p>&nbsp;<\/p>\n<h4>La marque<\/h4>\n<p>Ts(s) est une marque japonaise qui incarne le mariage de l'esth\u00e9tique traditionnelle et des sensibilit\u00e9s contemporaines. S'inspirant de diverses sources telles que les v\u00eatements de travail, les uniformes militaires et les tenues de sport, Ts(s) cr\u00e9e des v\u00eatements qui allient harmonieusement l'h\u00e9ritage et les principes de conception modernes.<\/p>\n<p>Chaque pi\u00e8ce m\u00e9ticuleusement fabriqu\u00e9e t\u00e9moigne d'un souci du d\u00e9tail et d'un engagement en faveur d'un travail de qualit\u00e9 sup\u00e9rieure. Des vestes impeccablement taill\u00e9es aux pantalons robustes mais raffin\u00e9s, les v\u00eatements Ts(s) d\u00e9gagent un air de sophistication et de qualit\u00e9 intemporelle.<\/p>\n<p>L'un des principaux atouts de Ts(s) r\u00e9side dans son utilisation magistrale de la couleur et de la texture. La marque associe sans effort une palette de couleurs \u00e9clectiques \u00e0 une gamme vari\u00e9e de mat\u00e9riaux, ce qui donne des pi\u00e8ces visuellement frappantes et \u00e0 la texture unique qui attirent l'attention dans n'importe quelle garde-robe.<\/p>\n<p>Qu'il s'agisse d'un blazer structur\u00e9 infus\u00e9 d'\u00e9l\u00e9ments utilitaires ou d'une chemise d\u00e9contract\u00e9e orn\u00e9e d'embellissements inattendus, Ts(s) propose constamment des v\u00eatements qui incarnent la polyvalence, la cr\u00e9ativit\u00e9 et le style sans effort. Chaque pi\u00e8ce sert de toile \u00e0 l'expression de soi, permettant \u00e0 celui qui la porte de s'affirmer tout en embrassant l'\u00e9thique de la marque en mati\u00e8re d'individualit\u00e9 et d'innovation.<\/p>","protected":false},"excerpt":{"rendered":"<p>Ts(s) Drawstring Shorts Navy Color: Navy Fit loose Wide legs Drawstring at the waist Made in Japan &nbsp; &nbsp; &nbsp; The Brand Ts(s) is a Japanese brand that epitomizes the marriage of traditional aesthetics with contemporary sensibilities. Drawing inspiration from various sources including workwear, military uniforms, and sports attire, Ts(s) crafts garments that seamlessly blend&hellip; <a class=\"more-link\" href=\"https:\/\/rendez-vous-store.com\/fr\/shop\/special-offer-men-rendez-vous-store\/men-trousers-special-offer-rendez-vous-store\/tss-drawstring-shorts-navy-rendez-vous-store\/\">Continuer la lecture <span class=\"screen-reader-text\">Ts(s) &#8211; Drawstring Shorts &#8211; Navy<\/span><\/a><\/p>","protected":false},"featured_media":204874,"template":"","meta":{"_acf_changed":false},"product_brand":[],"product_cat":[1350,1359,1137,1165,1154,20,73],"product_tag":[],"class_list":{"0":"post-111808","1":"product","2":"type-product","3":"status-publish","4":"has-post-thumbnail","6":"product_cat-special-offer-men-rendez-vous-store","7":"product_cat-men-trousers-special-offer-rendez-vous-store","8":"product_cat-last-pieces-men","9":"product_cat-40-last-pieces-men","10":"product_cat-last-pieces-men-trousers-shorts-rendez-vous-store","11":"product_cat-men-selection-discover-our-selection-rendez-vous-store","12":"product_cat-trousers-shorts-rendez-vous-store","13":"entry","15":"first","16":"instock","17":"sale","18":"taxable","19":"shipping-taxable","20":"purchasable","21":"product-type-variable"},"acf":[],"yoast_head":"<!-- This site is optimized with the Yoast SEO plugin v24.9 - https:\/\/yoast.com\/wordpress\/plugins\/seo\/ -->\n<title>Ts(s) Drawstring Shorts Navy<\/title>\n<meta name=\"description\" content=\"Ts(s) is on Rendez-Vous Store. This Ts(s) Drawstring Shorts Navy represents blends contemporary style with exceptional comfort.\" \/>\n<meta name=\"robots\" content=\"index, follow, max-snippet:-1, max-image-preview:large, max-video-preview:-1\" \/>\n<link rel=\"canonical\" href=\"https:\/\/rendez-vous-store.com\/fr\/shop\/special-offer-men-rendez-vous-store\/men-trousers-special-offer-rendez-vous-store\/tss-drawstring-shorts-navy-rendez-vous-store\/\" \/>\n<meta property=\"og:locale\" content=\"fr_FR\" \/>\n<meta property=\"og:type\" content=\"article\" \/>\n<meta property=\"og:title\" content=\"Ts(s) Drawstring Shorts Navy\" \/>\n<meta property=\"og:description\" content=\"Ts(s) is on Rendez-Vous Store. This Ts(s) Drawstring Shorts Navy represents blends contemporary style with exceptional comfort.\" \/>\n<meta property=\"og:url\" content=\"https:\/\/rendez-vous-store.com\/fr\/shop\/special-offer-men-rendez-vous-store\/men-trousers-special-offer-rendez-vous-store\/tss-drawstring-shorts-navy-rendez-vous-store\/\" \/>\n<meta property=\"og:site_name\" content=\"RENDEZ-VOUS STORE\" \/>\n<meta property=\"article:modified_time\" content=\"2026-03-16T13:25:36+00:00\" \/>\n<meta property=\"og:image\" content=\"https:\/\/rendez-vous-store.com\/app\/uploads\/2023\/03\/rdv_braderie_02-scaled.webp\" \/>\n\t<meta property=\"og:image:width\" content=\"1696\" \/>\n\t<meta property=\"og:image:height\" content=\"2560\" \/>\n\t<meta property=\"og:image:type\" content=\"image\/webp\" \/>\n<meta name=\"twitter:card\" content=\"summary_large_image\" \/>\n<meta name=\"twitter:label1\" content=\"Est. reading time\" \/>\n\t<meta name=\"twitter:data1\" content=\"2 minutes\" \/>\n<script type=\"application\/ld+json\" class=\"yoast-schema-graph\">{\"@context\":\"https:\/\/schema.org\",\"@graph\":[{\"@type\":\"WebPage\",\"@id\":\"https:\/\/rendez-vous-store.com\/shop\/special-offer-men-rendez-vous-store\/men-trousers-special-offer-rendez-vous-store\/tss-drawstring-shorts-navy-rendez-vous-store\/\",\"url\":\"https:\/\/rendez-vous-store.com\/shop\/special-offer-men-rendez-vous-store\/men-trousers-special-offer-rendez-vous-store\/tss-drawstring-shorts-navy-rendez-vous-store\/\",\"name\":\"Ts(s) Drawstring Shorts Navy\",\"isPartOf\":{\"@id\":\"https:\/\/rendez-vous-store.com\/#website\"},\"primaryImageOfPage\":{\"@id\":\"https:\/\/rendez-vous-store.com\/shop\/special-offer-men-rendez-vous-store\/men-trousers-special-offer-rendez-vous-store\/tss-drawstring-shorts-navy-rendez-vous-store\/#primaryimage\"},\"image\":{\"@id\":\"https:\/\/rendez-vous-store.com\/shop\/special-offer-men-rendez-vous-store\/men-trousers-special-offer-rendez-vous-store\/tss-drawstring-shorts-navy-rendez-vous-store\/#primaryimage\"},\"thumbnailUrl\":\"https:\/\/rendez-vous-store.com\/app\/uploads\/2023\/03\/rdv_braderie_02-scaled.webp\",\"datePublished\":\"2023-03-08T14:51:07+00:00\",\"dateModified\":\"2026-03-16T13:25:36+00:00\",\"description\":\"Ts(s) is on Rendez-Vous Store. This Ts(s) Drawstring Shorts Navy represents blends contemporary style with exceptional comfort.\",\"breadcrumb\":{\"@id\":\"https:\/\/rendez-vous-store.com\/shop\/special-offer-men-rendez-vous-store\/men-trousers-special-offer-rendez-vous-store\/tss-drawstring-shorts-navy-rendez-vous-store\/#breadcrumb\"},\"inLanguage\":\"fr-FR\",\"potentialAction\":[{\"@type\":\"ReadAction\",\"target\":[\"https:\/\/rendez-vous-store.com\/shop\/special-offer-men-rendez-vous-store\/men-trousers-special-offer-rendez-vous-store\/tss-drawstring-shorts-navy-rendez-vous-store\/\"]}]},{\"@type\":\"ImageObject\",\"inLanguage\":\"fr-FR\",\"@id\":\"https:\/\/rendez-vous-store.com\/shop\/special-offer-men-rendez-vous-store\/men-trousers-special-offer-rendez-vous-store\/tss-drawstring-shorts-navy-rendez-vous-store\/#primaryimage\",\"url\":\"https:\/\/rendez-vous-store.com\/app\/uploads\/2023\/03\/rdv_braderie_02-scaled.webp\",\"contentUrl\":\"https:\/\/rendez-vous-store.com\/app\/uploads\/2023\/03\/rdv_braderie_02-scaled.webp\",\"width\":1696,\"height\":2560},{\"@type\":\"BreadcrumbList\",\"@id\":\"https:\/\/rendez-vous-store.com\/shop\/special-offer-men-rendez-vous-store\/men-trousers-special-offer-rendez-vous-store\/tss-drawstring-shorts-navy-rendez-vous-store\/#breadcrumb\",\"itemListElement\":[{\"@type\":\"ListItem\",\"position\":1,\"name\":\"Home\",\"item\":\"https:\/\/rendez-vous-store.com\/\"},{\"@type\":\"ListItem\",\"position\":2,\"name\":\"Shop\",\"item\":\"https:\/\/www.rendez-vous-store.com\/shop\/\"},{\"@type\":\"ListItem\",\"position\":3,\"name\":\"Ts(s) &#8211; Drawstring Shorts &#8211; Navy\"}]},{\"@type\":\"WebSite\",\"@id\":\"https:\/\/rendez-vous-store.com\/#website\",\"url\":\"https:\/\/rendez-vous-store.com\/\",\"name\":\"RENDEZ-VOUS STORE\",\"description\":\"Slow Fashion for Women and Men\",\"potentialAction\":[{\"@type\":\"SearchAction\",\"target\":{\"@type\":\"EntryPoint\",\"urlTemplate\":\"https:\/\/rendez-vous-store.com\/?s={search_term_string}\"},\"query-input\":{\"@type\":\"PropertyValueSpecification\",\"valueRequired\":true,\"valueName\":\"search_term_string\"}}],\"inLanguage\":\"fr-FR\"}]}<\/script>\n<!-- \/ Yoast SEO plugin. -->","yoast_head_json":{"title":"Ts(s) Drawstring Shorts Navy","description":"Ts(s) is on Rendez-Vous Store. This Ts(s) Drawstring Shorts Navy represents blends contemporary style with exceptional comfort.","robots":{"index":"index","follow":"follow","max-snippet":"max-snippet:-1","max-image-preview":"max-image-preview:large","max-video-preview":"max-video-preview:-1"},"canonical":"https:\/\/rendez-vous-store.com\/fr\/shop\/special-offer-men-rendez-vous-store\/men-trousers-special-offer-rendez-vous-store\/tss-drawstring-shorts-navy-rendez-vous-store\/","og_locale":"fr_FR","og_type":"article","og_title":"Ts(s) Drawstring Shorts Navy","og_description":"Ts(s) is on Rendez-Vous Store. This Ts(s) Drawstring Shorts Navy represents blends contemporary style with exceptional comfort.","og_url":"https:\/\/rendez-vous-store.com\/fr\/shop\/special-offer-men-rendez-vous-store\/men-trousers-special-offer-rendez-vous-store\/tss-drawstring-shorts-navy-rendez-vous-store\/","og_site_name":"RENDEZ-VOUS STORE","article_modified_time":"2026-03-16T13:25:36+00:00","og_image":[{"width":1696,"height":2560,"url":"https:\/\/rendez-vous-store.com\/app\/uploads\/2023\/03\/rdv_braderie_02-scaled.webp","type":"image\/webp"}],"twitter_card":"summary_large_image","twitter_misc":{"Est. reading time":"2 minutes"},"schema":{"@context":"https:\/\/schema.org","@graph":[{"@type":"WebPage","@id":"https:\/\/rendez-vous-store.com\/shop\/special-offer-men-rendez-vous-store\/men-trousers-special-offer-rendez-vous-store\/tss-drawstring-shorts-navy-rendez-vous-store\/","url":"https:\/\/rendez-vous-store.com\/shop\/special-offer-men-rendez-vous-store\/men-trousers-special-offer-rendez-vous-store\/tss-drawstring-shorts-navy-rendez-vous-store\/","name":"Ts(s) Drawstring Shorts Navy","isPartOf":{"@id":"https:\/\/rendez-vous-store.com\/#website"},"primaryImageOfPage":{"@id":"https:\/\/rendez-vous-store.com\/shop\/special-offer-men-rendez-vous-store\/men-trousers-special-offer-rendez-vous-store\/tss-drawstring-shorts-navy-rendez-vous-store\/#primaryimage"},"image":{"@id":"https:\/\/rendez-vous-store.com\/shop\/special-offer-men-rendez-vous-store\/men-trousers-special-offer-rendez-vous-store\/tss-drawstring-shorts-navy-rendez-vous-store\/#primaryimage"},"thumbnailUrl":"https:\/\/rendez-vous-store.com\/app\/uploads\/2023\/03\/rdv_braderie_02-scaled.webp","datePublished":"2023-03-08T14:51:07+00:00","dateModified":"2026-03-16T13:25:36+00:00","description":"Ts(s) is on Rendez-Vous Store. This Ts(s) Drawstring Shorts Navy represents blends contemporary style with exceptional comfort.","breadcrumb":{"@id":"https:\/\/rendez-vous-store.com\/shop\/special-offer-men-rendez-vous-store\/men-trousers-special-offer-rendez-vous-store\/tss-drawstring-shorts-navy-rendez-vous-store\/#breadcrumb"},"inLanguage":"fr-FR","potentialAction":[{"@type":"ReadAction","target":["https:\/\/rendez-vous-store.com\/shop\/special-offer-men-rendez-vous-store\/men-trousers-special-offer-rendez-vous-store\/tss-drawstring-shorts-navy-rendez-vous-store\/"]}]},{"@type":"ImageObject","inLanguage":"fr-FR","@id":"https:\/\/rendez-vous-store.com\/shop\/special-offer-men-rendez-vous-store\/men-trousers-special-offer-rendez-vous-store\/tss-drawstring-shorts-navy-rendez-vous-store\/#primaryimage","url":"https:\/\/rendez-vous-store.com\/app\/uploads\/2023\/03\/rdv_braderie_02-scaled.webp","contentUrl":"https:\/\/rendez-vous-store.com\/app\/uploads\/2023\/03\/rdv_braderie_02-scaled.webp","width":1696,"height":2560},{"@type":"BreadcrumbList","@id":"https:\/\/rendez-vous-store.com\/shop\/special-offer-men-rendez-vous-store\/men-trousers-special-offer-rendez-vous-store\/tss-drawstring-shorts-navy-rendez-vous-store\/#breadcrumb","itemListElement":[{"@type":"ListItem","position":1,"name":"Home","item":"https:\/\/rendez-vous-store.com\/"},{"@type":"ListItem","position":2,"name":"Shop","item":"https:\/\/www.rendez-vous-store.com\/shop\/"},{"@type":"ListItem","position":3,"name":"Ts(s) &#8211; Drawstring Shorts &#8211; Navy"}]},{"@type":"WebSite","@id":"https:\/\/rendez-vous-store.com\/#website","url":"https:\/\/rendez-vous-store.com\/","name":"RENDEZ-VOUS STORE","description":"Slow Fashion for Women and Men","potentialAction":[{"@type":"SearchAction","target":{"@type":"EntryPoint","urlTemplate":"https:\/\/rendez-vous-store.com\/?s={search_term_string}"},"query-input":{"@type":"PropertyValueSpecification","valueRequired":true,"valueName":"search_term_string"}}],"inLanguage":"fr-FR"}]}},"_links":{"self":[{"href":"https:\/\/rendez-vous-store.com\/fr\/wp-json\/wp\/v2\/product\/111808","targetHints":{"allow":["GET"]}}],"collection":[{"href":"https:\/\/rendez-vous-store.com\/fr\/wp-json\/wp\/v2\/product"}],"about":[{"href":"https:\/\/rendez-vous-store.com\/fr\/wp-json\/wp\/v2\/types\/product"}],"wp:featuredmedia":[{"embeddable":true,"href":"https:\/\/rendez-vous-store.com\/fr\/wp-json\/wp\/v2\/media\/204874"}],"wp:attachment":[{"href":"https:\/\/rendez-vous-store.com\/fr\/wp-json\/wp\/v2\/media?parent=111808"}],"wp:term":[{"taxonomy":"product_brand","embeddable":true,"href":"https:\/\/rendez-vous-store.com\/fr\/wp-json\/wp\/v2\/product_brand?post=111808"},{"taxonomy":"product_cat","embeddable":true,"href":"https:\/\/rendez-vous-store.com\/fr\/wp-json\/wp\/v2\/product_cat?post=111808"},{"taxonomy":"product_tag","embeddable":true,"href":"https:\/\/rendez-vous-store.com\/fr\/wp-json\/wp\/v2\/product_tag?post=111808"}],"curies":[{"name":"wp","href":"https:\/\/api.w.org\/{rel}","templated":true}]}}