{"id":100545,"date":"2022-11-29T14:45:04","date_gmt":"2022-11-29T13:45:04","guid":{"rendered":"https:\/\/www.rendez-vous-store.com\/?post_type=product&#038;p=100545"},"modified":"2026-03-16T16:31:17","modified_gmt":"2026-03-16T15:31:17","slug":"andersen-andersen-navy-crewneck-black-2","status":"publish","type":"product","link":"https:\/\/rendez-vous-store.com\/fr\/shop\/men-selection-discover-our-selection-rendez-vous-store\/knitwears-discover-our-selection-rendez-vous-store\/andersen-andersen-navy-crewneck-black-2\/","title":{"rendered":"Andersen-Andersen \u2013 Col rond marin \u2013 Noir"},"content":{"rendered":"<ul>\n<li>Pull d'Andersen-Andersen<\/li>\n<li>Couleur : Noir<\/li>\n<li>Coupe r\u00e9guli\u00e8re<\/li>\n<li>Construction en point de cardigan \u00e0 5 jauges<\/li>\n<li>Poignets c\u00f4tel\u00e9s avec trou pour le pouce<\/li>\n<li>Composition : 100% Pure laine vierge<\/li>\n<li>Fabriqu\u00e9 en Italie<\/li>\n<\/ul>\n<p>&nbsp;<\/p>\n<p><strong>Mesures :<\/strong><\/p>\n<p><strong>Taille S : Epaules : 39cm - Poitrine : 49cm - Longueur : 63cm - Manche : 65cm - Emmanchure : 23cm<\/strong><\/p>\n<p><strong>Taille M : Epaules : 44cm - Poitrine : 56cm - Longueur : 68cm - Manche : 68cm - Emmanchure : 26cm<\/strong><\/p>\n<p><strong>Taille L : Epaules : 46cm - Poitrine : 58cm - Longueur : 71cm - Manche : 68cm - Emmanchure : 26cm<\/strong><\/p>\n<p><strong>Taille XL : Epaules : 48cm - Poitrine : 60cm - Longueur : 72cm - Manche : 70cm - Emmanchure : 27cm<\/strong><\/p>\n<p>&nbsp;<\/p>\n<p><strong>La marque\u00a0<\/strong><\/p>\n<p>Andersen-Andersen est une entreprise familiale cr\u00e9\u00e9e en 2009.<\/p>\n<p>Au d\u00e9part, l'id\u00e9e de r\u00e9interpr\u00e9ter un pull marin danois classique. Les pulls d'Andersen-Andersen s'inspirent de la riche histoire maritime du Danemark et sont ancr\u00e9s dans les traditions danoises en mati\u00e8re de design.<\/p>\n<p>C'est dans une petite usine de tricotage du nord de l'Italie que les v\u00eatements sont tricot\u00e9s et reli\u00e9s.<\/p>\n<p>Leur fil embl\u00e9matique est fabriqu\u00e9 \u00e0 partir de laine m\u00e9rinos extra-fine 100%. En provenance d'Uruguay et de Patagonie, toute la laine est certifi\u00e9e sans mulesing. Le processus de teinture r\u00e9active r\u00e9pond aux normes europ\u00e9ennes les plus strictes en la mati\u00e8re. La laine m\u00e9rinos non teint\u00e9e du Portugal est une laine de couleur naturelle. La laine \u00e0 fibres longues rend le fil tr\u00e8s durable. Il suffit de la tondre, de la laver et de la filer. Le r\u00e9sultat est un v\u00eatement authentique de couleur naturelle. Color\u00e9e \u00e0 l'indigo naturel de France et de feuilles d'Inde, la laine m\u00e9rinos teint\u00e9e \u00e0 l'indigo ne contient pas d'additifs chimiques ni de couleurs synth\u00e9tiques. Designers croit en une chose et la fait bien.<\/p>","protected":false},"excerpt":{"rendered":"<p>Pullover from Andersen-Andersen Color: Black Regular fit 5 gauge cardigan stitch construction Ribbed cuffs with thumb hole Composition: 100% Pure New Wool Made in Italy &nbsp; Measurements: Size S: Shoulders: 39cm \u2013 Chest: 49cm \u2013 Length: 63cm \u2013 Sleeve: 65cm \u2013 Arm hole: 23cm Size M: Shoulders: 44cm \u2013 Chest: 56cm \u2013 Length: 68cm \u2013&hellip; <a class=\"more-link\" href=\"https:\/\/rendez-vous-store.com\/fr\/shop\/men-selection-discover-our-selection-rendez-vous-store\/knitwears-discover-our-selection-rendez-vous-store\/andersen-andersen-navy-crewneck-black-2\/\">Continuer la lecture <span class=\"screen-reader-text\">Andersen-Andersen \u2013 Col rond marin \u2013 Noir<\/span><\/a><\/p>","protected":false},"featured_media":101974,"template":"","meta":{"_acf_changed":false},"product_brand":[],"product_cat":[291,20],"product_tag":[391],"class_list":{"0":"post-100545","1":"product","2":"type-product","3":"status-publish","4":"has-post-thumbnail","6":"product_cat-knitwears-discover-our-selection-rendez-vous-store","7":"product_cat-men-selection-discover-our-selection-rendez-vous-store","8":"product_tag-andersen-andersen-rendez-vous-store","9":"entry","11":"first","12":"instock","13":"taxable","14":"shipping-taxable","15":"purchasable","16":"product-type-variable","17":"has-default-attributes"},"acf":[],"yoast_head":"<!-- This site is optimized with the Yoast SEO plugin v24.9 - https:\/\/yoast.com\/wordpress\/plugins\/seo\/ -->\n<title>Andersen-Andersen - Navy Crewneck - Black - RENDEZ-VOUS STORE<\/title>\n<meta name=\"robots\" content=\"index, follow, max-snippet:-1, max-image-preview:large, max-video-preview:-1\" \/>\n<link rel=\"canonical\" href=\"https:\/\/rendez-vous-store.com\/fr\/shop\/men-selection-discover-our-selection-rendez-vous-store\/knitwears-discover-our-selection-rendez-vous-store\/andersen-andersen-navy-crewneck-black-2\/\" \/>\n<meta property=\"og:locale\" content=\"fr_FR\" \/>\n<meta property=\"og:type\" content=\"article\" \/>\n<meta property=\"og:title\" content=\"Andersen-Andersen - Navy Crewneck - Black - RENDEZ-VOUS STORE\" \/>\n<meta property=\"og:description\" content=\"Pullover from Andersen-Andersen Color: Black Regular fit 5 gauge cardigan stitch construction Ribbed cuffs with thumb hole Composition: 100% Pure New Wool Made in Italy &nbsp; Measurements: Size S: Shoulders: 39cm \u2013 Chest: 49cm \u2013 Length: 63cm \u2013 Sleeve: 65cm \u2013 Arm hole: 23cm Size M: Shoulders: 44cm \u2013 Chest: 56cm \u2013 Length: 68cm \u2013&hellip; Continue reading Andersen-Andersen &#8211; Navy Crewneck &#8211; Black\" \/>\n<meta property=\"og:url\" content=\"https:\/\/rendez-vous-store.com\/fr\/shop\/men-selection-discover-our-selection-rendez-vous-store\/knitwears-discover-our-selection-rendez-vous-store\/andersen-andersen-navy-crewneck-black-2\/\" \/>\n<meta property=\"og:site_name\" content=\"RENDEZ-VOUS STORE\" \/>\n<meta property=\"article:modified_time\" content=\"2026-03-16T15:31:17+00:00\" \/>\n<meta property=\"og:image\" content=\"https:\/\/rendez-vous-store.com\/wp-content\/uploads\/2022\/11\/rdv_andersen_01-scaled.jpg\" \/>\n\t<meta property=\"og:image:width\" content=\"1696\" \/>\n\t<meta property=\"og:image:height\" content=\"2560\" \/>\n\t<meta property=\"og:image:type\" content=\"image\/jpeg\" \/>\n<meta name=\"twitter:card\" content=\"summary_large_image\" \/>\n<meta name=\"twitter:label1\" content=\"Est. reading time\" \/>\n\t<meta name=\"twitter:data1\" content=\"2 minutes\" \/>\n<script type=\"application\/ld+json\" class=\"yoast-schema-graph\">{\"@context\":\"https:\/\/schema.org\",\"@graph\":[{\"@type\":\"WebPage\",\"@id\":\"https:\/\/rendez-vous-store.com\/shop\/men-selection-discover-our-selection-rendez-vous-store\/knitwears-discover-our-selection-rendez-vous-store\/andersen-andersen-navy-crewneck-black-2\/\",\"url\":\"https:\/\/rendez-vous-store.com\/shop\/men-selection-discover-our-selection-rendez-vous-store\/knitwears-discover-our-selection-rendez-vous-store\/andersen-andersen-navy-crewneck-black-2\/\",\"name\":\"Andersen-Andersen - Navy Crewneck - Black - RENDEZ-VOUS STORE\",\"isPartOf\":{\"@id\":\"https:\/\/rendez-vous-store.com\/#website\"},\"primaryImageOfPage\":{\"@id\":\"https:\/\/rendez-vous-store.com\/shop\/men-selection-discover-our-selection-rendez-vous-store\/knitwears-discover-our-selection-rendez-vous-store\/andersen-andersen-navy-crewneck-black-2\/#primaryimage\"},\"image\":{\"@id\":\"https:\/\/rendez-vous-store.com\/shop\/men-selection-discover-our-selection-rendez-vous-store\/knitwears-discover-our-selection-rendez-vous-store\/andersen-andersen-navy-crewneck-black-2\/#primaryimage\"},\"thumbnailUrl\":\"https:\/\/rendez-vous-store.com\/app\/uploads\/2022\/11\/rdv_andersen_01-scaled.jpg\",\"datePublished\":\"2022-11-29T13:45:04+00:00\",\"dateModified\":\"2026-03-16T15:31:17+00:00\",\"breadcrumb\":{\"@id\":\"https:\/\/rendez-vous-store.com\/shop\/men-selection-discover-our-selection-rendez-vous-store\/knitwears-discover-our-selection-rendez-vous-store\/andersen-andersen-navy-crewneck-black-2\/#breadcrumb\"},\"inLanguage\":\"fr-FR\",\"potentialAction\":[{\"@type\":\"ReadAction\",\"target\":[\"https:\/\/rendez-vous-store.com\/shop\/men-selection-discover-our-selection-rendez-vous-store\/knitwears-discover-our-selection-rendez-vous-store\/andersen-andersen-navy-crewneck-black-2\/\"]}]},{\"@type\":\"ImageObject\",\"inLanguage\":\"fr-FR\",\"@id\":\"https:\/\/rendez-vous-store.com\/shop\/men-selection-discover-our-selection-rendez-vous-store\/knitwears-discover-our-selection-rendez-vous-store\/andersen-andersen-navy-crewneck-black-2\/#primaryimage\",\"url\":\"https:\/\/rendez-vous-store.com\/app\/uploads\/2022\/11\/rdv_andersen_01-scaled.jpg\",\"contentUrl\":\"https:\/\/rendez-vous-store.com\/app\/uploads\/2022\/11\/rdv_andersen_01-scaled.jpg\",\"width\":1696,\"height\":2560},{\"@type\":\"BreadcrumbList\",\"@id\":\"https:\/\/rendez-vous-store.com\/shop\/men-selection-discover-our-selection-rendez-vous-store\/knitwears-discover-our-selection-rendez-vous-store\/andersen-andersen-navy-crewneck-black-2\/#breadcrumb\",\"itemListElement\":[{\"@type\":\"ListItem\",\"position\":1,\"name\":\"Home\",\"item\":\"https:\/\/rendez-vous-store.com\/\"},{\"@type\":\"ListItem\",\"position\":2,\"name\":\"Shop\",\"item\":\"https:\/\/www.rendez-vous-store.com\/shop\/\"},{\"@type\":\"ListItem\",\"position\":3,\"name\":\"Andersen-Andersen &#8211; Navy Crewneck &#8211; Black\"}]},{\"@type\":\"WebSite\",\"@id\":\"https:\/\/rendez-vous-store.com\/#website\",\"url\":\"https:\/\/rendez-vous-store.com\/\",\"name\":\"RENDEZ-VOUS STORE\",\"description\":\"Slow Fashion for Women and Men\",\"potentialAction\":[{\"@type\":\"SearchAction\",\"target\":{\"@type\":\"EntryPoint\",\"urlTemplate\":\"https:\/\/rendez-vous-store.com\/?s={search_term_string}\"},\"query-input\":{\"@type\":\"PropertyValueSpecification\",\"valueRequired\":true,\"valueName\":\"search_term_string\"}}],\"inLanguage\":\"fr-FR\"}]}<\/script>\n<!-- \/ Yoast SEO plugin. -->","yoast_head_json":{"title":"Andersen-Andersen - Navy Crewneck - Black - RENDEZ-VOUS STORE","robots":{"index":"index","follow":"follow","max-snippet":"max-snippet:-1","max-image-preview":"max-image-preview:large","max-video-preview":"max-video-preview:-1"},"canonical":"https:\/\/rendez-vous-store.com\/fr\/shop\/men-selection-discover-our-selection-rendez-vous-store\/knitwears-discover-our-selection-rendez-vous-store\/andersen-andersen-navy-crewneck-black-2\/","og_locale":"fr_FR","og_type":"article","og_title":"Andersen-Andersen - Navy Crewneck - Black - RENDEZ-VOUS STORE","og_description":"Pullover from Andersen-Andersen Color: Black Regular fit 5 gauge cardigan stitch construction Ribbed cuffs with thumb hole Composition: 100% Pure New Wool Made in Italy &nbsp; Measurements: Size S: Shoulders: 39cm \u2013 Chest: 49cm \u2013 Length: 63cm \u2013 Sleeve: 65cm \u2013 Arm hole: 23cm Size M: Shoulders: 44cm \u2013 Chest: 56cm \u2013 Length: 68cm \u2013&hellip; Continue reading Andersen-Andersen &#8211; Navy Crewneck &#8211; Black","og_url":"https:\/\/rendez-vous-store.com\/fr\/shop\/men-selection-discover-our-selection-rendez-vous-store\/knitwears-discover-our-selection-rendez-vous-store\/andersen-andersen-navy-crewneck-black-2\/","og_site_name":"RENDEZ-VOUS STORE","article_modified_time":"2026-03-16T15:31:17+00:00","og_image":[{"width":1696,"height":2560,"url":"https:\/\/rendez-vous-store.com\/wp-content\/uploads\/2022\/11\/rdv_andersen_01-scaled.jpg","type":"image\/jpeg"}],"twitter_card":"summary_large_image","twitter_misc":{"Est. reading time":"2 minutes"},"schema":{"@context":"https:\/\/schema.org","@graph":[{"@type":"WebPage","@id":"https:\/\/rendez-vous-store.com\/shop\/men-selection-discover-our-selection-rendez-vous-store\/knitwears-discover-our-selection-rendez-vous-store\/andersen-andersen-navy-crewneck-black-2\/","url":"https:\/\/rendez-vous-store.com\/shop\/men-selection-discover-our-selection-rendez-vous-store\/knitwears-discover-our-selection-rendez-vous-store\/andersen-andersen-navy-crewneck-black-2\/","name":"Andersen-Andersen - Navy Crewneck - Black - RENDEZ-VOUS STORE","isPartOf":{"@id":"https:\/\/rendez-vous-store.com\/#website"},"primaryImageOfPage":{"@id":"https:\/\/rendez-vous-store.com\/shop\/men-selection-discover-our-selection-rendez-vous-store\/knitwears-discover-our-selection-rendez-vous-store\/andersen-andersen-navy-crewneck-black-2\/#primaryimage"},"image":{"@id":"https:\/\/rendez-vous-store.com\/shop\/men-selection-discover-our-selection-rendez-vous-store\/knitwears-discover-our-selection-rendez-vous-store\/andersen-andersen-navy-crewneck-black-2\/#primaryimage"},"thumbnailUrl":"https:\/\/rendez-vous-store.com\/app\/uploads\/2022\/11\/rdv_andersen_01-scaled.jpg","datePublished":"2022-11-29T13:45:04+00:00","dateModified":"2026-03-16T15:31:17+00:00","breadcrumb":{"@id":"https:\/\/rendez-vous-store.com\/shop\/men-selection-discover-our-selection-rendez-vous-store\/knitwears-discover-our-selection-rendez-vous-store\/andersen-andersen-navy-crewneck-black-2\/#breadcrumb"},"inLanguage":"fr-FR","potentialAction":[{"@type":"ReadAction","target":["https:\/\/rendez-vous-store.com\/shop\/men-selection-discover-our-selection-rendez-vous-store\/knitwears-discover-our-selection-rendez-vous-store\/andersen-andersen-navy-crewneck-black-2\/"]}]},{"@type":"ImageObject","inLanguage":"fr-FR","@id":"https:\/\/rendez-vous-store.com\/shop\/men-selection-discover-our-selection-rendez-vous-store\/knitwears-discover-our-selection-rendez-vous-store\/andersen-andersen-navy-crewneck-black-2\/#primaryimage","url":"https:\/\/rendez-vous-store.com\/app\/uploads\/2022\/11\/rdv_andersen_01-scaled.jpg","contentUrl":"https:\/\/rendez-vous-store.com\/app\/uploads\/2022\/11\/rdv_andersen_01-scaled.jpg","width":1696,"height":2560},{"@type":"BreadcrumbList","@id":"https:\/\/rendez-vous-store.com\/shop\/men-selection-discover-our-selection-rendez-vous-store\/knitwears-discover-our-selection-rendez-vous-store\/andersen-andersen-navy-crewneck-black-2\/#breadcrumb","itemListElement":[{"@type":"ListItem","position":1,"name":"Home","item":"https:\/\/rendez-vous-store.com\/"},{"@type":"ListItem","position":2,"name":"Shop","item":"https:\/\/www.rendez-vous-store.com\/shop\/"},{"@type":"ListItem","position":3,"name":"Andersen-Andersen &#8211; Navy Crewneck &#8211; Black"}]},{"@type":"WebSite","@id":"https:\/\/rendez-vous-store.com\/#website","url":"https:\/\/rendez-vous-store.com\/","name":"RENDEZ-VOUS STORE","description":"Slow Fashion for Women and Men","potentialAction":[{"@type":"SearchAction","target":{"@type":"EntryPoint","urlTemplate":"https:\/\/rendez-vous-store.com\/?s={search_term_string}"},"query-input":{"@type":"PropertyValueSpecification","valueRequired":true,"valueName":"search_term_string"}}],"inLanguage":"fr-FR"}]}},"_links":{"self":[{"href":"https:\/\/rendez-vous-store.com\/fr\/wp-json\/wp\/v2\/product\/100545","targetHints":{"allow":["GET"]}}],"collection":[{"href":"https:\/\/rendez-vous-store.com\/fr\/wp-json\/wp\/v2\/product"}],"about":[{"href":"https:\/\/rendez-vous-store.com\/fr\/wp-json\/wp\/v2\/types\/product"}],"wp:featuredmedia":[{"embeddable":true,"href":"https:\/\/rendez-vous-store.com\/fr\/wp-json\/wp\/v2\/media\/101974"}],"wp:attachment":[{"href":"https:\/\/rendez-vous-store.com\/fr\/wp-json\/wp\/v2\/media?parent=100545"}],"wp:term":[{"taxonomy":"product_brand","embeddable":true,"href":"https:\/\/rendez-vous-store.com\/fr\/wp-json\/wp\/v2\/product_brand?post=100545"},{"taxonomy":"product_cat","embeddable":true,"href":"https:\/\/rendez-vous-store.com\/fr\/wp-json\/wp\/v2\/product_cat?post=100545"},{"taxonomy":"product_tag","embeddable":true,"href":"https:\/\/rendez-vous-store.com\/fr\/wp-json\/wp\/v2\/product_tag?post=100545"}],"curies":[{"name":"wp","href":"https:\/\/api.w.org\/{rel}","templated":true}]}}