{"id":100515,"date":"2022-11-29T14:44:58","date_gmt":"2022-11-29T13:44:58","guid":{"rendered":"https:\/\/www.rendez-vous-store.com\/?post_type=product&#038;p=100515"},"modified":"2026-04-24T15:16:24","modified_gmt":"2026-04-24T13:16:24","slug":"andersen-andersen-navy-full-zip-pockets-black-rendez-vous-store","status":"publish","type":"product","link":"https:\/\/rendez-vous-store.com\/fr\/shop\/men-selection-discover-our-selection-rendez-vous-store\/knitwears-discover-our-selection-rendez-vous-store\/andersen-andersen-navy-full-zip-pockets-black-rendez-vous-store\/","title":{"rendered":"Andersen-Andersen - Pochettes zipp\u00e9es en marine - Noir"},"content":{"rendered":"<p><strong>Cardigan de Andersen-Andersen Noir<\/strong><\/p>\n<p>Couleur : Noir<\/p>\n<p>Collier haut<\/p>\n<p>Coupe r\u00e9guli\u00e8re<\/p>\n<p>Deux poches lat\u00e9rales<\/p>\n<p>Manches allong\u00e9es avec trous pour le pouce<\/p>\n<p>Fermeture \u00e0 glissi\u00e8re dans les deux sens<\/p>\n<p>Composition : 100% Pure laine vierge<\/p>\n<p>Fabriqu\u00e9 en Italie<\/p>\n<p>&nbsp;<\/p>\n<p>&nbsp;<\/p>\n<p><strong>Mesures :<\/strong><\/p>\n<p><strong>Taille S : Epaules : 44cm - Poitrine : 48cm - Longueur : 59cm - Manche : 65cm - Emmanchure : 25cm<\/strong><\/p>\n<p><strong>Taille M : Epaules : 45cm - Poitrine : 54cm - Longueur : 59cm - Manche : 68cm - Emmanchure : 25cm<\/strong><\/p>\n<p><strong>Taille L : Epaules : 51cm - Poitrine : 56cm - Longueur : 62cm - Manche : 67cm - Emmanchure : 26cm<\/strong><\/p>\n<p><strong>Taille XL : Epaules : 53cm - Poitrine : 61cm - Longueur : 64cm - Manche : 70cm - Emmanchure : 27cm<\/strong><\/p>\n<p>&nbsp;<\/p>\n<p>&nbsp;<\/p>\n<p><strong>La marque<\/strong><\/p>\n<p>Andersen-Andersen est une entreprise familiale cr\u00e9\u00e9e en 2009.<\/p>\n<p>Au d\u00e9part, l'id\u00e9e de r\u00e9interpr\u00e9ter un pull marin danois classique. Les pulls d'Andersen-Andersen s'inspirent de la riche histoire maritime du Danemark et sont ancr\u00e9s dans les traditions danoises en mati\u00e8re de design.<\/p>\n<p>C'est dans une petite usine de tricotage du nord de l'Italie que les v\u00eatements sont tricot\u00e9s et reli\u00e9s.<\/p>\n<p>Leur fil embl\u00e9matique est fabriqu\u00e9 \u00e0 partir de laine m\u00e9rinos extra-fine 100%. En provenance d'Uruguay et de Patagonie, toute la laine est certifi\u00e9e sans mulesing. Le processus de teinture r\u00e9active r\u00e9pond aux normes europ\u00e9ennes les plus strictes en la mati\u00e8re. La laine m\u00e9rinos non teint\u00e9e du Portugal est une laine de couleur naturelle. La laine \u00e0 fibres longues rend le fil tr\u00e8s durable. Il suffit de la tondre, de la laver et de la filer. Le r\u00e9sultat est un v\u00eatement authentique de couleur naturelle. Color\u00e9e \u00e0 l'indigo naturel de France et de feuilles d'Inde, la laine m\u00e9rinos teint\u00e9e \u00e0 l'indigo ne contient pas d'additifs chimiques ni de couleurs synth\u00e9tiques. Designers croit en une chose et la fait bien.<\/p>","protected":false},"excerpt":{"rendered":"<p>Cardigan from Andersen-Andersen Black Color: Black High Collar Regular Fit Two side pockets Extended Sleeve Rib With Thumb Holes Two-Way Zipper Closure Composition: 100% Pure New Wool Made In Italy &nbsp; &nbsp; Measurements: Size S: Shoulders: 44cm \u2013 Chest: 48cm \u2013 Length: 59cm \u2013 Sleeve: 65cm \u2013 Arm hole: 25cm Size M: Shoulders: 45cm \u2013&hellip; <a class=\"more-link\" href=\"https:\/\/rendez-vous-store.com\/fr\/shop\/men-selection-discover-our-selection-rendez-vous-store\/knitwears-discover-our-selection-rendez-vous-store\/andersen-andersen-navy-full-zip-pockets-black-rendez-vous-store\/\">Continuer la lecture <span class=\"screen-reader-text\">Andersen-Andersen - Pochettes zipp\u00e9es en marine - Noir<\/span><\/a><\/p>","protected":false},"featured_media":188205,"template":"","meta":{"_acf_changed":false},"product_brand":[],"product_cat":[20,291],"product_tag":[391],"class_list":{"0":"post-100515","1":"product","2":"type-product","3":"status-publish","4":"has-post-thumbnail","6":"product_cat-men-selection-discover-our-selection-rendez-vous-store","7":"product_cat-knitwears-discover-our-selection-rendez-vous-store","8":"product_tag-andersen-andersen-rendez-vous-store","9":"entry","11":"first","12":"outofstock","13":"taxable","14":"shipping-taxable","15":"product-type-variable","16":"has-default-attributes"},"acf":[],"yoast_head":"<!-- This site is optimized with the Yoast SEO plugin v24.9 - https:\/\/yoast.com\/wordpress\/plugins\/seo\/ -->\n<title>Cardigan from Andersen-Andersen Black<\/title>\n<meta name=\"description\" content=\"Andersen-Andersen Is on Rendez-Vous Store. This Cardigan from Andersen-Andersen Black represents an allaince of know-how and fine quality.\" \/>\n<meta name=\"robots\" content=\"index, follow, max-snippet:-1, max-image-preview:large, max-video-preview:-1\" \/>\n<link rel=\"canonical\" href=\"https:\/\/rendez-vous-store.com\/fr\/shop\/men-selection-discover-our-selection-rendez-vous-store\/knitwears-discover-our-selection-rendez-vous-store\/andersen-andersen-navy-full-zip-pockets-black-rendez-vous-store\/\" \/>\n<meta property=\"og:locale\" content=\"fr_FR\" \/>\n<meta property=\"og:type\" content=\"article\" \/>\n<meta property=\"og:title\" content=\"Cardigan from Andersen-Andersen Black\" \/>\n<meta property=\"og:description\" content=\"Andersen-Andersen Is on Rendez-Vous Store. This Cardigan from Andersen-Andersen Black represents an allaince of know-how and fine quality.\" \/>\n<meta property=\"og:url\" content=\"https:\/\/rendez-vous-store.com\/fr\/shop\/men-selection-discover-our-selection-rendez-vous-store\/knitwears-discover-our-selection-rendez-vous-store\/andersen-andersen-navy-full-zip-pockets-black-rendez-vous-store\/\" \/>\n<meta property=\"og:site_name\" content=\"RENDEZ-VOUS STORE\" \/>\n<meta property=\"article:modified_time\" content=\"2026-04-24T13:16:24+00:00\" \/>\n<meta property=\"og:image\" content=\"https:\/\/rendez-vous-store.com\/wp-content\/uploads\/2022\/11\/rdv_andersen_32-scaled.webp\" \/>\n\t<meta property=\"og:image:width\" content=\"1696\" \/>\n\t<meta property=\"og:image:height\" content=\"2560\" \/>\n\t<meta property=\"og:image:type\" content=\"image\/webp\" \/>\n<meta name=\"twitter:card\" content=\"summary_large_image\" \/>\n<meta name=\"twitter:label1\" content=\"Est. reading time\" \/>\n\t<meta name=\"twitter:data1\" content=\"1 minute\" \/>\n<script type=\"application\/ld+json\" class=\"yoast-schema-graph\">{\"@context\":\"https:\/\/schema.org\",\"@graph\":[{\"@type\":\"WebPage\",\"@id\":\"https:\/\/rendez-vous-store.com\/shop\/men-selection-discover-our-selection-rendez-vous-store\/knitwears-discover-our-selection-rendez-vous-store\/andersen-andersen-navy-full-zip-pockets-black-rendez-vous-store\/\",\"url\":\"https:\/\/rendez-vous-store.com\/shop\/men-selection-discover-our-selection-rendez-vous-store\/knitwears-discover-our-selection-rendez-vous-store\/andersen-andersen-navy-full-zip-pockets-black-rendez-vous-store\/\",\"name\":\"Cardigan from Andersen-Andersen Black\",\"isPartOf\":{\"@id\":\"https:\/\/rendez-vous-store.com\/#website\"},\"primaryImageOfPage\":{\"@id\":\"https:\/\/rendez-vous-store.com\/shop\/men-selection-discover-our-selection-rendez-vous-store\/knitwears-discover-our-selection-rendez-vous-store\/andersen-andersen-navy-full-zip-pockets-black-rendez-vous-store\/#primaryimage\"},\"image\":{\"@id\":\"https:\/\/rendez-vous-store.com\/shop\/men-selection-discover-our-selection-rendez-vous-store\/knitwears-discover-our-selection-rendez-vous-store\/andersen-andersen-navy-full-zip-pockets-black-rendez-vous-store\/#primaryimage\"},\"thumbnailUrl\":\"https:\/\/rendez-vous-store.com\/app\/uploads\/2022\/11\/rdv_andersen_32-scaled.webp\",\"datePublished\":\"2022-11-29T13:44:58+00:00\",\"dateModified\":\"2026-04-24T13:16:24+00:00\",\"description\":\"Andersen-Andersen Is on Rendez-Vous Store. This Cardigan from Andersen-Andersen Black represents an allaince of know-how and fine quality.\",\"breadcrumb\":{\"@id\":\"https:\/\/rendez-vous-store.com\/shop\/men-selection-discover-our-selection-rendez-vous-store\/knitwears-discover-our-selection-rendez-vous-store\/andersen-andersen-navy-full-zip-pockets-black-rendez-vous-store\/#breadcrumb\"},\"inLanguage\":\"fr-FR\",\"potentialAction\":[{\"@type\":\"ReadAction\",\"target\":[\"https:\/\/rendez-vous-store.com\/shop\/men-selection-discover-our-selection-rendez-vous-store\/knitwears-discover-our-selection-rendez-vous-store\/andersen-andersen-navy-full-zip-pockets-black-rendez-vous-store\/\"]}]},{\"@type\":\"ImageObject\",\"inLanguage\":\"fr-FR\",\"@id\":\"https:\/\/rendez-vous-store.com\/shop\/men-selection-discover-our-selection-rendez-vous-store\/knitwears-discover-our-selection-rendez-vous-store\/andersen-andersen-navy-full-zip-pockets-black-rendez-vous-store\/#primaryimage\",\"url\":\"https:\/\/rendez-vous-store.com\/app\/uploads\/2022\/11\/rdv_andersen_32-scaled.webp\",\"contentUrl\":\"https:\/\/rendez-vous-store.com\/app\/uploads\/2022\/11\/rdv_andersen_32-scaled.webp\",\"width\":1696,\"height\":2560,\"caption\":\"Andersen-Andersen - Navy Full Zip Pockets - Navy Blue\"},{\"@type\":\"BreadcrumbList\",\"@id\":\"https:\/\/rendez-vous-store.com\/shop\/men-selection-discover-our-selection-rendez-vous-store\/knitwears-discover-our-selection-rendez-vous-store\/andersen-andersen-navy-full-zip-pockets-black-rendez-vous-store\/#breadcrumb\",\"itemListElement\":[{\"@type\":\"ListItem\",\"position\":1,\"name\":\"Home\",\"item\":\"https:\/\/rendez-vous-store.com\/\"},{\"@type\":\"ListItem\",\"position\":2,\"name\":\"Shop\",\"item\":\"https:\/\/www.rendez-vous-store.com\/shop\/\"},{\"@type\":\"ListItem\",\"position\":3,\"name\":\"Andersen-Andersen &#8211; Navy Full Zip Pockets &#8211; Black\"}]},{\"@type\":\"WebSite\",\"@id\":\"https:\/\/rendez-vous-store.com\/#website\",\"url\":\"https:\/\/rendez-vous-store.com\/\",\"name\":\"RENDEZ-VOUS STORE\",\"description\":\"Slow Fashion for Women and Men\",\"potentialAction\":[{\"@type\":\"SearchAction\",\"target\":{\"@type\":\"EntryPoint\",\"urlTemplate\":\"https:\/\/rendez-vous-store.com\/?s={search_term_string}\"},\"query-input\":{\"@type\":\"PropertyValueSpecification\",\"valueRequired\":true,\"valueName\":\"search_term_string\"}}],\"inLanguage\":\"fr-FR\"}]}<\/script>\n<!-- \/ Yoast SEO plugin. -->","yoast_head_json":{"title":"Cardigan from Andersen-Andersen Black","description":"Andersen-Andersen Is on Rendez-Vous Store. This Cardigan from Andersen-Andersen Black represents an allaince of know-how and fine quality.","robots":{"index":"index","follow":"follow","max-snippet":"max-snippet:-1","max-image-preview":"max-image-preview:large","max-video-preview":"max-video-preview:-1"},"canonical":"https:\/\/rendez-vous-store.com\/fr\/shop\/men-selection-discover-our-selection-rendez-vous-store\/knitwears-discover-our-selection-rendez-vous-store\/andersen-andersen-navy-full-zip-pockets-black-rendez-vous-store\/","og_locale":"fr_FR","og_type":"article","og_title":"Cardigan from Andersen-Andersen Black","og_description":"Andersen-Andersen Is on Rendez-Vous Store. This Cardigan from Andersen-Andersen Black represents an allaince of know-how and fine quality.","og_url":"https:\/\/rendez-vous-store.com\/fr\/shop\/men-selection-discover-our-selection-rendez-vous-store\/knitwears-discover-our-selection-rendez-vous-store\/andersen-andersen-navy-full-zip-pockets-black-rendez-vous-store\/","og_site_name":"RENDEZ-VOUS STORE","article_modified_time":"2026-04-24T13:16:24+00:00","og_image":[{"width":1696,"height":2560,"url":"https:\/\/rendez-vous-store.com\/wp-content\/uploads\/2022\/11\/rdv_andersen_32-scaled.webp","type":"image\/webp"}],"twitter_card":"summary_large_image","twitter_misc":{"Est. reading time":"1 minute"},"schema":{"@context":"https:\/\/schema.org","@graph":[{"@type":"WebPage","@id":"https:\/\/rendez-vous-store.com\/shop\/men-selection-discover-our-selection-rendez-vous-store\/knitwears-discover-our-selection-rendez-vous-store\/andersen-andersen-navy-full-zip-pockets-black-rendez-vous-store\/","url":"https:\/\/rendez-vous-store.com\/shop\/men-selection-discover-our-selection-rendez-vous-store\/knitwears-discover-our-selection-rendez-vous-store\/andersen-andersen-navy-full-zip-pockets-black-rendez-vous-store\/","name":"Cardigan from Andersen-Andersen Black","isPartOf":{"@id":"https:\/\/rendez-vous-store.com\/#website"},"primaryImageOfPage":{"@id":"https:\/\/rendez-vous-store.com\/shop\/men-selection-discover-our-selection-rendez-vous-store\/knitwears-discover-our-selection-rendez-vous-store\/andersen-andersen-navy-full-zip-pockets-black-rendez-vous-store\/#primaryimage"},"image":{"@id":"https:\/\/rendez-vous-store.com\/shop\/men-selection-discover-our-selection-rendez-vous-store\/knitwears-discover-our-selection-rendez-vous-store\/andersen-andersen-navy-full-zip-pockets-black-rendez-vous-store\/#primaryimage"},"thumbnailUrl":"https:\/\/rendez-vous-store.com\/app\/uploads\/2022\/11\/rdv_andersen_32-scaled.webp","datePublished":"2022-11-29T13:44:58+00:00","dateModified":"2026-04-24T13:16:24+00:00","description":"Andersen-Andersen Is on Rendez-Vous Store. This Cardigan from Andersen-Andersen Black represents an allaince of know-how and fine quality.","breadcrumb":{"@id":"https:\/\/rendez-vous-store.com\/shop\/men-selection-discover-our-selection-rendez-vous-store\/knitwears-discover-our-selection-rendez-vous-store\/andersen-andersen-navy-full-zip-pockets-black-rendez-vous-store\/#breadcrumb"},"inLanguage":"fr-FR","potentialAction":[{"@type":"ReadAction","target":["https:\/\/rendez-vous-store.com\/shop\/men-selection-discover-our-selection-rendez-vous-store\/knitwears-discover-our-selection-rendez-vous-store\/andersen-andersen-navy-full-zip-pockets-black-rendez-vous-store\/"]}]},{"@type":"ImageObject","inLanguage":"fr-FR","@id":"https:\/\/rendez-vous-store.com\/shop\/men-selection-discover-our-selection-rendez-vous-store\/knitwears-discover-our-selection-rendez-vous-store\/andersen-andersen-navy-full-zip-pockets-black-rendez-vous-store\/#primaryimage","url":"https:\/\/rendez-vous-store.com\/app\/uploads\/2022\/11\/rdv_andersen_32-scaled.webp","contentUrl":"https:\/\/rendez-vous-store.com\/app\/uploads\/2022\/11\/rdv_andersen_32-scaled.webp","width":1696,"height":2560,"caption":"Andersen-Andersen - Navy Full Zip Pockets - Navy Blue"},{"@type":"BreadcrumbList","@id":"https:\/\/rendez-vous-store.com\/shop\/men-selection-discover-our-selection-rendez-vous-store\/knitwears-discover-our-selection-rendez-vous-store\/andersen-andersen-navy-full-zip-pockets-black-rendez-vous-store\/#breadcrumb","itemListElement":[{"@type":"ListItem","position":1,"name":"Home","item":"https:\/\/rendez-vous-store.com\/"},{"@type":"ListItem","position":2,"name":"Shop","item":"https:\/\/www.rendez-vous-store.com\/shop\/"},{"@type":"ListItem","position":3,"name":"Andersen-Andersen &#8211; Navy Full Zip Pockets &#8211; Black"}]},{"@type":"WebSite","@id":"https:\/\/rendez-vous-store.com\/#website","url":"https:\/\/rendez-vous-store.com\/","name":"RENDEZ-VOUS STORE","description":"Slow Fashion for Women and Men","potentialAction":[{"@type":"SearchAction","target":{"@type":"EntryPoint","urlTemplate":"https:\/\/rendez-vous-store.com\/?s={search_term_string}"},"query-input":{"@type":"PropertyValueSpecification","valueRequired":true,"valueName":"search_term_string"}}],"inLanguage":"fr-FR"}]}},"_links":{"self":[{"href":"https:\/\/rendez-vous-store.com\/fr\/wp-json\/wp\/v2\/product\/100515","targetHints":{"allow":["GET"]}}],"collection":[{"href":"https:\/\/rendez-vous-store.com\/fr\/wp-json\/wp\/v2\/product"}],"about":[{"href":"https:\/\/rendez-vous-store.com\/fr\/wp-json\/wp\/v2\/types\/product"}],"wp:featuredmedia":[{"embeddable":true,"href":"https:\/\/rendez-vous-store.com\/fr\/wp-json\/wp\/v2\/media\/188205"}],"wp:attachment":[{"href":"https:\/\/rendez-vous-store.com\/fr\/wp-json\/wp\/v2\/media?parent=100515"}],"wp:term":[{"taxonomy":"product_brand","embeddable":true,"href":"https:\/\/rendez-vous-store.com\/fr\/wp-json\/wp\/v2\/product_brand?post=100515"},{"taxonomy":"product_cat","embeddable":true,"href":"https:\/\/rendez-vous-store.com\/fr\/wp-json\/wp\/v2\/product_cat?post=100515"},{"taxonomy":"product_tag","embeddable":true,"href":"https:\/\/rendez-vous-store.com\/fr\/wp-json\/wp\/v2\/product_tag?post=100515"}],"curies":[{"name":"wp","href":"https:\/\/api.w.org\/{rel}","templated":true}]}}