{"id":9314,"date":"2022-03-23T14:34:10","date_gmt":"2022-03-23T13:34:10","guid":{"rendered":"https:\/\/wp-rdv-store.jump-biz.fr\/newsletter\/"},"modified":"2023-04-07T14:03:13","modified_gmt":"2023-04-07T12:03:13","slug":"newsletter","status":"publish","type":"page","link":"https:\/\/rendez-vous-store.com\/fr\/newsletter\/","title":{"rendered":"Newsletter"},"content":{"rendered":"<!-- Begin Mailchimp Signup Form -->\n<link href=\"\/\/cdn-images.mailchimp.com\/embedcode\/classic-071822.css\" rel=\"stylesheet\" type=\"text\/css\">\n<style type=\"text\/css\">\n\t#mc_embed_signup{background:#fff; clear:left; font:14px Helvetica,Arial,sans-serif;  width:600px;}\n\t\/* Add your own Mailchimp form style overrides in your site stylesheet or in this style block.\n\t   We recommend moving this block and the preceding CSS link to the HEAD of your HTML file. *\/\n<\/style>\n<div id=\"mc_embed_signup\">\n    <form action=\"https:\/\/rendez-vous-store.us20.list-manage.com\/subscribe\/post?u=253c1d9284bb065c8010b4b7e&amp;id=b58261eccb&amp;f_id=00b07deaf0\" method=\"post\" id=\"mc-embedded-subscribe-form\" name=\"mc-embedded-subscribe-form\" class=\"validate\" target=\"_blank\" novalidate>\n        <div id=\"mc_embed_signup_scroll\">\n        <h2>Inscrivez-vous \u00e0 notre newsletter pour recevoir des informations sur les nouvelles collections, les offres sp\u00e9ciales, les ventes et plus encore.<\/h2>\n        <div class=\"indicates-required\"><span class=\"asterisk\">*<\/span> champs requis<\/div>\n<div class=\"mc-field-group\">\n\t<label for=\"mce-EMAIL\">Adresse \u00e9lectronique  <span class=\"asterisk\">*<\/span>\n<\/label>\n\t<input type=\"email\" value=\"\" name=\"EMAIL\" class=\"required email\" id=\"mce-EMAIL\" required>\n\t<span id=\"mce-EMAIL-HELPERTEXT\" class=\"helper_text\"><\/span>\n<\/div>\n<div class=\"mc-field-group\">\n\t<label for=\"mce-FNAME\">Pr\u00e9nom  <span class=\"asterisk\">*<\/span>\n<\/label>\n\t<input type=\"text\" value=\"\" name=\"FNAME\" class=\"required\" id=\"mce-FNAME\" required>\n\t<span id=\"mce-FNAME-HELPERTEXT\" class=\"helper_text\"><\/span>\n<\/div>\n<div class=\"mc-field-group\">\n\t<label for=\"mce-LNAME\">Nom  <span class=\"asterisk\">*<\/span>\n<\/label>\n\t<input type=\"text\" value=\"\" name=\"LNAME\" class=\"required\" id=\"mce-LNAME\" required>\n\t<span id=\"mce-LNAME-HELPERTEXT\" class=\"helper_text\"><\/span>\n<\/div>\n<div hidden=\"true\"><input type=\"hidden\" name=\"tags\" value=\"3510735\"><\/div>\n\t<div id=\"mce-responses\" class=\"clear\">\n\t\t<div class=\"response\" id=\"mce-error-response\" style=\"display:none\"><\/div>\n\t\t<div class=\"response\" id=\"mce-success-response\" style=\"display:none\"><\/div>\n\t<\/div>    <!-- real people should not fill this in and expect good things - do not remove this or risk form bot signups-->\n    <div style=\"position: absolute; left: -5000px;\" aria-hidden=\"true\"><input type=\"text\" name=\"b_253c1d9284bb065c8010b4b7e_b58261eccb\" tabindex=\"-1\" value=\"\"><\/div>\n    <div class=\"clear\"><input type=\"submit\" value=\"S&#039;abonner\" name=\"subscribe\" id=\"mc-embedded-subscribe\" class=\"button\"><\/div>\n    <\/div>\n<\/form>\n<\/div>\n<script type='text\/javascript' src='\/\/s3.amazonaws.com\/downloads.mailchimp.com\/js\/mc-validate.js'><\/script><script type='text\/javascript'>(function($) {window.fnames = new Array(); window.ftypes = new Array();fnames[0]='EMAIL';ftypes[0]='email';fnames[1]='FNAME';ftypes[1]='text';fnames[2]='LNAME';ftypes[2]='text'; \/*\n * Translated default messages for the $ validation plugin.\n * Locale: FR\n *\/\n$.extend($.validator.messages, {\n        required: \"Ce champ est requis.\",\n        remote: \"Veuillez remplir ce champ pour continuer.\",\n        email: \"Veuillez entrer une adresse email valide.\",\n        url: \"Veuillez entrer une URL valide.\",\n        date: \"Veuillez entrer une date valide.\",\n        dateISO: \"Veuillez entrer une date valide (ISO).\",\n        number: \"Veuillez entrer un nombre valide.\",\n        digits: \"Veuillez entrer (seulement) une valeur num\u00e9rique.\",\n        creditcard: \"Veuillez entrer un num\u00e9ro de carte de cr\u00e9dit valide.\",\n        equalTo: \"Veuillez entrer une nouvelle fois la m\u00eame valeur.\",\n        accept: \"Veuillez entrer une valeur avec une extension valide.\",\n        maxlength: $.validator.format(\"Veuillez ne pas entrer plus de {0} caract\u00e8res.\"),\n        minlength: $.validator.format(\"Veuillez entrer au moins {0} caract\u00e8res.\"),\n        rangelength: $.validator.format(\"Veuillez entrer entre {0} et {1} caract\u00e8res.\"),\n        range: $.validator.format(\"Veuillez entrer une valeur entre {0} et {1}.\"),\n        max: $.validator.format(\"Veuillez entrer une valeur inf\u00e9rieure ou \u00e9gale \u00e0 {0}.\"),\n        min: $.validator.format(\"Veuillez entrer une valeur sup\u00e9rieure ou \u00e9gale \u00e0 {0}.\")\n});}(jQuery));var $mcj = jQuery.noConflict(true);<\/script>\n<!--End mc_embed_signup--><p><\/p>","protected":false},"excerpt":{"rendered":"<p>Inscrivez-vous \u00e0 notre lettre d'information pour recevoir des informations sur les nouvelles collections, les offres sp\u00e9ciales, les ventes et plus encore. * indique un champ obligatoire Adresse \u00e9lectronique * Pr\u00e9nom * Nom de famille *<\/p>","protected":false},"author":1,"featured_media":0,"parent":0,"menu_order":0,"comment_status":"closed","ping_status":"closed","template":"","meta":{"_acf_changed":false,"footnotes":""},"class_list":["post-9314","page","type-page","status-publish","hentry","entry"],"acf":[],"yoast_head":"<!-- This site is optimized with the Yoast SEO plugin v24.9 - https:\/\/yoast.com\/wordpress\/plugins\/seo\/ -->\n<title>Newsletter - RENDEZ-VOUS STORE<\/title>\n<meta name=\"robots\" content=\"index, follow, max-snippet:-1, max-image-preview:large, max-video-preview:-1\" \/>\n<link rel=\"canonical\" href=\"https:\/\/www.rendez-vous-store.com\/newsletter\/\" \/>\n<meta property=\"og:locale\" content=\"fr_FR\" \/>\n<meta property=\"og:type\" content=\"article\" \/>\n<meta property=\"og:title\" content=\"Newsletter - RENDEZ-VOUS STORE\" \/>\n<meta property=\"og:description\" content=\"Subscribe to our newsletter to receive updates about new collections, special offers, sales and more. * indicates required Email Address * First Name * Last Name *\" \/>\n<meta property=\"og:url\" content=\"https:\/\/www.rendez-vous-store.com\/newsletter\/\" \/>\n<meta property=\"og:site_name\" content=\"RENDEZ-VOUS STORE\" \/>\n<meta property=\"article:modified_time\" content=\"2023-04-07T12:03:13+00:00\" \/>\n<meta name=\"twitter:card\" content=\"summary_large_image\" \/>\n<meta name=\"twitter:label1\" content=\"Est. reading time\" \/>\n\t<meta name=\"twitter:data1\" content=\"1 minute\" \/>\n<script type=\"application\/ld+json\" class=\"yoast-schema-graph\">{\"@context\":\"https:\/\/schema.org\",\"@graph\":[{\"@type\":\"WebPage\",\"@id\":\"https:\/\/www.rendez-vous-store.com\/newsletter\/\",\"url\":\"https:\/\/www.rendez-vous-store.com\/newsletter\/\",\"name\":\"Newsletter - RENDEZ-VOUS STORE\",\"isPartOf\":{\"@id\":\"https:\/\/rendez-vous-store.com\/#website\"},\"datePublished\":\"2022-03-23T13:34:10+00:00\",\"dateModified\":\"2023-04-07T12:03:13+00:00\",\"breadcrumb\":{\"@id\":\"https:\/\/www.rendez-vous-store.com\/newsletter\/#breadcrumb\"},\"inLanguage\":\"fr-FR\",\"potentialAction\":[{\"@type\":\"ReadAction\",\"target\":[\"https:\/\/www.rendez-vous-store.com\/newsletter\/\"]}]},{\"@type\":\"BreadcrumbList\",\"@id\":\"https:\/\/www.rendez-vous-store.com\/newsletter\/#breadcrumb\",\"itemListElement\":[{\"@type\":\"ListItem\",\"position\":1,\"name\":\"Home\",\"item\":\"https:\/\/rendez-vous-store.com\/\"},{\"@type\":\"ListItem\",\"position\":2,\"name\":\"Newsletter\"}]},{\"@type\":\"WebSite\",\"@id\":\"https:\/\/rendez-vous-store.com\/#website\",\"url\":\"https:\/\/rendez-vous-store.com\/\",\"name\":\"RENDEZ-VOUS STORE\",\"description\":\"Slow Fashion for Women and Men\",\"potentialAction\":[{\"@type\":\"SearchAction\",\"target\":{\"@type\":\"EntryPoint\",\"urlTemplate\":\"https:\/\/rendez-vous-store.com\/?s={search_term_string}\"},\"query-input\":{\"@type\":\"PropertyValueSpecification\",\"valueRequired\":true,\"valueName\":\"search_term_string\"}}],\"inLanguage\":\"fr-FR\"}]}<\/script>\n<!-- \/ Yoast SEO plugin. -->","yoast_head_json":{"title":"Newsletter - RENDEZ-VOUS STORE","robots":{"index":"index","follow":"follow","max-snippet":"max-snippet:-1","max-image-preview":"max-image-preview:large","max-video-preview":"max-video-preview:-1"},"canonical":"https:\/\/www.rendez-vous-store.com\/newsletter\/","og_locale":"fr_FR","og_type":"article","og_title":"Newsletter - RENDEZ-VOUS STORE","og_description":"Subscribe to our newsletter to receive updates about new collections, special offers, sales and more. * indicates required Email Address * First Name * Last Name *","og_url":"https:\/\/www.rendez-vous-store.com\/newsletter\/","og_site_name":"RENDEZ-VOUS STORE","article_modified_time":"2023-04-07T12:03:13+00:00","twitter_card":"summary_large_image","twitter_misc":{"Est. reading time":"1 minute"},"schema":{"@context":"https:\/\/schema.org","@graph":[{"@type":"WebPage","@id":"https:\/\/www.rendez-vous-store.com\/newsletter\/","url":"https:\/\/www.rendez-vous-store.com\/newsletter\/","name":"Newsletter - RENDEZ-VOUS STORE","isPartOf":{"@id":"https:\/\/rendez-vous-store.com\/#website"},"datePublished":"2022-03-23T13:34:10+00:00","dateModified":"2023-04-07T12:03:13+00:00","breadcrumb":{"@id":"https:\/\/www.rendez-vous-store.com\/newsletter\/#breadcrumb"},"inLanguage":"fr-FR","potentialAction":[{"@type":"ReadAction","target":["https:\/\/www.rendez-vous-store.com\/newsletter\/"]}]},{"@type":"BreadcrumbList","@id":"https:\/\/www.rendez-vous-store.com\/newsletter\/#breadcrumb","itemListElement":[{"@type":"ListItem","position":1,"name":"Home","item":"https:\/\/rendez-vous-store.com\/"},{"@type":"ListItem","position":2,"name":"Newsletter"}]},{"@type":"WebSite","@id":"https:\/\/rendez-vous-store.com\/#website","url":"https:\/\/rendez-vous-store.com\/","name":"RENDEZ-VOUS STORE","description":"Slow Fashion for Women and Men","potentialAction":[{"@type":"SearchAction","target":{"@type":"EntryPoint","urlTemplate":"https:\/\/rendez-vous-store.com\/?s={search_term_string}"},"query-input":{"@type":"PropertyValueSpecification","valueRequired":true,"valueName":"search_term_string"}}],"inLanguage":"fr-FR"}]}},"_links":{"self":[{"href":"https:\/\/rendez-vous-store.com\/fr\/wp-json\/wp\/v2\/pages\/9314","targetHints":{"allow":["GET"]}}],"collection":[{"href":"https:\/\/rendez-vous-store.com\/fr\/wp-json\/wp\/v2\/pages"}],"about":[{"href":"https:\/\/rendez-vous-store.com\/fr\/wp-json\/wp\/v2\/types\/page"}],"author":[{"embeddable":true,"href":"https:\/\/rendez-vous-store.com\/fr\/wp-json\/wp\/v2\/users\/1"}],"replies":[{"embeddable":true,"href":"https:\/\/rendez-vous-store.com\/fr\/wp-json\/wp\/v2\/comments?post=9314"}],"version-history":[{"count":0,"href":"https:\/\/rendez-vous-store.com\/fr\/wp-json\/wp\/v2\/pages\/9314\/revisions"}],"wp:attachment":[{"href":"https:\/\/rendez-vous-store.com\/fr\/wp-json\/wp\/v2\/media?parent=9314"}],"curies":[{"name":"wp","href":"https:\/\/api.w.org\/{rel}","templated":true}]}}