{"id":9241,"date":"2022-03-22T17:23:14","date_gmt":"2022-03-22T16:23:14","guid":{"rendered":"https:\/\/wp-rdv-store.jump-biz.fr\/?page_id=9241"},"modified":"2022-08-12T14:24:16","modified_gmt":"2022-08-12T12:24:16","slug":"credits","status":"publish","type":"page","link":"https:\/\/rendez-vous-store.com\/fr\/credits\/","title":{"rendered":"Cr\u00e9dits"},"content":{"rendered":"<p>Design - Conception - D\u00e9veloppement - Int\u00e9gration<\/p><p><a href=\"https:\/\/www.groupe-bizness.com\/\" target=\"_blank\" rel=\"noreferrer noopener\">Bizness<\/a><\/p>","protected":false},"excerpt":{"rendered":"<p>Design &#8211; Conception &#8211; Development &#8211; Integration Bizness<\/p>","protected":false},"author":1,"featured_media":0,"parent":0,"menu_order":0,"comment_status":"closed","ping_status":"closed","template":"page-small.php","meta":{"_acf_changed":false,"footnotes":""},"class_list":["post-9241","page","type-page","status-publish","hentry","entry"],"acf":[],"yoast_head":"<!-- This site is optimized with the Yoast SEO plugin v24.9 - https:\/\/yoast.com\/wordpress\/plugins\/seo\/ -->\n<title>Credits - RENDEZ-VOUS STORE<\/title>\n<meta name=\"robots\" content=\"index, follow, max-snippet:-1, max-image-preview:large, max-video-preview:-1\" \/>\n<link rel=\"canonical\" href=\"https:\/\/www.rendez-vous-store.com\/credits\/\" \/>\n<meta property=\"og:locale\" content=\"fr_FR\" \/>\n<meta property=\"og:type\" content=\"article\" \/>\n<meta property=\"og:title\" content=\"Credits - RENDEZ-VOUS STORE\" \/>\n<meta property=\"og:description\" content=\"Design &#8211; Conception &#8211; Development &#8211; Integration Bizness\" \/>\n<meta property=\"og:url\" content=\"https:\/\/www.rendez-vous-store.com\/credits\/\" \/>\n<meta property=\"og:site_name\" content=\"RENDEZ-VOUS STORE\" \/>\n<meta property=\"article:modified_time\" content=\"2022-08-12T12:24:16+00:00\" \/>\n<meta name=\"twitter:card\" content=\"summary_large_image\" \/>\n<script type=\"application\/ld+json\" class=\"yoast-schema-graph\">{\"@context\":\"https:\/\/schema.org\",\"@graph\":[{\"@type\":\"WebPage\",\"@id\":\"https:\/\/www.rendez-vous-store.com\/credits\/\",\"url\":\"https:\/\/www.rendez-vous-store.com\/credits\/\",\"name\":\"Credits - RENDEZ-VOUS STORE\",\"isPartOf\":{\"@id\":\"https:\/\/rendez-vous-store.com\/#website\"},\"datePublished\":\"2022-03-22T16:23:14+00:00\",\"dateModified\":\"2022-08-12T12:24:16+00:00\",\"breadcrumb\":{\"@id\":\"https:\/\/www.rendez-vous-store.com\/credits\/#breadcrumb\"},\"inLanguage\":\"fr-FR\",\"potentialAction\":[{\"@type\":\"ReadAction\",\"target\":[\"https:\/\/www.rendez-vous-store.com\/credits\/\"]}]},{\"@type\":\"BreadcrumbList\",\"@id\":\"https:\/\/www.rendez-vous-store.com\/credits\/#breadcrumb\",\"itemListElement\":[{\"@type\":\"ListItem\",\"position\":1,\"name\":\"Home\",\"item\":\"https:\/\/rendez-vous-store.com\/\"},{\"@type\":\"ListItem\",\"position\":2,\"name\":\"Credits\"}]},{\"@type\":\"WebSite\",\"@id\":\"https:\/\/rendez-vous-store.com\/#website\",\"url\":\"https:\/\/rendez-vous-store.com\/\",\"name\":\"RENDEZ-VOUS STORE\",\"description\":\"Slow Fashion for Women and Men\",\"potentialAction\":[{\"@type\":\"SearchAction\",\"target\":{\"@type\":\"EntryPoint\",\"urlTemplate\":\"https:\/\/rendez-vous-store.com\/?s={search_term_string}\"},\"query-input\":{\"@type\":\"PropertyValueSpecification\",\"valueRequired\":true,\"valueName\":\"search_term_string\"}}],\"inLanguage\":\"fr-FR\"}]}<\/script>\n<!-- \/ Yoast SEO plugin. -->","yoast_head_json":{"title":"Credits - RENDEZ-VOUS STORE","robots":{"index":"index","follow":"follow","max-snippet":"max-snippet:-1","max-image-preview":"max-image-preview:large","max-video-preview":"max-video-preview:-1"},"canonical":"https:\/\/www.rendez-vous-store.com\/credits\/","og_locale":"fr_FR","og_type":"article","og_title":"Credits - RENDEZ-VOUS STORE","og_description":"Design &#8211; Conception &#8211; Development &#8211; Integration Bizness","og_url":"https:\/\/www.rendez-vous-store.com\/credits\/","og_site_name":"RENDEZ-VOUS STORE","article_modified_time":"2022-08-12T12:24:16+00:00","twitter_card":"summary_large_image","schema":{"@context":"https:\/\/schema.org","@graph":[{"@type":"WebPage","@id":"https:\/\/www.rendez-vous-store.com\/credits\/","url":"https:\/\/www.rendez-vous-store.com\/credits\/","name":"Credits - RENDEZ-VOUS STORE","isPartOf":{"@id":"https:\/\/rendez-vous-store.com\/#website"},"datePublished":"2022-03-22T16:23:14+00:00","dateModified":"2022-08-12T12:24:16+00:00","breadcrumb":{"@id":"https:\/\/www.rendez-vous-store.com\/credits\/#breadcrumb"},"inLanguage":"fr-FR","potentialAction":[{"@type":"ReadAction","target":["https:\/\/www.rendez-vous-store.com\/credits\/"]}]},{"@type":"BreadcrumbList","@id":"https:\/\/www.rendez-vous-store.com\/credits\/#breadcrumb","itemListElement":[{"@type":"ListItem","position":1,"name":"Home","item":"https:\/\/rendez-vous-store.com\/"},{"@type":"ListItem","position":2,"name":"Credits"}]},{"@type":"WebSite","@id":"https:\/\/rendez-vous-store.com\/#website","url":"https:\/\/rendez-vous-store.com\/","name":"RENDEZ-VOUS STORE","description":"Slow Fashion for Women and Men","potentialAction":[{"@type":"SearchAction","target":{"@type":"EntryPoint","urlTemplate":"https:\/\/rendez-vous-store.com\/?s={search_term_string}"},"query-input":{"@type":"PropertyValueSpecification","valueRequired":true,"valueName":"search_term_string"}}],"inLanguage":"fr-FR"}]}},"_links":{"self":[{"href":"https:\/\/rendez-vous-store.com\/fr\/wp-json\/wp\/v2\/pages\/9241","targetHints":{"allow":["GET"]}}],"collection":[{"href":"https:\/\/rendez-vous-store.com\/fr\/wp-json\/wp\/v2\/pages"}],"about":[{"href":"https:\/\/rendez-vous-store.com\/fr\/wp-json\/wp\/v2\/types\/page"}],"author":[{"embeddable":true,"href":"https:\/\/rendez-vous-store.com\/fr\/wp-json\/wp\/v2\/users\/1"}],"replies":[{"embeddable":true,"href":"https:\/\/rendez-vous-store.com\/fr\/wp-json\/wp\/v2\/comments?post=9241"}],"version-history":[{"count":0,"href":"https:\/\/rendez-vous-store.com\/fr\/wp-json\/wp\/v2\/pages\/9241\/revisions"}],"wp:attachment":[{"href":"https:\/\/rendez-vous-store.com\/fr\/wp-json\/wp\/v2\/media?parent=9241"}],"curies":[{"name":"wp","href":"https:\/\/api.w.org\/{rel}","templated":true}]}}