{"id":9232,"date":"2022-03-22T17:21:49","date_gmt":"2022-03-22T16:21:49","guid":{"rendered":"https:\/\/wp-rdv-store.jump-biz.fr\/?page_id=9232"},"modified":"2026-04-30T10:54:14","modified_gmt":"2026-04-30T08:54:14","slug":"rendez-vous-store-about-us","status":"publish","type":"page","link":"https:\/\/rendez-vous-store.com\/fr\/rendez-vous-store-about-us\/","title":{"rendered":"Infos"},"content":{"rendered":"<div class=\"wp-block-columns row-story is-layout-flex wp-container-core-columns-is-layout-9d6595d7 wp-block-columns-is-layout-flex\"><div class=\"wp-block-column story-content-left is-layout-flow wp-block-column-is-layout-flow\" style=\"flex-basis:50%\"><\/div>\n\n<div class=\"wp-block-column is-layout-flow wp-block-column-is-layout-flow\" style=\"flex-basis:50%\"><\/div><\/div><div class=\"wp-block-columns row-address is-layout-flex wp-container-core-columns-is-layout-9d6595d7 wp-block-columns-is-layout-flex\"><div class=\"wp-block-column left is-layout-flow wp-block-column-is-layout-flow\" style=\"flex-basis:25%\"><figure class=\"wp-block-image size-large\"><img loading=\"lazy\" decoding=\"async\" width=\"678\" height=\"1024\" src=\"https:\/\/rendez-vous-store.com\/wp-content\/uploads\/2023\/08\/Pic10-678x1024.jpg\" alt=\"\" class=\"wp-image-130410\" srcset=\"https:\/\/rendez-vous-store.com\/app\/uploads\/2023\/08\/Pic10-678x1024.jpg 678w, https:\/\/rendez-vous-store.com\/app\/uploads\/2023\/08\/Pic10-199x300.jpg 199w, https:\/\/rendez-vous-store.com\/app\/uploads\/2023\/08\/Pic10-768x1159.jpg 768w, https:\/\/rendez-vous-store.com\/app\/uploads\/2023\/08\/Pic10-1018x1536.jpg 1018w, https:\/\/rendez-vous-store.com\/app\/uploads\/2023\/08\/Pic10-600x906.jpg 600w, https:\/\/rendez-vous-store.com\/app\/uploads\/2023\/08\/Pic10.jpg 1060w\" sizes=\"auto, (max-width: 678px) 100vw, 678px\" \/><\/figure>\n\n<h3 class=\"wp-block-heading\">Boutique Homme<\/h3>\n\n<p>6 rue Bouqui\u00e8res, 31000 Toulouse<br>+33 (0)5 62 26 03 94<\/p><\/div>\n\n<div class=\"wp-block-column right is-layout-flow wp-block-column-is-layout-flow\" style=\"flex-basis:25%\"><figure class=\"wp-block-image size-large\"><img loading=\"lazy\" decoding=\"async\" width=\"678\" height=\"1024\" src=\"https:\/\/rendez-vous-store.com\/wp-content\/uploads\/2023\/08\/Pic11-678x1024.jpg\" alt=\"\" class=\"wp-image-130411\" srcset=\"https:\/\/rendez-vous-store.com\/app\/uploads\/2023\/08\/Pic11-678x1024.jpg 678w, https:\/\/rendez-vous-store.com\/app\/uploads\/2023\/08\/Pic11-199x300.jpg 199w, https:\/\/rendez-vous-store.com\/app\/uploads\/2023\/08\/Pic11-768x1159.jpg 768w, https:\/\/rendez-vous-store.com\/app\/uploads\/2023\/08\/Pic11-1018x1536.jpg 1018w, https:\/\/rendez-vous-store.com\/app\/uploads\/2023\/08\/Pic11-600x906.jpg 600w, https:\/\/rendez-vous-store.com\/app\/uploads\/2023\/08\/Pic11.jpg 1060w\" sizes=\"auto, (max-width: 678px) 100vw, 678px\" \/><\/figure>\n\n<h3 class=\"wp-block-heading\">Boutique Femme<\/h3>\n\n<p>2 rue Bouqui\u00e8res, 31000 Toulouse<br>+33 (0)5 61 52 42 08<\/p><\/div>\n\n<div class=\"wp-block-column is-layout-flow wp-block-column-is-layout-flow\" style=\"flex-basis:25%\"><figure class=\"wp-block-image size-large\"><img loading=\"lazy\" decoding=\"async\" width=\"678\" height=\"1024\" src=\"https:\/\/rendez-vous-store.com\/wp-content\/uploads\/2023\/08\/PARIS-678x1024.jpg\" alt=\"\" class=\"wp-image-130422\" srcset=\"https:\/\/rendez-vous-store.com\/app\/uploads\/2023\/08\/PARIS-678x1024.jpg 678w, https:\/\/rendez-vous-store.com\/app\/uploads\/2023\/08\/PARIS-199x300.jpg 199w, https:\/\/rendez-vous-store.com\/app\/uploads\/2023\/08\/PARIS-768x1159.jpg 768w, https:\/\/rendez-vous-store.com\/app\/uploads\/2023\/08\/PARIS-1018x1536.jpg 1018w, https:\/\/rendez-vous-store.com\/app\/uploads\/2023\/08\/PARIS-600x906.jpg 600w, https:\/\/rendez-vous-store.com\/app\/uploads\/2023\/08\/PARIS.jpg 1060w\" sizes=\"auto, (max-width: 678px) 100vw, 678px\" \/><\/figure>\n\n<h3 class=\"wp-block-heading\">Boutique de Paris<\/h3>\n\n<p>8 rue Charlot 75003 Paris<br>+33 (0)1 45 30 25 37<\/p><\/div><\/div><div style=\"height:100px\" aria-hidden=\"true\" class=\"wp-block-spacer\"><\/div><div class=\"wp-block-group alignwide row-hour\"><div class=\"wp-block-group__inner-container is-layout-flow wp-block-group-is-layout-flow\"><h4 class=\"wp-block-heading\">Heures d'ouverture<br><\/h4>\n\n<p><\/p>\n\n<p><strong>Toulouse   \/   Boutique Homme \u2013 Boutique Femme \u2013 Boutique Everyday<\/strong><br>Du mardi au vendredi 11h00 - 13h00 \/ 14h00 - 19h00<br>Samedi 10h30 - 19h<\/p>\n\n<p><strong>Boutique de Paris<\/strong><\/p>\n\n<p>Lundi : 14h \u2013 19h<br>Du mardi au samedi 11h00 - 19h00<br>Dimanche 14h00 - 18h00<\/p>\n\n<p>Les horaires peuvent \u00eatre diff\u00e9rents pendant les jours f\u00e9ri\u00e9s nationaux et les fermetures saisonni\u00e8res.<\/p><\/div><\/div><div class=\"wp-block-columns row-last is-layout-flex wp-container-core-columns-is-layout-9d6595d7 wp-block-columns-is-layout-flex\"><div class=\"wp-block-column left is-layout-flow wp-block-column-is-layout-flow\" style=\"flex-basis:70%\"><figure class=\"wp-block-image alignfull size-full\"><img loading=\"lazy\" decoding=\"async\" width=\"1024\" height=\"563\" src=\"https:\/\/rendez-vous-store.com\/wp-content\/uploads\/2023\/08\/TOULOUSE-3.jpeg\" alt=\"\" class=\"wp-image-130423\" srcset=\"https:\/\/rendez-vous-store.com\/app\/uploads\/2023\/08\/TOULOUSE-3.jpeg 1024w, https:\/\/rendez-vous-store.com\/app\/uploads\/2023\/08\/TOULOUSE-3-300x165.jpeg 300w, https:\/\/rendez-vous-store.com\/app\/uploads\/2023\/08\/TOULOUSE-3-768x422.jpeg 768w, https:\/\/rendez-vous-store.com\/app\/uploads\/2023\/08\/TOULOUSE-3-600x330.jpeg 600w\" sizes=\"auto, (max-width: 1024px) 100vw, 1024px\" \/><\/figure><\/div>\n\n<div class=\"wp-block-column right is-layout-flow wp-block-column-is-layout-flow\" style=\"flex-basis:30%\"><h4 class=\"wp-block-heading\">Service client du site web<\/h4>\n\n<p><a href=\"mailto:eshop@rendez-vous-store.com\" target=\"_blank\" rel=\"noopener\">eshop@rendez-vous-store.com<\/a><br> +33 (0)5 61 25 69 65<br> Du lundi au vendredi, de 10h \u00e0 17h (heure d'Europe centrale)<\/p>\n\n<h4 class=\"wp-block-heading\">Exp\u00e9ditions et retours dans le monde entier<\/h4>\n\n<p>Envoi express et bon de retour pr\u00e9pay\u00e9 <br>Service d'emballage gratuit<\/p>\n\n<h4 class=\"wp-block-heading\">MOYENS DE PAIEMENT<\/h4>\n\n<p>Visa, Mastercard, Amex, Paypal,<br>Autres cartes de cr\u00e9dit\/d\u00e9bit<\/p><\/div><\/div>","protected":false},"excerpt":{"rendered":"<p>Men Shop 6 rue Bouqui\u00e8res, 31000 Toulouse+33 (0)5 62 26 03 94 Women Shop 2 rue Bouqui\u00e8res, 31000 Toulouse+33 (0)5 61 52 42 08 Paris Shop 8 rue Charlot 75003 Paris+33 (0)1 45 30 25 37 Opening Hours Toulouse \/ Men Shop &#8211; Women Shop &#8211; Everyday ShopTuesday-Friday 11am &#8211; 1pm \/ 2pm &#8211; 7pmSaturday&hellip; <a class=\"more-link\" href=\"https:\/\/rendez-vous-store.com\/fr\/rendez-vous-store-about-us\/\">Continuer la lecture <span class=\"screen-reader-text\">Infos<\/span><\/a><\/p>","protected":false},"author":1,"featured_media":0,"parent":0,"menu_order":0,"comment_status":"closed","ping_status":"closed","template":"page-about.php","meta":{"_acf_changed":false,"footnotes":""},"class_list":["post-9232","page","type-page","status-publish","hentry","entry"],"acf":[],"yoast_head":"<!-- This site is optimized with the Yoast SEO plugin v24.9 - https:\/\/yoast.com\/wordpress\/plugins\/seo\/ -->\n<title>Rendez-Vous-Store - About us<\/title>\n<meta name=\"description\" content=\"Rendez-Vous Store, now known as one of the sharpest buyer shops in France, has expanded to three physical stores and an online shop. Discover more about us and our story on our About Us page.\" \/>\n<meta name=\"robots\" content=\"index, follow, max-snippet:-1, max-image-preview:large, max-video-preview:-1\" \/>\n<link rel=\"canonical\" href=\"https:\/\/rendez-vous-store.com\/fr\/rendez-vous-store-about-us\/\" \/>\n<meta property=\"og:locale\" content=\"fr_FR\" \/>\n<meta property=\"og:type\" content=\"article\" \/>\n<meta property=\"og:title\" content=\"Rendez-Vous-Store - About us\" \/>\n<meta property=\"og:description\" content=\"Rendez-Vous Store, now known as one of the sharpest buyer shops in France, has expanded to three physical stores and an online shop. Discover more about us and our story on our About Us page.\" \/>\n<meta property=\"og:url\" content=\"https:\/\/rendez-vous-store.com\/fr\/rendez-vous-store-about-us\/\" \/>\n<meta property=\"og:site_name\" content=\"RENDEZ-VOUS STORE\" \/>\n<meta property=\"article:modified_time\" content=\"2026-04-30T08:54:14+00:00\" \/>\n<meta property=\"og:image\" content=\"https:\/\/rendez-vous-store.com\/app\/uploads\/2023\/08\/Pic10.jpg\" \/>\n\t<meta property=\"og:image:width\" content=\"1060\" \/>\n\t<meta property=\"og:image:height\" content=\"1600\" \/>\n\t<meta property=\"og:image:type\" content=\"image\/jpeg\" \/>\n<meta name=\"twitter:card\" content=\"summary_large_image\" \/>\n<meta name=\"twitter:label1\" content=\"Est. reading time\" \/>\n\t<meta name=\"twitter:data1\" content=\"2 minutes\" \/>\n<script type=\"application\/ld+json\" class=\"yoast-schema-graph\">{\"@context\":\"https:\/\/schema.org\",\"@graph\":[{\"@type\":\"WebPage\",\"@id\":\"https:\/\/rendez-vous-store.com\/rendez-vous-store-about-us\/\",\"url\":\"https:\/\/rendez-vous-store.com\/rendez-vous-store-about-us\/\",\"name\":\"Rendez-Vous-Store - About us\",\"isPartOf\":{\"@id\":\"https:\/\/rendez-vous-store.com\/#website\"},\"primaryImageOfPage\":{\"@id\":\"https:\/\/rendez-vous-store.com\/rendez-vous-store-about-us\/#primaryimage\"},\"image\":{\"@id\":\"https:\/\/rendez-vous-store.com\/rendez-vous-store-about-us\/#primaryimage\"},\"thumbnailUrl\":\"https:\/\/rendez-vous-store.com\/wp-content\/uploads\/2023\/08\/Pic10-678x1024.jpg\",\"datePublished\":\"2022-03-22T16:21:49+00:00\",\"dateModified\":\"2026-04-30T08:54:14+00:00\",\"description\":\"Rendez-Vous Store, now known as one of the sharpest buyer shops in France, has expanded to three physical stores and an online shop. Discover more about us and our story on our About Us page.\",\"breadcrumb\":{\"@id\":\"https:\/\/rendez-vous-store.com\/rendez-vous-store-about-us\/#breadcrumb\"},\"inLanguage\":\"fr-FR\",\"potentialAction\":[{\"@type\":\"ReadAction\",\"target\":[\"https:\/\/rendez-vous-store.com\/rendez-vous-store-about-us\/\"]}]},{\"@type\":\"ImageObject\",\"inLanguage\":\"fr-FR\",\"@id\":\"https:\/\/rendez-vous-store.com\/rendez-vous-store-about-us\/#primaryimage\",\"url\":\"https:\/\/rendez-vous-store.com\/wp-content\/uploads\/2023\/08\/Pic10-678x1024.jpg\",\"contentUrl\":\"https:\/\/rendez-vous-store.com\/wp-content\/uploads\/2023\/08\/Pic10-678x1024.jpg\"},{\"@type\":\"BreadcrumbList\",\"@id\":\"https:\/\/rendez-vous-store.com\/rendez-vous-store-about-us\/#breadcrumb\",\"itemListElement\":[{\"@type\":\"ListItem\",\"position\":1,\"name\":\"Home\",\"item\":\"https:\/\/rendez-vous-store.com\/\"},{\"@type\":\"ListItem\",\"position\":2,\"name\":\"Infos\"}]},{\"@type\":\"WebSite\",\"@id\":\"https:\/\/rendez-vous-store.com\/#website\",\"url\":\"https:\/\/rendez-vous-store.com\/\",\"name\":\"RENDEZ-VOUS STORE\",\"description\":\"Slow Fashion for Women and Men\",\"potentialAction\":[{\"@type\":\"SearchAction\",\"target\":{\"@type\":\"EntryPoint\",\"urlTemplate\":\"https:\/\/rendez-vous-store.com\/?s={search_term_string}\"},\"query-input\":{\"@type\":\"PropertyValueSpecification\",\"valueRequired\":true,\"valueName\":\"search_term_string\"}}],\"inLanguage\":\"fr-FR\"}]}<\/script>\n<!-- \/ Yoast SEO plugin. -->","yoast_head_json":{"title":"Rendez-Vous-Store - About us","description":"Rendez-Vous Store, now known as one of the sharpest buyer shops in France, has expanded to three physical stores and an online shop. Discover more about us and our story on our About Us page.","robots":{"index":"index","follow":"follow","max-snippet":"max-snippet:-1","max-image-preview":"max-image-preview:large","max-video-preview":"max-video-preview:-1"},"canonical":"https:\/\/rendez-vous-store.com\/fr\/rendez-vous-store-about-us\/","og_locale":"fr_FR","og_type":"article","og_title":"Rendez-Vous-Store - About us","og_description":"Rendez-Vous Store, now known as one of the sharpest buyer shops in France, has expanded to three physical stores and an online shop. Discover more about us and our story on our About Us page.","og_url":"https:\/\/rendez-vous-store.com\/fr\/rendez-vous-store-about-us\/","og_site_name":"RENDEZ-VOUS STORE","article_modified_time":"2026-04-30T08:54:14+00:00","og_image":[{"width":1060,"height":1600,"url":"https:\/\/rendez-vous-store.com\/app\/uploads\/2023\/08\/Pic10.jpg","type":"image\/jpeg"}],"twitter_card":"summary_large_image","twitter_misc":{"Est. reading time":"2 minutes"},"schema":{"@context":"https:\/\/schema.org","@graph":[{"@type":"WebPage","@id":"https:\/\/rendez-vous-store.com\/rendez-vous-store-about-us\/","url":"https:\/\/rendez-vous-store.com\/rendez-vous-store-about-us\/","name":"Rendez-Vous-Store - About us","isPartOf":{"@id":"https:\/\/rendez-vous-store.com\/#website"},"primaryImageOfPage":{"@id":"https:\/\/rendez-vous-store.com\/rendez-vous-store-about-us\/#primaryimage"},"image":{"@id":"https:\/\/rendez-vous-store.com\/rendez-vous-store-about-us\/#primaryimage"},"thumbnailUrl":"https:\/\/rendez-vous-store.com\/wp-content\/uploads\/2023\/08\/Pic10-678x1024.jpg","datePublished":"2022-03-22T16:21:49+00:00","dateModified":"2026-04-30T08:54:14+00:00","description":"Rendez-Vous Store, now known as one of the sharpest buyer shops in France, has expanded to three physical stores and an online shop. Discover more about us and our story on our About Us page.","breadcrumb":{"@id":"https:\/\/rendez-vous-store.com\/rendez-vous-store-about-us\/#breadcrumb"},"inLanguage":"fr-FR","potentialAction":[{"@type":"ReadAction","target":["https:\/\/rendez-vous-store.com\/rendez-vous-store-about-us\/"]}]},{"@type":"ImageObject","inLanguage":"fr-FR","@id":"https:\/\/rendez-vous-store.com\/rendez-vous-store-about-us\/#primaryimage","url":"https:\/\/rendez-vous-store.com\/wp-content\/uploads\/2023\/08\/Pic10-678x1024.jpg","contentUrl":"https:\/\/rendez-vous-store.com\/wp-content\/uploads\/2023\/08\/Pic10-678x1024.jpg"},{"@type":"BreadcrumbList","@id":"https:\/\/rendez-vous-store.com\/rendez-vous-store-about-us\/#breadcrumb","itemListElement":[{"@type":"ListItem","position":1,"name":"Home","item":"https:\/\/rendez-vous-store.com\/"},{"@type":"ListItem","position":2,"name":"Infos"}]},{"@type":"WebSite","@id":"https:\/\/rendez-vous-store.com\/#website","url":"https:\/\/rendez-vous-store.com\/","name":"RENDEZ-VOUS STORE","description":"Slow Fashion for Women and Men","potentialAction":[{"@type":"SearchAction","target":{"@type":"EntryPoint","urlTemplate":"https:\/\/rendez-vous-store.com\/?s={search_term_string}"},"query-input":{"@type":"PropertyValueSpecification","valueRequired":true,"valueName":"search_term_string"}}],"inLanguage":"fr-FR"}]}},"_links":{"self":[{"href":"https:\/\/rendez-vous-store.com\/fr\/wp-json\/wp\/v2\/pages\/9232","targetHints":{"allow":["GET"]}}],"collection":[{"href":"https:\/\/rendez-vous-store.com\/fr\/wp-json\/wp\/v2\/pages"}],"about":[{"href":"https:\/\/rendez-vous-store.com\/fr\/wp-json\/wp\/v2\/types\/page"}],"author":[{"embeddable":true,"href":"https:\/\/rendez-vous-store.com\/fr\/wp-json\/wp\/v2\/users\/1"}],"replies":[{"embeddable":true,"href":"https:\/\/rendez-vous-store.com\/fr\/wp-json\/wp\/v2\/comments?post=9232"}],"version-history":[{"count":3,"href":"https:\/\/rendez-vous-store.com\/fr\/wp-json\/wp\/v2\/pages\/9232\/revisions"}],"predecessor-version":[{"id":247081,"href":"https:\/\/rendez-vous-store.com\/fr\/wp-json\/wp\/v2\/pages\/9232\/revisions\/247081"}],"wp:attachment":[{"href":"https:\/\/rendez-vous-store.com\/fr\/wp-json\/wp\/v2\/media?parent=9232"}],"curies":[{"name":"wp","href":"https:\/\/api.w.org\/{rel}","templated":true}]}}